{"id":2026,"date":"2025-01-17T15:20:53","date_gmt":"2025-01-17T14:20:53","guid":{"rendered":"https:\/\/vcl.lu\/engineering\/"},"modified":"2025-11-06T15:18:12","modified_gmt":"2025-11-06T14:18:12","slug":"engineering","status":"publish","type":"page","link":"https:\/\/vcl.lu\/de\/engineering\/","title":{"rendered":"Engineering"},"content":{"rendered":"\t\t<div data-elementor-type=\"wp-page\" data-elementor-id=\"2026\" class=\"elementor elementor-2026 elementor-525\">\n\t\t\t\t<div class=\"elementor-element elementor-element-3f704c1 e-con-full e-flex e-con e-parent\" data-id=\"3f704c1\" data-element_type=\"container\" data-e-type=\"container\" data-settings=\"{&quot;background_background&quot;:&quot;slideshow&quot;,&quot;background_slideshow_gallery&quot;:[{&quot;id&quot;:720,&quot;url&quot;:&quot;https:\\\/\\\/vcl.lu\\\/wp-content\\\/uploads\\\/2024\\\/11\\\/vcl233.jpg&quot;},{&quot;id&quot;:716,&quot;url&quot;:&quot;https:\\\/\\\/vcl.lu\\\/wp-content\\\/uploads\\\/2024\\\/11\\\/vcl181.jpg&quot;}],&quot;background_slideshow_ken_burns&quot;:&quot;yes&quot;,&quot;background_slideshow_loop&quot;:&quot;yes&quot;,&quot;background_slideshow_slide_duration&quot;:5000,&quot;background_slideshow_slide_transition&quot;:&quot;fade&quot;,&quot;background_slideshow_transition_duration&quot;:500,&quot;background_slideshow_ken_burns_zoom_direction&quot;:&quot;in&quot;}\">\n\t\t\t\t<div class=\"elementor-element elementor-element-88bc7bc elementor-widget elementor-widget-heading\" data-id=\"88bc7bc\" data-element_type=\"widget\" data-e-type=\"widget\" data-widget_type=\"heading.default\">\n\t\t\t\t<div class=\"elementor-widget-container\">\n\t\t\t\t\t<h1 class=\"elementor-heading-title elementor-size-default\">ENGINEERING<\/h1>\t\t\t\t<\/div>\n\t\t\t\t<\/div>\n\t\t\t\t<\/div>\n\t\t<div class=\"elementor-element elementor-element-ec69027 e-flex e-con-boxed e-con e-parent\" data-id=\"ec69027\" data-element_type=\"container\" data-e-type=\"container\">\n\t\t\t\t\t<div class=\"e-con-inner\">\n\t\t<div class=\"elementor-element elementor-element-c65d7d7 e-con-full e-flex e-con e-child\" data-id=\"c65d7d7\" data-element_type=\"container\" data-e-type=\"container\">\n\t\t\t\t<div class=\"elementor-element elementor-element-5dc2305 elementor-widget elementor-widget-heading\" data-id=\"5dc2305\" data-element_type=\"widget\" data-e-type=\"widget\" data-widget_type=\"heading.default\">\n\t\t\t\t<div class=\"elementor-widget-container\">\n\t\t\t\t\t<h1 class=\"elementor-heading-title elementor-size-default\">Vorstellung unseres hausinternen Engineering-Teams<\/h1>\t\t\t\t<\/div>\n\t\t\t\t<\/div>\n\t\t\t\t<\/div>\n\t\t<div class=\"elementor-element elementor-element-dec07be e-con-full e-flex e-con e-child\" data-id=\"dec07be\" data-element_type=\"container\" data-e-type=\"container\">\n\t\t\t\t<div class=\"elementor-element elementor-element-934b853 elementor-widget elementor-widget-text-editor\" data-id=\"934b853\" data-element_type=\"widget\" data-e-type=\"widget\" data-widget_type=\"text-editor.default\">\n\t\t\t\t<div class=\"elementor-widget-container\">\n\t\t\t\t\t\t\t\t\t<p>In unserem Unternehmen verf\u00fcgen wir \u00fcber ein <span style=\"color: #0063af;\"><strong>hochqualifiziertes und erfahrenes Team von Ingenieuren, Konstrukteuren und technischen Produktdesignern<\/strong><\/span>, das s\u00e4mtliche Engineering-Dienstleistungen intern erbringt. Unser Team kombiniert akademisches Wissen mit langj\u00e4hriger praktischer Erfahrung, um innovative und ma\u00dfgeschneiderte L\u00f6sungen f\u00fcr unsere Kunden zu entwickeln.<\/p><p>Neben der Erstellung von 2D- und 3D-Designs f\u00fchren wir auch komplexe Simulationen durch. Dabei setzen wir modernste Methoden wie Finite-Element-Method (FEM) und Computational Fluid Dynamics (CFD) ein. Diese Technologien erm\u00f6glichen es uns, pr\u00e4zise Analysen und Berechnungen durchzuf\u00fchren, um die Leistungsf\u00e4higkeit und Effizienz unserer Produkte zu optimieren.<\/p><p>Durch die Integration dieser fortschrittlichen Engineering-Techniken in unseren Entwicklungsprozess sind wir in der Lage, qualitativ hochwertige L\u00f6sungen zu bieten, die den spezifischen Anforderungen unserer Kunden gerecht werden. Unser hausinternes Engineering-Team spielt eine entscheidende Rolle bei der Sicherstellung von Innovation und Qualit\u00e4t in allen unseren Projekten.<\/p>\t\t\t\t\t\t\t\t<\/div>\n\t\t\t\t<\/div>\n\t\t\t\t<\/div>\n\t\t\t\t\t<\/div>\n\t\t\t\t<\/div>\n\t\t<div class=\"elementor-element elementor-element-a9f98d9 e-con-full e-flex e-con e-parent\" data-id=\"a9f98d9\" data-element_type=\"container\" data-e-type=\"container\">\n\t\t<div class=\"elementor-element elementor-element-f393d93 e-con-full e-flex e-con e-child\" data-id=\"f393d93\" data-element_type=\"container\" data-e-type=\"container\">\n\t\t\t\t<div class=\"elementor-element elementor-element-de6727e elementor-widget elementor-widget-image\" data-id=\"de6727e\" data-element_type=\"widget\" data-e-type=\"widget\" data-widget_type=\"image.default\">\n\t\t\t\t<div class=\"elementor-widget-container\">\n\t\t\t\t\t\t\t\t\t\t\t\t\t\t\t<img decoding=\"async\" src=\"https:\/\/vcl.kacom.lu\/wp-content\/uploads\/2024\/10\/vcl126.jpg\" title=\"\" alt=\"\" loading=\"lazy\" \/>\t\t\t\t\t\t\t\t\t\t\t\t\t\t\t<\/div>\n\t\t\t\t<\/div>\n\t\t\t\t<\/div>\n\t\t<div class=\"elementor-element elementor-element-6cd5026 e-con-full e-flex e-con e-child\" data-id=\"6cd5026\" data-element_type=\"container\" data-e-type=\"container\">\n\t\t\t\t<div class=\"elementor-element elementor-element-f7e7726 elementor-widget elementor-widget-image\" data-id=\"f7e7726\" data-element_type=\"widget\" data-e-type=\"widget\" data-widget_type=\"image.default\">\n\t\t\t\t<div class=\"elementor-widget-container\">\n\t\t\t\t\t\t\t\t\t\t\t\t\t\t\t<img decoding=\"async\" src=\"https:\/\/vcl.kacom.lu\/wp-content\/uploads\/2024\/10\/vcl86.jpg\" title=\"\" alt=\"\" loading=\"lazy\" \/>\t\t\t\t\t\t\t\t\t\t\t\t\t\t\t<\/div>\n\t\t\t\t<\/div>\n\t\t\t\t<\/div>\n\t\t<div class=\"elementor-element elementor-element-ddd2168 e-con-full e-flex e-con e-child\" data-id=\"ddd2168\" data-element_type=\"container\" data-e-type=\"container\">\n\t\t\t\t<div class=\"elementor-element elementor-element-c79df01 elementor-widget elementor-widget-image\" data-id=\"c79df01\" data-element_type=\"widget\" data-e-type=\"widget\" data-widget_type=\"image.default\">\n\t\t\t\t<div class=\"elementor-widget-container\">\n\t\t\t\t\t\t\t\t\t\t\t\t\t\t\t<img decoding=\"async\" src=\"https:\/\/vcl.kacom.lu\/wp-content\/uploads\/2024\/10\/vcl123.jpg\" title=\"\" alt=\"\" loading=\"lazy\" \/>\t\t\t\t\t\t\t\t\t\t\t\t\t\t\t<\/div>\n\t\t\t\t<\/div>\n\t\t\t\t<\/div>\n\t\t\t\t<\/div>\n\t\t<div class=\"elementor-element elementor-element-ed823e1 e-con-full e-flex e-con e-parent\" data-id=\"ed823e1\" data-element_type=\"container\" data-e-type=\"container\">\n\t\t<div class=\"elementor-element elementor-element-4ef8e39 e-con-full e-flex e-con e-child\" data-id=\"4ef8e39\" data-element_type=\"container\" data-e-type=\"container\">\n\t\t\t\t<div class=\"elementor-element elementor-element-e1964a6 elementor-widget elementor-widget-image\" data-id=\"e1964a6\" data-element_type=\"widget\" data-e-type=\"widget\" data-widget_type=\"image.default\">\n\t\t\t\t<div class=\"elementor-widget-container\">\n\t\t\t\t\t\t\t\t\t\t\t\t\t\t\t<img fetchpriority=\"high\" decoding=\"async\" width=\"1024\" height=\"683\" src=\"https:\/\/vcl.lu\/wp-content\/uploads\/2024\/11\/vcl172-1024x683.jpg\" class=\"attachment-large size-large wp-image-713\" alt=\"Diskussion am Arbeitsplatz\" srcset=\"https:\/\/vcl.lu\/wp-content\/uploads\/2024\/11\/vcl172-1024x683.jpg 1024w, https:\/\/vcl.lu\/wp-content\/uploads\/2024\/11\/vcl172-300x200.jpg 300w, https:\/\/vcl.lu\/wp-content\/uploads\/2024\/11\/vcl172-768x512.jpg 768w, https:\/\/vcl.lu\/wp-content\/uploads\/2024\/11\/vcl172-1536x1024.jpg 1536w, https:\/\/vcl.lu\/wp-content\/uploads\/2024\/11\/vcl172-2048x1366.jpg 2048w, https:\/\/vcl.lu\/wp-content\/uploads\/2024\/11\/vcl172-930x620.jpg 930w\" sizes=\"(max-width: 1024px) 100vw, 1024px\" \/>\t\t\t\t\t\t\t\t\t\t\t\t\t\t\t<\/div>\n\t\t\t\t<\/div>\n\t\t\t\t<\/div>\n\t\t<div class=\"elementor-element elementor-element-b1892e2 e-con-full e-flex e-con e-child\" data-id=\"b1892e2\" data-element_type=\"container\" data-e-type=\"container\">\n\t\t\t\t<div class=\"elementor-element elementor-element-cc66643 elementor-widget elementor-widget-image\" data-id=\"cc66643\" data-element_type=\"widget\" data-e-type=\"widget\" data-widget_type=\"image.default\">\n\t\t\t\t<div class=\"elementor-widget-container\">\n\t\t\t\t\t\t\t\t\t\t\t\t\t\t\t<img decoding=\"async\" width=\"1024\" height=\"683\" src=\"https:\/\/vcl.lu\/wp-content\/uploads\/2024\/11\/vcl165-1024x683.jpg\" class=\"attachment-large size-large wp-image-711\" alt=\"Technischer Arbeitsplatz Bildschirm 3\" srcset=\"https:\/\/vcl.lu\/wp-content\/uploads\/2024\/11\/vcl165-1024x683.jpg 1024w, https:\/\/vcl.lu\/wp-content\/uploads\/2024\/11\/vcl165-300x200.jpg 300w, https:\/\/vcl.lu\/wp-content\/uploads\/2024\/11\/vcl165-768x512.jpg 768w, https:\/\/vcl.lu\/wp-content\/uploads\/2024\/11\/vcl165-1536x1024.jpg 1536w, https:\/\/vcl.lu\/wp-content\/uploads\/2024\/11\/vcl165-2048x1366.jpg 2048w, https:\/\/vcl.lu\/wp-content\/uploads\/2024\/11\/vcl165-930x620.jpg 930w\" sizes=\"(max-width: 1024px) 100vw, 1024px\" \/>\t\t\t\t\t\t\t\t\t\t\t\t\t\t\t<\/div>\n\t\t\t\t<\/div>\n\t\t\t\t<\/div>\n\t\t<div class=\"elementor-element elementor-element-c3d4907 e-con-full e-flex e-con e-child\" data-id=\"c3d4907\" data-element_type=\"container\" data-e-type=\"container\">\n\t\t\t\t<div class=\"elementor-element elementor-element-b68e271 elementor-widget elementor-widget-image\" data-id=\"b68e271\" data-element_type=\"widget\" data-e-type=\"widget\" data-widget_type=\"image.default\">\n\t\t\t\t<div class=\"elementor-widget-container\">\n\t\t\t\t\t\t\t\t\t\t\t\t\t\t\t<img decoding=\"async\" width=\"1024\" height=\"683\" src=\"https:\/\/vcl.lu\/wp-content\/uploads\/2024\/11\/vcl175-1024x683.jpg\" class=\"attachment-large size-large wp-image-714\" alt=\"Technischer Arbeitsplatz mit Bildschirmansicht 2\" srcset=\"https:\/\/vcl.lu\/wp-content\/uploads\/2024\/11\/vcl175-1024x683.jpg 1024w, https:\/\/vcl.lu\/wp-content\/uploads\/2024\/11\/vcl175-300x200.jpg 300w, https:\/\/vcl.lu\/wp-content\/uploads\/2024\/11\/vcl175-768x512.jpg 768w, https:\/\/vcl.lu\/wp-content\/uploads\/2024\/11\/vcl175-1536x1024.jpg 1536w, https:\/\/vcl.lu\/wp-content\/uploads\/2024\/11\/vcl175-2048x1366.jpg 2048w, https:\/\/vcl.lu\/wp-content\/uploads\/2024\/11\/vcl175-930x620.jpg 930w\" sizes=\"(max-width: 1024px) 100vw, 1024px\" \/>\t\t\t\t\t\t\t\t\t\t\t\t\t\t\t<\/div>\n\t\t\t\t<\/div>\n\t\t\t\t<\/div>\n\t\t\t\t<\/div>\n\t\t\t\t<\/div>\n\t\t","protected":false},"excerpt":{"rendered":"<p>ENGINEERING Vorstellung unseres hausinternen Engineering-Teams In unserem Unternehmen verf\u00fcgen wir \u00fcber ein hochqualifiziertes und erfahrenes Team von Ingenieuren, Konstrukteuren und technischen Produktdesignern, das s\u00e4mtliche Engineering-Dienstleistungen intern erbringt. Unser Team kombiniert akademisches Wissen mit langj\u00e4hriger praktischer Erfahrung, um innovative und ma\u00dfgeschneiderte L\u00f6sungen f\u00fcr unsere Kunden zu entwickeln. Neben der Erstellung von 2D- und 3D-Designs f\u00fchren wir&hellip;&nbsp;<a href=\"https:\/\/vcl.lu\/de\/engineering\/\" rel=\"bookmark\"><span class=\"screen-reader-text\">Engineering<\/span><\/a><\/p>\n","protected":false},"author":2,"featured_media":0,"parent":0,"menu_order":0,"comment_status":"closed","ping_status":"closed","template":"page-templates\/template-pagebuilder-full-width.php","meta":{"inline_featured_image":false,"neve_meta_sidebar":"","neve_meta_container":"","neve_meta_enable_content_width":"on","neve_meta_content_width":100,"neve_meta_title_alignment":"","neve_meta_author_avatar":"","neve_post_elements_order":"","neve_meta_disable_header":"","neve_meta_disable_footer":"","neve_meta_disable_title":"on","footnotes":""},"class_list":["post-2026","page","type-page","status-publish","hentry"],"_links":{"self":[{"href":"https:\/\/vcl.lu\/de\/wp-json\/wp\/v2\/pages\/2026","targetHints":{"allow":["GET"]}}],"collection":[{"href":"https:\/\/vcl.lu\/de\/wp-json\/wp\/v2\/pages"}],"about":[{"href":"https:\/\/vcl.lu\/de\/wp-json\/wp\/v2\/types\/page"}],"author":[{"embeddable":true,"href":"https:\/\/vcl.lu\/de\/wp-json\/wp\/v2\/users\/2"}],"replies":[{"embeddable":true,"href":"https:\/\/vcl.lu\/de\/wp-json\/wp\/v2\/comments?post=2026"}],"version-history":[{"count":1,"href":"https:\/\/vcl.lu\/de\/wp-json\/wp\/v2\/pages\/2026\/revisions"}],"predecessor-version":[{"id":2027,"href":"https:\/\/vcl.lu\/de\/wp-json\/wp\/v2\/pages\/2026\/revisions\/2027"}],"wp:attachment":[{"href":"https:\/\/vcl.lu\/de\/wp-json\/wp\/v2\/media?parent=2026"}],"curies":[{"name":"wp","href":"https:\/\/api.w.org\/{rel}","templated":true}]}}