{"id":2028,"date":"2025-01-24T17:11:08","date_gmt":"2025-01-24T16:11:08","guid":{"rendered":"https:\/\/vcl.lu\/impressum\/"},"modified":"2025-11-06T15:23:33","modified_gmt":"2025-11-06T14:23:33","slug":"impressum","status":"publish","type":"page","link":"https:\/\/vcl.lu\/de\/impressum\/","title":{"rendered":"Impressum"},"content":{"rendered":"\t\t<div data-elementor-type=\"wp-page\" data-elementor-id=\"2028\" class=\"elementor elementor-2028 elementor-861\">\n\t\t\t\t<div class=\"elementor-element elementor-element-d7e7b6f e-con-full e-flex e-con e-parent\" data-id=\"d7e7b6f\" data-element_type=\"container\" data-e-type=\"container\" data-settings=\"{&quot;background_background&quot;:&quot;slideshow&quot;,&quot;background_slideshow_gallery&quot;:[{&quot;id&quot;:581,&quot;url&quot;:&quot;https:\\\/\\\/vcl.lu\\\/wp-content\\\/uploads\\\/2024\\\/10\\\/WebseiteHeader8-scaled.jpg&quot;},{&quot;id&quot;:580,&quot;url&quot;:&quot;https:\\\/\\\/vcl.lu\\\/wp-content\\\/uploads\\\/2024\\\/10\\\/WebseiteHeader7-scaled.jpg&quot;},{&quot;id&quot;:579,&quot;url&quot;:&quot;https:\\\/\\\/vcl.lu\\\/wp-content\\\/uploads\\\/2024\\\/10\\\/WebseiteHeader6-scaled.jpg&quot;},{&quot;id&quot;:578,&quot;url&quot;:&quot;https:\\\/\\\/vcl.lu\\\/wp-content\\\/uploads\\\/2024\\\/10\\\/WebseiteHeader5-scaled.jpg&quot;},{&quot;id&quot;:577,&quot;url&quot;:&quot;https:\\\/\\\/vcl.lu\\\/wp-content\\\/uploads\\\/2024\\\/10\\\/WebseiteHeader4-scaled.jpg&quot;},{&quot;id&quot;:576,&quot;url&quot;:&quot;https:\\\/\\\/vcl.lu\\\/wp-content\\\/uploads\\\/2024\\\/10\\\/WebseiteHeader3-scaled.jpg&quot;},{&quot;id&quot;:575,&quot;url&quot;:&quot;https:\\\/\\\/vcl.lu\\\/wp-content\\\/uploads\\\/2024\\\/10\\\/WebseiteHeader2-scaled.jpg&quot;},{&quot;id&quot;:574,&quot;url&quot;:&quot;https:\\\/\\\/vcl.lu\\\/wp-content\\\/uploads\\\/2024\\\/10\\\/WebseiteHeader-scaled.jpg&quot;}],&quot;background_slideshow_loop&quot;:&quot;yes&quot;,&quot;background_slideshow_slide_duration&quot;:5000,&quot;background_slideshow_slide_transition&quot;:&quot;fade&quot;,&quot;background_slideshow_transition_duration&quot;:500}\">\n\t\t\t\t<div class=\"elementor-element elementor-element-7e5e0b8 elementor-widget elementor-widget-heading\" data-id=\"7e5e0b8\" data-element_type=\"widget\" data-e-type=\"widget\" data-widget_type=\"heading.default\">\n\t\t\t\t<div class=\"elementor-widget-container\">\n\t\t\t\t\t<h1 class=\"elementor-heading-title elementor-size-default\">IMPRESSUM<\/h1>\t\t\t\t<\/div>\n\t\t\t\t<\/div>\n\t\t\t\t<\/div>\n\t\t<div class=\"elementor-element elementor-element-5163af9 e-flex e-con-boxed e-con e-parent\" data-id=\"5163af9\" data-element_type=\"container\" data-e-type=\"container\">\n\t\t\t\t\t<div class=\"e-con-inner\">\n\t\t<div class=\"elementor-element elementor-element-4e0235b e-con-full e-flex e-con e-child\" data-id=\"4e0235b\" data-element_type=\"container\" data-e-type=\"container\">\n\t\t\t\t<div class=\"elementor-element elementor-element-ca6a355 elementor-widget elementor-widget-heading\" data-id=\"ca6a355\" data-element_type=\"widget\" data-e-type=\"widget\" data-widget_type=\"heading.default\">\n\t\t\t\t<div class=\"elementor-widget-container\">\n\t\t\t\t\t<h1 class=\"elementor-heading-title elementor-size-default\">IMPRESSUM<\/h1>\t\t\t\t<\/div>\n\t\t\t\t<\/div>\n\t\t\t\t<\/div>\n\t\t<div class=\"elementor-element elementor-element-fd1045c e-con-full e-flex e-con e-child\" data-id=\"fd1045c\" data-element_type=\"container\" data-e-type=\"container\">\n\t\t\t\t<div class=\"elementor-element elementor-element-c1b72aa elementor-widget elementor-widget-text-editor\" data-id=\"c1b72aa\" data-element_type=\"widget\" data-e-type=\"widget\" data-widget_type=\"text-editor.default\">\n\t\t\t\t<div class=\"elementor-widget-container\">\n\t\t\t\t\t\t\t\t\t<p><strong>Valve Competence Luxembourg S.A.<\/strong> <br>Zone Industrielle \u201eAm Potaschberg\u201c <br>19, op der Ahlk\u00ebrrech <br>L-6776 Grevenmacher<\/p><p class=\"p1\">T +352 27 68 54<br>info@vcl.lu<\/p>\t\t\t\t\t\t\t\t<\/div>\n\t\t\t\t<\/div>\n\t\t\t\t<\/div>\n\t\t<div class=\"elementor-element elementor-element-b0647a0 e-con-full e-flex e-con e-child\" data-id=\"b0647a0\" data-element_type=\"container\" data-e-type=\"container\">\n\t\t\t\t<\/div>\n\t\t<div class=\"elementor-element elementor-element-011b409 e-con-full e-flex e-con e-child\" data-id=\"011b409\" data-element_type=\"container\" data-e-type=\"container\">\n\t\t\t\t<\/div>\n\t\t<div class=\"elementor-element elementor-element-9231c84 e-con-full e-flex e-con e-child\" data-id=\"9231c84\" data-element_type=\"container\" data-e-type=\"container\">\n\t\t\t\t<div class=\"elementor-element elementor-element-caeac98 elementor-widget elementor-widget-text-editor\" data-id=\"caeac98\" data-element_type=\"widget\" data-e-type=\"widget\" data-widget_type=\"text-editor.default\">\n\t\t\t\t<div class=\"elementor-widget-container\">\n\t\t\t\t\t\t\t\t\t<p>Handelsregister: B193002<br>Registergericht: Luxembourg<\/p><p><strong>Vertreten durch die Gesch\u00e4ftsf\u00fchrer:<\/strong><br>Mario Kratz &amp; Rainer Zilliken<\/p>\t\t\t\t\t\t\t\t<\/div>\n\t\t\t\t<\/div>\n\t\t\t\t<\/div>\n\t\t<div class=\"elementor-element elementor-element-e78e64d e-con-full e-flex e-con e-child\" data-id=\"e78e64d\" data-element_type=\"container\" data-e-type=\"container\">\n\t\t\t\t<div class=\"elementor-element elementor-element-51802ab elementor-widget elementor-widget-text-editor\" data-id=\"51802ab\" data-element_type=\"widget\" data-e-type=\"widget\" data-widget_type=\"text-editor.default\">\n\t\t\t\t<div class=\"elementor-widget-container\">\n\t\t\t\t\t\t\t\t\t<p>Umsatzsteuer-Identifikationsnummer gem\u00e4\u00df \u00a7 27 a Umsatzsteuergesetz:<br>LU 27418464<\/p>\t\t\t\t\t\t\t\t<\/div>\n\t\t\t\t<\/div>\n\t\t\t\t<\/div>\n\t\t\t\t\t<\/div>\n\t\t\t\t<\/div>\n\t\t<div class=\"elementor-element elementor-element-80548d1 e-flex e-con-boxed e-con e-parent\" data-id=\"80548d1\" data-element_type=\"container\" data-e-type=\"container\">\n\t\t\t\t\t<div class=\"e-con-inner\">\n\t\t<div class=\"elementor-element elementor-element-26e966e e-con-full e-flex e-con e-child\" data-id=\"26e966e\" data-element_type=\"container\" data-e-type=\"container\">\n\t\t\t\t<\/div>\n\t\t<div class=\"elementor-element elementor-element-c38cb8c e-con-full e-flex e-con e-child\" data-id=\"c38cb8c\" data-element_type=\"container\" data-e-type=\"container\">\n\t\t\t\t<div class=\"elementor-element elementor-element-3b99195 elementor-widget-divider--view-line elementor-widget elementor-widget-divider\" data-id=\"3b99195\" data-element_type=\"widget\" data-e-type=\"widget\" data-widget_type=\"divider.default\">\n\t\t\t\t<div class=\"elementor-widget-container\">\n\t\t\t\t\t\t\t<div class=\"elementor-divider\">\n\t\t\t<span class=\"elementor-divider-separator\">\n\t\t\t\t\t\t<\/span>\n\t\t<\/div>\n\t\t\t\t\t\t<\/div>\n\t\t\t\t<\/div>\n\t\t\t\t<div class=\"elementor-element elementor-element-f543a40 elementor-widget elementor-widget-text-editor\" data-id=\"f543a40\" data-element_type=\"widget\" data-e-type=\"widget\" data-widget_type=\"text-editor.default\">\n\t\t\t\t<div class=\"elementor-widget-container\">\n\t\t\t\t\t\t\t\t\t<h3>Photos:<\/h3><p>speicherwerk.de<\/p><p>Freepik: <a class=\"_1lm5ehu4 $flex $items-center $gap-10 $text-grayOxford hover:$text-blueFreepik $text-grayOxford hover:$text-blueFreepik\" href=\"https:\/\/www.freepik.com\/author\/user3999157\" aria-label=\"Link to the author&#039;s page\" target=\"_blank\" rel=\"noopener\">user3999157<\/a>, <\/p>\t\t\t\t\t\t\t\t<\/div>\n\t\t\t\t<\/div>\n\t\t\t\t<\/div>\n\t\t\t\t\t<\/div>\n\t\t\t\t<\/div>\n\t\t\t\t<\/div>\n\t\t","protected":false},"excerpt":{"rendered":"<p>IMPRESSUM IMPRESSUM Valve Competence Luxembourg S.A. Zone Industrielle \u201eAm Potaschberg\u201c 19, op der Ahlk\u00ebrrech L-6776 Grevenmacher T +352 27 68 54info@vcl.lu Handelsregister: B193002Registergericht: Luxembourg Vertreten durch die Gesch\u00e4ftsf\u00fchrer:Mario Kratz &amp; Rainer Zilliken Umsatzsteuer-Identifikationsnummer gem\u00e4\u00df \u00a7 27 a Umsatzsteuergesetz:LU 27418464 Photos: speicherwerk.de Freepik: user3999157,<\/p>\n","protected":false},"author":2,"featured_media":0,"parent":0,"menu_order":0,"comment_status":"closed","ping_status":"closed","template":"page-templates\/template-pagebuilder-full-width.php","meta":{"inline_featured_image":false,"neve_meta_sidebar":"","neve_meta_container":"","neve_meta_enable_content_width":"on","neve_meta_content_width":100,"neve_meta_title_alignment":"","neve_meta_author_avatar":"","neve_post_elements_order":"","neve_meta_disable_header":"","neve_meta_disable_footer":"","neve_meta_disable_title":"on","footnotes":""},"class_list":["post-2028","page","type-page","status-publish","hentry"],"_links":{"self":[{"href":"https:\/\/vcl.lu\/de\/wp-json\/wp\/v2\/pages\/2028","targetHints":{"allow":["GET"]}}],"collection":[{"href":"https:\/\/vcl.lu\/de\/wp-json\/wp\/v2\/pages"}],"about":[{"href":"https:\/\/vcl.lu\/de\/wp-json\/wp\/v2\/types\/page"}],"author":[{"embeddable":true,"href":"https:\/\/vcl.lu\/de\/wp-json\/wp\/v2\/users\/2"}],"replies":[{"embeddable":true,"href":"https:\/\/vcl.lu\/de\/wp-json\/wp\/v2\/comments?post=2028"}],"version-history":[{"count":1,"href":"https:\/\/vcl.lu\/de\/wp-json\/wp\/v2\/pages\/2028\/revisions"}],"predecessor-version":[{"id":2029,"href":"https:\/\/vcl.lu\/de\/wp-json\/wp\/v2\/pages\/2028\/revisions\/2029"}],"wp:attachment":[{"href":"https:\/\/vcl.lu\/de\/wp-json\/wp\/v2\/media?parent=2028"}],"curies":[{"name":"wp","href":"https:\/\/api.w.org\/{rel}","templated":true}]}}