{"id":2038,"date":"2025-01-24T15:02:28","date_gmt":"2025-01-24T14:02:28","guid":{"rendered":"https:\/\/vcl.lu\/oil-gas\/"},"modified":"2025-11-06T15:28:56","modified_gmt":"2025-11-06T14:28:56","slug":"oil-gas","status":"publish","type":"page","link":"https:\/\/vcl.lu\/de\/oil-gas\/","title":{"rendered":"OIL &amp; GAS"},"content":{"rendered":"\t\t<div data-elementor-type=\"wp-page\" data-elementor-id=\"2038\" class=\"elementor elementor-2038 elementor-846\">\n\t\t\t\t<div class=\"elementor-element elementor-element-3f704c1 e-con-full e-flex e-con e-parent\" data-id=\"3f704c1\" data-element_type=\"container\" data-e-type=\"container\" data-settings=\"{&quot;background_background&quot;:&quot;slideshow&quot;,&quot;background_slideshow_gallery&quot;:[{&quot;id&quot;:840,&quot;url&quot;:&quot;https:\\\/\\\/vcl.lu\\\/wp-content\\\/uploads\\\/2025\\\/01\\\/WebseiteHeader_OilsGas4-scaled.jpg&quot;},{&quot;id&quot;:838,&quot;url&quot;:&quot;https:\\\/\\\/vcl.lu\\\/wp-content\\\/uploads\\\/2025\\\/01\\\/WebseiteHeader_OilsGas3-scaled.jpg&quot;},{&quot;id&quot;:836,&quot;url&quot;:&quot;https:\\\/\\\/vcl.lu\\\/wp-content\\\/uploads\\\/2025\\\/01\\\/WebseiteHeader_OilsGas2-scaled.jpg&quot;},{&quot;id&quot;:834,&quot;url&quot;:&quot;https:\\\/\\\/vcl.lu\\\/wp-content\\\/uploads\\\/2025\\\/01\\\/WebseiteHeader_OilsGas-scaled.jpg&quot;}],&quot;background_slideshow_ken_burns&quot;:&quot;yes&quot;,&quot;background_slideshow_loop&quot;:&quot;yes&quot;,&quot;background_slideshow_slide_duration&quot;:5000,&quot;background_slideshow_slide_transition&quot;:&quot;fade&quot;,&quot;background_slideshow_transition_duration&quot;:500,&quot;background_slideshow_ken_burns_zoom_direction&quot;:&quot;in&quot;}\">\n\t\t\t\t<div class=\"elementor-element elementor-element-e7035b2 elementor-widget elementor-widget-heading\" data-id=\"e7035b2\" data-element_type=\"widget\" data-e-type=\"widget\" data-widget_type=\"heading.default\">\n\t\t\t\t<div class=\"elementor-widget-container\">\n\t\t\t\t\t<h1 class=\"elementor-heading-title elementor-size-default\">OIL &amp; GAS<\/h1>\t\t\t\t<\/div>\n\t\t\t\t<\/div>\n\t\t\t\t<\/div>\n\t\t<div class=\"elementor-element elementor-element-ec69027 e-flex e-con-boxed e-con e-parent\" data-id=\"ec69027\" data-element_type=\"container\" data-e-type=\"container\">\n\t\t\t\t\t<div class=\"e-con-inner\">\n\t\t<div class=\"elementor-element elementor-element-c65d7d7 e-con-full e-flex e-con e-child\" data-id=\"c65d7d7\" data-element_type=\"container\" data-e-type=\"container\">\n\t\t\t\t<div class=\"elementor-element elementor-element-5dc2305 elementor-widget elementor-widget-heading\" data-id=\"5dc2305\" data-element_type=\"widget\" data-e-type=\"widget\" data-widget_type=\"heading.default\">\n\t\t\t\t<div class=\"elementor-widget-container\">\n\t\t\t\t\t<h1 class=\"elementor-heading-title elementor-size-default\">OIL &amp; GAS<\/h1>\t\t\t\t<\/div>\n\t\t\t\t<\/div>\n\t\t\t\t<\/div>\n\t\t<div class=\"elementor-element elementor-element-dec07be e-con-full e-flex e-con e-child\" data-id=\"dec07be\" data-element_type=\"container\" data-e-type=\"container\">\n\t\t\t\t<div class=\"elementor-element elementor-element-934b853 elementor-widget elementor-widget-text-editor\" data-id=\"934b853\" data-element_type=\"widget\" data-e-type=\"widget\" data-widget_type=\"text-editor.default\">\n\t\t\t\t<div class=\"elementor-widget-container\">\n\t\t\t\t\t\t\t\t\t<p>Mit langj\u00e4hriger Erfahrung in der Entwicklung und Lieferung von Spezialarmaturen f\u00fcr anspruchsvolle Betriebsbedingungen in metallurgischen Anlagen, wie z. B. Hoch\u00f6fen, hat die \u00d6l- und Gasabteilung von VCL dieses Fachwissen erfolgreich genutzt, um die Anforderungen von Raffinerien und petrochemischen Anlagen zu erf\u00fcllen. Wir entwickeln, fertigen und vertreiben kundenspezifische Armaturen, die den h\u00f6chsten Standards entsprechen.<\/p><p>Gerne stehen wir Ihnen auf Anfrage mit unserer Expertise zur Seite, um individuelle L\u00f6sungen f\u00fcr Ihre Bed\u00fcrfnisse zu entwickeln.<\/p>\t\t\t\t\t\t\t\t<\/div>\n\t\t\t\t<\/div>\n\t\t\t\t<\/div>\n\t\t\t\t\t<\/div>\n\t\t\t\t<\/div>\n\t\t\t\t<\/div>\n\t\t","protected":false},"excerpt":{"rendered":"<p>OIL &amp; GAS OIL &amp; GAS Mit langj\u00e4hriger Erfahrung in der Entwicklung und Lieferung von Spezialarmaturen f\u00fcr anspruchsvolle Betriebsbedingungen in metallurgischen Anlagen, wie z. B. Hoch\u00f6fen, hat die \u00d6l- und Gasabteilung von VCL dieses Fachwissen erfolgreich genutzt, um die Anforderungen von Raffinerien und petrochemischen Anlagen zu erf\u00fcllen. Wir entwickeln, fertigen und vertreiben kundenspezifische Armaturen, die&hellip;&nbsp;<a href=\"https:\/\/vcl.lu\/de\/oil-gas\/\" rel=\"bookmark\"><span class=\"screen-reader-text\">OIL &amp; GAS<\/span><\/a><\/p>\n","protected":false},"author":2,"featured_media":0,"parent":0,"menu_order":0,"comment_status":"closed","ping_status":"closed","template":"page-templates\/template-pagebuilder-full-width.php","meta":{"inline_featured_image":false,"neve_meta_sidebar":"","neve_meta_container":"","neve_meta_enable_content_width":"on","neve_meta_content_width":100,"neve_meta_title_alignment":"","neve_meta_author_avatar":"","neve_post_elements_order":"","neve_meta_disable_header":"","neve_meta_disable_footer":"","neve_meta_disable_title":"on","footnotes":""},"class_list":["post-2038","page","type-page","status-publish","hentry"],"_links":{"self":[{"href":"https:\/\/vcl.lu\/de\/wp-json\/wp\/v2\/pages\/2038","targetHints":{"allow":["GET"]}}],"collection":[{"href":"https:\/\/vcl.lu\/de\/wp-json\/wp\/v2\/pages"}],"about":[{"href":"https:\/\/vcl.lu\/de\/wp-json\/wp\/v2\/types\/page"}],"author":[{"embeddable":true,"href":"https:\/\/vcl.lu\/de\/wp-json\/wp\/v2\/users\/2"}],"replies":[{"embeddable":true,"href":"https:\/\/vcl.lu\/de\/wp-json\/wp\/v2\/comments?post=2038"}],"version-history":[{"count":1,"href":"https:\/\/vcl.lu\/de\/wp-json\/wp\/v2\/pages\/2038\/revisions"}],"predecessor-version":[{"id":2039,"href":"https:\/\/vcl.lu\/de\/wp-json\/wp\/v2\/pages\/2038\/revisions\/2039"}],"wp:attachment":[{"href":"https:\/\/vcl.lu\/de\/wp-json\/wp\/v2\/media?parent=2038"}],"curies":[{"name":"wp","href":"https:\/\/api.w.org\/{rel}","templated":true}]}}