{"id":2040,"date":"2024-10-04T18:04:06","date_gmt":"2024-10-04T16:04:06","guid":{"rendered":"https:\/\/vcl.lu\/iron-steel\/"},"modified":"2025-11-06T15:29:36","modified_gmt":"2025-11-06T14:29:36","slug":"iron-steel","status":"publish","type":"page","link":"https:\/\/vcl.lu\/de\/iron-steel\/","title":{"rendered":"IRON &amp; STEEL"},"content":{"rendered":"\t\t<div data-elementor-type=\"wp-page\" data-elementor-id=\"2040\" class=\"elementor elementor-2040 elementor-106\">\n\t\t\t\t<div class=\"elementor-element elementor-element-3f704c1 e-con-full e-flex e-con e-parent\" data-id=\"3f704c1\" data-element_type=\"container\" data-e-type=\"container\" data-settings=\"{&quot;background_background&quot;:&quot;slideshow&quot;,&quot;background_slideshow_gallery&quot;:[{&quot;id&quot;:581,&quot;url&quot;:&quot;https:\\\/\\\/vcl.lu\\\/wp-content\\\/uploads\\\/2024\\\/10\\\/WebseiteHeader8-scaled.jpg&quot;},{&quot;id&quot;:580,&quot;url&quot;:&quot;https:\\\/\\\/vcl.lu\\\/wp-content\\\/uploads\\\/2024\\\/10\\\/WebseiteHeader7-scaled.jpg&quot;},{&quot;id&quot;:579,&quot;url&quot;:&quot;https:\\\/\\\/vcl.lu\\\/wp-content\\\/uploads\\\/2024\\\/10\\\/WebseiteHeader6-scaled.jpg&quot;},{&quot;id&quot;:578,&quot;url&quot;:&quot;https:\\\/\\\/vcl.lu\\\/wp-content\\\/uploads\\\/2024\\\/10\\\/WebseiteHeader5-scaled.jpg&quot;},{&quot;id&quot;:577,&quot;url&quot;:&quot;https:\\\/\\\/vcl.lu\\\/wp-content\\\/uploads\\\/2024\\\/10\\\/WebseiteHeader4-scaled.jpg&quot;},{&quot;id&quot;:576,&quot;url&quot;:&quot;https:\\\/\\\/vcl.lu\\\/wp-content\\\/uploads\\\/2024\\\/10\\\/WebseiteHeader3-scaled.jpg&quot;},{&quot;id&quot;:575,&quot;url&quot;:&quot;https:\\\/\\\/vcl.lu\\\/wp-content\\\/uploads\\\/2024\\\/10\\\/WebseiteHeader2-scaled.jpg&quot;},{&quot;id&quot;:574,&quot;url&quot;:&quot;https:\\\/\\\/vcl.lu\\\/wp-content\\\/uploads\\\/2024\\\/10\\\/WebseiteHeader-scaled.jpg&quot;}],&quot;background_slideshow_loop&quot;:&quot;yes&quot;,&quot;background_slideshow_slide_duration&quot;:5000,&quot;background_slideshow_slide_transition&quot;:&quot;fade&quot;,&quot;background_slideshow_transition_duration&quot;:500}\">\n\t\t\t\t<div class=\"elementor-element elementor-element-6f2544c elementor-widget elementor-widget-heading\" data-id=\"6f2544c\" data-element_type=\"widget\" data-e-type=\"widget\" data-widget_type=\"heading.default\">\n\t\t\t\t<div class=\"elementor-widget-container\">\n\t\t\t\t\t<h1 class=\"elementor-heading-title elementor-size-default\">IRON &amp; STEEL<\/h1>\t\t\t\t<\/div>\n\t\t\t\t<\/div>\n\t\t\t\t<\/div>\n\t\t<div class=\"elementor-element elementor-element-ec69027 e-flex e-con-boxed e-con e-parent\" data-id=\"ec69027\" data-element_type=\"container\" data-e-type=\"container\">\n\t\t\t\t\t<div class=\"e-con-inner\">\n\t\t<div class=\"elementor-element elementor-element-c65d7d7 e-con-full e-flex e-con e-child\" data-id=\"c65d7d7\" data-element_type=\"container\" data-e-type=\"container\">\n\t\t\t\t<div class=\"elementor-element elementor-element-5dc2305 elementor-widget elementor-widget-heading\" data-id=\"5dc2305\" data-element_type=\"widget\" data-e-type=\"widget\" data-widget_type=\"heading.default\">\n\t\t\t\t<div class=\"elementor-widget-container\">\n\t\t\t\t\t<h1 class=\"elementor-heading-title elementor-size-default\">IRON &amp; STEEL<\/h1>\t\t\t\t<\/div>\n\t\t\t\t<\/div>\n\t\t\t\t<\/div>\n\t\t<div class=\"elementor-element elementor-element-dec07be e-con-full e-flex e-con e-child\" data-id=\"dec07be\" data-element_type=\"container\" data-e-type=\"container\">\n\t\t\t\t<\/div>\n\t\t\t\t\t<\/div>\n\t\t\t\t<\/div>\n\t\t<div class=\"elementor-element elementor-element-ae8f319 e-flex e-con-boxed e-con e-parent\" data-id=\"ae8f319\" data-element_type=\"container\" data-e-type=\"container\">\n\t\t\t\t\t<div class=\"e-con-inner\">\n\t\t<div class=\"elementor-element elementor-element-5105a59 e-con-full e-flex e-con e-child\" data-id=\"5105a59\" data-element_type=\"container\" data-e-type=\"container\">\n\t\t\t\t<div class=\"elementor-element elementor-element-934b853 elementor-widget elementor-widget-text-editor\" data-id=\"934b853\" data-element_type=\"widget\" data-e-type=\"widget\" data-widget_type=\"text-editor.default\">\n\t\t\t\t<div class=\"elementor-widget-container\">\n\t\t\t\t\t\t\t\t\t<p>Als Hersteller und Entwickler von Hochofenarmaturen spielen wir eine Schl\u00fcsselrolle in der Stahlerzeugung.<\/p><p>Unsere spezialisierten Armaturen sind darauf ausgelegt, Medien und Gase unter extrem hohen Temperaturen und Dr\u00fccken pr\u00e4zise zu steuern und zu regeln. Durch unser fundiertes Know-how und unsere langj\u00e4hrige Erfahrung haben wir uns als etablierter Partner f\u00fcr unsere Kunden im Bereich der Stahlindustrie positioniert. <\/p><p>Die Qualit\u00e4t unserer Produkte beruht auf strengen Standards in der Materialauswahl und Qualit\u00e4tssicherung. Wir investieren kontinuierlich in technologische Innovationen, um sicherzustellen, dass unsere Armaturen den h\u00f6chsten Anforderungen gerecht werden und gleichzeitig den Anforderungen eines sich st\u00e4ndig wandelnden Marktes entsprechen. <\/p>\t\t\t\t\t\t\t\t<\/div>\n\t\t\t\t<\/div>\n\t\t\t\t<\/div>\n\t\t<div class=\"elementor-element elementor-element-5d0d054 e-con-full e-flex e-con e-child\" data-id=\"5d0d054\" data-element_type=\"container\" data-e-type=\"container\">\n\t\t\t\t<div class=\"elementor-element elementor-element-ab3eddb elementor-widget elementor-widget-text-editor\" data-id=\"ab3eddb\" data-element_type=\"widget\" data-e-type=\"widget\" data-widget_type=\"text-editor.default\">\n\t\t\t\t<div class=\"elementor-widget-container\">\n\t\t\t\t\t\t\t\t\t<p>Im Rahmen unserer Umweltpolitik verfolgen wir ein strategisches Konzept, das darauf abzielt, den \u00f6kologischen Fu\u00dfabdruck der stahlproduzierenden Industrie zu minimieren. Wir haben uns zum Ziel gesetzt, nat\u00fcrliche Ressourcen zu schonen und setzen dabei auf folgende Ma\u00dfnahmen: <\/p><ul><li><span style=\"color: #0063af;\"><strong>Reduktion des Energieverbrauchs: <\/strong><\/span>Durch den Einsatz modernster Technologien optimieren wir unsere Produktionsprozesse und tragen so zur Verringerung des Energieverbrauchs bei.<\/li><li><span style=\"color: #0063af;\"><strong>Wiederverwendbarkeit von Produkten: <\/strong><\/span>Wir f\u00f6rdern die Instandsetzung unserer Armaturen, um deren Lebenszyklus zu verl\u00e4ngern und Ressourcen zu schonen.<\/li><li><span style=\"color: #0063af;\"><strong>Hilfe bei emissionsarmen Produktionsprozessen: <\/strong><\/span>Wir unterst\u00fctzen unsere Kunden aktiv bei der Implementierung umweltfreundlicher Verfahren, um die Emissionen in der Stahlerzeugung zu reduzieren.<\/li><\/ul>\t\t\t\t\t\t\t\t<\/div>\n\t\t\t\t<\/div>\n\t\t\t\t<\/div>\n\t\t<div class=\"elementor-element elementor-element-5c0c08a e-con-full e-flex e-con e-child\" data-id=\"5c0c08a\" data-element_type=\"container\" data-e-type=\"container\">\n\t\t\t\t<div class=\"elementor-element elementor-element-04c11de elementor-widget elementor-widget-text-editor\" data-id=\"04c11de\" data-element_type=\"widget\" data-e-type=\"widget\" data-widget_type=\"text-editor.default\">\n\t\t\t\t<div class=\"elementor-widget-container\">\n\t\t\t\t\t\t\t\t\t<p>Unser Engagement f\u00fcr Qualit\u00e4t, Innovation und Nachhaltigkeit macht uns zu einem vertrauensw\u00fcrdigen Partner in der Stahl- und Eisenindustrie. Gemeinsam mit unseren Kunden arbeiten wir daran, die Herausforderungen der Branche zu meistern und nachhaltige L\u00f6sungen zu entwickeln, die sowohl wirtschaftlich als auch \u00f6kologisch sinnvoll sind. <\/p>\t\t\t\t\t\t\t\t<\/div>\n\t\t\t\t<\/div>\n\t\t\t\t<\/div>\n\t\t\t\t\t<\/div>\n\t\t\t\t<\/div>\n\t\t<div class=\"elementor-element elementor-element-10a84e6 e-flex e-con-boxed e-con e-parent\" data-id=\"10a84e6\" data-element_type=\"container\" data-e-type=\"container\" data-settings=\"{&quot;background_background&quot;:&quot;classic&quot;}\">\n\t\t\t\t\t<div class=\"e-con-inner\">\n\t\t<div class=\"elementor-element elementor-element-e8baa06 e-con-full e-flex e-con e-child\" data-id=\"e8baa06\" data-element_type=\"container\" data-e-type=\"container\">\n\t\t\t\t<div class=\"elementor-element elementor-element-5d43f35 elementor-position-top elementor-widget elementor-widget-image-box\" data-id=\"5d43f35\" data-element_type=\"widget\" data-e-type=\"widget\" data-widget_type=\"image-box.default\">\n\t\t\t\t<div class=\"elementor-widget-container\">\n\t\t\t\t\t<div class=\"elementor-image-box-wrapper\"><figure class=\"elementor-image-box-img\"><a href=\"\/goggle-valves\" tabindex=\"-1\"><img fetchpriority=\"high\" decoding=\"async\" width=\"1042\" height=\"1042\" src=\"https:\/\/vcl.lu\/wp-content\/uploads\/2024\/10\/Icons-IS2.jpg\" class=\"attachment-full size-full wp-image-587\" alt=\"Symbol photo Brillenschieber\" srcset=\"https:\/\/vcl.lu\/wp-content\/uploads\/2024\/10\/Icons-IS2.jpg 1042w, https:\/\/vcl.lu\/wp-content\/uploads\/2024\/10\/Icons-IS2-300x300.jpg 300w, https:\/\/vcl.lu\/wp-content\/uploads\/2024\/10\/Icons-IS2-1024x1024.jpg 1024w, https:\/\/vcl.lu\/wp-content\/uploads\/2024\/10\/Icons-IS2-150x150.jpg 150w, https:\/\/vcl.lu\/wp-content\/uploads\/2024\/10\/Icons-IS2-768x768.jpg 768w\" sizes=\"(max-width: 1042px) 100vw, 1042px\" \/><\/a><\/figure><div class=\"elementor-image-box-content\"><h3 class=\"elementor-image-box-title\"><a href=\"\/goggle-valves\">BRILLENSCHIEBER<\/a><\/h3><\/div><\/div>\t\t\t\t<\/div>\n\t\t\t\t<\/div>\n\t\t\t\t<\/div>\n\t\t<div class=\"elementor-element elementor-element-0700cbf e-con-full e-flex e-con e-child\" data-id=\"0700cbf\" data-element_type=\"container\" data-e-type=\"container\">\n\t\t\t\t<div class=\"elementor-element elementor-element-3214811 elementor-position-top elementor-widget elementor-widget-image-box\" data-id=\"3214811\" data-element_type=\"widget\" data-e-type=\"widget\" data-widget_type=\"image-box.default\">\n\t\t\t\t<div class=\"elementor-widget-container\">\n\t\t\t\t\t<div class=\"elementor-image-box-wrapper\"><figure class=\"elementor-image-box-img\"><a href=\"\/guide-lever-valves\" tabindex=\"-1\"><img decoding=\"async\" width=\"591\" height=\"591\" src=\"https:\/\/vcl.lu\/wp-content\/uploads\/2025\/01\/Webseite.jpg\" class=\"attachment-full size-full wp-image-757\" alt=\"Symbol photo Lenkhebelklappen\" srcset=\"https:\/\/vcl.lu\/wp-content\/uploads\/2025\/01\/Webseite.jpg 591w, https:\/\/vcl.lu\/wp-content\/uploads\/2025\/01\/Webseite-300x300.jpg 300w, https:\/\/vcl.lu\/wp-content\/uploads\/2025\/01\/Webseite-150x150.jpg 150w\" sizes=\"(max-width: 591px) 100vw, 591px\" \/><\/a><\/figure><div class=\"elementor-image-box-content\"><h3 class=\"elementor-image-box-title\"><a href=\"\/guide-lever-valves\">LENKHEBELKLAPPEN<\/a><\/h3><\/div><\/div>\t\t\t\t<\/div>\n\t\t\t\t<\/div>\n\t\t\t\t<\/div>\n\t\t<div class=\"elementor-element elementor-element-0bfd3dc e-con-full e-flex e-con e-child\" data-id=\"0bfd3dc\" data-element_type=\"container\" data-e-type=\"container\">\n\t\t\t\t<div class=\"elementor-element elementor-element-8ea89eb elementor-position-top elementor-widget elementor-widget-image-box\" data-id=\"8ea89eb\" data-element_type=\"widget\" data-e-type=\"widget\" data-widget_type=\"image-box.default\">\n\t\t\t\t<div class=\"elementor-widget-container\">\n\t\t\t\t\t<div class=\"elementor-image-box-wrapper\"><figure class=\"elementor-image-box-img\"><a href=\"\/double-eccentric-valves\" tabindex=\"-1\"><img decoding=\"async\" width=\"1042\" height=\"1042\" src=\"https:\/\/vcl.lu\/wp-content\/uploads\/2024\/10\/Icons-IS4.jpg\" class=\"attachment-full size-full wp-image-589\" alt=\"Symbol photo Doppelexzenterklappen\" srcset=\"https:\/\/vcl.lu\/wp-content\/uploads\/2024\/10\/Icons-IS4.jpg 1042w, https:\/\/vcl.lu\/wp-content\/uploads\/2024\/10\/Icons-IS4-300x300.jpg 300w, https:\/\/vcl.lu\/wp-content\/uploads\/2024\/10\/Icons-IS4-1024x1024.jpg 1024w, https:\/\/vcl.lu\/wp-content\/uploads\/2024\/10\/Icons-IS4-150x150.jpg 150w, https:\/\/vcl.lu\/wp-content\/uploads\/2024\/10\/Icons-IS4-768x768.jpg 768w\" sizes=\"(max-width: 1042px) 100vw, 1042px\" \/><\/a><\/figure><div class=\"elementor-image-box-content\"><h3 class=\"elementor-image-box-title\"><a href=\"\/double-eccentric-valves\">DOPPELEXZENTERKLAPPEN<\/a><\/h3><\/div><\/div>\t\t\t\t<\/div>\n\t\t\t\t<\/div>\n\t\t\t\t<\/div>\n\t\t<div class=\"elementor-element elementor-element-840dfd1 e-con-full e-flex e-con e-child\" data-id=\"840dfd1\" data-element_type=\"container\" data-e-type=\"container\">\n\t\t\t\t<div class=\"elementor-element elementor-element-dfc2cc5 elementor-position-top elementor-widget elementor-widget-image-box\" data-id=\"dfc2cc5\" data-element_type=\"widget\" data-e-type=\"widget\" data-widget_type=\"image-box.default\">\n\t\t\t\t<div class=\"elementor-widget-container\">\n\t\t\t\t\t<div class=\"elementor-image-box-wrapper\"><figure class=\"elementor-image-box-img\"><a href=\"\/equalizing-relief-valves\" tabindex=\"-1\"><img loading=\"lazy\" decoding=\"async\" width=\"1042\" height=\"1042\" src=\"https:\/\/vcl.lu\/wp-content\/uploads\/2024\/10\/Icons-IS5.jpg\" class=\"attachment-full size-full wp-image-590\" alt=\"Symbol photo Druckausgleichventile\" srcset=\"https:\/\/vcl.lu\/wp-content\/uploads\/2024\/10\/Icons-IS5.jpg 1042w, https:\/\/vcl.lu\/wp-content\/uploads\/2024\/10\/Icons-IS5-300x300.jpg 300w, https:\/\/vcl.lu\/wp-content\/uploads\/2024\/10\/Icons-IS5-1024x1024.jpg 1024w, https:\/\/vcl.lu\/wp-content\/uploads\/2024\/10\/Icons-IS5-150x150.jpg 150w, https:\/\/vcl.lu\/wp-content\/uploads\/2024\/10\/Icons-IS5-768x768.jpg 768w\" sizes=\"(max-width: 1042px) 100vw, 1042px\" \/><\/a><\/figure><div class=\"elementor-image-box-content\"><h3 class=\"elementor-image-box-title\"><a href=\"\/equalizing-relief-valves\">DRUCKAUSGLEICHVENTILE<\/a><\/h3><\/div><\/div>\t\t\t\t<\/div>\n\t\t\t\t<\/div>\n\t\t\t\t<\/div>\n\t\t\t\t\t<\/div>\n\t\t\t\t<\/div>\n\t\t<div class=\"elementor-element elementor-element-e5b20d2 e-flex e-con-boxed e-con e-parent\" data-id=\"e5b20d2\" data-element_type=\"container\" data-e-type=\"container\" data-settings=\"{&quot;background_background&quot;:&quot;classic&quot;}\">\n\t\t\t\t\t<div class=\"e-con-inner\">\n\t\t<div class=\"elementor-element elementor-element-3611953 e-con-full e-flex e-con e-child\" data-id=\"3611953\" data-element_type=\"container\" data-e-type=\"container\">\n\t\t\t\t<div class=\"elementor-element elementor-element-6ead439 elementor-position-top elementor-widget elementor-widget-image-box\" data-id=\"6ead439\" data-element_type=\"widget\" data-e-type=\"widget\" data-widget_type=\"image-box.default\">\n\t\t\t\t<div class=\"elementor-widget-container\">\n\t\t\t\t\t<div class=\"elementor-image-box-wrapper\"><figure class=\"elementor-image-box-img\"><a href=\"\/dust-discharge-valves\" tabindex=\"-1\"><img loading=\"lazy\" decoding=\"async\" width=\"1042\" height=\"1042\" src=\"https:\/\/vcl.lu\/wp-content\/uploads\/2024\/10\/Icons-IS6.jpg\" class=\"attachment-full size-full wp-image-591\" alt=\"Symbol photo Drehschieber\" srcset=\"https:\/\/vcl.lu\/wp-content\/uploads\/2024\/10\/Icons-IS6.jpg 1042w, https:\/\/vcl.lu\/wp-content\/uploads\/2024\/10\/Icons-IS6-300x300.jpg 300w, https:\/\/vcl.lu\/wp-content\/uploads\/2024\/10\/Icons-IS6-1024x1024.jpg 1024w, https:\/\/vcl.lu\/wp-content\/uploads\/2024\/10\/Icons-IS6-150x150.jpg 150w, https:\/\/vcl.lu\/wp-content\/uploads\/2024\/10\/Icons-IS6-768x768.jpg 768w\" sizes=\"(max-width: 1042px) 100vw, 1042px\" \/><\/a><\/figure><div class=\"elementor-image-box-content\"><h3 class=\"elementor-image-box-title\"><a href=\"\/dust-discharge-valves\">STAUBAUSTRAGSVENTIL<\/a><\/h3><\/div><\/div>\t\t\t\t<\/div>\n\t\t\t\t<\/div>\n\t\t\t\t<\/div>\n\t\t<div class=\"elementor-element elementor-element-3802f58 e-con-full e-flex e-con e-child\" data-id=\"3802f58\" data-element_type=\"container\" data-e-type=\"container\">\n\t\t\t\t<div class=\"elementor-element elementor-element-1ce19eb elementor-position-top elementor-widget elementor-widget-image-box\" data-id=\"1ce19eb\" data-element_type=\"widget\" data-e-type=\"widget\" data-widget_type=\"image-box.default\">\n\t\t\t\t<div class=\"elementor-widget-container\">\n\t\t\t\t\t<div class=\"elementor-image-box-wrapper\"><figure class=\"elementor-image-box-img\"><a href=\"\/hot-blast-valves\" tabindex=\"-1\"><img loading=\"lazy\" decoding=\"async\" width=\"1042\" height=\"1042\" src=\"https:\/\/vcl.lu\/wp-content\/uploads\/2024\/10\/Icons-IS7.jpg\" class=\"attachment-full size-full wp-image-592\" alt=\"Symbol photo Hei\u00dfwindschieber\" srcset=\"https:\/\/vcl.lu\/wp-content\/uploads\/2024\/10\/Icons-IS7.jpg 1042w, https:\/\/vcl.lu\/wp-content\/uploads\/2024\/10\/Icons-IS7-300x300.jpg 300w, https:\/\/vcl.lu\/wp-content\/uploads\/2024\/10\/Icons-IS7-1024x1024.jpg 1024w, https:\/\/vcl.lu\/wp-content\/uploads\/2024\/10\/Icons-IS7-150x150.jpg 150w, https:\/\/vcl.lu\/wp-content\/uploads\/2024\/10\/Icons-IS7-768x768.jpg 768w\" sizes=\"(max-width: 1042px) 100vw, 1042px\" \/><\/a><\/figure><div class=\"elementor-image-box-content\"><h3 class=\"elementor-image-box-title\"><a href=\"\/hot-blast-valves\">HEISSWINDSCHIEBER<\/a><\/h3><\/div><\/div>\t\t\t\t<\/div>\n\t\t\t\t<\/div>\n\t\t\t\t<\/div>\n\t\t<div class=\"elementor-element elementor-element-631a120 e-con-full e-flex e-con e-child\" data-id=\"631a120\" data-element_type=\"container\" data-e-type=\"container\">\n\t\t\t\t<div class=\"elementor-element elementor-element-0524040 elementor-position-top elementor-widget elementor-widget-image-box\" data-id=\"0524040\" data-element_type=\"widget\" data-e-type=\"widget\" data-widget_type=\"image-box.default\">\n\t\t\t\t<div class=\"elementor-widget-container\">\n\t\t\t\t\t<div class=\"elementor-image-box-wrapper\"><figure class=\"elementor-image-box-img\"><a href=\"\/tuyere-stocks\" tabindex=\"-1\"><img loading=\"lazy\" decoding=\"async\" width=\"1042\" height=\"1042\" src=\"https:\/\/vcl.lu\/wp-content\/uploads\/2024\/10\/Icons-IS.jpg\" class=\"attachment-full size-full wp-image-586\" alt=\"Symbol photo D\u00fcsenst\u00f6cke\" srcset=\"https:\/\/vcl.lu\/wp-content\/uploads\/2024\/10\/Icons-IS.jpg 1042w, https:\/\/vcl.lu\/wp-content\/uploads\/2024\/10\/Icons-IS-300x300.jpg 300w, https:\/\/vcl.lu\/wp-content\/uploads\/2024\/10\/Icons-IS-1024x1024.jpg 1024w, https:\/\/vcl.lu\/wp-content\/uploads\/2024\/10\/Icons-IS-150x150.jpg 150w, https:\/\/vcl.lu\/wp-content\/uploads\/2024\/10\/Icons-IS-768x768.jpg 768w\" sizes=\"(max-width: 1042px) 100vw, 1042px\" \/><\/a><\/figure><div class=\"elementor-image-box-content\"><h3 class=\"elementor-image-box-title\"><a href=\"\/tuyere-stocks\">D\u00dcSENST\u00d6CKE<\/a><\/h3><\/div><\/div>\t\t\t\t<\/div>\n\t\t\t\t<\/div>\n\t\t\t\t<\/div>\n\t\t<div class=\"elementor-element elementor-element-b440fda e-con-full e-flex e-con e-child\" data-id=\"b440fda\" data-element_type=\"container\" data-e-type=\"container\">\n\t\t\t\t<div class=\"elementor-element elementor-element-ad37fb0 elementor-position-top elementor-widget elementor-widget-image-box\" data-id=\"ad37fb0\" data-element_type=\"widget\" data-e-type=\"widget\" data-widget_type=\"image-box.default\">\n\t\t\t\t<div class=\"elementor-widget-container\">\n\t\t\t\t\t<div class=\"elementor-image-box-wrapper\"><figure class=\"elementor-image-box-img\"><a href=\"\/wedge-gate-valves\" tabindex=\"-1\"><img loading=\"lazy\" decoding=\"async\" width=\"1042\" height=\"1042\" src=\"https:\/\/vcl.lu\/wp-content\/uploads\/2024\/10\/Icons-IS8.jpg\" class=\"attachment-full size-full wp-image-593\" alt=\"Symbol photo Keilplattenschieber\" srcset=\"https:\/\/vcl.lu\/wp-content\/uploads\/2024\/10\/Icons-IS8.jpg 1042w, https:\/\/vcl.lu\/wp-content\/uploads\/2024\/10\/Icons-IS8-300x300.jpg 300w, https:\/\/vcl.lu\/wp-content\/uploads\/2024\/10\/Icons-IS8-1024x1024.jpg 1024w, https:\/\/vcl.lu\/wp-content\/uploads\/2024\/10\/Icons-IS8-150x150.jpg 150w, https:\/\/vcl.lu\/wp-content\/uploads\/2024\/10\/Icons-IS8-768x768.jpg 768w\" sizes=\"(max-width: 1042px) 100vw, 1042px\" \/><\/a><\/figure><div class=\"elementor-image-box-content\"><h3 class=\"elementor-image-box-title\"><a href=\"\/wedge-gate-valves\">KEILPLATTENSCHIEBER<\/a><\/h3><\/div><\/div>\t\t\t\t<\/div>\n\t\t\t\t<\/div>\n\t\t\t\t<\/div>\n\t\t\t\t\t<\/div>\n\t\t\t\t<\/div>\n\t\t<div class=\"elementor-element elementor-element-e8ac3f2 e-flex e-con-boxed e-con e-parent\" data-id=\"e8ac3f2\" data-element_type=\"container\" data-e-type=\"container\" data-settings=\"{&quot;background_background&quot;:&quot;classic&quot;}\">\n\t\t\t\t\t<div class=\"e-con-inner\">\n\t\t<div class=\"elementor-element elementor-element-021d587 e-con-full e-flex e-con e-child\" data-id=\"021d587\" data-element_type=\"container\" data-e-type=\"container\">\n\t\t\t\t<\/div>\n\t\t<div class=\"elementor-element elementor-element-56def25 e-con-full e-flex e-con e-child\" data-id=\"56def25\" data-element_type=\"container\" data-e-type=\"container\">\n\t\t\t\t<div class=\"elementor-element elementor-element-1b67246 elementor-position-top elementor-widget elementor-widget-image-box\" data-id=\"1b67246\" data-element_type=\"widget\" data-e-type=\"widget\" data-widget_type=\"image-box.default\">\n\t\t\t\t<div class=\"elementor-widget-container\">\n\t\t\t\t\t<div class=\"elementor-image-box-wrapper\"><figure class=\"elementor-image-box-img\"><a href=\"\/bleeder-valves\" tabindex=\"-1\"><img loading=\"lazy\" decoding=\"async\" width=\"1042\" height=\"1042\" src=\"https:\/\/vcl.lu\/wp-content\/uploads\/2024\/10\/Icons-ISZU2.jpg\" class=\"attachment-full size-full wp-image-594\" alt=\"Symbol photo Hutventile\" srcset=\"https:\/\/vcl.lu\/wp-content\/uploads\/2024\/10\/Icons-ISZU2.jpg 1042w, https:\/\/vcl.lu\/wp-content\/uploads\/2024\/10\/Icons-ISZU2-300x300.jpg 300w, https:\/\/vcl.lu\/wp-content\/uploads\/2024\/10\/Icons-ISZU2-1024x1024.jpg 1024w, https:\/\/vcl.lu\/wp-content\/uploads\/2024\/10\/Icons-ISZU2-150x150.jpg 150w, https:\/\/vcl.lu\/wp-content\/uploads\/2024\/10\/Icons-ISZU2-768x768.jpg 768w\" sizes=\"(max-width: 1042px) 100vw, 1042px\" \/><\/a><\/figure><div class=\"elementor-image-box-content\"><h3 class=\"elementor-image-box-title\"><a href=\"\/bleeder-valves\">HUTVENTILE<\/a><\/h3><\/div><\/div>\t\t\t\t<\/div>\n\t\t\t\t<\/div>\n\t\t\t\t<\/div>\n\t\t<div class=\"elementor-element elementor-element-5b68b82 e-con-full e-flex e-con e-child\" data-id=\"5b68b82\" data-element_type=\"container\" data-e-type=\"container\">\n\t\t\t\t<div class=\"elementor-element elementor-element-478f4e0 elementor-position-top elementor-widget elementor-widget-image-box\" data-id=\"478f4e0\" data-element_type=\"widget\" data-e-type=\"widget\" data-widget_type=\"image-box.default\">\n\t\t\t\t<div class=\"elementor-widget-container\">\n\t\t\t\t\t<div class=\"elementor-image-box-wrapper\"><figure class=\"elementor-image-box-img\"><a href=\"\/butterfly-valves\" tabindex=\"-1\"><img loading=\"lazy\" decoding=\"async\" width=\"1042\" height=\"1042\" src=\"https:\/\/vcl.lu\/wp-content\/uploads\/2024\/10\/Icons-IS10.jpg\" class=\"attachment-full size-full wp-image-595\" alt=\"Symbol photo Drosselklappen\" srcset=\"https:\/\/vcl.lu\/wp-content\/uploads\/2024\/10\/Icons-IS10.jpg 1042w, https:\/\/vcl.lu\/wp-content\/uploads\/2024\/10\/Icons-IS10-300x300.jpg 300w, https:\/\/vcl.lu\/wp-content\/uploads\/2024\/10\/Icons-IS10-1024x1024.jpg 1024w, https:\/\/vcl.lu\/wp-content\/uploads\/2024\/10\/Icons-IS10-150x150.jpg 150w, https:\/\/vcl.lu\/wp-content\/uploads\/2024\/10\/Icons-IS10-768x768.jpg 768w\" sizes=\"(max-width: 1042px) 100vw, 1042px\" \/><\/a><\/figure><div class=\"elementor-image-box-content\"><h3 class=\"elementor-image-box-title\"><a href=\"\/butterfly-valves\">DROSSELKLAPPEN<\/a><\/h3><\/div><\/div>\t\t\t\t<\/div>\n\t\t\t\t<\/div>\n\t\t\t\t<\/div>\n\t\t<div class=\"elementor-element elementor-element-801c7b3 e-con-full e-flex e-con e-child\" data-id=\"801c7b3\" data-element_type=\"container\" data-e-type=\"container\">\n\t\t\t\t<\/div>\n\t\t\t\t\t<\/div>\n\t\t\t\t<\/div>\n\t\t\t\t<\/div>\n\t\t","protected":false},"excerpt":{"rendered":"<p>IRON &amp; STEEL IRON &amp; STEEL Als Hersteller und Entwickler von Hochofenarmaturen spielen wir eine Schl\u00fcsselrolle in der Stahlerzeugung. Unsere spezialisierten Armaturen sind darauf ausgelegt, Medien und Gase unter extrem hohen Temperaturen und Dr\u00fccken pr\u00e4zise zu steuern und zu regeln. Durch unser fundiertes Know-how und unsere langj\u00e4hrige Erfahrung haben wir uns als etablierter Partner f\u00fcr&hellip;&nbsp;<a href=\"https:\/\/vcl.lu\/de\/iron-steel\/\" rel=\"bookmark\"><span class=\"screen-reader-text\">IRON &amp; STEEL<\/span><\/a><\/p>\n","protected":false},"author":2,"featured_media":0,"parent":0,"menu_order":0,"comment_status":"closed","ping_status":"closed","template":"page-templates\/template-pagebuilder-full-width.php","meta":{"inline_featured_image":false,"neve_meta_sidebar":"","neve_meta_container":"","neve_meta_enable_content_width":"on","neve_meta_content_width":100,"neve_meta_title_alignment":"","neve_meta_author_avatar":"","neve_post_elements_order":"","neve_meta_disable_header":"","neve_meta_disable_footer":"","neve_meta_disable_title":"on","footnotes":""},"class_list":["post-2040","page","type-page","status-publish","hentry"],"_links":{"self":[{"href":"https:\/\/vcl.lu\/de\/wp-json\/wp\/v2\/pages\/2040","targetHints":{"allow":["GET"]}}],"collection":[{"href":"https:\/\/vcl.lu\/de\/wp-json\/wp\/v2\/pages"}],"about":[{"href":"https:\/\/vcl.lu\/de\/wp-json\/wp\/v2\/types\/page"}],"author":[{"embeddable":true,"href":"https:\/\/vcl.lu\/de\/wp-json\/wp\/v2\/users\/2"}],"replies":[{"embeddable":true,"href":"https:\/\/vcl.lu\/de\/wp-json\/wp\/v2\/comments?post=2040"}],"version-history":[{"count":6,"href":"https:\/\/vcl.lu\/de\/wp-json\/wp\/v2\/pages\/2040\/revisions"}],"predecessor-version":[{"id":2300,"href":"https:\/\/vcl.lu\/de\/wp-json\/wp\/v2\/pages\/2040\/revisions\/2300"}],"wp:attachment":[{"href":"https:\/\/vcl.lu\/de\/wp-json\/wp\/v2\/media?parent=2040"}],"curies":[{"name":"wp","href":"https:\/\/api.w.org\/{rel}","templated":true}]}}