{"id":2044,"date":"2025-01-17T15:26:37","date_gmt":"2025-01-17T14:26:37","guid":{"rendered":"https:\/\/vcl.lu\/manufacturing\/"},"modified":"2025-11-06T15:28:18","modified_gmt":"2025-11-06T14:28:18","slug":"manufacturing","status":"publish","type":"page","link":"https:\/\/vcl.lu\/de\/manufacturing\/","title":{"rendered":"Manufacturing"},"content":{"rendered":"\t\t<div data-elementor-type=\"wp-page\" data-elementor-id=\"2044\" class=\"elementor elementor-2044 elementor-533\">\n\t\t\t\t<div class=\"elementor-element elementor-element-3f704c1 e-con-full e-flex e-con e-parent\" data-id=\"3f704c1\" data-element_type=\"container\" data-e-type=\"container\" data-settings=\"{&quot;background_background&quot;:&quot;slideshow&quot;,&quot;background_slideshow_gallery&quot;:[{&quot;id&quot;:699,&quot;url&quot;:&quot;https:\\\/\\\/vcl.lu\\\/wp-content\\\/uploads\\\/2024\\\/11\\\/vcl109.jpg&quot;},{&quot;id&quot;:683,&quot;url&quot;:&quot;https:\\\/\\\/vcl.lu\\\/wp-content\\\/uploads\\\/2024\\\/11\\\/vcl62.jpg&quot;},{&quot;id&quot;:682,&quot;url&quot;:&quot;https:\\\/\\\/vcl.lu\\\/wp-content\\\/uploads\\\/2024\\\/11\\\/vcl59.jpg&quot;},{&quot;id&quot;:710,&quot;url&quot;:&quot;https:\\\/\\\/vcl.lu\\\/wp-content\\\/uploads\\\/2024\\\/11\\\/vcl159.jpg&quot;},{&quot;id&quot;:675,&quot;url&quot;:&quot;https:\\\/\\\/vcl.lu\\\/wp-content\\\/uploads\\\/2024\\\/11\\\/vcl28.jpg&quot;},{&quot;id&quot;:667,&quot;url&quot;:&quot;https:\\\/\\\/vcl.lu\\\/wp-content\\\/uploads\\\/2024\\\/11\\\/vcl10.jpg&quot;},{&quot;id&quot;:665,&quot;url&quot;:&quot;https:\\\/\\\/vcl.lu\\\/wp-content\\\/uploads\\\/2024\\\/11\\\/vcl06.jpg&quot;},{&quot;id&quot;:662,&quot;url&quot;:&quot;https:\\\/\\\/vcl.lu\\\/wp-content\\\/uploads\\\/2024\\\/11\\\/vcl03.jpg&quot;}],&quot;background_slideshow_ken_burns&quot;:&quot;yes&quot;,&quot;background_slideshow_loop&quot;:&quot;yes&quot;,&quot;background_slideshow_slide_duration&quot;:5000,&quot;background_slideshow_slide_transition&quot;:&quot;fade&quot;,&quot;background_slideshow_transition_duration&quot;:500,&quot;background_slideshow_ken_burns_zoom_direction&quot;:&quot;in&quot;}\">\n\t\t\t\t<div class=\"elementor-element elementor-element-869642c elementor-widget elementor-widget-heading\" data-id=\"869642c\" data-element_type=\"widget\" data-e-type=\"widget\" data-widget_type=\"heading.default\">\n\t\t\t\t<div class=\"elementor-widget-container\">\n\t\t\t\t\t<h1 class=\"elementor-heading-title elementor-size-default\">MANUFACTURING<\/h1>\t\t\t\t<\/div>\n\t\t\t\t<\/div>\n\t\t\t\t<\/div>\n\t\t<div class=\"elementor-element elementor-element-ec69027 e-flex e-con-boxed e-con e-parent\" data-id=\"ec69027\" data-element_type=\"container\" data-e-type=\"container\">\n\t\t\t\t\t<div class=\"e-con-inner\">\n\t\t<div class=\"elementor-element elementor-element-c65d7d7 e-con-full e-flex e-con e-child\" data-id=\"c65d7d7\" data-element_type=\"container\" data-e-type=\"container\">\n\t\t\t\t<div class=\"elementor-element elementor-element-5dc2305 elementor-widget elementor-widget-heading\" data-id=\"5dc2305\" data-element_type=\"widget\" data-e-type=\"widget\" data-widget_type=\"heading.default\">\n\t\t\t\t<div class=\"elementor-widget-container\">\n\t\t\t\t\t<h1 class=\"elementor-heading-title elementor-size-default\">MANUFACTURING<\/h1>\t\t\t\t<\/div>\n\t\t\t\t<\/div>\n\t\t\t\t<\/div>\n\t\t<div class=\"elementor-element elementor-element-dec07be e-con-full e-flex e-con e-child\" data-id=\"dec07be\" data-element_type=\"container\" data-e-type=\"container\">\n\t\t\t\t<div class=\"elementor-element elementor-element-934b853 elementor-widget elementor-widget-text-editor\" data-id=\"934b853\" data-element_type=\"widget\" data-e-type=\"widget\" data-widget_type=\"text-editor.default\">\n\t\t\t\t<div class=\"elementor-widget-container\">\n\t\t\t\t\t\t\t\t\t<p class=\"p1\">Gemeinsam mit unserer Muttergesellschaft, der SAB S.\u00e0r.l., sind wir in der Lage, alle unsere Bauteile vor Ort zu fertigen.<\/p><p class=\"p1\">Die modernen Fertigungshallen von SAB erstrecken sich \u00fcber eine Fl\u00e4che von 8.000 Quadratmetern und sind mit hochentwickelten Maschinen und Technologien ausgestattet, die es uns erm\u00f6glichen, eine breite Palette von Fertigungs- und Montageleistungen anzubieten.<\/p>\t\t\t\t\t\t\t\t<\/div>\n\t\t\t\t<\/div>\n\t\t\t\t<\/div>\n\t\t\t\t\t<\/div>\n\t\t\t\t<\/div>\n\t\t<div class=\"elementor-element elementor-element-5de46b7 e-flex e-con-boxed e-con e-parent\" data-id=\"5de46b7\" data-element_type=\"container\" data-e-type=\"container\" data-settings=\"{&quot;background_background&quot;:&quot;classic&quot;}\">\n\t\t\t\t\t<div class=\"e-con-inner\">\n\t\t<div class=\"elementor-element elementor-element-5c9a6da e-con-full e-flex e-con e-child\" data-id=\"5c9a6da\" data-element_type=\"container\" data-e-type=\"container\">\n\t\t\t\t<div class=\"elementor-element elementor-element-0999995 elementor-widget elementor-widget-image\" data-id=\"0999995\" data-element_type=\"widget\" data-e-type=\"widget\" data-widget_type=\"image.default\">\n\t\t\t\t<div class=\"elementor-widget-container\">\n\t\t\t\t\t\t\t\t\t\t\t\t\t\t\t<img fetchpriority=\"high\" decoding=\"async\" width=\"1024\" height=\"683\" src=\"https:\/\/vcl.lu\/wp-content\/uploads\/2024\/11\/vcl85-1024x683.jpg\" class=\"attachment-large size-large wp-image-693\" alt=\"Ein Arbeitnehmer f\u00fchrt Montagearbeiten durch.\" srcset=\"https:\/\/vcl.lu\/wp-content\/uploads\/2024\/11\/vcl85-1024x683.jpg 1024w, https:\/\/vcl.lu\/wp-content\/uploads\/2024\/11\/vcl85-300x200.jpg 300w, https:\/\/vcl.lu\/wp-content\/uploads\/2024\/11\/vcl85-768x512.jpg 768w, https:\/\/vcl.lu\/wp-content\/uploads\/2024\/11\/vcl85-1536x1024.jpg 1536w, https:\/\/vcl.lu\/wp-content\/uploads\/2024\/11\/vcl85-2048x1366.jpg 2048w, https:\/\/vcl.lu\/wp-content\/uploads\/2024\/11\/vcl85-930x620.jpg 930w\" sizes=\"(max-width: 1024px) 100vw, 1024px\" \/>\t\t\t\t\t\t\t\t\t\t\t\t\t\t\t<\/div>\n\t\t\t\t<\/div>\n\t\t\t\t<\/div>\n\t\t<div class=\"elementor-element elementor-element-7fa250f e-con-full e-flex e-con e-child\" data-id=\"7fa250f\" data-element_type=\"container\" data-e-type=\"container\">\n\t\t\t\t<div class=\"elementor-element elementor-element-89493ac elementor-widget elementor-widget-image\" data-id=\"89493ac\" data-element_type=\"widget\" data-e-type=\"widget\" data-widget_type=\"image.default\">\n\t\t\t\t<div class=\"elementor-widget-container\">\n\t\t\t\t\t\t\t\t\t\t\t\t\t\t\t<img decoding=\"async\" width=\"1024\" height=\"683\" src=\"https:\/\/vcl.lu\/wp-content\/uploads\/2024\/11\/vcl126-1024x683.jpg\" class=\"attachment-large size-large wp-image-703\" alt=\"Schwei\u00dfen eines Werkst\u00fccks\" srcset=\"https:\/\/vcl.lu\/wp-content\/uploads\/2024\/11\/vcl126-1024x683.jpg 1024w, https:\/\/vcl.lu\/wp-content\/uploads\/2024\/11\/vcl126-300x200.jpg 300w, https:\/\/vcl.lu\/wp-content\/uploads\/2024\/11\/vcl126-768x512.jpg 768w, https:\/\/vcl.lu\/wp-content\/uploads\/2024\/11\/vcl126-1536x1024.jpg 1536w, https:\/\/vcl.lu\/wp-content\/uploads\/2024\/11\/vcl126-2048x1366.jpg 2048w, https:\/\/vcl.lu\/wp-content\/uploads\/2024\/11\/vcl126-930x620.jpg 930w\" sizes=\"(max-width: 1024px) 100vw, 1024px\" \/>\t\t\t\t\t\t\t\t\t\t\t\t\t\t\t<\/div>\n\t\t\t\t<\/div>\n\t\t\t\t<\/div>\n\t\t<div class=\"elementor-element elementor-element-67624c8 e-con-full e-flex e-con e-child\" data-id=\"67624c8\" data-element_type=\"container\" data-e-type=\"container\">\n\t\t\t\t<div class=\"elementor-element elementor-element-58bafa3 elementor-widget elementor-widget-image\" data-id=\"58bafa3\" data-element_type=\"widget\" data-e-type=\"widget\" data-widget_type=\"image.default\">\n\t\t\t\t<div class=\"elementor-widget-container\">\n\t\t\t\t\t\t\t\t\t\t\t\t\t\t\t<img decoding=\"async\" width=\"1024\" height=\"683\" src=\"https:\/\/vcl.lu\/wp-content\/uploads\/2024\/11\/vcl79-1024x683.jpg\" class=\"attachment-large size-large wp-image-691\" alt=\"Messung einer Komponente\" srcset=\"https:\/\/vcl.lu\/wp-content\/uploads\/2024\/11\/vcl79-1024x683.jpg 1024w, https:\/\/vcl.lu\/wp-content\/uploads\/2024\/11\/vcl79-300x200.jpg 300w, https:\/\/vcl.lu\/wp-content\/uploads\/2024\/11\/vcl79-768x512.jpg 768w, https:\/\/vcl.lu\/wp-content\/uploads\/2024\/11\/vcl79-1536x1024.jpg 1536w, https:\/\/vcl.lu\/wp-content\/uploads\/2024\/11\/vcl79-2048x1366.jpg 2048w, https:\/\/vcl.lu\/wp-content\/uploads\/2024\/11\/vcl79-930x620.jpg 930w\" sizes=\"(max-width: 1024px) 100vw, 1024px\" \/>\t\t\t\t\t\t\t\t\t\t\t\t\t\t\t<\/div>\n\t\t\t\t<\/div>\n\t\t\t\t<\/div>\n\t\t<div class=\"elementor-element elementor-element-26842c7 e-con-full e-flex e-con e-child\" data-id=\"26842c7\" data-element_type=\"container\" data-e-type=\"container\">\n\t\t\t\t<div class=\"elementor-element elementor-element-7155ed7 elementor-widget elementor-widget-text-editor\" data-id=\"7155ed7\" data-element_type=\"widget\" data-e-type=\"widget\" data-widget_type=\"text-editor.default\">\n\t\t\t\t<div class=\"elementor-widget-container\">\n\t\t\t\t\t\t\t\t\t<h3><span style=\"color: #0063af;\">Bearbeitungskapazit\u00e4ten:<\/span><\/h3><p class=\"p1\">In unserer Fertigung bieten wir umfassende Bearbeitungskapazit\u00e4ten, die sowohl Dreh- als auch Fr\u00e4sarbeiten umfassen:<\/p><p class=\"p1\"><span style=\"color: #0063af;\"><b>CNC turning<br><\/b><\/span><i>Horizontal<span class=\"Apple-converted-space\"> <br><\/span><\/i>Max. \u00d8: 2,200 mm <span class=\"Apple-converted-space\">               <br><\/span>Max. Length: 1700 mm<br>Max. Weight of the component: 8,000 kg  <\/p><p class=\"p1\"><i>Vertical<span class=\"Apple-converted-space\"> <br><\/span><\/i>Max. \u00d8: 1,520 mm <span class=\"Apple-converted-space\">              <\/span><br>Max. Length: 2150 mm <span class=\"Apple-converted-space\"> <br><\/span>Max. Weight of the component: 9,000 kg <\/p><p class=\"p1\"><span style=\"color: #0063af;\"><b>Interpolation turning<br><\/b><\/span><i>Vertical<span class=\"Apple-converted-space\"> <br><\/span><\/i>Max. \u00d8: 3,500 mm<br>Max. Length: 1,250 mm<br>Max. Weight of the component: 25,000 kg   <\/p><p class=\"p1\"><span style=\"color: #0063af;\"><b>CNC milling<br><\/b><\/span>Max. X-axis: 5,000 mm<br>Max. Y-axis: 3,500 mm<br>Max. Z-axis: 1,250 mm<br>Max. W-axis: 800 mm<br>Max. Weight of the component: 25,000 kg     <\/p>\t\t\t\t\t\t\t\t<\/div>\n\t\t\t\t<\/div>\n\t\t\t\t<\/div>\n\t\t<div class=\"elementor-element elementor-element-40349a0 e-con-full e-flex e-con e-child\" data-id=\"40349a0\" data-element_type=\"container\" data-e-type=\"container\">\n\t\t\t\t<div class=\"elementor-element elementor-element-608458d elementor-widget elementor-widget-text-editor\" data-id=\"608458d\" data-element_type=\"widget\" data-e-type=\"widget\" data-widget_type=\"text-editor.default\">\n\t\t\t\t<div class=\"elementor-widget-container\">\n\t\t\t\t\t\t\t\t\t<h3><span style=\"color: #0063af;\"><strong>Schwei\u00dfkapazit\u00e4ten:<\/strong><\/span><\/h3><p class=\"p1\">Unsere Schwei\u00dfabteilung ist mit modernsten Technologien ausgestattet und bietet verschiedene Schwei\u00dfmethoden an:<\/p><p class=\"p1\">&#8211; TIG welding<br>&#8211; MIG\/ MAG welding<br>&#8211; submerged arc welding<br>&#8211; weld cladding &amp; overlays<\/p>\t\t\t\t\t\t\t\t<\/div>\n\t\t\t\t<\/div>\n\t\t\t\t<\/div>\n\t\t<div class=\"elementor-element elementor-element-8fd3bdd e-con-full e-flex e-con e-child\" data-id=\"8fd3bdd\" data-element_type=\"container\" data-e-type=\"container\">\n\t\t\t\t<div class=\"elementor-element elementor-element-23fe023 elementor-widget elementor-widget-text-editor\" data-id=\"23fe023\" data-element_type=\"widget\" data-e-type=\"widget\" data-widget_type=\"text-editor.default\">\n\t\t\t\t<div class=\"elementor-widget-container\">\n\t\t\t\t\t\t\t\t\t<h3><span style=\"color: #0063af;\"><strong>Montage- und Pr\u00fcfm\u00f6glichkeiten:<\/strong><\/span><\/h3><p class=\"p1\">Unsere Fertigungshallen verf\u00fcgen \u00fcber spezielle Montagegruben, die eine effiziente Montage und Pr\u00fcfung unserer Produkte erm\u00f6glichen.<\/p><p class=\"p1\">Die maximale Tragf\u00e4higkeit unserer Hallenkr\u00e4ne betr\u00e4gt bis zu 40.000 kg und wir k\u00f6nnen Bauteile bis zu einer H\u00f6he von 13 Metern verarbeiten. Wir haben auch eine 3 Meter tiefe Montagegrube. <\/p><p class=\"p1\">Wir f\u00fchren eine Vielzahl von Pr\u00fcfungen durch, darunter NDE, Druckpr\u00fcfung, Funktionspr\u00fcfung und Dichtheitspr\u00fcfung.<\/p><p class=\"p1\"> <\/p>\t\t\t\t\t\t\t\t<\/div>\n\t\t\t\t<\/div>\n\t\t\t\t<\/div>\n\t\t\t\t\t<\/div>\n\t\t\t\t<\/div>\n\t\t<div class=\"elementor-element elementor-element-23b19ea e-flex e-con-boxed e-con e-parent\" data-id=\"23b19ea\" data-element_type=\"container\" data-e-type=\"container\">\n\t\t\t\t\t<div class=\"e-con-inner\">\n\t\t<div class=\"elementor-element elementor-element-32a9ca0 e-con-full e-flex e-con e-child\" data-id=\"32a9ca0\" data-element_type=\"container\" data-e-type=\"container\">\n\t\t\t\t<div class=\"elementor-element elementor-element-3a6de28 elementor-widget__width-initial elementor-widget elementor-widget-image\" data-id=\"3a6de28\" data-element_type=\"widget\" data-e-type=\"widget\" data-widget_type=\"image.default\">\n\t\t\t\t<div class=\"elementor-widget-container\">\n\t\t\t\t\t\t\t\t\t\t\t\t\t\t\t<img loading=\"lazy\" decoding=\"async\" width=\"768\" height=\"177\" src=\"https:\/\/vcl.lu\/wp-content\/uploads\/2025\/01\/SAB-LOGO-768x177.png\" class=\"attachment-medium_large size-medium_large wp-image-731\" alt=\"sab Logo klein\" srcset=\"https:\/\/vcl.lu\/wp-content\/uploads\/2025\/01\/SAB-LOGO-768x177.png 768w, https:\/\/vcl.lu\/wp-content\/uploads\/2025\/01\/SAB-LOGO-300x69.png 300w, https:\/\/vcl.lu\/wp-content\/uploads\/2025\/01\/SAB-LOGO-1024x236.png 1024w, https:\/\/vcl.lu\/wp-content\/uploads\/2025\/01\/SAB-LOGO-1536x354.png 1536w, https:\/\/vcl.lu\/wp-content\/uploads\/2025\/01\/SAB-LOGO-2048x472.png 2048w\" sizes=\"(max-width: 768px) 100vw, 768px\" \/>\t\t\t\t\t\t\t\t\t\t\t\t\t\t\t<\/div>\n\t\t\t\t<\/div>\n\t\t\t\t<\/div>\n\t\t<div class=\"elementor-element elementor-element-cbc569b e-con-full e-flex e-con e-child\" data-id=\"cbc569b\" data-element_type=\"container\" data-e-type=\"container\">\n\t\t\t\t<div class=\"elementor-element elementor-element-c71afdb elementor-widget elementor-widget-text-editor\" data-id=\"c71afdb\" data-element_type=\"widget\" data-e-type=\"widget\" data-widget_type=\"text-editor.default\">\n\t\t\t\t<div class=\"elementor-widget-container\">\n\t\t\t\t\t\t\t\t\t<h3><span style=\"color: #0063af;\">SAB ist nach den folgenden Standards zertifiziert:<\/span>  <\/h3><p class=\"p1\">SAB ist nach den folgenden Standards zertifiziert:<\/p><p class=\"p1\">&#8211; ISO 9001:2015<br>&#8211; ISO EN 1090<br>&#8211; ISO EN 3834-2<br>&#8211; AD 2000 HP0<br>&#8211; Zertifikat f\u00fcr die Identifikations\u00fcbertragung<\/p><p class=\"p1\">Unsere Fertigungshallen sind somit nicht nur ein Zentrum f\u00fcr qualitativ hochwertige Produktion, sondern auch ein Ort, an dem Innovation und Effizienz aufeinandertreffen.<\/p>\t\t\t\t\t\t\t\t<\/div>\n\t\t\t\t<\/div>\n\t\t\t\t<div class=\"elementor-element elementor-element-dcbfcaf gallery-spacing-custom elementor-widget elementor-widget-image-gallery\" data-id=\"dcbfcaf\" data-element_type=\"widget\" data-e-type=\"widget\" data-widget_type=\"image-gallery.default\">\n\t\t\t\t<div class=\"elementor-widget-container\">\n\t\t\t\t\t\t\t<div class=\"elementor-image-gallery\">\n\t\t\t<div id='gallery-1' class='gallery galleryid-2044 gallery-columns-3 gallery-size-medium'><figure class='gallery-item'>\n\t\t\t<div class='gallery-icon landscape'>\n\t\t\t\t<a data-elementor-open-lightbox=\"yes\" data-elementor-lightbox-slideshow=\"dcbfcaf\" data-elementor-lightbox-title=\"Logo-1090\" data-e-action-hash=\"#elementor-action%3Aaction%3Dlightbox%26settings%3DeyJpZCI6MTE2OSwidXJsIjoiaHR0cHM6XC9cL3ZjbC5sdVwvd3AtY29udGVudFwvdXBsb2Fkc1wvMjAyNVwvMDJcL0xvZ28tMTA5MC5qcGciLCJzbGlkZXNob3ciOiJkY2JmY2FmIn0%3D\" href='https:\/\/vcl.lu\/wp-content\/uploads\/2025\/02\/Logo-1090.jpg'><img loading=\"lazy\" decoding=\"async\" width=\"300\" height=\"247\" src=\"https:\/\/vcl.lu\/wp-content\/uploads\/2025\/02\/Logo-1090-300x247.jpg\" class=\"attachment-medium size-medium\" alt=\"Luxcontrol Zertifikat EXC EN 1090-2\" srcset=\"https:\/\/vcl.lu\/wp-content\/uploads\/2025\/02\/Logo-1090-300x247.jpg 300w, https:\/\/vcl.lu\/wp-content\/uploads\/2025\/02\/Logo-1090.jpg 400w\" sizes=\"(max-width: 300px) 100vw, 300px\" \/><\/a>\n\t\t\t<\/div><\/figure><figure class='gallery-item'>\n\t\t\t<div class='gallery-icon landscape'>\n\t\t\t\t<a data-elementor-open-lightbox=\"yes\" data-elementor-lightbox-slideshow=\"dcbfcaf\" data-elementor-lightbox-title=\"logo_luxcontrol\" data-e-action-hash=\"#elementor-action%3Aaction%3Dlightbox%26settings%3DeyJpZCI6MTE2NywidXJsIjoiaHR0cHM6XC9cL3ZjbC5sdVwvd3AtY29udGVudFwvdXBsb2Fkc1wvMjAyNVwvMDJcL2xvZ29fbHV4Y29udHJvbC5qcGciLCJzbGlkZXNob3ciOiJkY2JmY2FmIn0%3D\" href='https:\/\/vcl.lu\/wp-content\/uploads\/2025\/02\/logo_luxcontrol.jpg'><img loading=\"lazy\" decoding=\"async\" width=\"300\" height=\"236\" src=\"https:\/\/vcl.lu\/wp-content\/uploads\/2025\/02\/logo_luxcontrol-300x236.jpg\" class=\"attachment-medium size-medium\" alt=\"Luxcontrol Zertifikat EN ISO 3834-3\" srcset=\"https:\/\/vcl.lu\/wp-content\/uploads\/2025\/02\/logo_luxcontrol-300x236.jpg 300w, https:\/\/vcl.lu\/wp-content\/uploads\/2025\/02\/logo_luxcontrol.jpg 400w\" sizes=\"(max-width: 300px) 100vw, 300px\" \/><\/a>\n\t\t\t<\/div><\/figure><figure class='gallery-item'>\n\t\t\t<div class='gallery-icon landscape'>\n\t\t\t\t<a data-elementor-open-lightbox=\"yes\" data-elementor-lightbox-slideshow=\"dcbfcaf\" data-elementor-lightbox-title=\"ESCEM_9001_2015_couleur\" data-e-action-hash=\"#elementor-action%3Aaction%3Dlightbox%26settings%3DeyJpZCI6MTE2NSwidXJsIjoiaHR0cHM6XC9cL3ZjbC5sdVwvd3AtY29udGVudFwvdXBsb2Fkc1wvMjAyNVwvMDJcL0VTQ0VNXzkwMDFfMjAxNV9jb3VsZXVyLnBuZyIsInNsaWRlc2hvdyI6ImRjYmZjYWYifQ%3D%3D\" href='https:\/\/vcl.lu\/wp-content\/uploads\/2025\/02\/ESCEM_9001_2015_couleur.png'><img loading=\"lazy\" decoding=\"async\" width=\"300\" height=\"169\" src=\"https:\/\/vcl.lu\/wp-content\/uploads\/2025\/02\/ESCEM_9001_2015_couleur-300x169.png\" class=\"attachment-medium size-medium\" alt=\"Zertifikat ISO 9001:2015\" srcset=\"https:\/\/vcl.lu\/wp-content\/uploads\/2025\/02\/ESCEM_9001_2015_couleur-300x169.png 300w, https:\/\/vcl.lu\/wp-content\/uploads\/2025\/02\/ESCEM_9001_2015_couleur.png 400w\" sizes=\"(max-width: 300px) 100vw, 300px\" \/><\/a>\n\t\t\t<\/div><\/figure>\n\t\t<\/div>\n\t\t<\/div>\n\t\t\t\t\t\t<\/div>\n\t\t\t\t<\/div>\n\t\t\t\t<\/div>\n\t\t\t\t\t<\/div>\n\t\t\t\t<\/div>\n\t\t\t\t<\/div>\n\t\t","protected":false},"excerpt":{"rendered":"<p>MANUFACTURING MANUFACTURING Gemeinsam mit unserer Muttergesellschaft, der SAB S.\u00e0r.l., sind wir in der Lage, alle unsere Bauteile vor Ort zu fertigen. Die modernen Fertigungshallen von SAB erstrecken sich \u00fcber eine Fl\u00e4che von 8.000 Quadratmetern und sind mit hochentwickelten Maschinen und Technologien ausgestattet, die es uns erm\u00f6glichen, eine breite Palette von Fertigungs- und Montageleistungen anzubieten. Bearbeitungskapazit\u00e4ten:&hellip;&nbsp;<a href=\"https:\/\/vcl.lu\/de\/manufacturing\/\" rel=\"bookmark\"><span class=\"screen-reader-text\">Manufacturing<\/span><\/a><\/p>\n","protected":false},"author":2,"featured_media":0,"parent":0,"menu_order":0,"comment_status":"closed","ping_status":"closed","template":"page-templates\/template-pagebuilder-full-width.php","meta":{"inline_featured_image":false,"neve_meta_sidebar":"","neve_meta_container":"","neve_meta_enable_content_width":"on","neve_meta_content_width":100,"neve_meta_title_alignment":"","neve_meta_author_avatar":"","neve_post_elements_order":"","neve_meta_disable_header":"","neve_meta_disable_footer":"","neve_meta_disable_title":"on","footnotes":""},"class_list":["post-2044","page","type-page","status-publish","hentry"],"_links":{"self":[{"href":"https:\/\/vcl.lu\/de\/wp-json\/wp\/v2\/pages\/2044","targetHints":{"allow":["GET"]}}],"collection":[{"href":"https:\/\/vcl.lu\/de\/wp-json\/wp\/v2\/pages"}],"about":[{"href":"https:\/\/vcl.lu\/de\/wp-json\/wp\/v2\/types\/page"}],"author":[{"embeddable":true,"href":"https:\/\/vcl.lu\/de\/wp-json\/wp\/v2\/users\/2"}],"replies":[{"embeddable":true,"href":"https:\/\/vcl.lu\/de\/wp-json\/wp\/v2\/comments?post=2044"}],"version-history":[{"count":3,"href":"https:\/\/vcl.lu\/de\/wp-json\/wp\/v2\/pages\/2044\/revisions"}],"predecessor-version":[{"id":2097,"href":"https:\/\/vcl.lu\/de\/wp-json\/wp\/v2\/pages\/2044\/revisions\/2097"}],"wp:attachment":[{"href":"https:\/\/vcl.lu\/de\/wp-json\/wp\/v2\/media?parent=2044"}],"curies":[{"name":"wp","href":"https:\/\/api.w.org\/{rel}","templated":true}]}}