{"id":2098,"date":"2024-10-16T14:20:51","date_gmt":"2024-10-16T12:20:51","guid":{"rendered":"https:\/\/vcl.lu\/iron-steel\/druckausgleichventile\/"},"modified":"2025-11-06T15:24:41","modified_gmt":"2025-11-06T14:24:41","slug":"druckausgleichventile","status":"publish","type":"page","link":"https:\/\/vcl.lu\/de\/iron-steel\/druckausgleichventile\/","title":{"rendered":"DRUCKAUSGLEICHVENTILE"},"content":{"rendered":"\t\t<div data-elementor-type=\"wp-page\" data-elementor-id=\"2098\" class=\"elementor elementor-2098 elementor-353\">\n\t\t\t\t<div class=\"elementor-element elementor-element-11ca1bb e-flex e-con-boxed e-con e-parent\" data-id=\"11ca1bb\" data-element_type=\"container\" data-e-type=\"container\" data-settings=\"{&quot;background_background&quot;:&quot;classic&quot;}\">\n\t\t\t\t\t<div class=\"e-con-inner\">\n\t\t\t\t<div class=\"elementor-element elementor-element-3db2891 elementor-widget elementor-widget-heading\" data-id=\"3db2891\" data-element_type=\"widget\" data-e-type=\"widget\" data-widget_type=\"heading.default\">\n\t\t\t\t<div class=\"elementor-widget-container\">\n\t\t\t\t\t<h1 class=\"elementor-heading-title elementor-size-default\">DRUCKAUSGLEICHVENTILE<\/h1>\t\t\t\t<\/div>\n\t\t\t\t<\/div>\n\t\t\t\t\t<\/div>\n\t\t\t\t<\/div>\n\t\t<div class=\"elementor-element elementor-element-20be677 e-flex e-con-boxed e-con e-parent\" data-id=\"20be677\" data-element_type=\"container\" data-e-type=\"container\">\n\t\t\t\t\t<div class=\"e-con-inner\">\n\t\t<div class=\"elementor-element elementor-element-e424fdf e-con-full e-flex e-con e-child\" data-id=\"e424fdf\" data-element_type=\"container\" data-e-type=\"container\">\n\t\t\t\t<div class=\"elementor-element elementor-element-8d74137 elementor-widget elementor-widget-text-editor\" data-id=\"8d74137\" data-element_type=\"widget\" data-e-type=\"widget\" data-widget_type=\"text-editor.default\">\n\t\t\t\t<div class=\"elementor-widget-container\">\n\t\t\t\t\t\t\t\t\t<h2>DRUCKAUSGLEICHVENTILE<\/h2>\t\t\t\t\t\t\t\t<\/div>\n\t\t\t\t<\/div>\n\t\t\t\t<\/div>\n\t\t<div class=\"elementor-element elementor-element-5b8a333 e-con-full e-flex e-con e-child\" data-id=\"5b8a333\" data-element_type=\"container\" data-e-type=\"container\">\n\t\t\t\t<div class=\"elementor-element elementor-element-3d63b76 elementor-widget elementor-widget-text-editor\" data-id=\"3d63b76\" data-element_type=\"widget\" data-e-type=\"widget\" data-widget_type=\"text-editor.default\">\n\t\t\t\t<div class=\"elementor-widget-container\">\n\t\t\t\t\t\t\t\t\t<p>Das VCL-Druckausgleich- und Entlastungsventil ist eine Armatur, die im oberen Bereich des Hochofens eingesetzt wird.<br>Mehrere dieser Ventile sind mit den Materialbunkern des Hochofenbeschickungssystems (sogenanntes Begichtungssystem) verbunden.<br>Die Druckausgleich- und Entlastungsventile dienen zum einen dazu, die gef\u00fcllten Bunker vor der Beschickung auf den Hochofendruck zu bringen und zum anderen, die Bunker vor der Wiederbef\u00fcllung auf Umgebungsdruck zu entlasten.<br>Die gro\u00dfe Wartungst\u00fcr des VCL-Druckausgleichventils erm\u00f6glicht eine gute Zug\u00e4nglichkeit f\u00fcr Wartungsarbeiten und einen einfachen Austausch von Verschlei\u00dfteilen. Der Ventilteller ist in der ge\u00f6ffneten Stellung vollst\u00e4ndig aus dem Druchfluss geschwenkt, um den Verschlei\u00df der Dichtungen zu minimieren.    <\/p>\t\t\t\t\t\t\t\t<\/div>\n\t\t\t\t<\/div>\n\t\t\t\t<\/div>\n\t\t\t\t\t<\/div>\n\t\t\t\t<\/div>\n\t\t<div class=\"elementor-element elementor-element-79e543c e-flex e-con-boxed e-con e-parent\" data-id=\"79e543c\" data-element_type=\"container\" data-e-type=\"container\" data-settings=\"{&quot;background_background&quot;:&quot;classic&quot;}\">\n\t\t\t\t\t<div class=\"e-con-inner\">\n\t\t<div class=\"elementor-element elementor-element-f01b6e9 e-con-full e-flex e-con e-child\" data-id=\"f01b6e9\" data-element_type=\"container\" data-e-type=\"container\">\n\t\t\t\t<div class=\"elementor-element elementor-element-4e80bd8 elementor-widget elementor-widget-text-editor\" data-id=\"4e80bd8\" data-element_type=\"widget\" data-e-type=\"widget\" data-widget_type=\"text-editor.default\">\n\t\t\t\t<div class=\"elementor-widget-container\">\n\t\t\t\t\t\t\t\t\t<h3><strong>DESIGNMERKMALE<\/strong><br>DRUCKAUSGLEICHVENTILE<\/h3><ul><li>Schweisskonstruktion<\/li><li>Einstellbare Ventilbet\u00e4tigung mit Hydraulikzylinder (Standard)<\/li><li>Druckstufe bis 3,0 bar<\/li><li>Betriebstemperaturen bis 300 \u00b0C<\/li><li>Nennweiten DN 300 &#8211; DN 600<\/li><li>Andere Gr\u00f6\u00dfen oder Betriebsbedingungen auf Anfrage<\/li><\/ul>\t\t\t\t\t\t\t\t<\/div>\n\t\t\t\t<\/div>\n\t\t\t\t<\/div>\n\t\t<div class=\"elementor-element elementor-element-8f5eae6 e-con-full e-flex e-con e-child\" data-id=\"8f5eae6\" data-element_type=\"container\" data-e-type=\"container\">\n\t\t\t\t<div class=\"elementor-element elementor-element-9d7b98b elementor-widget elementor-widget-text-editor\" data-id=\"9d7b98b\" data-element_type=\"widget\" data-e-type=\"widget\" data-widget_type=\"text-editor.default\">\n\t\t\t\t<div class=\"elementor-widget-container\">\n\t\t\t\t\t\t\t\t\t<h3>DESIGN <br>VORTEILE<\/h3><ul><li>Die Demontage von Einbauteilen (Sitz \/ Hebel-Klappen-Einheit) kann durch die gro\u00dfe Wartungst\u00fcr erfolgen<\/li><li>Reduzierte Wartung und verbesserte Zug\u00e4nglichkeit der Ausr\u00fcstungskomponenten<\/li><li>H\u00f6here Zuverl\u00e4ssigkeit und Verf\u00fcgbarkeit dank kontinuierlich verbessertem Design und mehrj\u00e4hrigem Kundenfeedback<\/li><\/ul>\t\t\t\t\t\t\t\t<\/div>\n\t\t\t\t<\/div>\n\t\t\t\t<\/div>\n\t\t\t\t\t<\/div>\n\t\t\t\t<\/div>\n\t\t<div class=\"elementor-element elementor-element-a701365 e-flex e-con-boxed e-con e-parent\" data-id=\"a701365\" data-element_type=\"container\" data-e-type=\"container\">\n\t\t\t\t\t<div class=\"e-con-inner\">\n\t\t<div class=\"elementor-element elementor-element-9628812 e-con-full e-flex e-con e-child\" data-id=\"9628812\" data-element_type=\"container\" data-e-type=\"container\">\n\t\t\t\t<\/div>\n\t\t<div class=\"elementor-element elementor-element-c6d5abe e-con-full e-flex e-con e-child\" data-id=\"c6d5abe\" data-element_type=\"container\" data-e-type=\"container\">\n\t\t\t\t<div class=\"elementor-element elementor-element-ea33bc3 elementor-widget elementor-widget-image\" data-id=\"ea33bc3\" data-element_type=\"widget\" data-e-type=\"widget\" data-widget_type=\"image.default\">\n\t\t\t\t<div class=\"elementor-widget-container\">\n\t\t\t\t\t\t\t\t\t\t\t\t\t\t\t<img fetchpriority=\"high\" decoding=\"async\" width=\"1024\" height=\"697\" src=\"https:\/\/vcl.lu\/wp-content\/uploads\/2024\/10\/Druckausgleichventil-DN-500-Typ-SAB_Tuer-offen_Teller-ausgehaengt-1024x697.png\" class=\"attachment-large size-large wp-image-643\" alt=\"Druckausgleichventil offen\" srcset=\"https:\/\/vcl.lu\/wp-content\/uploads\/2024\/10\/Druckausgleichventil-DN-500-Typ-SAB_Tuer-offen_Teller-ausgehaengt-1024x697.png 1024w, https:\/\/vcl.lu\/wp-content\/uploads\/2024\/10\/Druckausgleichventil-DN-500-Typ-SAB_Tuer-offen_Teller-ausgehaengt-300x204.png 300w, https:\/\/vcl.lu\/wp-content\/uploads\/2024\/10\/Druckausgleichventil-DN-500-Typ-SAB_Tuer-offen_Teller-ausgehaengt-768x523.png 768w, https:\/\/vcl.lu\/wp-content\/uploads\/2024\/10\/Druckausgleichventil-DN-500-Typ-SAB_Tuer-offen_Teller-ausgehaengt-1536x1045.png 1536w, https:\/\/vcl.lu\/wp-content\/uploads\/2024\/10\/Druckausgleichventil-DN-500-Typ-SAB_Tuer-offen_Teller-ausgehaengt.png 2000w\" sizes=\"(max-width: 1024px) 100vw, 1024px\" \/>\t\t\t\t\t\t\t\t\t\t\t\t\t\t\t<\/div>\n\t\t\t\t<\/div>\n\t\t\t\t<\/div>\n\t\t\t\t\t<\/div>\n\t\t\t\t<\/div>\n\t\t<div class=\"elementor-element elementor-element-e0b3b56 e-flex e-con-boxed e-con e-parent\" data-id=\"e0b3b56\" data-element_type=\"container\" data-e-type=\"container\" data-settings=\"{&quot;background_background&quot;:&quot;classic&quot;}\">\n\t\t\t\t\t<div class=\"e-con-inner\">\n\t\t<div class=\"elementor-element elementor-element-c291669 e-con-full e-flex e-con e-child\" data-id=\"c291669\" data-element_type=\"container\" data-e-type=\"container\">\n\t\t\t\t<div class=\"elementor-element elementor-element-10db5e8 elementor-widget elementor-widget-stratum-image-hotspot\" data-id=\"10db5e8\" data-element_type=\"widget\" data-e-type=\"widget\" data-widget_type=\"stratum-image-hotspot.default\">\n\t\t\t\t<div class=\"elementor-widget-container\">\n\t\t\t\t\t<div class=\"stratum-image-hotspot\">\n    <div class=\"stratum-image-hotspot__wrapper\">\n        <div class=\"stratum-image-hotspot__image\">\n\t\t\t<img decoding=\"async\" width=\"768\" height=\"849\" src=\"https:\/\/vcl.lu\/wp-content\/uploads\/2024\/10\/Druckausgleichventil-DN-500-Typ-SAB_Halbschnitt-geschlossen-768x849.png\" class=\"attachment-medium_large size-medium_large wp-image-341\" alt=\"Equalizing Valves cross section\" srcset=\"https:\/\/vcl.lu\/wp-content\/uploads\/2024\/10\/Druckausgleichventil-DN-500-Typ-SAB_Halbschnitt-geschlossen-768x849.png 768w, https:\/\/vcl.lu\/wp-content\/uploads\/2024\/10\/Druckausgleichventil-DN-500-Typ-SAB_Halbschnitt-geschlossen-271x300.png 271w, https:\/\/vcl.lu\/wp-content\/uploads\/2024\/10\/Druckausgleichventil-DN-500-Typ-SAB_Halbschnitt-geschlossen-926x1024.png 926w, https:\/\/vcl.lu\/wp-content\/uploads\/2024\/10\/Druckausgleichventil-DN-500-Typ-SAB_Halbschnitt-geschlossen-1389x1536.png 1389w, https:\/\/vcl.lu\/wp-content\/uploads\/2024\/10\/Druckausgleichventil-DN-500-Typ-SAB_Halbschnitt-geschlossen.png 1809w\" sizes=\"(max-width: 768px) 100vw, 768px\" \/>        <\/div>\n\t\t<div class=\"stratum-image-hotspot__dot has-animation-pulse elementor-repeater-item-fc6918d\"><div class=\"stratum-image-hotspot__dot-wrapper\" data-options=\"{&quot;open&quot;:false,&quot;tooltipArrow&quot;:true,&quot;placement&quot;:&quot;top&quot;,&quot;tooltipTheme&quot;:&quot;light&quot;,&quot;tooltipAnimation&quot;:&quot;fade&quot;,&quot;tooltipTrigger&quot;:&quot;hover&quot;,&quot;tooltipContent&quot;:&quot;&quot;,&quot;tooltipTitle&quot;:&quot;Dichtsitz&quot;}\"><div class=\"stratum-image-hotspot__dot-content\"><i class=\"stratum-image-hotspot__dot-icon fa fa-question-circle\"><\/i><\/div><\/div><\/div><div class=\"stratum-image-hotspot__dot has-animation-pulse elementor-repeater-item-f83abeb\"><div class=\"stratum-image-hotspot__dot-wrapper\" data-options=\"{&quot;open&quot;:false,&quot;tooltipArrow&quot;:true,&quot;placement&quot;:&quot;top&quot;,&quot;tooltipTheme&quot;:&quot;light&quot;,&quot;tooltipAnimation&quot;:&quot;fade&quot;,&quot;tooltipTrigger&quot;:&quot;hover&quot;,&quot;tooltipContent&quot;:&quot;&quot;,&quot;tooltipTitle&quot;:&quot;Klappenteller&quot;}\"><div class=\"stratum-image-hotspot__dot-content\"><i class=\"stratum-image-hotspot__dot-icon fa fa-question-circle\"><\/i><\/div><\/div><\/div><div class=\"stratum-image-hotspot__dot has-animation-pulse elementor-repeater-item-aab15aa\"><div class=\"stratum-image-hotspot__dot-wrapper\" data-options=\"{&quot;open&quot;:false,&quot;tooltipArrow&quot;:true,&quot;placement&quot;:&quot;top&quot;,&quot;tooltipTheme&quot;:&quot;light&quot;,&quot;tooltipAnimation&quot;:&quot;fade&quot;,&quot;tooltipTrigger&quot;:&quot;hover&quot;,&quot;tooltipContent&quot;:&quot;&quot;,&quot;tooltipTitle&quot;:&quot;Hebel&quot;}\"><div class=\"stratum-image-hotspot__dot-content\"><i class=\"stratum-image-hotspot__dot-icon fa fa-question-circle\"><\/i><\/div><\/div><\/div>    <\/div>\n<\/div>\n\t\t\t\t<\/div>\n\t\t\t\t<\/div>\n\t\t\t\t<\/div>\n\t\t<div class=\"elementor-element elementor-element-7a6ca6b e-con-full e-flex e-con e-child\" data-id=\"7a6ca6b\" data-element_type=\"container\" data-e-type=\"container\">\n\t\t\t\t<div class=\"elementor-element elementor-element-b32b979 elementor-widget elementor-widget-stratum-image-hotspot\" data-id=\"b32b979\" data-element_type=\"widget\" data-e-type=\"widget\" data-widget_type=\"stratum-image-hotspot.default\">\n\t\t\t\t<div class=\"elementor-widget-container\">\n\t\t\t\t\t<div class=\"stratum-image-hotspot\">\n    <div class=\"stratum-image-hotspot__wrapper\">\n        <div class=\"stratum-image-hotspot__image\">\n\t\t\t<img decoding=\"async\" width=\"1024\" height=\"924\" src=\"https:\/\/vcl.lu\/wp-content\/uploads\/2024\/10\/Druckausgleichventil-DN-500-Typ-SAB_1-1024x924.png\" class=\"attachment-large size-large wp-image-358\" alt=\"Equalizing Valves model\" srcset=\"https:\/\/vcl.lu\/wp-content\/uploads\/2024\/10\/Druckausgleichventil-DN-500-Typ-SAB_1-1024x924.png 1024w, https:\/\/vcl.lu\/wp-content\/uploads\/2024\/10\/Druckausgleichventil-DN-500-Typ-SAB_1-300x271.png 300w, https:\/\/vcl.lu\/wp-content\/uploads\/2024\/10\/Druckausgleichventil-DN-500-Typ-SAB_1-768x693.png 768w, https:\/\/vcl.lu\/wp-content\/uploads\/2024\/10\/Druckausgleichventil-DN-500-Typ-SAB_1-1536x1386.png 1536w, https:\/\/vcl.lu\/wp-content\/uploads\/2024\/10\/Druckausgleichventil-DN-500-Typ-SAB_1.png 2000w\" sizes=\"(max-width: 1024px) 100vw, 1024px\" \/>        <\/div>\n\t\t<div class=\"stratum-image-hotspot__dot has-animation-pulse elementor-repeater-item-fc6918d\"><div class=\"stratum-image-hotspot__dot-wrapper\" data-options=\"{&quot;open&quot;:false,&quot;tooltipArrow&quot;:true,&quot;placement&quot;:&quot;top&quot;,&quot;tooltipTheme&quot;:&quot;light&quot;,&quot;tooltipAnimation&quot;:&quot;fade&quot;,&quot;tooltipTrigger&quot;:&quot;hover&quot;,&quot;tooltipContent&quot;:&quot;&quot;,&quot;tooltipTitle&quot;:&quot;Hydraulikzylinder&quot;}\"><div class=\"stratum-image-hotspot__dot-content\"><i class=\"stratum-image-hotspot__dot-icon fa fa-question-circle\"><\/i><\/div><\/div><\/div><div class=\"stratum-image-hotspot__dot has-animation-pulse elementor-repeater-item-f83abeb\"><div class=\"stratum-image-hotspot__dot-wrapper\" data-options=\"{&quot;open&quot;:false,&quot;tooltipArrow&quot;:true,&quot;placement&quot;:&quot;top&quot;,&quot;tooltipTheme&quot;:&quot;light&quot;,&quot;tooltipAnimation&quot;:&quot;fade&quot;,&quot;tooltipTrigger&quot;:&quot;hover&quot;,&quot;tooltipContent&quot;:&quot;&quot;,&quot;tooltipTitle&quot;:&quot;Wartungst\\u00fcr \\\/ Wartungsdeckel&quot;}\"><div class=\"stratum-image-hotspot__dot-content\"><i class=\"stratum-image-hotspot__dot-icon fa fa-question-circle\"><\/i><\/div><\/div><\/div>    <\/div>\n<\/div>\n\t\t\t\t<\/div>\n\t\t\t\t<\/div>\n\t\t\t\t<\/div>\n\t\t\t\t\t<\/div>\n\t\t\t\t<\/div>\n\t\t\t\t<\/div>\n\t\t","protected":false},"excerpt":{"rendered":"<p>DRUCKAUSGLEICHVENTILE DRUCKAUSGLEICHVENTILE Das VCL-Druckausgleich- und Entlastungsventil ist eine Armatur, die im oberen Bereich des Hochofens eingesetzt wird.Mehrere dieser Ventile sind mit den Materialbunkern des Hochofenbeschickungssystems (sogenanntes Begichtungssystem) verbunden.Die Druckausgleich- und Entlastungsventile dienen zum einen dazu, die gef\u00fcllten Bunker vor der Beschickung auf den Hochofendruck zu bringen und zum anderen, die Bunker vor der Wiederbef\u00fcllung auf&hellip;&nbsp;<a href=\"https:\/\/vcl.lu\/de\/iron-steel\/druckausgleichventile\/\" rel=\"bookmark\"><span class=\"screen-reader-text\">DRUCKAUSGLEICHVENTILE<\/span><\/a><\/p>\n","protected":false},"author":2,"featured_media":0,"parent":2040,"menu_order":0,"comment_status":"closed","ping_status":"closed","template":"page-templates\/template-pagebuilder-full-width.php","meta":{"inline_featured_image":false,"neve_meta_sidebar":"","neve_meta_container":"","neve_meta_enable_content_width":"","neve_meta_content_width":0,"neve_meta_title_alignment":"","neve_meta_author_avatar":"","neve_post_elements_order":"","neve_meta_disable_header":"","neve_meta_disable_footer":"","neve_meta_disable_title":"","footnotes":""},"class_list":["post-2098","page","type-page","status-publish","hentry"],"_links":{"self":[{"href":"https:\/\/vcl.lu\/de\/wp-json\/wp\/v2\/pages\/2098","targetHints":{"allow":["GET"]}}],"collection":[{"href":"https:\/\/vcl.lu\/de\/wp-json\/wp\/v2\/pages"}],"about":[{"href":"https:\/\/vcl.lu\/de\/wp-json\/wp\/v2\/types\/page"}],"author":[{"embeddable":true,"href":"https:\/\/vcl.lu\/de\/wp-json\/wp\/v2\/users\/2"}],"replies":[{"embeddable":true,"href":"https:\/\/vcl.lu\/de\/wp-json\/wp\/v2\/comments?post=2098"}],"version-history":[{"count":1,"href":"https:\/\/vcl.lu\/de\/wp-json\/wp\/v2\/pages\/2098\/revisions"}],"predecessor-version":[{"id":2099,"href":"https:\/\/vcl.lu\/de\/wp-json\/wp\/v2\/pages\/2098\/revisions\/2099"}],"up":[{"embeddable":true,"href":"https:\/\/vcl.lu\/de\/wp-json\/wp\/v2\/pages\/2040"}],"wp:attachment":[{"href":"https:\/\/vcl.lu\/de\/wp-json\/wp\/v2\/media?parent=2098"}],"curies":[{"name":"wp","href":"https:\/\/api.w.org\/{rel}","templated":true}]}}