{"id":2100,"date":"2024-10-03T22:08:24","date_gmt":"2024-10-03T20:08:24","guid":{"rendered":"https:\/\/vcl.lu\/iron-steel\/drosselklappen\/"},"modified":"2025-11-06T15:24:30","modified_gmt":"2025-11-06T14:24:30","slug":"drosselklappen","status":"publish","type":"page","link":"https:\/\/vcl.lu\/de\/iron-steel\/drosselklappen\/","title":{"rendered":"DROSSELKLAPPEN"},"content":{"rendered":"\t\t<div data-elementor-type=\"wp-page\" data-elementor-id=\"2100\" class=\"elementor elementor-2100 elementor-54\">\n\t\t\t\t<div class=\"elementor-element elementor-element-11ca1bb e-flex e-con-boxed e-con e-parent\" data-id=\"11ca1bb\" data-element_type=\"container\" data-e-type=\"container\" data-settings=\"{&quot;background_background&quot;:&quot;classic&quot;}\">\n\t\t\t\t\t<div class=\"e-con-inner\">\n\t\t\t\t<div class=\"elementor-element elementor-element-3db2891 elementor-widget elementor-widget-heading\" data-id=\"3db2891\" data-element_type=\"widget\" data-e-type=\"widget\" data-widget_type=\"heading.default\">\n\t\t\t\t<div class=\"elementor-widget-container\">\n\t\t\t\t\t<h1 class=\"elementor-heading-title elementor-size-default\">DROSSELKLAPPEN<\/h1>\t\t\t\t<\/div>\n\t\t\t\t<\/div>\n\t\t\t\t\t<\/div>\n\t\t\t\t<\/div>\n\t\t<div class=\"elementor-element elementor-element-9b92ea8 e-flex e-con-boxed e-con e-parent\" data-id=\"9b92ea8\" data-element_type=\"container\" data-e-type=\"container\">\n\t\t\t\t\t<div class=\"e-con-inner\">\n\t\t<div class=\"elementor-element elementor-element-fd35a6d e-con-full e-flex e-con e-child\" data-id=\"fd35a6d\" data-element_type=\"container\" data-e-type=\"container\">\n\t\t\t\t<div class=\"elementor-element elementor-element-8e2e3bd elementor-widget elementor-widget-text-editor\" data-id=\"8e2e3bd\" data-element_type=\"widget\" data-e-type=\"widget\" data-widget_type=\"text-editor.default\">\n\t\t\t\t<div class=\"elementor-widget-container\">\n\t\t\t\t\t\t\t\t\t<h2>DROSSELKLAPPEN<\/h2>\t\t\t\t\t\t\t\t<\/div>\n\t\t\t\t<\/div>\n\t\t\t\t<\/div>\n\t\t<div class=\"elementor-element elementor-element-dc22095 e-con-full e-flex e-con e-child\" data-id=\"dc22095\" data-element_type=\"container\" data-e-type=\"container\">\n\t\t\t\t<div class=\"elementor-element elementor-element-5922dc1 elementor-widget elementor-widget-text-editor\" data-id=\"5922dc1\" data-element_type=\"widget\" data-e-type=\"widget\" data-widget_type=\"text-editor.default\">\n\t\t\t\t<div class=\"elementor-widget-container\">\n\t\t\t\t\t\t\t\t\t<p>Die VCL-Drosselklappen werden zum Absperren oder Regeln von Gasstr\u00f6men in Rohrleitungen verwendet. Sie werden in vielen Arten von Anlagen installiert und in verschiedensten Industrien eingesetzt. Z. B. in der Eisen- und Stahlindustrie, der Nichteisenindustrie, der Glasindustrie oder der Petrochemie. Aufgrund der Bauweise mit der Drehachse in der Mitte, k\u00f6nnen Drosselklappen in jeder Rohrleitungslage eingesetzt werden. Drosselklappen werden \u00fcblicherweise entweder zur Regulierung von Durchfluss und Druck oder zur Absperrung ohne Dichtheitsanforderung eingesetzt, z. B. vor einer Absperrklappe zur Minimierung des Durchflusses und Drucks w\u00e4hrend des Verfahrens der Absperrklappe (z.B. vor einem offenen Brillenschieber)    <\/p>\t\t\t\t\t\t\t\t<\/div>\n\t\t\t\t<\/div>\n\t\t\t\t<\/div>\n\t\t\t\t\t<\/div>\n\t\t\t\t<\/div>\n\t\t<div class=\"elementor-element elementor-element-20be677 e-flex e-con-boxed e-con e-parent\" data-id=\"20be677\" data-element_type=\"container\" data-e-type=\"container\" data-settings=\"{&quot;background_background&quot;:&quot;classic&quot;}\">\n\t\t\t\t\t<div class=\"e-con-inner\">\n\t\t<div class=\"elementor-element elementor-element-e424fdf e-con-full e-flex e-con e-child\" data-id=\"e424fdf\" data-element_type=\"container\" data-e-type=\"container\">\n\t\t\t\t<div class=\"elementor-element elementor-element-8d74137 elementor-widget elementor-widget-text-editor\" data-id=\"8d74137\" data-element_type=\"widget\" data-e-type=\"widget\" data-widget_type=\"text-editor.default\">\n\t\t\t\t<div class=\"elementor-widget-container\">\n\t\t\t\t\t\t\t\t\t<h3><strong>DESIGNMERKMALE<\/strong><br><strong>DROSSEKLAPPEN<\/strong><\/h3><ul><li>Schweisskonstruktion<\/li><li>Aussen liegende, hochtemperaturfeste Wellenlagerung<\/li><li>Antriebsart nach Kundenwunsch (Manuell \/ Elektr. \/ Hydr. \/ Pneum.)<\/li><li>Aussen liegende, hochtemperaturfeste Wellenlagerung<\/li><li>Druckstufe bis 6,0 bar<\/li><li>Betriebstemperaturen bis 600 \u00b0C<\/li><li>Nennweiten bis DN 3000<\/li><li>Andere Gr\u00f6\u00dfen, Betriebsbedingungen oder Ausf\u00fchrungen mit schr\u00e4g anschlagendem Klappenteller auf Anfrage<\/li><\/ul>\t\t\t\t\t\t\t\t<\/div>\n\t\t\t\t<\/div>\n\t\t\t\t<\/div>\n\t\t<div class=\"elementor-element elementor-element-5b8a333 e-con-full e-flex e-con e-child\" data-id=\"5b8a333\" data-element_type=\"container\" data-e-type=\"container\">\n\t\t\t\t<div class=\"elementor-element elementor-element-3d63b76 elementor-widget elementor-widget-text-editor\" data-id=\"3d63b76\" data-element_type=\"widget\" data-e-type=\"widget\" data-widget_type=\"text-editor.default\">\n\t\t\t\t<div class=\"elementor-widget-container\">\n\t\t\t\t\t\t\t\t\t<h3>DESIGN <br>VORTEILE<\/h3><ul><li>Drosselklappen k\u00f6nnen f\u00fcr gas- und dampfbelasteter Medien eingesetzt werden<\/li><li>\u00d6ffnen gegen jeden Differenzdruck<\/li><li>Kosteng\u00fcnstiges Absperrventil f\u00fcr Anwendungen mit geringen Dichtheitsanforderungen<\/li><\/ul>\t\t\t\t\t\t\t\t<\/div>\n\t\t\t\t<\/div>\n\t\t\t\t<\/div>\n\t\t\t\t\t<\/div>\n\t\t\t\t<\/div>\n\t\t<div class=\"elementor-element elementor-element-e0b3b56 e-flex e-con-boxed e-con e-parent\" data-id=\"e0b3b56\" data-element_type=\"container\" data-e-type=\"container\" data-settings=\"{&quot;background_background&quot;:&quot;classic&quot;}\">\n\t\t\t\t\t<div class=\"e-con-inner\">\n\t\t<div class=\"elementor-element elementor-element-c291669 e-con-full e-flex e-con e-child\" data-id=\"c291669\" data-element_type=\"container\" data-e-type=\"container\">\n\t\t\t\t<div class=\"elementor-element elementor-element-c042205 elementor-widget elementor-widget-image\" data-id=\"c042205\" data-element_type=\"widget\" data-e-type=\"widget\" data-widget_type=\"image.default\">\n\t\t\t\t<div class=\"elementor-widget-container\">\n\t\t\t\t\t\t\t\t\t\t\t\t\t\t\t<img fetchpriority=\"high\" decoding=\"async\" width=\"1024\" height=\"1017\" src=\"https:\/\/vcl.lu\/wp-content\/uploads\/2024\/10\/ISO-elektrisch-geschlossen-1024x1017.png\" class=\"attachment-large size-large wp-image-567\" alt=\"geschlossene Drosselklappe\" srcset=\"https:\/\/vcl.lu\/wp-content\/uploads\/2024\/10\/ISO-elektrisch-geschlossen-1024x1017.png 1024w, https:\/\/vcl.lu\/wp-content\/uploads\/2024\/10\/ISO-elektrisch-geschlossen-300x298.png 300w, https:\/\/vcl.lu\/wp-content\/uploads\/2024\/10\/ISO-elektrisch-geschlossen-150x150.png 150w, https:\/\/vcl.lu\/wp-content\/uploads\/2024\/10\/ISO-elektrisch-geschlossen-768x763.png 768w, https:\/\/vcl.lu\/wp-content\/uploads\/2024\/10\/ISO-elektrisch-geschlossen-1536x1525.png 1536w, https:\/\/vcl.lu\/wp-content\/uploads\/2024\/10\/ISO-elektrisch-geschlossen.png 1900w\" sizes=\"(max-width: 1024px) 100vw, 1024px\" \/>\t\t\t\t\t\t\t\t\t\t\t\t\t\t\t<\/div>\n\t\t\t\t<\/div>\n\t\t\t\t<div class=\"elementor-element elementor-element-8647f9d elementor-widget elementor-widget-text-editor\" data-id=\"8647f9d\" data-element_type=\"widget\" data-e-type=\"widget\" data-widget_type=\"text-editor.default\">\n\t\t\t\t<div class=\"elementor-widget-container\">\n\t\t\t\t\t\t\t\t\t<p class=\"p1\">Drosselklappe (durchschlagend) in Geschlossen-Stellung mit elektrischem Antrieb<\/p>\t\t\t\t\t\t\t\t<\/div>\n\t\t\t\t<\/div>\n\t\t\t\t<\/div>\n\t\t<div class=\"elementor-element elementor-element-7a6ca6b e-con-full e-flex e-con e-child\" data-id=\"7a6ca6b\" data-element_type=\"container\" data-e-type=\"container\">\n\t\t\t\t<div class=\"elementor-element elementor-element-6f4d91e elementor-widget elementor-widget-image\" data-id=\"6f4d91e\" data-element_type=\"widget\" data-e-type=\"widget\" data-widget_type=\"image.default\">\n\t\t\t\t<div class=\"elementor-widget-container\">\n\t\t\t\t\t\t\t\t\t\t\t\t\t\t\t<img decoding=\"async\" width=\"1024\" height=\"897\" src=\"https:\/\/vcl.lu\/wp-content\/uploads\/2024\/10\/ISO-hydraulisch-offen-1024x897.png\" class=\"attachment-large size-large wp-image-568\" alt=\"DROSSELKLAPPE HYDRAULISCH OFFEN\" srcset=\"https:\/\/vcl.lu\/wp-content\/uploads\/2024\/10\/ISO-hydraulisch-offen-1024x897.png 1024w, https:\/\/vcl.lu\/wp-content\/uploads\/2024\/10\/ISO-hydraulisch-offen-300x263.png 300w, https:\/\/vcl.lu\/wp-content\/uploads\/2024\/10\/ISO-hydraulisch-offen-768x673.png 768w, https:\/\/vcl.lu\/wp-content\/uploads\/2024\/10\/ISO-hydraulisch-offen-1536x1345.png 1536w, https:\/\/vcl.lu\/wp-content\/uploads\/2024\/10\/ISO-hydraulisch-offen.png 1900w\" sizes=\"(max-width: 1024px) 100vw, 1024px\" \/>\t\t\t\t\t\t\t\t\t\t\t\t\t\t\t<\/div>\n\t\t\t\t<\/div>\n\t\t\t\t<div class=\"elementor-element elementor-element-812eefe elementor-widget elementor-widget-text-editor\" data-id=\"812eefe\" data-element_type=\"widget\" data-e-type=\"widget\" data-widget_type=\"text-editor.default\">\n\t\t\t\t<div class=\"elementor-widget-container\">\n\t\t\t\t\t\t\t\t\t<p class=\"p1\">Drosselklappe (anschlagend) in Offen-Stellung mit hydraulischem Antrieb<\/p>\t\t\t\t\t\t\t\t<\/div>\n\t\t\t\t<\/div>\n\t\t\t\t<\/div>\n\t\t\t\t\t<\/div>\n\t\t\t\t<\/div>\n\t\t<div class=\"elementor-element elementor-element-cf9cf17 e-flex e-con-boxed e-con e-parent\" data-id=\"cf9cf17\" data-element_type=\"container\" data-e-type=\"container\">\n\t\t\t\t\t<div class=\"e-con-inner\">\n\t\t\t\t<div class=\"elementor-element elementor-element-8d34803 elementor-widget elementor-widget-stratum-image-hotspot\" data-id=\"8d34803\" data-element_type=\"widget\" data-e-type=\"widget\" data-widget_type=\"stratum-image-hotspot.default\">\n\t\t\t\t<div class=\"elementor-widget-container\">\n\t\t\t\t\t<div class=\"stratum-image-hotspot\">\n    <div class=\"stratum-image-hotspot__wrapper\">\n        <div class=\"stratum-image-hotspot__image\">\n\t\t\t<img decoding=\"async\" width=\"1900\" height=\"344\" src=\"https:\/\/vcl.lu\/wp-content\/uploads\/2024\/10\/Schnitt-geschlossen.png\" class=\"attachment-full size-full wp-image-16\" alt=\"Detail 2 Butterfly Valves\" srcset=\"https:\/\/vcl.lu\/wp-content\/uploads\/2024\/10\/Schnitt-geschlossen.png 1900w, https:\/\/vcl.lu\/wp-content\/uploads\/2024\/10\/Schnitt-geschlossen-300x54.png 300w, https:\/\/vcl.lu\/wp-content\/uploads\/2024\/10\/Schnitt-geschlossen-1024x185.png 1024w, https:\/\/vcl.lu\/wp-content\/uploads\/2024\/10\/Schnitt-geschlossen-768x139.png 768w, https:\/\/vcl.lu\/wp-content\/uploads\/2024\/10\/Schnitt-geschlossen-1536x278.png 1536w\" sizes=\"(max-width: 1900px) 100vw, 1900px\" \/>        <\/div>\n\t\t<div class=\"stratum-image-hotspot__dot has-animation-pulse elementor-repeater-item-8e8a9a0\"><div class=\"stratum-image-hotspot__dot-wrapper\" data-options=\"{&quot;open&quot;:false,&quot;tooltipArrow&quot;:true,&quot;placement&quot;:&quot;top&quot;,&quot;tooltipTheme&quot;:&quot;light&quot;,&quot;tooltipAnimation&quot;:&quot;fade&quot;,&quot;tooltipTrigger&quot;:&quot;hover&quot;,&quot;tooltipContent&quot;:&quot;&quot;,&quot;tooltipTitle&quot;:&quot;Lager&quot;}\"><div class=\"stratum-image-hotspot__dot-content\"><i class=\"stratum-image-hotspot__dot-icon fa fa-question-circle\"><\/i><\/div><\/div><\/div><div class=\"stratum-image-hotspot__dot has-animation-pulse elementor-repeater-item-81f3c52\"><div class=\"stratum-image-hotspot__dot-wrapper\" data-options=\"{&quot;open&quot;:false,&quot;tooltipArrow&quot;:true,&quot;placement&quot;:&quot;top&quot;,&quot;tooltipTheme&quot;:&quot;light&quot;,&quot;tooltipAnimation&quot;:&quot;fade&quot;,&quot;tooltipTrigger&quot;:&quot;hover&quot;,&quot;tooltipContent&quot;:&quot;&quot;,&quot;tooltipTitle&quot;:&quot;Stopfbuchse&quot;}\"><div class=\"stratum-image-hotspot__dot-content\"><i class=\"stratum-image-hotspot__dot-icon fa fa-question-circle\"><\/i><\/div><\/div><\/div><div class=\"stratum-image-hotspot__dot has-animation-pulse elementor-repeater-item-c31a279\"><div class=\"stratum-image-hotspot__dot-wrapper\" data-options=\"{&quot;open&quot;:false,&quot;tooltipArrow&quot;:true,&quot;placement&quot;:&quot;top&quot;,&quot;tooltipTheme&quot;:&quot;light&quot;,&quot;tooltipAnimation&quot;:&quot;fade&quot;,&quot;tooltipTrigger&quot;:&quot;hover&quot;,&quot;tooltipContent&quot;:&quot;&quot;,&quot;tooltipTitle&quot;:&quot;Welle&quot;}\"><div class=\"stratum-image-hotspot__dot-content\"><i class=\"stratum-image-hotspot__dot-icon fa fa-question-circle\"><\/i><\/div><\/div><\/div><div class=\"stratum-image-hotspot__dot has-animation-pulse elementor-repeater-item-1a80c0d\"><div class=\"stratum-image-hotspot__dot-wrapper\" data-options=\"{&quot;open&quot;:false,&quot;tooltipArrow&quot;:true,&quot;placement&quot;:&quot;top&quot;,&quot;tooltipTheme&quot;:&quot;light&quot;,&quot;tooltipAnimation&quot;:&quot;fade&quot;,&quot;tooltipTrigger&quot;:&quot;hover&quot;,&quot;tooltipContent&quot;:&quot;&quot;,&quot;tooltipTitle&quot;:&quot;Klappenscheibe&quot;}\"><div class=\"stratum-image-hotspot__dot-content\"><i class=\"stratum-image-hotspot__dot-icon fa fa-question-circle\"><\/i><\/div><\/div><\/div><div class=\"stratum-image-hotspot__dot has-animation-pulse elementor-repeater-item-fc6918d\"><div class=\"stratum-image-hotspot__dot-wrapper\" data-options=\"{&quot;open&quot;:false,&quot;tooltipArrow&quot;:true,&quot;placement&quot;:&quot;top&quot;,&quot;tooltipTheme&quot;:&quot;light&quot;,&quot;tooltipAnimation&quot;:&quot;fade&quot;,&quot;tooltipTrigger&quot;:&quot;hover&quot;,&quot;tooltipContent&quot;:&quot;&quot;,&quot;tooltipTitle&quot;:&quot;Geh\\u00e4use&quot;}\"><div class=\"stratum-image-hotspot__dot-content\"><i class=\"stratum-image-hotspot__dot-icon fa fa-question-circle\"><\/i><\/div><\/div><\/div><div class=\"stratum-image-hotspot__dot has-animation-pulse elementor-repeater-item-7416cd1\"><div class=\"stratum-image-hotspot__dot-wrapper\" data-options=\"{&quot;open&quot;:false,&quot;tooltipArrow&quot;:true,&quot;placement&quot;:&quot;top&quot;,&quot;tooltipTheme&quot;:&quot;light&quot;,&quot;tooltipAnimation&quot;:&quot;fade&quot;,&quot;tooltipTrigger&quot;:&quot;hover&quot;,&quot;tooltipContent&quot;:&quot;&quot;,&quot;tooltipTitle&quot;:&quot;Antriebskonsole&quot;}\"><div class=\"stratum-image-hotspot__dot-content\"><i class=\"stratum-image-hotspot__dot-icon fa fa-question-circle\"><\/i><\/div><\/div><\/div><div class=\"stratum-image-hotspot__dot has-animation-pulse elementor-repeater-item-9e77ebe\"><div class=\"stratum-image-hotspot__dot-wrapper\" data-options=\"{&quot;open&quot;:false,&quot;tooltipArrow&quot;:true,&quot;placement&quot;:&quot;top&quot;,&quot;tooltipTheme&quot;:&quot;light&quot;,&quot;tooltipAnimation&quot;:&quot;fade&quot;,&quot;tooltipTrigger&quot;:&quot;hover&quot;,&quot;tooltipContent&quot;:&quot;&quot;,&quot;tooltipTitle&quot;:&quot;Antriebswelle&quot;}\"><div class=\"stratum-image-hotspot__dot-content\"><i class=\"stratum-image-hotspot__dot-icon fa fa-question-circle\"><\/i><\/div><\/div><\/div><div class=\"stratum-image-hotspot__dot has-animation-pulse elementor-repeater-item-22c3ae8\"><div class=\"stratum-image-hotspot__dot-wrapper\" data-options=\"{&quot;open&quot;:false,&quot;tooltipArrow&quot;:true,&quot;placement&quot;:&quot;top&quot;,&quot;tooltipTheme&quot;:&quot;light&quot;,&quot;tooltipAnimation&quot;:&quot;fade&quot;,&quot;tooltipTrigger&quot;:&quot;hover&quot;,&quot;tooltipContent&quot;:&quot;&quot;,&quot;tooltipTitle&quot;:&quot;Lager&quot;}\"><div class=\"stratum-image-hotspot__dot-content\"><i class=\"stratum-image-hotspot__dot-icon fa fa-question-circle\"><\/i><\/div><\/div><\/div><div class=\"stratum-image-hotspot__dot has-animation-pulse elementor-repeater-item-1984a15\"><div class=\"stratum-image-hotspot__dot-wrapper\" data-options=\"{&quot;open&quot;:false,&quot;tooltipArrow&quot;:true,&quot;placement&quot;:&quot;top&quot;,&quot;tooltipTheme&quot;:&quot;light&quot;,&quot;tooltipAnimation&quot;:&quot;fade&quot;,&quot;tooltipTrigger&quot;:&quot;hover&quot;,&quot;tooltipContent&quot;:&quot;&quot;,&quot;tooltipTitle&quot;:&quot;Stopfbuchse&quot;}\"><div class=\"stratum-image-hotspot__dot-content\"><i class=\"stratum-image-hotspot__dot-icon fa fa-question-circle\"><\/i><\/div><\/div><\/div>    <\/div>\n<\/div>\n\t\t\t\t<\/div>\n\t\t\t\t<\/div>\n\t\t\t\t\t<\/div>\n\t\t\t\t<\/div>\n\t\t<div class=\"elementor-element elementor-element-28042ec e-flex e-con-boxed e-con e-parent\" data-id=\"28042ec\" data-element_type=\"container\" data-e-type=\"container\">\n\t\t\t\t\t<div class=\"e-con-inner\">\n\t\t\t\t<div class=\"elementor-element elementor-element-24423c8 elementor-widget elementor-widget-heading\" data-id=\"24423c8\" data-element_type=\"widget\" data-e-type=\"widget\" data-widget_type=\"heading.default\">\n\t\t\t\t<div class=\"elementor-widget-container\">\n\t\t\t\t\t<h2 class=\"elementor-heading-title elementor-size-default\">AUSF\u00dcHRUNGEN<\/h2>\t\t\t\t<\/div>\n\t\t\t\t<\/div>\n\t\t\t\t\t<\/div>\n\t\t\t\t<\/div>\n\t\t<div class=\"elementor-element elementor-element-c07adcc e-flex e-con-boxed e-con e-parent\" data-id=\"c07adcc\" data-element_type=\"container\" data-e-type=\"container\">\n\t\t\t\t\t<div class=\"e-con-inner\">\n\t\t<div class=\"elementor-element elementor-element-5136f97 e-con-full e-flex e-con e-child\" data-id=\"5136f97\" data-element_type=\"container\" data-e-type=\"container\">\n\t\t\t\t<div class=\"elementor-element elementor-element-3c76797 elementor-widget elementor-widget-image\" data-id=\"3c76797\" data-element_type=\"widget\" data-e-type=\"widget\" data-widget_type=\"image.default\">\n\t\t\t\t<div class=\"elementor-widget-container\">\n\t\t\t\t\t\t\t\t\t\t\t\t\t\t\t<img loading=\"lazy\" decoding=\"async\" width=\"1024\" height=\"614\" src=\"https:\/\/vcl.lu\/wp-content\/uploads\/2024\/10\/DRK-e1727987772397-1024x614.png\" class=\"attachment-large size-large wp-image-566\" alt=\"Butterfly Valves Detail 3\" \/>\t\t\t\t\t\t\t\t\t\t\t\t\t\t\t<\/div>\n\t\t\t\t<\/div>\n\t\t\t\t<\/div>\n\t\t<div class=\"elementor-element elementor-element-156b6b0 e-con-full e-flex e-con e-child\" data-id=\"156b6b0\" data-element_type=\"container\" data-e-type=\"container\">\n\t\t\t\t<div class=\"elementor-element elementor-element-40d1b4c elementor-widget elementor-widget-heading\" data-id=\"40d1b4c\" data-element_type=\"widget\" data-e-type=\"widget\" data-widget_type=\"heading.default\">\n\t\t\t\t<div class=\"elementor-widget-container\">\n\t\t\t\t\t<h4 class=\"elementor-heading-title elementor-size-default\">DURCHSCHLAGENDE KLAPPENSCHEIBE<\/h4>\t\t\t\t<\/div>\n\t\t\t\t<\/div>\n\t\t\t\t<\/div>\n\t\t<div class=\"elementor-element elementor-element-3c9c92f e-con-full e-flex e-con e-child\" data-id=\"3c9c92f\" data-element_type=\"container\" data-e-type=\"container\">\n\t\t\t\t<div class=\"elementor-element elementor-element-8e7e600 elementor-widget elementor-widget-image\" data-id=\"8e7e600\" data-element_type=\"widget\" data-e-type=\"widget\" data-widget_type=\"image.default\">\n\t\t\t\t<div class=\"elementor-widget-container\">\n\t\t\t\t\t\t\t\t\t\t\t\t\t\t\t<img loading=\"lazy\" decoding=\"async\" width=\"1024\" height=\"741\" src=\"https:\/\/vcl.lu\/wp-content\/uploads\/2024\/10\/Teller-anschlagend-1-e1727987733965-1024x741.png\" class=\"attachment-large size-large wp-image-570\" alt=\"Detailbild Drosselklappen\" srcset=\"https:\/\/vcl.lu\/wp-content\/uploads\/2024\/10\/Teller-anschlagend-1-e1727987733965-1024x741.png 1024w, https:\/\/vcl.lu\/wp-content\/uploads\/2024\/10\/Teller-anschlagend-1-e1727987733965-300x217.png 300w, https:\/\/vcl.lu\/wp-content\/uploads\/2024\/10\/Teller-anschlagend-1-e1727987733965-768x556.png 768w, https:\/\/vcl.lu\/wp-content\/uploads\/2024\/10\/Teller-anschlagend-1-e1727987733965.png 1500w\" sizes=\"(max-width: 1024px) 100vw, 1024px\" \/>\t\t\t\t\t\t\t\t\t\t\t\t\t\t\t<\/div>\n\t\t\t\t<\/div>\n\t\t\t\t<\/div>\n\t\t<div class=\"elementor-element elementor-element-73d758b e-con-full e-flex e-con e-child\" data-id=\"73d758b\" data-element_type=\"container\" data-e-type=\"container\">\n\t\t\t\t<div class=\"elementor-element elementor-element-1161155 elementor-widget elementor-widget-heading\" data-id=\"1161155\" data-element_type=\"widget\" data-e-type=\"widget\" data-widget_type=\"heading.default\">\n\t\t\t\t<div class=\"elementor-widget-container\">\n\t\t\t\t\t<h4 class=\"elementor-heading-title elementor-size-default\">ANSCHLAGENDE KLAPPENSCHEIBE<\/h4>\t\t\t\t<\/div>\n\t\t\t\t<\/div>\n\t\t\t\t<\/div>\n\t\t\t\t\t<\/div>\n\t\t\t\t<\/div>\n\t\t\t\t<\/div>\n\t\t","protected":false},"excerpt":{"rendered":"<p>DROSSELKLAPPEN DROSSELKLAPPEN Die VCL-Drosselklappen werden zum Absperren oder Regeln von Gasstr\u00f6men in Rohrleitungen verwendet. Sie werden in vielen Arten von Anlagen installiert und in verschiedensten Industrien eingesetzt. Z. B. in der Eisen- und Stahlindustrie, der Nichteisenindustrie, der Glasindustrie oder der Petrochemie. Aufgrund der Bauweise mit der Drehachse in der Mitte, k\u00f6nnen Drosselklappen in jeder Rohrleitungslage&hellip;&nbsp;<a href=\"https:\/\/vcl.lu\/de\/iron-steel\/drosselklappen\/\" rel=\"bookmark\"><span class=\"screen-reader-text\">DROSSELKLAPPEN<\/span><\/a><\/p>\n","protected":false},"author":2,"featured_media":0,"parent":2040,"menu_order":0,"comment_status":"closed","ping_status":"closed","template":"page-templates\/template-pagebuilder-full-width.php","meta":{"inline_featured_image":false,"neve_meta_sidebar":"","neve_meta_container":"","neve_meta_enable_content_width":"","neve_meta_content_width":0,"neve_meta_title_alignment":"","neve_meta_author_avatar":"","neve_post_elements_order":"","neve_meta_disable_header":"","neve_meta_disable_footer":"","neve_meta_disable_title":"","footnotes":""},"class_list":["post-2100","page","type-page","status-publish","hentry"],"_links":{"self":[{"href":"https:\/\/vcl.lu\/de\/wp-json\/wp\/v2\/pages\/2100","targetHints":{"allow":["GET"]}}],"collection":[{"href":"https:\/\/vcl.lu\/de\/wp-json\/wp\/v2\/pages"}],"about":[{"href":"https:\/\/vcl.lu\/de\/wp-json\/wp\/v2\/types\/page"}],"author":[{"embeddable":true,"href":"https:\/\/vcl.lu\/de\/wp-json\/wp\/v2\/users\/2"}],"replies":[{"embeddable":true,"href":"https:\/\/vcl.lu\/de\/wp-json\/wp\/v2\/comments?post=2100"}],"version-history":[{"count":1,"href":"https:\/\/vcl.lu\/de\/wp-json\/wp\/v2\/pages\/2100\/revisions"}],"predecessor-version":[{"id":2101,"href":"https:\/\/vcl.lu\/de\/wp-json\/wp\/v2\/pages\/2100\/revisions\/2101"}],"up":[{"embeddable":true,"href":"https:\/\/vcl.lu\/de\/wp-json\/wp\/v2\/pages\/2040"}],"wp:attachment":[{"href":"https:\/\/vcl.lu\/de\/wp-json\/wp\/v2\/media?parent=2100"}],"curies":[{"name":"wp","href":"https:\/\/api.w.org\/{rel}","templated":true}]}}