{"id":2121,"date":"2024-06-18T11:48:48","date_gmt":"2024-06-18T09:48:48","guid":{"rendered":"https:\/\/vcl.lu\/datenschutzerklaerung\/"},"modified":"2025-07-23T11:15:38","modified_gmt":"2025-07-23T09:15:38","slug":"datenschutzerklaerung","status":"publish","type":"page","link":"https:\/\/vcl.lu\/de\/datenschutzerklaerung\/","title":{"rendered":"Datenschutzerkl\u00e4rung"},"content":{"rendered":"\t\t<div data-elementor-type=\"wp-page\" data-elementor-id=\"2121\" class=\"elementor elementor-2121 elementor-3\">\n\t\t\t\t<div class=\"elementor-element elementor-element-560741d4 e-flex e-con-boxed e-con e-parent\" data-id=\"560741d4\" data-element_type=\"container\" data-e-type=\"container\">\n\t\t\t\t\t<div class=\"e-con-inner\">\n\t\t\t\t<div class=\"elementor-element elementor-element-14f41261 elementor-widget elementor-widget-text-editor\" data-id=\"14f41261\" data-element_type=\"widget\" data-e-type=\"widget\" data-widget_type=\"text-editor.default\">\n\t\t\t\t<div class=\"elementor-widget-container\">\n\t\t\t\t\t\t\t\t\t\n<h4>Allgemeiner Hinweis<\/h4>\n<p>Herzlich Willkommen auf der Internetseite von VCL Valve Competence Luxembourg S.A.. Wir freuen uns \u00fcber Ihren Besuch. <\/p>\n<p>Die Nutzung unserer Internetseite (Website) ist in der Regel ohne eine Angabe von personenbezogenen Daten m\u00f6glich. <br>Bei der Nutzung einzelner Serviceangebote auf unserer Internetseite (Website) k\u00f6nnen sich f\u00fcr die Nutzung abweichende Regelungen ergeben, die wir Ihnen nachfolgend gesondert erl\u00e4utern m\u00f6chten. <br>Personenbezogene Daten sind alle Informationen, die direkt oder indirekt einer bestimmten nat\u00fcrlichen Person zugeordnet werden k\u00f6nnen (z. B. Name, Anschrift, E-Mailadresse, besondere Merkmale etc\u2026). <br>Die rechtlichen Grundlagen und weitere Informationen zum Datenschutz sind im luxemburgischen Gesetz vom 1. August 2018, dem Gesetz vom 5. Mai 2005 sowie in der Datenschutz-Grundverordnung (EU) 2016\/679 (DSGVO) zu finden. <br>Ihre Personenbezogenen Daten werden von uns nur gem\u00e4\u00df den Bestimmungen des luxemburgischen<br>und europ\u00e4ischen Datenschutzes verarbeitet. Die Speicherung personenbezogener Daten erfolgt nur, soweit dies zur Erbringung einer Leistung, f\u00fcr die Bereitstellung der Internetseite, zur Einhaltung gesetzlicher Vorgaben oder zu einem der angegebenen Zwecke erforderlich ist. <\/p>\n<p> <\/p>\n<p>Die nachstehenden Ausf\u00fchrungen informieren Sie \u00fcber die Art, den Umfang und den Zweck, sowie<br>\u00fcber die Nutzung und Verarbeitung personenbezogener Daten durch den Anbieter\/Verantwortlichen.<br><br><\/p>\n<p><strong>Verantwortlicher (Art. 4 Nr. 7 DS-GVO)<\/strong><\/p>\n<p><strong>VCL Valve Competence Luxembourg S.A.<br><\/strong><strong>Industrial zone &#8220;Am Potaschberg&#8221;<br><\/strong><strong>19, op der Ahlkerrech<br>L-6776 Grevenmacher<\/strong><\/p>\n<p><strong>E-mail: info@vcl.lu<\/strong><\/p>\n<p><strong> <\/strong><\/p>\n<p><strong> <\/strong><\/p>\n<h2><strong>1.0 Bereitstellung der Website\/Server-Logfiles<\/strong><\/h2>\n<p>In der Regel ist die Nutzung unserer Website ohne die Angabe von personenbezogenen Daten m\u00f6glich. Jedoch werden bei dem Besuch unserer Website gewisse anonymisierte Daten automatisch gespeichert, die zur Bereitstellung der Website n\u00f6tig sind. Diese Daten sind keine personenbezogenen Daten und fallen nicht unter die gesetzlichen Regelungen der DSGVO oder dem luxemburgischen Datenschutzgesetz. Bei den Daten handelt es sich um sogenannte Server-Logfiles, die Ihr Internet-Browser an uns bzw. an unseren Webspace-Provider \u00fcbermittelt, dort erfasst und gespeichert werden.   <\/p>\n<ul>\n<li>Ihr Browsertyp und-version<\/li>\n<li>das verwendete Betriebssystem des Nutzers<\/li>\n<li>Ihr Internet-Protokolladresse (IP-Adresse)<\/li>\n<li>Datum und Uhrzeit<\/li>\n<li>Websites, von der Sie uns besuchen (Referrer URL)<\/li>\n<li>Websites und Content (Bilder, Dateien etc\u2026) die auf unserer<br>Website aufgerufen werden<\/li>\n<\/ul>\n<p>Diese Daten werden getrennt von Ihren personenbezogenen Daten gespeichert, sofern Sie diese angegeben haben. So wird gew\u00e4hrleistet, dass keine Identifizierung einer bestimmten Person erfolgen kann. <\/p>\n<p> <\/p>\n<p> <\/p>\n<h3><strong>1.1 Zweck der Verarbeitung personenbezogener Daten<\/strong><\/h3>\n<p>Die vor\u00fcbergehende Speicherung der IP-Adresse ist notwendig, um eine Auslieferung der Website an den Nutzer zu erm\u00f6glichen. <\/p>\n<p>Die IP-Adresse wird f\u00fcr die Dauer der Sitzung gespeichert.<br>Weiterhin werden Logfiles gespeichert, um die Funktionsf\u00e4higkeit der Website zu gew\u00e4hrleisten, sowie um Missbrauch und St\u00f6rungen zu beseitigen.  <br>Zudem dienen die Daten zur Optimierung und zur Sicherstellung der Sicherheit unserer informationstechnischen Systeme.<\/p>\n<p>Eine Auswertung der Daten zu Marketingzwecken erfolgt in diesem Zusammenhang nicht.<\/p>\n<p>Art. 6 Abs. lit. f DSGVO.  <\/p>\n<p> <\/p>\n<h3>1.2 Dauer der Speicherung\/L\u00f6schung<\/h3>\n<p>Die L\u00f6schung der im Punkt \u201eBereitstellung der Website\/Server-Logfiles\u201c genannten Daten erfolgt, sobald der Zweck f\u00fcr die Speicherung entf\u00e4llt. Sp\u00e4testens jedoch nach Ablauf von 3 Monaten nach dem Aufruf unserer Website. <br><br><\/p>\n<h2><strong>2.0 Kontaktm\u00f6glichkeit (E-Mail, Kontaktformular)<\/strong><\/h2>\n<p>Auf unserer Website haben Sie die M\u00f6glichkeit, uns per E-Mail und\/oder \u00fcber ein Kontaktformular Nachrichten zu \u00fcbermitteln. F\u00fcr eine Kontaktaufnahme sind folgende Pflichtangaben erforderlich. <\/p>\n<ul>\n<li>Vorname und Name<\/li>\n<li>Anschrift<\/li>\n<li>Telefonnummer<\/li>\n<\/ul>\n<p> <\/p>\n<h3>2.1 Folgen Verweigerung der Pflichtangaben<\/h3>\n<p>Der Interessent muss uns in die M\u00f6glichkeit versetzen, ihn auch \u00fcber andere Merkmale als die E-Mailadresse identifizieren zu k\u00f6nnen. Sollten die f\u00fcr uns wichtigen Pflichtangaben verweigert werden, k\u00f6nnen wir keine Angebote erstellen. <\/p>\n<p><strong> <\/strong><\/p>\n<h2><strong>3.0 Zweck der Datenverarbeitung<\/strong><\/h2>\n<h3>3.1 Kontaktformular\/E-Mail<\/h3>\n<p>Zum Zwecke der Bearbeitung der Kontaktaufnahme werden die vom Nutzer freiwillig<br>gemachten Angaben gespeichert. Die Speicherung der Daten erfolgt auf der Rechtsgrundlage<br>nach Art. 6. Abs. 1 lit. a DSGVO.   <\/p>\n<p> <\/p>\n<h3>3.2 Vertragserf\u00fcllung\/Durchf\u00fchrung vorvertraglicher Ma\u00dfnahmen<\/h3>\n<p>Sobald mit uns Rechtsgesch\u00e4ft zustande gekommen ist oder uns eine Angebotsanfrage vorliegt, wird die Verarbeitung zur Erf\u00fcllung eines Vertrages oder zur Durchf\u00fchrung vorvertraglicher Ma\u00dfnahmen erforderlich. Die Verarbeitung der Daten erfolgt auf der Rechtsgrundlage nach Art. 6 Abs. 1 lit. b DSGVO.   <\/p>\n<p> <\/p>\n<h3>3.3 Rechtliche Verpflichtungen<\/h3>\n<p>Sobald mit uns ein Rechtsgesch\u00e4ft zustande gekommen ist, ist zur Erf\u00fcllung rechtlicher Verpflichtungen die Verarbeitung erforderlich. Die Verarbeitung der Daten erfolgt auf der Rechtsgrundlage nach Art. 6 Abs. 1 c DSGVO.  <\/p>\n<p><strong> <\/strong><\/p>\n<h2><strong>4.0 Dauer der Speicherung\/L\u00f6schung<\/strong><\/h2>\n<p>4.1 Die unter Punkt 3.1 Kontaktm\u00f6glichkeit erhobenen Daten werden gel\u00f6scht, sobald der Zweck f\u00fcr die Speicherung entf\u00e4llt.<\/p>\n<p>4.2 Die unter Punkt 3.2 Vertragserf\u00fcllung\/Durchf\u00fchrung vorvertraglicher Ma\u00dfnahmen zu verarbeitenden Daten werden nach 10 Jahren gel\u00f6scht.<\/p>\n<p>4.3 Die unter Punkt 3.3 Rechtliche Verpflichtung verarbeitenden Daten werden nach 10 Jahren gel\u00f6scht.<\/p>\n<p> <\/p>\n<h2><strong>5.0 Datensicherheit und Datenschutz, Kommunikation per E-Mail<\/strong><\/h2>\n<p>Ihre personenbezogenen Daten werden durch technische und organisatorische Ma\u00dfnahmen so bei der Erhebung, Speicherung und Verarbeitung gesch\u00fctzt, dass sie f\u00fcr Dritte nicht zug\u00e4nglich sind. Bei einer unverschl\u00fcsselten Kommunikation per E-Mail kann die vollst\u00e4ndige Datensicherheit auf dem \u00dcbertragungsweg zu unseren IT-Systemen von uns nicht gew\u00e4hrleistet werden, so dass wir bei Informationen mit hohem Geheimhaltungsbed\u00fcrfnissen eine verschl\u00fcsselte Kommunikation oder den Postweg empfehlen. <\/p>\n<p><strong> <\/strong><\/p>\n<h2><strong>6.0 Besondere Nutzungsformen<\/strong><\/h2>\n<h3>6.1 Unsere Auftritte in sozialen Netzwerken<\/h3>\n<p><strong> <\/strong><\/p>\n<p>(1) Wir haben verschiedene Auftritte in sog. Social-Media-Plattformen. Die Auftritte betreiben wir bei folgenden Anbietern: <\/p>\n<table>\n<tbody>\n<tr>\n<td width=\"202\">\n<p>Name, Firmierung, Adresse<\/p>\n<\/td>\n<td width=\"202\">\n<p>URL<\/p>\n<\/td>\n<td width=\"202\">\n<p>LINK Datenschutz<\/p>\n<\/td>\n<\/tr>\n<tr>\n<td width=\"202\">\n<p>Facebook<\/p>\n<p>Meta Platforms Irleand<\/p>\n<p>Merrion Road, Dublin 4<\/p>\n<p>D04 X2K5, Ireland<\/p>\n<\/td>\n<td width=\"202\">\n<p><a href=\"https:\/\/facebook.com\" target=\"_blank\" rel=\"noopener\">https:\/\/facebook.com<\/a><\/p>\n<\/td>\n<td width=\"202\">\n<p><a href=\"https:\/\/www.facebook.com\/privacy\/policy\/?entry_point=facebook_page_footer\" target=\"_blank\" rel=\"noopener\">Meta-Datenschutzrichtlinie \u2013 So erfasst und verwendet Meta Nutzerdaten | Privacy Center | Verwalte deine Privatsph\u00e4re auf Facebook, auf Instagram und im Messenger | Facebook Privacy<\/a><\/p>\n<\/td>\n<\/tr>\n<tr>\n<td width=\"202\">\n<p>LinkedInIreland Unlimited Company<br>Wilton Place,<br>Grand Canal Dock,<br>Dublin 2, Ireland<\/p>\n<\/td>\n<td width=\"202\">\n<p>https:\/\/linkedin.com<\/p>\n<\/td>\n<td width=\"202\">\n<p><a href=\"https:\/\/privacy.linkedin.com\/de-de\" target=\"_blank\" rel=\"noopener\">https:\/\/privacy.linkedin.com\/de-de<\/a><\/p>\n<\/td>\n<\/tr>\n<tr>\n<td width=\"202\"> <\/td>\n<td width=\"202\"> <\/td>\n<td width=\"202\"> <\/td>\n<\/tr>\n<\/tbody>\n<\/table>\n<p> <\/p>\n<p>(2) Wir greifen f\u00fcr diese Informationsdienste auf die technische Plattform und die Dienste der Anbieter zur\u00fcck. Wir weisen Sie darauf hin, dass Sie unsere Auftritte bei Social-Media-Plattformen und ihre Funktionen in eigener Verantwortung nutzen. Dies gilt insbesondere f\u00fcr die Nutzung der interaktiven Funktionen (zB Kommentieren, Teilen, Bewerten). Beim Besuch unserer Auftritte erfassen die Anbieter der Social-Media-Plattformen ua Ihre IP-Adresse sowie weitere Informationen, die in Form von Cookies auf Ihrem Endger\u00e4t vorhanden sind. Diese Informationen werden verwendet, um uns als Betreiber der Accounts statistische Informationen \u00fcber die Interaktion mit uns zur Verf\u00fcgung zu stellen.    <\/p>\n<p>(3) Die in diesem Zusammenhang \u00fcber Sie erhobenen Daten werden von den Plattformen verarbeitet und dabei ggf. in L\u00e4nder au\u00dferhalb der Europ\u00e4ischen Union, insbesondere die USA, \u00fcbertragen. Alle der vorgenannten Anbieter halten laut eigenen Angaben ein angemessenes Datenschutzniveau ein, das dem des fr\u00fcheren EU-US Privacy Shield entspricht und wir haben die Standarddatenschutzklauseln mit den Unternehmen geschlossen (mit Ausnahme von Xing, da dieser Anbieter seinen Sitz innerhalb der EU hat). Uns ist nicht bekannt, in welcher Weise die Social-Media-Plattformen die Daten aus Ihrem Besuch unseres Accounts und Interaktion mit unseren Beitr\u00e4gen f\u00fcr eigene Zwecke verwenden, wie lange diese Daten gespeichert werden und ob Daten an Dritte weitergegeben werden. Die Datenverarbeitung kann sich danach unterscheiden, ob Sie bei dem sozialen Netzwerk registriert und angemeldet sind oder als nicht-registrierter und\/oder nicht-angemeldeter Nutzer die Seite besuchen. Beim Zugriff auf einen Beitrag oder den Account wird die Ihrem Endger\u00e4t zugeteilte IP-Adresse an den Anbieter der Social-Media-Plattform \u00fcbermittelt. Wenn Sie als Nutzerin oder Nutzer aktuell angemeldet sind, kann \u00fcber ein Cookie auf Ihrem Endger\u00e4t nachvollzogen werden, wie Sie sich im Netz bewegt haben. \u00dcber in Webseiten eingebundene Buttons ist es den Plattformen m\u00f6glich, Ihre Besuche auf diesen Webseiten Seiten zu erfassen und Ihrem jeweiligen Profil zuzuordnen. Anhand dieser Daten k\u00f6nnen Inhalte oder Werbung auf Sie zugeschnitten angeboten werden. Wenn Sie dies vermeiden m\u00f6chten, sollten Sie sich abmelden bzw. die Funktion \u201eangemeldet bleiben\u201c deaktivieren, die auf Ihrem Ger\u00e4t vorhandenen Cookies l\u00f6schen und Ihren Browser neu starten.        <\/p>\n<p>(4) Wir als Anbieter des Informationsdienstes verarbeiten dar\u00fcber hinaus nur die Daten aus Ihrer Nutzung unseres Dienstes, die Sie uns bereitstellen und eine Interaktion erfordern. Wenn Sie bspw. eine Frage stellen, die wir nur per E-Mail beantworten k\u00f6nnen, werden wir Ihre Informationen entsprechend der allgemeinen Grunds\u00e4tze unserer Datenverarbeitung speichern, die wir in dieser Datenschutzerkl\u00e4rung beschreiben. Rechtsgrundlage f\u00fcr die Verarbeitung Ihrer Daten auf der Social-Media-Plattform ist Art. <a href=\"https:\/\/beck-online.beck.de\/?typ=reference&amp;y=100&amp;g=EWG_DSGVO&amp;a=6\" target=\"_blank\" rel=\"noopener\"><u>6 <\/u><\/a>Abs. 1 S. <a href=\"https:\/\/beck-online.beck.de\/?typ=reference&amp;y=100&amp;g=EWG_DSGVO&amp;a=6&amp;x=1\" target=\"_blank\" rel=\"noopener\"><u>1<\/u><\/a> lit. f DS-GVO.   <\/p>\n<p>(5) Zur Aus\u00fcbung Ihrer Betroffenenrechte k\u00f6nnen Sie sich sowohl an uns oder an den Anbieter der Social-Media-Plattform wenden. Soweit eine Partei nicht f\u00fcr die Beantwortung zust\u00e4ndig ist oder die Informationen von der anderen Partei erhalten muss, werden dann wir oder der Anbieter Ihre Anfrage an den jeweiligen Partner weiterleiten. Bitte wenden Sie sich f\u00fcr Fragen \u00fcber die Profilbildung, Verarbeitung Ihrer Daten bei Nutzung der Website direkt an den Betreiber der Social-Media-Plattform. Bei Fragen zu der Verarbeitung Ihrer Interaktion mit uns auf unserer Seite, schreiben Sie an die oben von uns angegebenen Kontaktdaten.   <\/p>\n<p>(6) Welche Informationen die Social-Media-Plattform erh\u00e4lt und wie diese verwendet werden, beschreiben die Anbieter in ihren Datenschutzerkl\u00e4rungen (Link siehe in der obigen Tabelle). Dort finden Sie auch Informationen \u00fcber Kontaktm\u00f6glichkeiten sowie zu den Einstellm\u00f6glichkeiten f\u00fcr Werbeanzeigen. Weitere Informationen zu sozialen Netzen und wie Sie Ihre Daten sch\u00fctzen k\u00f6nnen, finden Sie auch auf www.youngdata.de.  <\/p>\n<p><strong> <\/strong><\/p>\n<h2><strong>7.0 Auskunftsanspruch und Berichtigungsw\u00fcnsche \u2013 L\u00f6schung &amp; Sperrung von Daten \u2013 Widerruf von Einwilligungen &#8211; Widerspruchsrecht <\/strong><\/h2>\n<h3><strong> <\/strong>7.1 Auskunftsanspruch<\/h3>\n<p>Sie haben das Recht, eine Best\u00e4tigung dar\u00fcber zu verlangen, ob wir personenbezogene Daten von Ihnen verarbeiten. Sofern dies der Fall ist, haben Sie das Recht auf Auskunft \u00fcber die in <br>Art. 15 Abs. 1 DS-GVO benannten Informationen, soweit nicht die Rechte und Freiheiten anderer Personen beeintr\u00e4chtigt werden (Art. 15 Abs. 4 DS-GVO).  <\/p>\n<p> <\/p>\n<h3>7.2 Berichtigungsanspruch<\/h3>\n<p>Sie haben gem. Art. 16 DSGVO das Recht, bei uns ggf. falsch hinterlegte personenbezogene Daten jederzeit korrigieren zu lassen.<\/p>\n<p> <\/p>\n<h3>7.3 Recht auf L\u00f6schung<u><br><\/u><\/h3>\n<p>Sie haben gem. Art. 17 Abs. 1 DS-GVO das Recht darauf, dass wir die \u00fcber Sie erhobenen personenbezogenen Daten l\u00f6schen, wenn die Daten entweder nicht mehr ben\u00f6tigt werden, aufgrund des Widerspruchs Ihrer Einwilligung die Rechtsgrundlage ersatzlos entfallen ist, Sie Widerspruch gegen die Verarbeitung eingelegt haben und keine berechtigten Gr\u00fcnde f\u00fcr die Verarbeitung vorliegen, Ihre Daten unrechtm\u00e4\u00dfig verarbeitet werden, eine rechtliche Verpflichtung dies erfordert oder eine Erhebung gem. Art. 8 Abs. 1 DS-GVO stattgefunden hat.  <\/p>\n<p>Das Recht besteht gem. Art. 17 Abs. 3 DS-GVO nicht, soweit die Verarbeitung zur Aus\u00fcbung des Rechtes auf freie Meinungs\u00e4u\u00dferung und Informationen erforderlich ist. Zudem besteht es nicht, wenn es auf Grundlage einer rechtlichen Verpflichtung erhoben worden ist, oder die Daten der Geltendmachung, Aus\u00fcbung oder Verteidigung von Rechtsanspr\u00fcchen dienen.  <\/p>\n<p> <\/p>\n<h3>7.4 Recht auf Einschr\u00e4nkung der Verarbeitung<\/h3>\n<p>Gem\u00e4\u00df Art. 18 Abs. 1 DS-GVO haben Sie in einzelnen F\u00e4llen das Recht, die Einschr\u00e4nkung der Verarbeitung Ihrer personenbezogenen Daten zu verlangen.<\/p>\n<p>Dies ist der Fall, wenn<\/p>\n<ul>\n<li>Die Richtigkeit der personenbezogenen Daten bestritten wird<\/li>\n<li>Die Verarbeitung unrechtm\u00e4\u00dfig ist<\/li>\n<li>Die Daten nicht l\u00e4nger f\u00fcr den Verarbeitungszweck ben\u00f6tigt werden, aber der Geltendmachung, Aus\u00fcbung oder Verteidigung von Rechtsanspr\u00fcchen dienen<\/li>\n<li>Ein Widerspruch gegen die Verarbeitung gem. Art. 21 Abs. 1 DS-GVO eingelegt worden ist und noch unklar ist, welche Interessen \u00fcberwiegen<\/li>\n<\/ul>\n<h3> <\/h3>\n<h3>7.5 Recht auf Widerruf einer Einwilligung<\/h3>\n<p>Sofern Sie uns nach Art. 6 Abs. 1 lit. a DS-GVO oder nach Art. 9 Abs. 2 lit a DS-GVO eine ausdr\u00fcckliche Einwilligung in die Verarbeitung Ihrer personenbezogenen Daten erteilt haben, k\u00f6nnen Sie diese jederzeit widerrufen. Bitte beachten Sie, dass die Rechtm\u00e4\u00dfigkeit der aufgrund der Einwilligung bis zum Widerruf erfolgten Verarbeitungen hierdurch nicht ber\u00fchrt wird.     <\/p>\n<p> <\/p>\n<h3>7.6 Recht auf Widerspruch gegen die Datenverarbeitung<\/h3>\n<p>Sie k\u00f6nnen gem. Art. 21 DS-GVO einer Verarbeitung Sie betreffender personenbezogener Daten jederzeit widersprechen, soweit die Verarbeitung aufgrund von Art. 6 Abs. 1 lit. e oder f DS-GVO erfolgt.  <\/p>\n<p> <\/p>\n<h2><strong>8.0 Recht auf Daten\u00fcbertragbarkeit<\/strong><\/h2>\n<p>Sie haben das Recht, dass wir Ihnen die Ihre Person betreffenden Daten, die Sie uns \u00fcbermittelt haben, in einem strukturierten, g\u00e4ngigen und maschinenlesbaren Format zur Verf\u00fcgung stellen. Sie k\u00f6nnen zudem verlangen, dass wir diese Daten einem Dritten, auf Ihre erste Weisung hin unverz\u00fcglich \u00fcbermitteln, sofern die Verarbeitung auf eine Einwilligung gem. Art. 6 Abs. 1 lit. a DS-GVO oder Art. 9 Abs. 2 lit a DSGVO oder einem Vertrag gem. Art. 6 Abs. lit. b DS-GVO beruht und die Verarbeitung durch uns im Rahmen einer automatisierten Datenverarbeitung erfolgt, Bei einer Aus\u00fcbung dieses Rechts der Daten\u00fcbertragbarkeit haben Sie ferner das Recht, zu erwirken, dass die Sie betreffenden personenbezogenen Daten direkt einem anderen Verantwortlichen \u00fcbermittelt werden, soweit dies technisch machbar ist. Freiheiten und Recht anderer Personen d\u00fcrfen hierdurch nicht beeintr\u00e4chtigt werden.        <\/p>\n<p>Das Recht auf Daten\u00fcbertragbarkeit besteht nicht f\u00fcr die Verarbeitung personenbezogener Daten, die f\u00fcr die Wahrnehmung einer Aufgabe erforderlich ist, die im \u00f6ffentlichen Interesse liegt oder in Aus\u00fcbung \u00f6ffentlicher Gewalt erfolgt, die dem Verantwortlichen \u00fcbertragen wurde.<\/p>\n<p> <\/p>\n<h2><strong>9.0 Wie k\u00f6nnen Sie Ihre vorstehenden Rechte wahrnehmen<\/strong><\/h2>\n<p>Ihre Rechte k\u00f6nnen Sie jederzeit wahrnehmen, indem Sie sich an den nachfolgend aufgef\u00fchrten Kontakt wenden. <br><br><\/p>\n<p><strong>VCL Valve Competence Luxembourg S.A.<br><\/strong><strong>Industrial zone &#8220;Am Potaschberg&#8221;<br><\/strong><strong>19, op der Ahlkerrech<br>L-6776 Grevenmacher<\/strong><\/p>\n<p><strong>E-mail: info@vcl.lu<\/strong><\/p>\n<p><strong> <\/strong><\/p>\n<h2><strong>10.0 Beschwerderecht bei der CNPD oder einer sonstigen zust\u00e4ndigen Aufsichtsbeh\u00f6rde<\/strong><\/h2>\n<p>Sofern Sie den Verdacht haben, dass Ihre Daten rechtswidrig verarbeitet werden, k\u00f6nnen Sie jederzeit eine gerichtliche Kl\u00e4rung herbeif\u00fchren. <br>Unabh\u00e4ngig davon, steht Ihnen die M\u00f6glichkeit zur Verf\u00fcgung, sich an die CNPD oder einer sonstigen zust\u00e4ndigen Aufsichtsbeh\u00f6rde zu wenden. Das Beschwerderecht steht Ihnen in dem <\/p>\n<p>EU-Mitgliedsstaat Ihres Aufenthaltsortes, Ihres Arbeitsplatzes und\/oder des Orts des vermeintlichen Versto\u00dfes zu, d. h. Sie k\u00f6nnen die Aufsichtsbeh\u00f6rde, an die Sie sich wenden, an den oben genannten Orten w\u00e4hlen. Die Aufsichtsbeh\u00f6rde, bei der die Beschwerde eingereicht wurde, unterrichtet Sie dann \u00fcber den Stand und die Ergebnisse Ihrer Eingabe, einschlie\u00dflich der M\u00f6glichkeit eines gerichtlichen Rechtsbehelfs nach Art. 78 DS-GVO. <\/p>\n<p> <\/p>\n<p> <\/p>\t\t\t\t\t\t\t\t<\/div>\n\t\t\t\t<\/div>\n\t\t\t\t\t<\/div>\n\t\t\t\t<\/div>\n\t\t\t\t<\/div>\n\t\t","protected":false},"excerpt":{"rendered":"<p>Allgemeiner Hinweis Herzlich Willkommen auf der Internetseite von VCL Valve Competence Luxembourg S.A.. Wir freuen uns \u00fcber Ihren Besuch. Die Nutzung unserer Internetseite (Website) ist in der Regel ohne eine Angabe von personenbezogenen Daten m\u00f6glich. Bei der Nutzung einzelner Serviceangebote auf unserer Internetseite (Website) k\u00f6nnen sich f\u00fcr die Nutzung abweichende Regelungen ergeben, die wir Ihnen&hellip;&nbsp;<a href=\"https:\/\/vcl.lu\/de\/datenschutzerklaerung\/\" rel=\"bookmark\"><span class=\"screen-reader-text\">Datenschutzerkl\u00e4rung<\/span><\/a><\/p>\n","protected":false},"author":1,"featured_media":0,"parent":0,"menu_order":0,"comment_status":"closed","ping_status":"open","template":"","meta":{"inline_featured_image":false,"neve_meta_sidebar":"","neve_meta_container":"","neve_meta_enable_content_width":"","neve_meta_content_width":0,"neve_meta_title_alignment":"","neve_meta_author_avatar":"","neve_post_elements_order":"","neve_meta_disable_header":"","neve_meta_disable_footer":"","neve_meta_disable_title":"","footnotes":""},"class_list":["post-2121","page","type-page","status-publish","hentry"],"_links":{"self":[{"href":"https:\/\/vcl.lu\/de\/wp-json\/wp\/v2\/pages\/2121","targetHints":{"allow":["GET"]}}],"collection":[{"href":"https:\/\/vcl.lu\/de\/wp-json\/wp\/v2\/pages"}],"about":[{"href":"https:\/\/vcl.lu\/de\/wp-json\/wp\/v2\/types\/page"}],"author":[{"embeddable":true,"href":"https:\/\/vcl.lu\/de\/wp-json\/wp\/v2\/users\/1"}],"replies":[{"embeddable":true,"href":"https:\/\/vcl.lu\/de\/wp-json\/wp\/v2\/comments?post=2121"}],"version-history":[{"count":1,"href":"https:\/\/vcl.lu\/de\/wp-json\/wp\/v2\/pages\/2121\/revisions"}],"predecessor-version":[{"id":2123,"href":"https:\/\/vcl.lu\/de\/wp-json\/wp\/v2\/pages\/2121\/revisions\/2123"}],"wp:attachment":[{"href":"https:\/\/vcl.lu\/de\/wp-json\/wp\/v2\/media?parent=2121"}],"curies":[{"name":"wp","href":"https:\/\/api.w.org\/{rel}","templated":true}]}}