{"id":2129,"date":"2025-02-17T20:43:59","date_gmt":"2025-02-17T19:43:59","guid":{"rendered":"https:\/\/vcl.lu\/kammerfuss-regelschieber\/"},"modified":"2025-11-06T15:21:05","modified_gmt":"2025-11-06T14:21:05","slug":"kammerfuss-regelschieber","status":"publish","type":"page","link":"https:\/\/vcl.lu\/de\/glass\/kammerfuss-regelschieber\/","title":{"rendered":"KAMMERFUSS-REGELSCHIEBER"},"content":{"rendered":"\t\t<div data-elementor-type=\"wp-page\" data-elementor-id=\"2129\" class=\"elementor elementor-2129 elementor-923\">\n\t\t\t\t<div class=\"elementor-element elementor-element-11ca1bb e-flex e-con-boxed e-con e-parent\" data-id=\"11ca1bb\" data-element_type=\"container\" data-e-type=\"container\" data-settings=\"{&quot;background_background&quot;:&quot;classic&quot;}\">\n\t\t\t\t\t<div class=\"e-con-inner\">\n\t\t\t\t<div class=\"elementor-element elementor-element-3db2891 elementor-widget elementor-widget-heading\" data-id=\"3db2891\" data-element_type=\"widget\" data-e-type=\"widget\" data-widget_type=\"heading.default\">\n\t\t\t\t<div class=\"elementor-widget-container\">\n\t\t\t\t\t<h1 class=\"elementor-heading-title elementor-size-default\">KAMMERFUSS-REGELSCHIEBER<\/h1>\t\t\t\t<\/div>\n\t\t\t\t<\/div>\n\t\t\t\t\t<\/div>\n\t\t\t\t<\/div>\n\t\t<div class=\"elementor-element elementor-element-20be677 e-flex e-con-boxed e-con e-parent\" data-id=\"20be677\" data-element_type=\"container\" data-e-type=\"container\">\n\t\t\t\t\t<div class=\"e-con-inner\">\n\t\t<div class=\"elementor-element elementor-element-e424fdf e-con-full e-flex e-con e-child\" data-id=\"e424fdf\" data-element_type=\"container\" data-e-type=\"container\">\n\t\t\t\t<div class=\"elementor-element elementor-element-8d74137 elementor-widget elementor-widget-text-editor\" data-id=\"8d74137\" data-element_type=\"widget\" data-e-type=\"widget\" data-widget_type=\"text-editor.default\">\n\t\t\t\t<div class=\"elementor-widget-container\">\n\t\t\t\t\t\t\t\t\t<p class=\"p1\">VCL-Kammerfu\u00df-Regelschieber werden zur Regulierung des Medienflusses im Abgaszug von Glas\u00f6fen eingesetzt und gew\u00e4hrleisten einen effizienten Betrieb.<\/p>\t\t\t\t\t\t\t\t<\/div>\n\t\t\t\t<\/div>\n\t\t\t\t<\/div>\n\t\t<div class=\"elementor-element elementor-element-5b8a333 e-con-full e-flex e-con e-child\" data-id=\"5b8a333\" data-element_type=\"container\" data-e-type=\"container\">\n\t\t\t\t<\/div>\n\t\t\t\t\t<\/div>\n\t\t\t\t<\/div>\n\t\t<div class=\"elementor-element elementor-element-b92b3b8 e-flex e-con-boxed e-con e-parent\" data-id=\"b92b3b8\" data-element_type=\"container\" data-e-type=\"container\">\n\t\t\t\t\t<div class=\"e-con-inner\">\n\t\t\t\t<div class=\"elementor-element elementor-element-41093e9 elementor-widget elementor-widget-heading\" data-id=\"41093e9\" data-element_type=\"widget\" data-e-type=\"widget\" data-widget_type=\"heading.default\">\n\t\t\t\t<div class=\"elementor-widget-container\">\n\t\t\t\t\t<h2 class=\"elementor-heading-title elementor-size-default\">HAUPTMERKMALE<\/h2>\t\t\t\t<\/div>\n\t\t\t\t<\/div>\n\t\t\t\t\t<\/div>\n\t\t\t\t<\/div>\n\t\t<div class=\"elementor-element elementor-element-632147a e-flex e-con-boxed e-con e-parent\" data-id=\"632147a\" data-element_type=\"container\" data-e-type=\"container\">\n\t\t\t\t\t<div class=\"e-con-inner\">\n\t\t<div class=\"elementor-element elementor-element-1ac5c64 e-con-full e-flex e-con e-child\" data-id=\"1ac5c64\" data-element_type=\"container\" data-e-type=\"container\">\n\t\t\t\t<div class=\"elementor-element elementor-element-d811d9d elementor-widget elementor-widget-text-editor\" data-id=\"d811d9d\" data-element_type=\"widget\" data-e-type=\"widget\" data-widget_type=\"text-editor.default\">\n\t\t\t\t<div class=\"elementor-widget-container\">\n\t\t\t\t\t\t\t\t\t<ul class=\"ul1\"><li class=\"li1\"><b>Vielseitig kompatibel: <\/b>Anwendbar f\u00fcr alle Arten von Abgaskan\u00e4len, Mauerwerk und Stahlkan\u00e4len, mit quadratischem oder rundem Querschnitt.<\/li><li class=\"li1\"><b> Temperaturbest\u00e4ndig:<\/b> Ungek\u00fchlte Ausf\u00fchrung f\u00fcr den Betrieb bis zu 750 \u00b0C.<\/li><li class=\"li1\"><b>Hohe Langlebigkeit: <\/b>Robustes Design und hochwertige Materialien gew\u00e4hrleisten eine au\u00dfergew\u00f6hnliche Haltbarkeit, selbst in den anspruchsvollen Umgebungen der Glasherstellung.<\/li><\/ul><ul class=\"ul1\"><li class=\"li1\"><b>Kosteneffizienter Betrieb: <\/b>Die hohe Qualit\u00e4t erm\u00f6glicht den Betrieb \u00fcber mehrere Ofenreisen hinweg und sorgt nicht nur f\u00fcr einen wirtschaftlichen Betrieb, sondern auch f\u00fcr erhebliche Kosteneinsparungen durch geringen Wartungsaufwand und einfache \u00dcberholung &#8211; eine kluge Investition f\u00fcr Ihre Anlage.<\/li><\/ul>\t\t\t\t\t\t\t\t<\/div>\n\t\t\t\t<\/div>\n\t\t\t\t<\/div>\n\t\t<div class=\"elementor-element elementor-element-44c88a7 e-con-full e-flex e-con e-child\" data-id=\"44c88a7\" data-element_type=\"container\" data-e-type=\"container\">\n\t\t\t\t<div class=\"elementor-element elementor-element-5936cf9 elementor-widget elementor-widget-text-editor\" data-id=\"5936cf9\" data-element_type=\"widget\" data-e-type=\"widget\" data-widget_type=\"text-editor.default\">\n\t\t\t\t<div class=\"elementor-widget-container\">\n\t\t\t\t\t\t\t\t\t<ul class=\"ul1\"><li class=\"li1\"><b>Vielseitige Bet\u00e4tigungsoptionen: <\/b>W\u00e4hlen Sie aus verschiedenen Bet\u00e4tigungsmethoden, um Ihren betrieblichen Anforderungen gerecht zu werden:<ul class=\"ul1\"><li class=\"li1\">Manuelle Bet\u00e4tigung \u00fcber eine Zahnstangenwinde<\/li><li class=\"li1\">Manuelle Bet\u00e4tigung \u00fcber eine Seilwinde und Kette<\/li><li class=\"li1\">Elektrische Bet\u00e4tigung f\u00fcr automatischen Betrieb<\/li><\/ul><\/li><li class=\"li1\"><b>Anzeige der Position: <\/b>Ausgestattet mit einer optischen Stellungsanzeige zur einfachen \u00dcberwachung der Schieberposition.<\/li><\/ul>\t\t\t\t\t\t\t\t<\/div>\n\t\t\t\t<\/div>\n\t\t\t\t<\/div>\n\t\t\t\t\t<\/div>\n\t\t\t\t<\/div>\n\t\t<div class=\"elementor-element elementor-element-513f328 e-flex e-con-boxed e-con e-parent\" data-id=\"513f328\" data-element_type=\"container\" data-e-type=\"container\">\n\t\t\t\t\t<div class=\"e-con-inner\">\n\t\t<div class=\"elementor-element elementor-element-5b8aa70 e-con-full e-flex e-con e-child\" data-id=\"5b8aa70\" data-element_type=\"container\" data-e-type=\"container\">\n\t\t\t\t<\/div>\n\t\t<div class=\"elementor-element elementor-element-30f40c7 e-con-full e-flex e-con e-child\" data-id=\"30f40c7\" data-element_type=\"container\" data-e-type=\"container\">\n\t\t\t\t<div class=\"elementor-element elementor-element-dc7ef88 elementor-widget elementor-widget-image\" data-id=\"dc7ef88\" data-element_type=\"widget\" data-e-type=\"widget\" data-widget_type=\"image.default\">\n\t\t\t\t<div class=\"elementor-widget-container\">\n\t\t\t\t\t\t\t\t\t\t\t\t\t\t\t<img fetchpriority=\"high\" decoding=\"async\" width=\"258\" height=\"1024\" src=\"https:\/\/vcl.lu\/wp-content\/uploads\/2025\/02\/Balance-258x1024.jpg\" class=\"attachment-large size-large wp-image-991\" alt=\"Kammerfu\u00df-Regelschieber Modell 2\" srcset=\"https:\/\/vcl.lu\/wp-content\/uploads\/2025\/02\/Balance-258x1024.jpg 258w, https:\/\/vcl.lu\/wp-content\/uploads\/2025\/02\/Balance-768x3044.jpg 768w, https:\/\/vcl.lu\/wp-content\/uploads\/2025\/02\/Balance-387x1536.jpg 387w\" sizes=\"(max-width: 258px) 100vw, 258px\" \/>\t\t\t\t\t\t\t\t\t\t\t\t\t\t\t<\/div>\n\t\t\t\t<\/div>\n\t\t\t\t<\/div>\n\t\t<div class=\"elementor-element elementor-element-03dc1ed e-con-full e-flex e-con e-child\" data-id=\"03dc1ed\" data-element_type=\"container\" data-e-type=\"container\">\n\t\t\t\t<div class=\"elementor-element elementor-element-985cad7 elementor-widget elementor-widget-image\" data-id=\"985cad7\" data-element_type=\"widget\" data-e-type=\"widget\" data-widget_type=\"image.default\">\n\t\t\t\t<div class=\"elementor-widget-container\">\n\t\t\t\t\t\t\t\t\t\t\t\t\t\t\t<img decoding=\"async\" width=\"678\" height=\"1024\" src=\"https:\/\/vcl.lu\/wp-content\/uploads\/2025\/02\/Balance2-678x1024.jpg\" class=\"attachment-large size-large wp-image-993\" alt=\"Kammerfu\u00df-Regelschieber Modell\" srcset=\"https:\/\/vcl.lu\/wp-content\/uploads\/2025\/02\/Balance2-678x1024.jpg 678w, https:\/\/vcl.lu\/wp-content\/uploads\/2025\/02\/Balance2-199x300.jpg 199w, https:\/\/vcl.lu\/wp-content\/uploads\/2025\/02\/Balance2-768x1160.jpg 768w, https:\/\/vcl.lu\/wp-content\/uploads\/2025\/02\/Balance2-1017x1536.jpg 1017w, https:\/\/vcl.lu\/wp-content\/uploads\/2025\/02\/Balance2-1356x2048.jpg 1356w, https:\/\/vcl.lu\/wp-content\/uploads\/2025\/02\/Balance2.jpg 1500w\" sizes=\"(max-width: 678px) 100vw, 678px\" \/>\t\t\t\t\t\t\t\t\t\t\t\t\t\t\t<\/div>\n\t\t\t\t<\/div>\n\t\t\t\t<\/div>\n\t\t<div class=\"elementor-element elementor-element-37b5d80 e-con-full e-flex e-con e-child\" data-id=\"37b5d80\" data-element_type=\"container\" data-e-type=\"container\">\n\t\t\t\t<\/div>\n\t\t\t\t\t<\/div>\n\t\t\t\t<\/div>\n\t\t\t\t<\/div>\n\t\t","protected":false},"excerpt":{"rendered":"<p>KAMMERFUSS-REGELSCHIEBER VCL-Kammerfu\u00df-Regelschieber werden zur Regulierung des Medienflusses im Abgaszug von Glas\u00f6fen eingesetzt und gew\u00e4hrleisten einen effizienten Betrieb. HAUPTMERKMALE Vielseitig kompatibel: Anwendbar f\u00fcr alle Arten von Abgaskan\u00e4len, Mauerwerk und Stahlkan\u00e4len, mit quadratischem oder rundem Querschnitt. Temperaturbest\u00e4ndig: Ungek\u00fchlte Ausf\u00fchrung f\u00fcr den Betrieb bis zu 750 \u00b0C. Hohe Langlebigkeit: Robustes Design und hochwertige Materialien gew\u00e4hrleisten eine au\u00dfergew\u00f6hnliche Haltbarkeit,&hellip;&nbsp;<a href=\"https:\/\/vcl.lu\/de\/glass\/kammerfuss-regelschieber\/\" rel=\"bookmark\"><span class=\"screen-reader-text\">KAMMERFUSS-REGELSCHIEBER<\/span><\/a><\/p>\n","protected":false},"author":2,"featured_media":0,"parent":2169,"menu_order":0,"comment_status":"closed","ping_status":"closed","template":"page-templates\/template-pagebuilder-full-width.php","meta":{"inline_featured_image":false,"neve_meta_sidebar":"","neve_meta_container":"","neve_meta_enable_content_width":"","neve_meta_content_width":0,"neve_meta_title_alignment":"","neve_meta_author_avatar":"","neve_post_elements_order":"","neve_meta_disable_header":"","neve_meta_disable_footer":"","neve_meta_disable_title":"","footnotes":""},"class_list":["post-2129","page","type-page","status-publish","hentry"],"_links":{"self":[{"href":"https:\/\/vcl.lu\/de\/wp-json\/wp\/v2\/pages\/2129","targetHints":{"allow":["GET"]}}],"collection":[{"href":"https:\/\/vcl.lu\/de\/wp-json\/wp\/v2\/pages"}],"about":[{"href":"https:\/\/vcl.lu\/de\/wp-json\/wp\/v2\/types\/page"}],"author":[{"embeddable":true,"href":"https:\/\/vcl.lu\/de\/wp-json\/wp\/v2\/users\/2"}],"replies":[{"embeddable":true,"href":"https:\/\/vcl.lu\/de\/wp-json\/wp\/v2\/comments?post=2129"}],"version-history":[{"count":1,"href":"https:\/\/vcl.lu\/de\/wp-json\/wp\/v2\/pages\/2129\/revisions"}],"predecessor-version":[{"id":2130,"href":"https:\/\/vcl.lu\/de\/wp-json\/wp\/v2\/pages\/2129\/revisions\/2130"}],"up":[{"embeddable":true,"href":"https:\/\/vcl.lu\/de\/wp-json\/wp\/v2\/pages\/2169"}],"wp:attachment":[{"href":"https:\/\/vcl.lu\/de\/wp-json\/wp\/v2\/media?parent=2129"}],"curies":[{"name":"wp","href":"https:\/\/api.w.org\/{rel}","templated":true}]}}