{"id":2131,"date":"2025-02-17T21:20:16","date_gmt":"2025-02-17T20:20:16","guid":{"rendered":"https:\/\/vcl.lu\/ersatzteile-service\/"},"modified":"2025-11-06T15:20:45","modified_gmt":"2025-11-06T14:20:45","slug":"ersatzteile-service","status":"publish","type":"page","link":"https:\/\/vcl.lu\/de\/glass\/ersatzteile-service\/","title":{"rendered":"ERSATZTEILE &amp; SERVICE"},"content":{"rendered":"\t\t<div data-elementor-type=\"wp-page\" data-elementor-id=\"2131\" class=\"elementor elementor-2131 elementor-946\">\n\t\t\t\t<div class=\"elementor-element elementor-element-11ca1bb e-flex e-con-boxed e-con e-parent\" data-id=\"11ca1bb\" data-element_type=\"container\" data-e-type=\"container\" data-settings=\"{&quot;background_background&quot;:&quot;classic&quot;}\">\n\t\t\t\t\t<div class=\"e-con-inner\">\n\t\t\t\t<div class=\"elementor-element elementor-element-3db2891 elementor-widget elementor-widget-heading\" data-id=\"3db2891\" data-element_type=\"widget\" data-e-type=\"widget\" data-widget_type=\"heading.default\">\n\t\t\t\t<div class=\"elementor-widget-container\">\n\t\t\t\t\t<h1 class=\"elementor-heading-title elementor-size-default\">ERSATZTEILE &amp; SERVICE<\/h1>\t\t\t\t<\/div>\n\t\t\t\t<\/div>\n\t\t\t\t\t<\/div>\n\t\t\t\t<\/div>\n\t\t<div class=\"elementor-element elementor-element-20be677 e-flex e-con-boxed e-con e-parent\" data-id=\"20be677\" data-element_type=\"container\" data-e-type=\"container\">\n\t\t\t\t\t<div class=\"e-con-inner\">\n\t\t<div class=\"elementor-element elementor-element-e424fdf e-con-full e-flex e-con e-child\" data-id=\"e424fdf\" data-element_type=\"container\" data-e-type=\"container\">\n\t\t\t\t<div class=\"elementor-element elementor-element-8d74137 elementor-widget elementor-widget-text-editor\" data-id=\"8d74137\" data-element_type=\"widget\" data-e-type=\"widget\" data-widget_type=\"text-editor.default\">\n\t\t\t\t<div class=\"elementor-widget-container\">\n\t\t\t\t\t\t\t\t\t<p class=\"p1\">VCL stellt auch die Lieferung von Ersatzteilen sowie den Vor-Ort-Service f\u00fcr ihre eigenen Produkte sowie f\u00fcr Produkte Dritter sicher.<\/p>\t\t\t\t\t\t\t\t<\/div>\n\t\t\t\t<\/div>\n\t\t\t\t<\/div>\n\t\t<div class=\"elementor-element elementor-element-5b8a333 e-con-full e-flex e-con e-child\" data-id=\"5b8a333\" data-element_type=\"container\" data-e-type=\"container\">\n\t\t\t\t<\/div>\n\t\t\t\t\t<\/div>\n\t\t\t\t<\/div>\n\t\t<div class=\"elementor-element elementor-element-b92b3b8 e-flex e-con-boxed e-con e-parent\" data-id=\"b92b3b8\" data-element_type=\"container\" data-e-type=\"container\">\n\t\t\t\t\t<div class=\"e-con-inner\">\n\t\t\t\t<div class=\"elementor-element elementor-element-41093e9 elementor-widget elementor-widget-heading\" data-id=\"41093e9\" data-element_type=\"widget\" data-e-type=\"widget\" data-widget_type=\"heading.default\">\n\t\t\t\t<div class=\"elementor-widget-container\">\n\t\t\t\t\t<h2 class=\"elementor-heading-title elementor-size-default\">UMFANG DER LIEFERUNGEN &amp; LEISTUNGEN<\/h2>\t\t\t\t<\/div>\n\t\t\t\t<\/div>\n\t\t\t\t\t<\/div>\n\t\t\t\t<\/div>\n\t\t<div class=\"elementor-element elementor-element-632147a e-flex e-con-boxed e-con e-parent\" data-id=\"632147a\" data-element_type=\"container\" data-e-type=\"container\">\n\t\t\t\t\t<div class=\"e-con-inner\">\n\t\t<div class=\"elementor-element elementor-element-1ac5c64 e-con-full e-flex e-con e-child\" data-id=\"1ac5c64\" data-element_type=\"container\" data-e-type=\"container\">\n\t\t\t\t<div class=\"elementor-element elementor-element-d811d9d elementor-widget elementor-widget-text-editor\" data-id=\"d811d9d\" data-element_type=\"widget\" data-e-type=\"widget\" data-widget_type=\"text-editor.default\">\n\t\t\t\t<div class=\"elementor-widget-container\">\n\t\t\t\t\t\t\t\t\t<ul class=\"ul1\"><li class=\"li1\"><b>Ersatzteilversorgung: <\/b>Wir bieten eine breite Palette von Ersatzteilen sowohl f\u00fcr VCL-Produkte als auch f\u00fcr bestehende Fremdmarken an und stellen damit einen reibungslosen Betrieb Ihrer Anlagen sicher.<\/li><li class=\"li1\"><b>Reparaturdienste: <\/b>Unser Expertenteam bietet sowohl Werkstattreparaturen als auch Reparaturen vor Ort an und garantiert so schnelle und effiziente L\u00f6sungen zur Minimierung von Ausfallzeiten.<\/li><li class=\"li1\"><b>\u00dcberholung und Modifizierung bei Kaltreparaturen:<\/b> Wir sind auf die \u00dcberholung und Modifizierung von VCL-Produkten sowie von Fremdfabrikaten spezialisiert. So k\u00f6nnen Sie Ihre vorhandenen Anlagen f\u00fcr eine weitere Ofenkampagne sowie <span class=\"s2\">f\u00fcr<\/span> eine verbesserte Funktionalit\u00e4t und Effizienz fit machen.<\/li><li class=\"li1\"><b>Vor-Ort-Service: <\/b>Weltweiter Vor-Ort-Service f\u00fcr Inspektion, Reparatur, \u00dcberholung und Modifikation sowie Montage und Inbetriebnahme.<\/li><\/ul>\t\t\t\t\t\t\t\t<\/div>\n\t\t\t\t<\/div>\n\t\t\t\t<\/div>\n\t\t<div class=\"elementor-element elementor-element-44c88a7 e-con-full e-flex e-con e-child\" data-id=\"44c88a7\" data-element_type=\"container\" data-e-type=\"container\">\n\t\t\t\t<div class=\"elementor-element elementor-element-3a42315 elementor-widget elementor-widget-image\" data-id=\"3a42315\" data-element_type=\"widget\" data-e-type=\"widget\" data-widget_type=\"image.default\">\n\t\t\t\t<div class=\"elementor-widget-container\">\n\t\t\t\t\t\t\t\t\t\t\t\t\t\t\t<img fetchpriority=\"high\" decoding=\"async\" width=\"711\" height=\"628\" src=\"https:\/\/vcl.lu\/wp-content\/uploads\/2024\/10\/Spare-Parts.jpg\" class=\"attachment-large size-large wp-image-638\" alt=\"\" srcset=\"https:\/\/vcl.lu\/wp-content\/uploads\/2024\/10\/Spare-Parts.jpg 711w, https:\/\/vcl.lu\/wp-content\/uploads\/2024\/10\/Spare-Parts-300x265.jpg 300w\" sizes=\"(max-width: 711px) 100vw, 711px\" \/>\t\t\t\t\t\t\t\t\t\t\t\t\t\t\t<\/div>\n\t\t\t\t<\/div>\n\t\t\t\t<\/div>\n\t\t\t\t\t<\/div>\n\t\t\t\t<\/div>\n\t\t<div class=\"elementor-element elementor-element-81b2cde e-flex e-con-boxed e-con e-parent\" data-id=\"81b2cde\" data-element_type=\"container\" data-e-type=\"container\">\n\t\t\t\t\t<div class=\"e-con-inner\">\n\t\t<div class=\"elementor-element elementor-element-4f1fd5b e-con-full e-flex e-con e-child\" data-id=\"4f1fd5b\" data-element_type=\"container\" data-e-type=\"container\">\n\t\t\t\t<div class=\"elementor-element elementor-element-10d74cd elementor-widget elementor-widget-image\" data-id=\"10d74cd\" data-element_type=\"widget\" data-e-type=\"widget\" data-widget_type=\"image.default\">\n\t\t\t\t<div class=\"elementor-widget-container\">\n\t\t\t\t\t\t\t\t\t\t\t\t\t\t\t<img decoding=\"async\" width=\"1000\" height=\"840\" src=\"https:\/\/vcl.lu\/wp-content\/uploads\/2025\/02\/Spare-Parts-2.jpg\" class=\"attachment-large size-large wp-image-985\" alt=\"Ersatzteile, Wellen und Kettenr\u00e4der\" srcset=\"https:\/\/vcl.lu\/wp-content\/uploads\/2025\/02\/Spare-Parts-2.jpg 1000w, https:\/\/vcl.lu\/wp-content\/uploads\/2025\/02\/Spare-Parts-2-300x252.jpg 300w, https:\/\/vcl.lu\/wp-content\/uploads\/2025\/02\/Spare-Parts-2-768x645.jpg 768w\" sizes=\"(max-width: 1000px) 100vw, 1000px\" \/>\t\t\t\t\t\t\t\t\t\t\t\t\t\t\t<\/div>\n\t\t\t\t<\/div>\n\t\t\t\t<\/div>\n\t\t<div class=\"elementor-element elementor-element-0c5cb78 e-con-full e-flex e-con e-child\" data-id=\"0c5cb78\" data-element_type=\"container\" data-e-type=\"container\">\n\t\t\t\t<div class=\"elementor-element elementor-element-13308f6 elementor-widget elementor-widget-image\" data-id=\"13308f6\" data-element_type=\"widget\" data-e-type=\"widget\" data-widget_type=\"image.default\">\n\t\t\t\t<div class=\"elementor-widget-container\">\n\t\t\t\t\t\t\t\t\t\t\t\t\t\t\t<img decoding=\"async\" width=\"1000\" height=\"840\" src=\"https:\/\/vcl.lu\/wp-content\/uploads\/2025\/02\/Spare-Parts1.jpg\" class=\"attachment-large size-large wp-image-983\" alt=\"Ersatzteile, Aufh\u00e4ngekonsolen\" srcset=\"https:\/\/vcl.lu\/wp-content\/uploads\/2025\/02\/Spare-Parts1.jpg 1000w, https:\/\/vcl.lu\/wp-content\/uploads\/2025\/02\/Spare-Parts1-300x252.jpg 300w, https:\/\/vcl.lu\/wp-content\/uploads\/2025\/02\/Spare-Parts1-768x645.jpg 768w\" sizes=\"(max-width: 1000px) 100vw, 1000px\" \/>\t\t\t\t\t\t\t\t\t\t\t\t\t\t\t<\/div>\n\t\t\t\t<\/div>\n\t\t\t\t<\/div>\n\t\t<div class=\"elementor-element elementor-element-7f50707 e-con-full e-flex e-con e-child\" data-id=\"7f50707\" data-element_type=\"container\" data-e-type=\"container\">\n\t\t\t\t<div class=\"elementor-element elementor-element-a89834f elementor-widget elementor-widget-image\" data-id=\"a89834f\" data-element_type=\"widget\" data-e-type=\"widget\" data-widget_type=\"image.default\">\n\t\t\t\t<div class=\"elementor-widget-container\">\n\t\t\t\t\t\t\t\t\t\t\t\t\t\t\t<img loading=\"lazy\" decoding=\"async\" width=\"1000\" height=\"840\" src=\"https:\/\/vcl.lu\/wp-content\/uploads\/2025\/02\/Spare-Parts32.jpg\" class=\"attachment-large size-large wp-image-981\" alt=\"Ersatzteile, Lastketten\" srcset=\"https:\/\/vcl.lu\/wp-content\/uploads\/2025\/02\/Spare-Parts32.jpg 1000w, https:\/\/vcl.lu\/wp-content\/uploads\/2025\/02\/Spare-Parts32-300x252.jpg 300w, https:\/\/vcl.lu\/wp-content\/uploads\/2025\/02\/Spare-Parts32-768x645.jpg 768w\" sizes=\"(max-width: 1000px) 100vw, 1000px\" \/>\t\t\t\t\t\t\t\t\t\t\t\t\t\t\t<\/div>\n\t\t\t\t<\/div>\n\t\t\t\t<\/div>\n\t\t\t\t\t<\/div>\n\t\t\t\t<\/div>\n\t\t\t\t<\/div>\n\t\t","protected":false},"excerpt":{"rendered":"<p>ERSATZTEILE &amp; SERVICE VCL stellt auch die Lieferung von Ersatzteilen sowie den Vor-Ort-Service f\u00fcr ihre eigenen Produkte sowie f\u00fcr Produkte Dritter sicher. UMFANG DER LIEFERUNGEN &amp; LEISTUNGEN Ersatzteilversorgung: Wir bieten eine breite Palette von Ersatzteilen sowohl f\u00fcr VCL-Produkte als auch f\u00fcr bestehende Fremdmarken an und stellen damit einen reibungslosen Betrieb Ihrer Anlagen sicher. Reparaturdienste: Unser&hellip;&nbsp;<a href=\"https:\/\/vcl.lu\/de\/glass\/ersatzteile-service\/\" rel=\"bookmark\"><span class=\"screen-reader-text\">ERSATZTEILE &amp; SERVICE<\/span><\/a><\/p>\n","protected":false},"author":2,"featured_media":0,"parent":2169,"menu_order":0,"comment_status":"closed","ping_status":"closed","template":"page-templates\/template-pagebuilder-full-width.php","meta":{"inline_featured_image":false,"neve_meta_sidebar":"","neve_meta_container":"","neve_meta_enable_content_width":"","neve_meta_content_width":0,"neve_meta_title_alignment":"","neve_meta_author_avatar":"","neve_post_elements_order":"","neve_meta_disable_header":"","neve_meta_disable_footer":"","neve_meta_disable_title":"","footnotes":""},"class_list":["post-2131","page","type-page","status-publish","hentry"],"_links":{"self":[{"href":"https:\/\/vcl.lu\/de\/wp-json\/wp\/v2\/pages\/2131","targetHints":{"allow":["GET"]}}],"collection":[{"href":"https:\/\/vcl.lu\/de\/wp-json\/wp\/v2\/pages"}],"about":[{"href":"https:\/\/vcl.lu\/de\/wp-json\/wp\/v2\/types\/page"}],"author":[{"embeddable":true,"href":"https:\/\/vcl.lu\/de\/wp-json\/wp\/v2\/users\/2"}],"replies":[{"embeddable":true,"href":"https:\/\/vcl.lu\/de\/wp-json\/wp\/v2\/comments?post=2131"}],"version-history":[{"count":2,"href":"https:\/\/vcl.lu\/de\/wp-json\/wp\/v2\/pages\/2131\/revisions"}],"predecessor-version":[{"id":2133,"href":"https:\/\/vcl.lu\/de\/wp-json\/wp\/v2\/pages\/2131\/revisions\/2133"}],"up":[{"embeddable":true,"href":"https:\/\/vcl.lu\/de\/wp-json\/wp\/v2\/pages\/2169"}],"wp:attachment":[{"href":"https:\/\/vcl.lu\/de\/wp-json\/wp\/v2\/media?parent=2131"}],"curies":[{"name":"wp","href":"https:\/\/api.w.org\/{rel}","templated":true}]}}