{"id":2155,"date":"2024-10-14T11:34:14","date_gmt":"2024-10-14T09:34:14","guid":{"rendered":"https:\/\/vcl.lu\/iron-steel\/duesenstoecke\/"},"modified":"2025-11-06T15:24:55","modified_gmt":"2025-11-06T14:24:55","slug":"duesenstoecke","status":"publish","type":"page","link":"https:\/\/vcl.lu\/de\/iron-steel\/duesenstoecke\/","title":{"rendered":"D\u00dcSENST\u00d6CKE"},"content":{"rendered":"\t\t<div data-elementor-type=\"wp-page\" data-elementor-id=\"2155\" class=\"elementor elementor-2155 elementor-246\">\n\t\t\t\t<div class=\"elementor-element elementor-element-11ca1bb e-flex e-con-boxed e-con e-parent\" data-id=\"11ca1bb\" data-element_type=\"container\" data-e-type=\"container\" data-settings=\"{&quot;background_background&quot;:&quot;classic&quot;}\">\n\t\t\t\t\t<div class=\"e-con-inner\">\n\t\t\t\t<div class=\"elementor-element elementor-element-3db2891 elementor-widget elementor-widget-heading\" data-id=\"3db2891\" data-element_type=\"widget\" data-e-type=\"widget\" data-widget_type=\"heading.default\">\n\t\t\t\t<div class=\"elementor-widget-container\">\n\t\t\t\t\t<h1 class=\"elementor-heading-title elementor-size-default\">D\u00dcSENST\u00d6CKE<\/h1>\t\t\t\t<\/div>\n\t\t\t\t<\/div>\n\t\t\t\t\t<\/div>\n\t\t\t\t<\/div>\n\t\t<div class=\"elementor-element elementor-element-31320c7 e-flex e-con-boxed e-con e-parent\" data-id=\"31320c7\" data-element_type=\"container\" data-e-type=\"container\">\n\t\t\t\t\t<div class=\"e-con-inner\">\n\t\t<div class=\"elementor-element elementor-element-09735ae e-con-full e-flex e-con e-child\" data-id=\"09735ae\" data-element_type=\"container\" data-e-type=\"container\">\n\t\t\t\t<div class=\"elementor-element elementor-element-2fc5da1 elementor-widget elementor-widget-text-editor\" data-id=\"2fc5da1\" data-element_type=\"widget\" data-e-type=\"widget\" data-widget_type=\"text-editor.default\">\n\t\t\t\t<div class=\"elementor-widget-container\">\n\t\t\t\t\t\t\t\t\t<h2><strong>D\u00dcSENST\u00d6CKE<\/strong><\/h2>\t\t\t\t\t\t\t\t<\/div>\n\t\t\t\t<\/div>\n\t\t\t\t<\/div>\n\t\t<div class=\"elementor-element elementor-element-1560f63 e-con-full e-flex e-con e-child\" data-id=\"1560f63\" data-element_type=\"container\" data-e-type=\"container\">\n\t\t\t\t<div class=\"elementor-element elementor-element-5ffcabd elementor-widget elementor-widget-text-editor\" data-id=\"5ffcabd\" data-element_type=\"widget\" data-e-type=\"widget\" data-widget_type=\"text-editor.default\">\n\t\t\t\t<div class=\"elementor-widget-container\">\n\t\t\t\t\t\t\t\t\t<p>Der energiesparende D\u00fcsenstock ist ein weltweit patentiertes Design. Das Isoliermaterial (Thermoblocker) ist ein mikropor\u00f6ser W\u00e4rmed\u00e4mmstoff mit extrem niedrigen W\u00e4rmeleitkoeffizient und besteht aus anorganischen Substanzen und Siliziumbestandteilen.<br>Die Versiegelung des Thermoblockers mit Aluminiumfolie verhindert das Eindringen von Feuchtigkeit w\u00e4hrend des Ausgie\u00dfprozesses mit Feuerfestbeton. Um die exakte Form der Innenkontur der Stahlbauteile zu reproduzieren, wird jeder einzelne Stab maschinell bearbeitet. Das Isoliermaterial ist bis zu einer Temperatur von 1.200\u00b0C einsetzbar. <br>Bei der Verwendung der Isolierung wird eine erh\u00f6hte Betriebssicherheit erreicht (Reduzierung der Oberfl\u00e4chentemperaturen), die Wartungskosten werden erheblich reduziert da die Lebensdauer, aufgrund der gleichm\u00e4\u00dfigen W\u00e4rmeverteilung im Feuerfestmaterial, erheblich verl\u00e4ngert wird.   <\/p><p>Die Betriebskosten, im speziellen der Koksverbrauch, werden erheblich reduziert, einhergehend mit einer Reduzierung der CO\u2082-Emissionen und den daraus resultierenden Kosten.<\/p>\t\t\t\t\t\t\t\t<\/div>\n\t\t\t\t<\/div>\n\t\t\t\t<\/div>\n\t\t\t\t\t<\/div>\n\t\t\t\t<\/div>\n\t\t<div class=\"elementor-element elementor-element-20be677 e-flex e-con-boxed e-con e-parent\" data-id=\"20be677\" data-element_type=\"container\" data-e-type=\"container\">\n\t\t\t\t\t<div class=\"e-con-inner\">\n\t\t<div class=\"elementor-element elementor-element-e424fdf e-con-full e-flex e-con e-child\" data-id=\"e424fdf\" data-element_type=\"container\" data-e-type=\"container\">\n\t\t\t\t<div class=\"elementor-element elementor-element-8d74137 elementor-widget elementor-widget-text-editor\" data-id=\"8d74137\" data-element_type=\"widget\" data-e-type=\"widget\" data-widget_type=\"text-editor.default\">\n\t\t\t\t<div class=\"elementor-widget-container\">\n\t\t\t\t\t\t\t\t\t<h2><strong>DESIGNMERKMALE<\/strong><br>D\u00dcSENST\u00d6CKE<\/h2><ul><li>Erh\u00f6hter Prozessw\u00e4rmer\u00fcckhalt durch verbessertes W\u00e4rmed\u00e4mmungssystem (Thermoblocker)<\/li><li>Druckstufe bis 6,0 bar<\/li><li>Betriebstemperaturen bis 1550 \u00b0C<\/li><li>Nennweiten bis zu 600 mm<\/li><\/ul>\t\t\t\t\t\t\t\t<\/div>\n\t\t\t\t<\/div>\n\t\t\t\t<\/div>\n\t\t<div class=\"elementor-element elementor-element-5b8a333 e-con-full e-flex e-con e-child\" data-id=\"5b8a333\" data-element_type=\"container\" data-e-type=\"container\">\n\t\t\t\t<div class=\"elementor-element elementor-element-3d63b76 elementor-widget elementor-widget-text-editor\" data-id=\"3d63b76\" data-element_type=\"widget\" data-e-type=\"widget\" data-widget_type=\"text-editor.default\">\n\t\t\t\t<div class=\"elementor-widget-container\">\n\t\t\t\t\t\t\t\t\t<h2>DESIGN <br>VORTEILE<\/h2><ul><li>Verbesserte Isolierung und geringere thermische Belastungen verbessern die Zuverl\u00e4ssigkeit und verl\u00e4ngern den gesamten Lebenszyklus<\/li><li>Geringere Betriebskosten durch geringere W\u00e4rmeverluste<\/li><li>Niedrigere Oberfl\u00e4chentemperaturen erh\u00f6hen die Sicherheit des Bedienungs- und Wartungspersonals<\/li><\/ul>\t\t\t\t\t\t\t\t<\/div>\n\t\t\t\t<\/div>\n\t\t\t\t<\/div>\n\t\t\t\t\t<\/div>\n\t\t\t\t<\/div>\n\t\t<div class=\"elementor-element elementor-element-e0b3b56 e-flex e-con-boxed e-con e-parent\" data-id=\"e0b3b56\" data-element_type=\"container\" data-e-type=\"container\" data-settings=\"{&quot;background_background&quot;:&quot;classic&quot;}\">\n\t\t\t\t\t<div class=\"e-con-inner\">\n\t\t<div class=\"elementor-element elementor-element-7a6ca6b e-con-full e-flex e-con e-child\" data-id=\"7a6ca6b\" data-element_type=\"container\" data-e-type=\"container\">\n\t\t\t\t<div class=\"elementor-element elementor-element-b32b979 elementor-widget elementor-widget-stratum-image-hotspot\" data-id=\"b32b979\" data-element_type=\"widget\" data-e-type=\"widget\" data-widget_type=\"stratum-image-hotspot.default\">\n\t\t\t\t<div class=\"elementor-widget-container\">\n\t\t\t\t\t<div class=\"stratum-image-hotspot\">\n    <div class=\"stratum-image-hotspot__wrapper\">\n        <div class=\"stratum-image-hotspot__image\">\n\t\t\t<img fetchpriority=\"high\" decoding=\"async\" width=\"1614\" height=\"2252\" src=\"https:\/\/vcl.lu\/wp-content\/uploads\/2024\/10\/Duesenstock-Halbschnitt.png\" class=\"attachment-full size-full wp-image-249\" alt=\"Tuyere Stocks Cross-section\" srcset=\"https:\/\/vcl.lu\/wp-content\/uploads\/2024\/10\/Duesenstock-Halbschnitt.png 1614w, https:\/\/vcl.lu\/wp-content\/uploads\/2024\/10\/Duesenstock-Halbschnitt-215x300.png 215w, https:\/\/vcl.lu\/wp-content\/uploads\/2024\/10\/Duesenstock-Halbschnitt-734x1024.png 734w, https:\/\/vcl.lu\/wp-content\/uploads\/2024\/10\/Duesenstock-Halbschnitt-768x1072.png 768w, https:\/\/vcl.lu\/wp-content\/uploads\/2024\/10\/Duesenstock-Halbschnitt-1101x1536.png 1101w, https:\/\/vcl.lu\/wp-content\/uploads\/2024\/10\/Duesenstock-Halbschnitt-1468x2048.png 1468w\" sizes=\"(max-width: 1614px) 100vw, 1614px\" \/>        <\/div>\n\t\t<div class=\"stratum-image-hotspot__dot has-animation-pulse elementor-repeater-item-1a80c0d\"><div class=\"stratum-image-hotspot__dot-wrapper\" data-options=\"{&quot;open&quot;:false,&quot;tooltipArrow&quot;:true,&quot;placement&quot;:&quot;top&quot;,&quot;tooltipTheme&quot;:&quot;light&quot;,&quot;tooltipAnimation&quot;:&quot;fade&quot;,&quot;tooltipTrigger&quot;:&quot;hover&quot;,&quot;tooltipContent&quot;:&quot;&quot;,&quot;tooltipTitle&quot;:&quot;Kr\\u00fcmmer&quot;}\"><div class=\"stratum-image-hotspot__dot-content\"><i class=\"stratum-image-hotspot__dot-icon fa fa-question-circle\"><\/i><\/div><\/div><\/div><div class=\"stratum-image-hotspot__dot has-animation-pulse elementor-repeater-item-79771f5\"><div class=\"stratum-image-hotspot__dot-wrapper\" data-options=\"{&quot;open&quot;:false,&quot;tooltipArrow&quot;:true,&quot;placement&quot;:&quot;top&quot;,&quot;tooltipTheme&quot;:&quot;light&quot;,&quot;tooltipAnimation&quot;:&quot;fade&quot;,&quot;tooltipTrigger&quot;:&quot;hover&quot;,&quot;tooltipContent&quot;:&quot;&quot;,&quot;tooltipTitle&quot;:&quot;D\\u00fcsenspitze&quot;}\"><div class=\"stratum-image-hotspot__dot-content\"><i class=\"stratum-image-hotspot__dot-icon fa fa-question-circle\"><\/i><\/div><\/div><\/div><div class=\"stratum-image-hotspot__dot has-animation-pulse elementor-repeater-item-b96827d\"><div class=\"stratum-image-hotspot__dot-wrapper\" data-options=\"{&quot;open&quot;:false,&quot;tooltipArrow&quot;:true,&quot;placement&quot;:&quot;top&quot;,&quot;tooltipTheme&quot;:&quot;light&quot;,&quot;tooltipAnimation&quot;:&quot;fade&quot;,&quot;tooltipTrigger&quot;:&quot;hover&quot;,&quot;tooltipContent&quot;:&quot;&quot;,&quot;tooltipTitle&quot;:&quot;Gelenkkompensator Oberteil&quot;}\"><div class=\"stratum-image-hotspot__dot-content\"><i class=\"stratum-image-hotspot__dot-icon fa fa-question-circle\"><\/i><\/div><\/div><\/div><div class=\"stratum-image-hotspot__dot has-animation-pulse elementor-repeater-item-6c3348a\"><div class=\"stratum-image-hotspot__dot-wrapper\" data-options=\"{&quot;open&quot;:false,&quot;tooltipArrow&quot;:true,&quot;placement&quot;:&quot;top&quot;,&quot;tooltipTheme&quot;:&quot;light&quot;,&quot;tooltipAnimation&quot;:&quot;fade&quot;,&quot;tooltipTrigger&quot;:&quot;hover&quot;,&quot;tooltipContent&quot;:&quot;&quot;,&quot;tooltipTitle&quot;:&quot;Thermische Isolierung&quot;}\"><div class=\"stratum-image-hotspot__dot-content\"><i class=\"stratum-image-hotspot__dot-icon fa fa-question-circle\"><\/i><\/div><\/div><\/div><div class=\"stratum-image-hotspot__dot has-animation-pulse elementor-repeater-item-b1bdfdb\"><div class=\"stratum-image-hotspot__dot-wrapper\" data-options=\"{&quot;open&quot;:false,&quot;tooltipArrow&quot;:true,&quot;placement&quot;:&quot;top&quot;,&quot;tooltipTheme&quot;:&quot;light&quot;,&quot;tooltipAnimation&quot;:&quot;fade&quot;,&quot;tooltipTrigger&quot;:&quot;hover&quot;,&quot;tooltipContent&quot;:&quot;&quot;,&quot;tooltipTitle&quot;:&quot;Thermische Isolierung&quot;}\"><div class=\"stratum-image-hotspot__dot-content\"><i class=\"stratum-image-hotspot__dot-icon fa fa-question-circle\"><\/i><\/div><\/div><\/div><div class=\"stratum-image-hotspot__dot has-animation-pulse elementor-repeater-item-3381355\"><div class=\"stratum-image-hotspot__dot-wrapper\" data-options=\"{&quot;open&quot;:false,&quot;tooltipArrow&quot;:true,&quot;placement&quot;:&quot;top&quot;,&quot;tooltipTheme&quot;:&quot;light&quot;,&quot;tooltipAnimation&quot;:&quot;fade&quot;,&quot;tooltipTrigger&quot;:&quot;hover&quot;,&quot;tooltipContent&quot;:&quot;&quot;,&quot;tooltipTitle&quot;:&quot;Thermische Isolierung&quot;}\"><div class=\"stratum-image-hotspot__dot-content\"><i class=\"stratum-image-hotspot__dot-icon fa fa-question-circle\"><\/i><\/div><\/div><\/div><div class=\"stratum-image-hotspot__dot has-animation-pulse elementor-repeater-item-fc6918d\"><div class=\"stratum-image-hotspot__dot-wrapper\" data-options=\"{&quot;open&quot;:false,&quot;tooltipArrow&quot;:true,&quot;placement&quot;:&quot;top&quot;,&quot;tooltipTheme&quot;:&quot;light&quot;,&quot;tooltipAnimation&quot;:&quot;fade&quot;,&quot;tooltipTrigger&quot;:&quot;hover&quot;,&quot;tooltipContent&quot;:&quot;&quot;,&quot;tooltipTitle&quot;:&quot;Standard Feuerfestbeton&quot;}\"><div class=\"stratum-image-hotspot__dot-content\"><i class=\"stratum-image-hotspot__dot-icon fa fa-question-circle\"><\/i><\/div><\/div><\/div>    <\/div>\n<\/div>\n\t\t\t\t<\/div>\n\t\t\t\t<\/div>\n\t\t\t\t<\/div>\n\t\t\t\t\t<\/div>\n\t\t\t\t<\/div>\n\t\t<div class=\"elementor-element elementor-element-7967a12 e-flex e-con-boxed e-con e-parent\" data-id=\"7967a12\" data-element_type=\"container\" data-e-type=\"container\">\n\t\t\t\t\t<div class=\"e-con-inner\">\n\t\t<div class=\"elementor-element elementor-element-f51d3e0 e-con-full e-flex e-con e-child\" data-id=\"f51d3e0\" data-element_type=\"container\" data-e-type=\"container\">\n\t\t\t\t<div class=\"elementor-element elementor-element-80e959a elementor-widget elementor-widget-heading\" data-id=\"80e959a\" data-element_type=\"widget\" data-e-type=\"widget\" data-widget_type=\"heading.default\">\n\t\t\t\t<div class=\"elementor-widget-container\">\n\t\t\t\t\t<h3 class=\"elementor-heading-title elementor-size-default\">STANDARD DESIGN<\/h3>\t\t\t\t<\/div>\n\t\t\t\t<\/div>\n\t\t\t\t<\/div>\n\t\t<div class=\"elementor-element elementor-element-9d8da42 e-con-full e-flex e-con e-child\" data-id=\"9d8da42\" data-element_type=\"container\" data-e-type=\"container\">\n\t\t\t\t<div class=\"elementor-element elementor-element-f2e7a28 elementor-widget elementor-widget-heading\" data-id=\"f2e7a28\" data-element_type=\"widget\" data-e-type=\"widget\" data-widget_type=\"heading.default\">\n\t\t\t\t<div class=\"elementor-widget-container\">\n\t\t\t\t\t<h3 class=\"elementor-heading-title elementor-size-default\">ENERGIESPARENDES DESIGN<\/h3>\t\t\t\t<\/div>\n\t\t\t\t<\/div>\n\t\t\t\t<\/div>\n\t\t<div class=\"elementor-element elementor-element-f21b5d3 e-con-full e-flex e-con e-child\" data-id=\"f21b5d3\" data-element_type=\"container\" data-e-type=\"container\">\n\t\t\t\t<div class=\"elementor-element elementor-element-40a9856 elementor-widget elementor-widget-image\" data-id=\"40a9856\" data-element_type=\"widget\" data-e-type=\"widget\" data-widget_type=\"image.default\">\n\t\t\t\t<div class=\"elementor-widget-container\">\n\t\t\t\t\t\t\t\t\t\t\t\t\t\t\t<img decoding=\"async\" width=\"1024\" height=\"655\" src=\"https:\/\/vcl.lu\/wp-content\/uploads\/2024\/10\/Grafik-1-1024x655.jpg\" class=\"attachment-large size-large wp-image-615\" alt=\"grafische temperatursenkende feuerfeste Auskleidung\" srcset=\"https:\/\/vcl.lu\/wp-content\/uploads\/2024\/10\/Grafik-1-1024x655.jpg 1024w, https:\/\/vcl.lu\/wp-content\/uploads\/2024\/10\/Grafik-1-300x192.jpg 300w, https:\/\/vcl.lu\/wp-content\/uploads\/2024\/10\/Grafik-1-768x491.jpg 768w, https:\/\/vcl.lu\/wp-content\/uploads\/2024\/10\/Grafik-1.jpg 1500w\" sizes=\"(max-width: 1024px) 100vw, 1024px\" \/>\t\t\t\t\t\t\t\t\t\t\t\t\t\t\t<\/div>\n\t\t\t\t<\/div>\n\t\t\t\t<\/div>\n\t\t<div class=\"elementor-element elementor-element-d0ce537 e-con-full e-flex e-con e-child\" data-id=\"d0ce537\" data-element_type=\"container\" data-e-type=\"container\">\n\t\t\t\t<div class=\"elementor-element elementor-element-dec711e elementor-widget elementor-widget-image\" data-id=\"dec711e\" data-element_type=\"widget\" data-e-type=\"widget\" data-widget_type=\"image.default\">\n\t\t\t\t<div class=\"elementor-widget-container\">\n\t\t\t\t\t\t\t\t\t\t\t\t\t\t\t<img decoding=\"async\" width=\"1024\" height=\"655\" src=\"https:\/\/vcl.lu\/wp-content\/uploads\/2024\/10\/Grafik-2-1024x655.jpg\" class=\"attachment-large size-large wp-image-616\" alt=\"Grafiken Temperatursenkung\" srcset=\"https:\/\/vcl.lu\/wp-content\/uploads\/2024\/10\/Grafik-2-1024x655.jpg 1024w, https:\/\/vcl.lu\/wp-content\/uploads\/2024\/10\/Grafik-2-300x192.jpg 300w, https:\/\/vcl.lu\/wp-content\/uploads\/2024\/10\/Grafik-2-768x491.jpg 768w, https:\/\/vcl.lu\/wp-content\/uploads\/2024\/10\/Grafik-2.jpg 1500w\" sizes=\"(max-width: 1024px) 100vw, 1024px\" \/>\t\t\t\t\t\t\t\t\t\t\t\t\t\t\t<\/div>\n\t\t\t\t<\/div>\n\t\t\t\t<\/div>\n\t\t\t\t\t<\/div>\n\t\t\t\t<\/div>\n\t\t<div class=\"elementor-element elementor-element-919b255 e-flex e-con-boxed e-con e-parent\" data-id=\"919b255\" data-element_type=\"container\" data-e-type=\"container\" data-settings=\"{&quot;background_background&quot;:&quot;slideshow&quot;,&quot;background_slideshow_gallery&quot;:[{&quot;id&quot;:582,&quot;url&quot;:&quot;https:\\\/\\\/vcl.lu\\\/wp-content\\\/uploads\\\/2024\\\/10\\\/Hintergrundhell.jpg&quot;}],&quot;background_slideshow_loop&quot;:&quot;yes&quot;,&quot;background_slideshow_slide_duration&quot;:5000,&quot;background_slideshow_slide_transition&quot;:&quot;fade&quot;,&quot;background_slideshow_transition_duration&quot;:500}\">\n\t\t\t\t\t<div class=\"e-con-inner\">\n\t\t<div class=\"elementor-element elementor-element-951c40d e-con-full e-flex e-con e-child\" data-id=\"951c40d\" data-element_type=\"container\" data-e-type=\"container\">\n\t\t\t\t<div class=\"elementor-element elementor-element-7e80283 elementor-widget elementor-widget-heading\" data-id=\"7e80283\" data-element_type=\"widget\" data-e-type=\"widget\" data-widget_type=\"heading.default\">\n\t\t\t\t<div class=\"elementor-widget-container\">\n\t\t\t\t\t<h4 class=\"elementor-heading-title elementor-size-default\">Dicke der Feuerfestausmauerung<\/h4>\t\t\t\t<\/div>\n\t\t\t\t<\/div>\n\t\t\t\t<div class=\"elementor-element elementor-element-2ef4ded elementor-widget elementor-widget-image\" data-id=\"2ef4ded\" data-element_type=\"widget\" data-e-type=\"widget\" data-widget_type=\"image.default\">\n\t\t\t\t<div class=\"elementor-widget-container\">\n\t\t\t\t\t\t\t\t\t\t\t\t\t\t\t<img loading=\"lazy\" decoding=\"async\" width=\"251\" height=\"300\" src=\"https:\/\/vcl.lu\/wp-content\/uploads\/2024\/10\/Hitzebild_1-251x300.jpg\" class=\"attachment-medium size-medium wp-image-618\" alt=\"Standard Hitzedarstellung\" srcset=\"https:\/\/vcl.lu\/wp-content\/uploads\/2024\/10\/Hitzebild_1-251x300.jpg 251w, https:\/\/vcl.lu\/wp-content\/uploads\/2024\/10\/Hitzebild_1-768x916.jpg 768w, https:\/\/vcl.lu\/wp-content\/uploads\/2024\/10\/Hitzebild_1.jpg 838w\" sizes=\"(max-width: 251px) 100vw, 251px\" \/>\t\t\t\t\t\t\t\t\t\t\t\t\t\t\t<\/div>\n\t\t\t\t<\/div>\n\t\t\t\t<\/div>\n\t\t<div class=\"elementor-element elementor-element-51b69ca e-con-full e-flex e-con e-child\" data-id=\"51b69ca\" data-element_type=\"container\" data-e-type=\"container\">\n\t\t\t\t<div class=\"elementor-element elementor-element-2f92a10 elementor-widget elementor-widget-heading\" data-id=\"2f92a10\" data-element_type=\"widget\" data-e-type=\"widget\" data-widget_type=\"heading.default\">\n\t\t\t\t<div class=\"elementor-widget-container\">\n\t\t\t\t\t<h4 class=\"elementor-heading-title elementor-size-default\">Dicke der Feuerfestausmauerung<\/h4>\t\t\t\t<\/div>\n\t\t\t\t<\/div>\n\t\t\t\t<div class=\"elementor-element elementor-element-720dda2 elementor-widget elementor-widget-image\" data-id=\"720dda2\" data-element_type=\"widget\" data-e-type=\"widget\" data-widget_type=\"image.default\">\n\t\t\t\t<div class=\"elementor-widget-container\">\n\t\t\t\t\t\t\t\t\t\t\t\t\t\t\t<img loading=\"lazy\" decoding=\"async\" width=\"211\" height=\"300\" src=\"https:\/\/vcl.lu\/wp-content\/uploads\/2024\/10\/Hitzebild_2-211x300.jpg\" class=\"attachment-medium size-medium wp-image-619\" alt=\"Hitzedarstellung beim Energiesparen\" srcset=\"https:\/\/vcl.lu\/wp-content\/uploads\/2024\/10\/Hitzebild_2-211x300.jpg 211w, https:\/\/vcl.lu\/wp-content\/uploads\/2024\/10\/Hitzebild_2.jpg 704w\" sizes=\"(max-width: 211px) 100vw, 211px\" \/>\t\t\t\t\t\t\t\t\t\t\t\t\t\t\t<\/div>\n\t\t\t\t<\/div>\n\t\t\t\t<\/div>\n\t\t\t\t\t<\/div>\n\t\t\t\t<\/div>\n\t\t<div class=\"elementor-element elementor-element-c12aae8 e-flex e-con-boxed e-con e-parent\" data-id=\"c12aae8\" data-element_type=\"container\" data-e-type=\"container\" data-settings=\"{&quot;background_background&quot;:&quot;slideshow&quot;,&quot;background_slideshow_gallery&quot;:[],&quot;background_slideshow_loop&quot;:&quot;yes&quot;,&quot;background_slideshow_slide_duration&quot;:5000,&quot;background_slideshow_slide_transition&quot;:&quot;fade&quot;,&quot;background_slideshow_transition_duration&quot;:500}\">\n\t\t\t\t\t<div class=\"e-con-inner\">\n\t\t<div class=\"elementor-element elementor-element-af93bcf e-con-full e-flex e-con e-child\" data-id=\"af93bcf\" data-element_type=\"container\" data-e-type=\"container\">\n\t\t\t\t<div class=\"elementor-element elementor-element-d165588 elementor-widget elementor-widget-image\" data-id=\"d165588\" data-element_type=\"widget\" data-e-type=\"widget\" data-widget_type=\"image.default\">\n\t\t\t\t<div class=\"elementor-widget-container\">\n\t\t\t\t\t\t\t\t\t\t\t\t\t\t\t<img loading=\"lazy\" decoding=\"async\" width=\"1000\" height=\"883\" src=\"https:\/\/vcl.lu\/wp-content\/uploads\/2024\/10\/GRAFIK3.jpg\" class=\"attachment-large size-large wp-image-617\" alt=\"D\u00fcsenstock Energiesparen\" srcset=\"https:\/\/vcl.lu\/wp-content\/uploads\/2024\/10\/GRAFIK3.jpg 1000w, https:\/\/vcl.lu\/wp-content\/uploads\/2024\/10\/GRAFIK3-300x265.jpg 300w, https:\/\/vcl.lu\/wp-content\/uploads\/2024\/10\/GRAFIK3-768x678.jpg 768w\" sizes=\"(max-width: 1000px) 100vw, 1000px\" \/>\t\t\t\t\t\t\t\t\t\t\t\t\t\t\t<\/div>\n\t\t\t\t<\/div>\n\t\t\t\t<\/div>\n\t\t<div class=\"elementor-element elementor-element-8fb3f9c e-con-full e-flex e-con e-child\" data-id=\"8fb3f9c\" data-element_type=\"container\" data-e-type=\"container\">\n\t\t\t\t<div class=\"elementor-element elementor-element-385b02f elementor-widget elementor-widget-text-editor\" data-id=\"385b02f\" data-element_type=\"widget\" data-e-type=\"widget\" data-widget_type=\"text-editor.default\">\n\t\t\t\t<div class=\"elementor-widget-container\">\n\t\t\t\t\t\t\t\t\t<p class=\"p1\">Individuelle Kosteneinsparungsberechnungen k\u00f6nnen auf Anfrage erstellt werden<\/p><p> <\/p><p class=\"p3\"><i>* Kosteneinsparungen sind abh\u00e4ngig von der Hochofengr\u00f6\u00dfe, Koks Preis und CO<sub>2<\/sub> Zertifikatskosten<\/i><\/p>\t\t\t\t\t\t\t\t<\/div>\n\t\t\t\t<\/div>\n\t\t\t\t<\/div>\n\t\t<div class=\"elementor-element elementor-element-cd479dd e-con-full e-flex e-con e-child\" data-id=\"cd479dd\" data-element_type=\"container\" data-e-type=\"container\">\n\t\t\t\t<\/div>\n\t\t\t\t\t<\/div>\n\t\t\t\t<\/div>\n\t\t<div class=\"elementor-element elementor-element-36e1415 e-flex e-con-boxed e-con e-parent\" data-id=\"36e1415\" data-element_type=\"container\" data-e-type=\"container\" data-settings=\"{&quot;background_background&quot;:&quot;slideshow&quot;,&quot;background_slideshow_gallery&quot;:[{&quot;id&quot;:842,&quot;url&quot;:&quot;https:\\\/\\\/vcl.lu\\\/wp-content\\\/uploads\\\/2025\\\/01\\\/Hochofen-mit-Schaulochdeckel-Bajonett.jpg&quot;}],&quot;background_slideshow_loop&quot;:&quot;yes&quot;,&quot;background_slideshow_slide_duration&quot;:5000,&quot;background_slideshow_slide_transition&quot;:&quot;fade&quot;,&quot;background_slideshow_transition_duration&quot;:500}\">\n\t\t\t\t\t<div class=\"e-con-inner\">\n\t\t\t\t\t<\/div>\n\t\t\t\t<\/div>\n\t\t\t\t<\/div>\n\t\t","protected":false},"excerpt":{"rendered":"<p>D\u00dcSENST\u00d6CKE D\u00dcSENST\u00d6CKE Der energiesparende D\u00fcsenstock ist ein weltweit patentiertes Design. Das Isoliermaterial (Thermoblocker) ist ein mikropor\u00f6ser W\u00e4rmed\u00e4mmstoff mit extrem niedrigen W\u00e4rmeleitkoeffizient und besteht aus anorganischen Substanzen und Siliziumbestandteilen.Die Versiegelung des Thermoblockers mit Aluminiumfolie verhindert das Eindringen von Feuchtigkeit w\u00e4hrend des Ausgie\u00dfprozesses mit Feuerfestbeton. Um die exakte Form der Innenkontur der Stahlbauteile zu reproduzieren, wird jeder&hellip;&nbsp;<a href=\"https:\/\/vcl.lu\/de\/iron-steel\/duesenstoecke\/\" rel=\"bookmark\"><span class=\"screen-reader-text\">D\u00dcSENST\u00d6CKE<\/span><\/a><\/p>\n","protected":false},"author":2,"featured_media":0,"parent":2040,"menu_order":0,"comment_status":"closed","ping_status":"closed","template":"page-templates\/template-pagebuilder-full-width.php","meta":{"inline_featured_image":false,"neve_meta_sidebar":"","neve_meta_container":"","neve_meta_enable_content_width":"","neve_meta_content_width":0,"neve_meta_title_alignment":"","neve_meta_author_avatar":"","neve_post_elements_order":"","neve_meta_disable_header":"","neve_meta_disable_footer":"","neve_meta_disable_title":"","footnotes":""},"class_list":["post-2155","page","type-page","status-publish","hentry"],"_links":{"self":[{"href":"https:\/\/vcl.lu\/de\/wp-json\/wp\/v2\/pages\/2155","targetHints":{"allow":["GET"]}}],"collection":[{"href":"https:\/\/vcl.lu\/de\/wp-json\/wp\/v2\/pages"}],"about":[{"href":"https:\/\/vcl.lu\/de\/wp-json\/wp\/v2\/types\/page"}],"author":[{"embeddable":true,"href":"https:\/\/vcl.lu\/de\/wp-json\/wp\/v2\/users\/2"}],"replies":[{"embeddable":true,"href":"https:\/\/vcl.lu\/de\/wp-json\/wp\/v2\/comments?post=2155"}],"version-history":[{"count":1,"href":"https:\/\/vcl.lu\/de\/wp-json\/wp\/v2\/pages\/2155\/revisions"}],"predecessor-version":[{"id":2156,"href":"https:\/\/vcl.lu\/de\/wp-json\/wp\/v2\/pages\/2155\/revisions\/2156"}],"up":[{"embeddable":true,"href":"https:\/\/vcl.lu\/de\/wp-json\/wp\/v2\/pages\/2040"}],"wp:attachment":[{"href":"https:\/\/vcl.lu\/de\/wp-json\/wp\/v2\/media?parent=2155"}],"curies":[{"name":"wp","href":"https:\/\/api.w.org\/{rel}","templated":true}]}}