{"id":2157,"date":"2024-10-15T13:29:43","date_gmt":"2024-10-15T11:29:43","guid":{"rendered":"https:\/\/vcl.lu\/iron-steel\/staubaustragsventil\/"},"modified":"2025-11-06T15:27:30","modified_gmt":"2025-11-06T14:27:30","slug":"staubaustragsventil","status":"publish","type":"page","link":"https:\/\/vcl.lu\/de\/iron-steel\/staubaustragsventil\/","title":{"rendered":"STAUBAUSTRAGSVENTIL"},"content":{"rendered":"\t\t<div data-elementor-type=\"wp-page\" data-elementor-id=\"2157\" class=\"elementor elementor-2157 elementor-316\">\n\t\t\t\t<div class=\"elementor-element elementor-element-11ca1bb e-flex e-con-boxed e-con e-parent\" data-id=\"11ca1bb\" data-element_type=\"container\" data-e-type=\"container\" data-settings=\"{&quot;background_background&quot;:&quot;classic&quot;}\">\n\t\t\t\t\t<div class=\"e-con-inner\">\n\t\t\t\t<div class=\"elementor-element elementor-element-3db2891 elementor-widget elementor-widget-heading\" data-id=\"3db2891\" data-element_type=\"widget\" data-e-type=\"widget\" data-widget_type=\"heading.default\">\n\t\t\t\t<div class=\"elementor-widget-container\">\n\t\t\t\t\t<h1 class=\"elementor-heading-title elementor-size-default\">STAUBAUSTRAGSVENTIL<\/h1>\t\t\t\t<\/div>\n\t\t\t\t<\/div>\n\t\t\t\t\t<\/div>\n\t\t\t\t<\/div>\n\t\t<div class=\"elementor-element elementor-element-bffc849 e-flex e-con-boxed e-con e-parent\" data-id=\"bffc849\" data-element_type=\"container\" data-e-type=\"container\">\n\t\t\t\t\t<div class=\"e-con-inner\">\n\t\t<div class=\"elementor-element elementor-element-47ad34e e-con-full e-flex e-con e-child\" data-id=\"47ad34e\" data-element_type=\"container\" data-e-type=\"container\">\n\t\t\t\t<div class=\"elementor-element elementor-element-94239ad elementor-widget elementor-widget-text-editor\" data-id=\"94239ad\" data-element_type=\"widget\" data-e-type=\"widget\" data-widget_type=\"text-editor.default\">\n\t\t\t\t<div class=\"elementor-widget-container\">\n\t\t\t\t\t\t\t\t\t<h2>STAUBAUSTRAGSVENTIL<\/h2>\t\t\t\t\t\t\t\t<\/div>\n\t\t\t\t<\/div>\n\t\t\t\t<\/div>\n\t\t<div class=\"elementor-element elementor-element-edbf907 e-con-full e-flex e-con e-child\" data-id=\"edbf907\" data-element_type=\"container\" data-e-type=\"container\">\n\t\t\t\t<div class=\"elementor-element elementor-element-f101511 elementor-widget elementor-widget-text-editor\" data-id=\"f101511\" data-element_type=\"widget\" data-e-type=\"widget\" data-widget_type=\"text-editor.default\">\n\t\t\t\t<div class=\"elementor-widget-container\">\n\t\t\t\t\t\t\t\t\t<p>Das VCL Staubaustragsventil kann in der Hochofen-Gasreinigung und\/oder in Verbindung mit Standard-Schlauchfiltern (z.B. Trocken-Gas-Reinigung) eingesetzt werden. H\u00e4ufig werden sie unterhalb des Staubabscheiders\/Zyklons installiert, um den Hochofenstaub in Wiegebeh\u00e4lter oder Transportvorrichtungen zu bef\u00f6rdern.  <\/p><p>Die fortschrittlichen Konstruktionsmerkmale und die speziellen Werkstoffe f\u00fchren zu einem robusten Betrieb, der einen erheblichen Kostenvorteil bietet, insbesondere im Hinblick auf die Wartung. Das Staubaustragsventil kann sowohl als Regelventil als auch als Ein-\/Auslass-Ventil verwendet werden. <\/p>\t\t\t\t\t\t\t\t<\/div>\n\t\t\t\t<\/div>\n\t\t\t\t<\/div>\n\t\t\t\t\t<\/div>\n\t\t\t\t<\/div>\n\t\t<div class=\"elementor-element elementor-element-20be677 e-flex e-con-boxed e-con e-parent\" data-id=\"20be677\" data-element_type=\"container\" data-e-type=\"container\" data-settings=\"{&quot;background_background&quot;:&quot;classic&quot;}\">\n\t\t\t\t\t<div class=\"e-con-inner\">\n\t\t<div class=\"elementor-element elementor-element-e424fdf e-con-full e-flex e-con e-child\" data-id=\"e424fdf\" data-element_type=\"container\" data-e-type=\"container\">\n\t\t\t\t<div class=\"elementor-element elementor-element-8d74137 elementor-widget elementor-widget-text-editor\" data-id=\"8d74137\" data-element_type=\"widget\" data-e-type=\"widget\" data-widget_type=\"text-editor.default\">\n\t\t\t\t<div class=\"elementor-widget-container\">\n\t\t\t\t\t\t\t\t\t<h3><strong>DESIGNMERKMALE<\/strong><br>STAUBAUSTRAGSVENTIL<\/h3><ul><li>Schweisskonstruktion<\/li><li>Ventilbet\u00e4tigung nach Kundenwunsch (hydr. \/ pneum.)<\/li><li>Druckstufe bis 3,0 bar<\/li><li>Betriebstemperaturen bis 300 \u00b0C<\/li><li>Nennweiten DN 200 &#8211; DN 300<\/li><li>Andere Gr\u00f6\u00dfen oder Betriebsbedingungen auf Anfrage<\/li><\/ul>\t\t\t\t\t\t\t\t<\/div>\n\t\t\t\t<\/div>\n\t\t\t\t<\/div>\n\t\t<div class=\"elementor-element elementor-element-5b8a333 e-con-full e-flex e-con e-child\" data-id=\"5b8a333\" data-element_type=\"container\" data-e-type=\"container\">\n\t\t\t\t<div class=\"elementor-element elementor-element-3d63b76 elementor-widget elementor-widget-text-editor\" data-id=\"3d63b76\" data-element_type=\"widget\" data-e-type=\"widget\" data-widget_type=\"text-editor.default\">\n\t\t\t\t<div class=\"elementor-widget-container\">\n\t\t\t\t\t\t\t\t\t<h3>DESIGN <br>VORTEILE<\/h3><ul><li>Gasdichtheit zwischen Staubabscheider\/Zyklon und Atmosph\u00e4re<\/li><li>Durchflussregelung in einer Schneckenm\u00fchle \/ Schneckenf\u00f6rderer<\/li><li>Hohe Verschlei\u00dffestigkeit<\/li><li>Geringer Wartungsaufwand<\/li><li>Niedrige Bauh\u00f6he<\/li><\/ul>\t\t\t\t\t\t\t\t<\/div>\n\t\t\t\t<\/div>\n\t\t\t\t<\/div>\n\t\t\t\t\t<\/div>\n\t\t\t\t<\/div>\n\t\t<div class=\"elementor-element elementor-element-e0b3b56 e-flex e-con-boxed e-con e-parent\" data-id=\"e0b3b56\" data-element_type=\"container\" data-e-type=\"container\" data-settings=\"{&quot;background_background&quot;:&quot;classic&quot;}\">\n\t\t\t\t\t<div class=\"e-con-inner\">\n\t\t<div class=\"elementor-element elementor-element-c291669 e-con-full e-flex e-con e-child\" data-id=\"c291669\" data-element_type=\"container\" data-e-type=\"container\">\n\t\t\t\t<div class=\"elementor-element elementor-element-b32b979 elementor-widget elementor-widget-stratum-image-hotspot\" data-id=\"b32b979\" data-element_type=\"widget\" data-e-type=\"widget\" data-widget_type=\"stratum-image-hotspot.default\">\n\t\t\t\t<div class=\"elementor-widget-container\">\n\t\t\t\t\t<div class=\"stratum-image-hotspot\">\n    <div class=\"stratum-image-hotspot__wrapper\">\n        <div class=\"stratum-image-hotspot__image\">\n\t\t\t<img fetchpriority=\"high\" decoding=\"async\" width=\"2560\" height=\"2598\" src=\"https:\/\/vcl.lu\/wp-content\/uploads\/2024\/10\/Drehschieber_Einbau_corr.png\" class=\"attachment-full size-full wp-image-137\" alt=\"Dust Discharge Valves technical drawing\" srcset=\"https:\/\/vcl.lu\/wp-content\/uploads\/2024\/10\/Drehschieber_Einbau_corr.png 2560w, https:\/\/vcl.lu\/wp-content\/uploads\/2024\/10\/Drehschieber_Einbau_corr-296x300.png 296w, https:\/\/vcl.lu\/wp-content\/uploads\/2024\/10\/Drehschieber_Einbau_corr-1009x1024.png 1009w, https:\/\/vcl.lu\/wp-content\/uploads\/2024\/10\/Drehschieber_Einbau_corr-768x779.png 768w, https:\/\/vcl.lu\/wp-content\/uploads\/2024\/10\/Drehschieber_Einbau_corr-1514x1536.png 1514w, https:\/\/vcl.lu\/wp-content\/uploads\/2024\/10\/Drehschieber_Einbau_corr-2018x2048.png 2018w\" sizes=\"(max-width: 2560px) 100vw, 2560px\" \/>        <\/div>\n\t\t<div class=\"stratum-image-hotspot__dot has-animation-pulse elementor-repeater-item-1a80c0d\"><div class=\"stratum-image-hotspot__dot-wrapper\" data-options=\"{&quot;open&quot;:false,&quot;tooltipArrow&quot;:true,&quot;placement&quot;:&quot;top&quot;,&quot;tooltipTheme&quot;:&quot;light&quot;,&quot;tooltipAnimation&quot;:&quot;fade&quot;,&quot;tooltipTrigger&quot;:&quot;hover&quot;,&quot;tooltipContent&quot;:&quot;&quot;,&quot;tooltipTitle&quot;:&quot;Staubsack \\\/ Zyklon&quot;}\"><div class=\"stratum-image-hotspot__dot-content\"><i class=\"stratum-image-hotspot__dot-icon fa fa-question-circle\"><\/i><\/div><\/div><\/div><div class=\"stratum-image-hotspot__dot has-animation-pulse elementor-repeater-item-2aaa4fa\"><div class=\"stratum-image-hotspot__dot-wrapper\" data-options=\"{&quot;open&quot;:false,&quot;tooltipArrow&quot;:true,&quot;placement&quot;:&quot;top&quot;,&quot;tooltipTheme&quot;:&quot;light&quot;,&quot;tooltipAnimation&quot;:&quot;fade&quot;,&quot;tooltipTrigger&quot;:&quot;hover&quot;,&quot;tooltipContent&quot;:&quot;&quot;,&quot;tooltipTitle&quot;:&quot;Staubaustragsarmatur&quot;}\"><div class=\"stratum-image-hotspot__dot-content\"><i class=\"stratum-image-hotspot__dot-icon fa fa-question-circle\"><\/i><\/div><\/div><\/div><div class=\"stratum-image-hotspot__dot has-animation-pulse elementor-repeater-item-eebdbf1\"><div class=\"stratum-image-hotspot__dot-wrapper\" data-options=\"{&quot;open&quot;:false,&quot;tooltipArrow&quot;:true,&quot;placement&quot;:&quot;top&quot;,&quot;tooltipTheme&quot;:&quot;light&quot;,&quot;tooltipAnimation&quot;:&quot;fade&quot;,&quot;tooltipTrigger&quot;:&quot;hover&quot;,&quot;tooltipContent&quot;:&quot;&quot;,&quot;tooltipTitle&quot;:&quot;Staubaustragsarmatur&quot;}\"><div class=\"stratum-image-hotspot__dot-content\"><i class=\"stratum-image-hotspot__dot-icon fa fa-question-circle\"><\/i><\/div><\/div><\/div>    <\/div>\n<\/div>\n\t\t\t\t<\/div>\n\t\t\t\t<\/div>\n\t\t\t\t<\/div>\n\t\t<div class=\"elementor-element elementor-element-7a6ca6b e-con-full e-flex e-con e-child\" data-id=\"7a6ca6b\" data-element_type=\"container\" data-e-type=\"container\">\n\t\t\t\t<div class=\"elementor-element elementor-element-7829158 elementor-widget elementor-widget-stratum-image-hotspot\" data-id=\"7829158\" data-element_type=\"widget\" data-e-type=\"widget\" data-widget_type=\"stratum-image-hotspot.default\">\n\t\t\t\t<div class=\"elementor-widget-container\">\n\t\t\t\t\t<div class=\"stratum-image-hotspot\">\n    <div class=\"stratum-image-hotspot__wrapper\">\n        <div class=\"stratum-image-hotspot__image\">\n\t\t\t<img decoding=\"async\" width=\"2560\" height=\"1586\" src=\"https:\/\/vcl.lu\/wp-content\/uploads\/2024\/10\/Drehschieber-DN300-Schnitt.png\" class=\"attachment-full size-full wp-image-135\" alt=\"Dust Discharge Valves cross section\" srcset=\"https:\/\/vcl.lu\/wp-content\/uploads\/2024\/10\/Drehschieber-DN300-Schnitt.png 2560w, https:\/\/vcl.lu\/wp-content\/uploads\/2024\/10\/Drehschieber-DN300-Schnitt-300x186.png 300w, https:\/\/vcl.lu\/wp-content\/uploads\/2024\/10\/Drehschieber-DN300-Schnitt-1024x634.png 1024w, https:\/\/vcl.lu\/wp-content\/uploads\/2024\/10\/Drehschieber-DN300-Schnitt-768x476.png 768w, https:\/\/vcl.lu\/wp-content\/uploads\/2024\/10\/Drehschieber-DN300-Schnitt-1536x952.png 1536w, https:\/\/vcl.lu\/wp-content\/uploads\/2024\/10\/Drehschieber-DN300-Schnitt-2048x1269.png 2048w\" sizes=\"(max-width: 2560px) 100vw, 2560px\" \/>        <\/div>\n\t\t<div class=\"stratum-image-hotspot__dot has-animation-pulse elementor-repeater-item-1a80c0d\"><div class=\"stratum-image-hotspot__dot-wrapper\" data-options=\"{&quot;open&quot;:false,&quot;tooltipArrow&quot;:true,&quot;placement&quot;:&quot;top&quot;,&quot;tooltipTheme&quot;:&quot;light&quot;,&quot;tooltipAnimation&quot;:&quot;fade&quot;,&quot;tooltipTrigger&quot;:&quot;hover&quot;,&quot;tooltipContent&quot;:&quot;&quot;,&quot;tooltipTitle&quot;:&quot;Pneumatikzylinder mit Positionsgeber&quot;}\"><div class=\"stratum-image-hotspot__dot-content\"><i class=\"stratum-image-hotspot__dot-icon fa fa-question-circle\"><\/i><\/div><\/div><\/div><div class=\"stratum-image-hotspot__dot has-animation-pulse elementor-repeater-item-4346c4a\"><div class=\"stratum-image-hotspot__dot-wrapper\" data-options=\"{&quot;open&quot;:false,&quot;tooltipArrow&quot;:true,&quot;placement&quot;:&quot;top&quot;,&quot;tooltipTheme&quot;:&quot;light&quot;,&quot;tooltipAnimation&quot;:&quot;fade&quot;,&quot;tooltipTrigger&quot;:&quot;hover&quot;,&quot;tooltipContent&quot;:&quot;&quot;,&quot;tooltipTitle&quot;:&quot;Spiralfeder&quot;}\"><div class=\"stratum-image-hotspot__dot-content\"><i class=\"stratum-image-hotspot__dot-icon fa fa-question-circle\"><\/i><\/div><\/div><\/div><div class=\"stratum-image-hotspot__dot has-animation-pulse elementor-repeater-item-8fadee2\"><div class=\"stratum-image-hotspot__dot-wrapper\" data-options=\"{&quot;open&quot;:false,&quot;tooltipArrow&quot;:true,&quot;placement&quot;:&quot;top&quot;,&quot;tooltipTheme&quot;:&quot;light&quot;,&quot;tooltipAnimation&quot;:&quot;fade&quot;,&quot;tooltipTrigger&quot;:&quot;hover&quot;,&quot;tooltipContent&quot;:&quot;&quot;,&quot;tooltipTitle&quot;:&quot;Geh\\u00e4use-Gleitplatte&quot;}\"><div class=\"stratum-image-hotspot__dot-content\"><i class=\"stratum-image-hotspot__dot-icon fa fa-question-circle\"><\/i><\/div><\/div><\/div><div class=\"stratum-image-hotspot__dot has-animation-pulse elementor-repeater-item-cf523d2\"><div class=\"stratum-image-hotspot__dot-wrapper\" data-options=\"{&quot;open&quot;:false,&quot;tooltipArrow&quot;:true,&quot;placement&quot;:&quot;top&quot;,&quot;tooltipTheme&quot;:&quot;light&quot;,&quot;tooltipAnimation&quot;:&quot;fade&quot;,&quot;tooltipTrigger&quot;:&quot;hover&quot;,&quot;tooltipContent&quot;:&quot;&quot;,&quot;tooltipTitle&quot;:&quot;Tellerfedern&quot;}\"><div class=\"stratum-image-hotspot__dot-content\"><i class=\"stratum-image-hotspot__dot-icon fa fa-question-circle\"><\/i><\/div><\/div><\/div><div class=\"stratum-image-hotspot__dot has-animation-pulse elementor-repeater-item-5c9ec53\"><div class=\"stratum-image-hotspot__dot-wrapper\" data-options=\"{&quot;open&quot;:false,&quot;tooltipArrow&quot;:true,&quot;placement&quot;:&quot;top&quot;,&quot;tooltipTheme&quot;:&quot;light&quot;,&quot;tooltipAnimation&quot;:&quot;fade&quot;,&quot;tooltipTrigger&quot;:&quot;hover&quot;,&quot;tooltipContent&quot;:&quot;&quot;,&quot;tooltipTitle&quot;:&quot;rotierende Platte&quot;}\"><div class=\"stratum-image-hotspot__dot-content\"><i class=\"stratum-image-hotspot__dot-icon fa fa-question-circle\"><\/i><\/div><\/div><\/div>    <\/div>\n<\/div>\n\t\t\t\t<\/div>\n\t\t\t\t<\/div>\n\t\t\t\t<\/div>\n\t\t\t\t\t<\/div>\n\t\t\t\t<\/div>\n\t\t<div class=\"elementor-element elementor-element-dddd523 e-flex e-con-boxed e-con e-parent\" data-id=\"dddd523\" data-element_type=\"container\" data-e-type=\"container\">\n\t\t\t\t\t<div class=\"e-con-inner\">\n\t\t\t\t<div class=\"elementor-element elementor-element-6d7a18f elementor-widget elementor-widget-image\" data-id=\"6d7a18f\" data-element_type=\"widget\" data-e-type=\"widget\" data-widget_type=\"image.default\">\n\t\t\t\t<div class=\"elementor-widget-container\">\n\t\t\t\t\t\t\t\t\t\t\t\t\t\t\t<img decoding=\"async\" width=\"768\" height=\"504\" src=\"https:\/\/vcl.lu\/wp-content\/uploads\/2024\/10\/Drehschieber-DN300-offen-768x504.png\" class=\"attachment-medium_large size-medium_large wp-image-597\" alt=\"Staubaustragsventil 1\" srcset=\"https:\/\/vcl.lu\/wp-content\/uploads\/2024\/10\/Drehschieber-DN300-offen-768x504.png 768w, https:\/\/vcl.lu\/wp-content\/uploads\/2024\/10\/Drehschieber-DN300-offen-300x197.png 300w, https:\/\/vcl.lu\/wp-content\/uploads\/2024\/10\/Drehschieber-DN300-offen-1024x672.png 1024w, https:\/\/vcl.lu\/wp-content\/uploads\/2024\/10\/Drehschieber-DN300-offen-1536x1007.png 1536w, https:\/\/vcl.lu\/wp-content\/uploads\/2024\/10\/Drehschieber-DN300-offen-2048x1343.png 2048w\" sizes=\"(max-width: 768px) 100vw, 768px\" \/>\t\t\t\t\t\t\t\t\t\t\t\t\t\t\t<\/div>\n\t\t\t\t<\/div>\n\t\t\t\t\t<\/div>\n\t\t\t\t<\/div>\n\t\t\t\t<\/div>\n\t\t","protected":false},"excerpt":{"rendered":"<p>STAUBAUSTRAGSVENTIL STAUBAUSTRAGSVENTIL Das VCL Staubaustragsventil kann in der Hochofen-Gasreinigung und\/oder in Verbindung mit Standard-Schlauchfiltern (z.B. Trocken-Gas-Reinigung) eingesetzt werden. H\u00e4ufig werden sie unterhalb des Staubabscheiders\/Zyklons installiert, um den Hochofenstaub in Wiegebeh\u00e4lter oder Transportvorrichtungen zu bef\u00f6rdern. Die fortschrittlichen Konstruktionsmerkmale und die speziellen Werkstoffe f\u00fchren zu einem robusten Betrieb, der einen erheblichen Kostenvorteil bietet, insbesondere im Hinblick auf&hellip;&nbsp;<a href=\"https:\/\/vcl.lu\/de\/iron-steel\/staubaustragsventil\/\" rel=\"bookmark\"><span class=\"screen-reader-text\">STAUBAUSTRAGSVENTIL<\/span><\/a><\/p>\n","protected":false},"author":2,"featured_media":0,"parent":2040,"menu_order":0,"comment_status":"closed","ping_status":"closed","template":"page-templates\/template-pagebuilder-full-width.php","meta":{"inline_featured_image":false,"neve_meta_sidebar":"","neve_meta_container":"","neve_meta_enable_content_width":"","neve_meta_content_width":0,"neve_meta_title_alignment":"","neve_meta_author_avatar":"","neve_post_elements_order":"","neve_meta_disable_header":"","neve_meta_disable_footer":"","neve_meta_disable_title":"","footnotes":""},"class_list":["post-2157","page","type-page","status-publish","hentry"],"_links":{"self":[{"href":"https:\/\/vcl.lu\/de\/wp-json\/wp\/v2\/pages\/2157","targetHints":{"allow":["GET"]}}],"collection":[{"href":"https:\/\/vcl.lu\/de\/wp-json\/wp\/v2\/pages"}],"about":[{"href":"https:\/\/vcl.lu\/de\/wp-json\/wp\/v2\/types\/page"}],"author":[{"embeddable":true,"href":"https:\/\/vcl.lu\/de\/wp-json\/wp\/v2\/users\/2"}],"replies":[{"embeddable":true,"href":"https:\/\/vcl.lu\/de\/wp-json\/wp\/v2\/comments?post=2157"}],"version-history":[{"count":1,"href":"https:\/\/vcl.lu\/de\/wp-json\/wp\/v2\/pages\/2157\/revisions"}],"predecessor-version":[{"id":2158,"href":"https:\/\/vcl.lu\/de\/wp-json\/wp\/v2\/pages\/2157\/revisions\/2158"}],"up":[{"embeddable":true,"href":"https:\/\/vcl.lu\/de\/wp-json\/wp\/v2\/pages\/2040"}],"wp:attachment":[{"href":"https:\/\/vcl.lu\/de\/wp-json\/wp\/v2\/media?parent=2157"}],"curies":[{"name":"wp","href":"https:\/\/api.w.org\/{rel}","templated":true}]}}