{"id":2159,"date":"2024-10-07T16:38:02","date_gmt":"2024-10-07T14:38:02","guid":{"rendered":"https:\/\/vcl.lu\/iron-steel\/doppelexzenterklappen\/"},"modified":"2025-11-06T15:24:20","modified_gmt":"2025-11-06T14:24:20","slug":"doppelexzenterklappen","status":"publish","type":"page","link":"https:\/\/vcl.lu\/de\/iron-steel\/doppelexzenterklappen\/","title":{"rendered":"DOPPELEXZENTERKLAPPEN"},"content":{"rendered":"\t\t<div data-elementor-type=\"wp-page\" data-elementor-id=\"2159\" class=\"elementor elementor-2159 elementor-143\">\n\t\t\t\t<div class=\"elementor-element elementor-element-11ca1bb e-flex e-con-boxed e-con e-parent\" data-id=\"11ca1bb\" data-element_type=\"container\" data-e-type=\"container\" data-settings=\"{&quot;background_background&quot;:&quot;classic&quot;}\">\n\t\t\t\t\t<div class=\"e-con-inner\">\n\t\t\t\t<div class=\"elementor-element elementor-element-3db2891 elementor-widget elementor-widget-heading\" data-id=\"3db2891\" data-element_type=\"widget\" data-e-type=\"widget\" data-widget_type=\"heading.default\">\n\t\t\t\t<div class=\"elementor-widget-container\">\n\t\t\t\t\t<h1 class=\"elementor-heading-title elementor-size-default\">DOPPELEXZENTERKLAPPEN <\/h1>\t\t\t\t<\/div>\n\t\t\t\t<\/div>\n\t\t\t\t\t<\/div>\n\t\t\t\t<\/div>\n\t\t<div class=\"elementor-element elementor-element-7400790 e-flex e-con-boxed e-con e-parent\" data-id=\"7400790\" data-element_type=\"container\" data-e-type=\"container\">\n\t\t\t\t\t<div class=\"e-con-inner\">\n\t\t<div class=\"elementor-element elementor-element-670429c e-con-full e-flex e-con e-child\" data-id=\"670429c\" data-element_type=\"container\" data-e-type=\"container\">\n\t\t\t\t<div class=\"elementor-element elementor-element-decb599 elementor-widget elementor-widget-text-editor\" data-id=\"decb599\" data-element_type=\"widget\" data-e-type=\"widget\" data-widget_type=\"text-editor.default\">\n\t\t\t\t<div class=\"elementor-widget-container\">\n\t\t\t\t\t\t\t\t\t<h2>DOPPELEXZENTERKLAPPEN <\/h2>\t\t\t\t\t\t\t\t<\/div>\n\t\t\t\t<\/div>\n\t\t\t\t<\/div>\n\t\t<div class=\"elementor-element elementor-element-3afd3b0 e-con-full e-flex e-con e-child\" data-id=\"3afd3b0\" data-element_type=\"container\" data-e-type=\"container\">\n\t\t\t\t<div class=\"elementor-element elementor-element-bcd642b elementor-widget elementor-widget-text-editor\" data-id=\"bcd642b\" data-element_type=\"widget\" data-e-type=\"widget\" data-widget_type=\"text-editor.default\">\n\t\t\t\t<div class=\"elementor-widget-container\">\n\t\t\t\t\t\t\t\t\t<p>Die VCL-Doppelexzenterklappe ist eine Absperr- und Regelvorrichtung f\u00fcr gasf\u00f6rmige Medien in verschiedenen Industriezweigen, z. B. Eisen und Stahl, Nichteisenmetalle, Glas oder Petrochemie. Durch einen selbstspannenden Effekt gew\u00e4hrleistet die Doppelexzenterklappe eine perfekte Dichtheit in der gew\u00fcnschten Druckrichtung. Im Vergleich zu einer Standard-Absperrarmatur ist die Reibung im Sitzbereich deutlich reduziert, was zu einer langen Lebensdauer und geringen Bet\u00e4tigungsmomenten f\u00fchrt. Das rotationssymmetrische Dichtungssystem erm\u00f6glicht eine wirtschaftliche Herstellung und einen einfachen Einbau von Ersatzdichtungen in allen geeigneten Werkstoffen, die von verschiedenen Elastomertypen bis hin zu metallischen Verbunddichtungen f\u00fcr hohe Temperaturen bis 600 \u00b0C reichen. Diese Doppelexzenterklappe kann in jeder Lage eingebaut und mit verschiedenen Antriebssystemen (pneumatisch, manuell, elektrisch oder hydraulisch) ausgestattet werden.    <\/p>\t\t\t\t\t\t\t\t<\/div>\n\t\t\t\t<\/div>\n\t\t\t\t<\/div>\n\t\t\t\t\t<\/div>\n\t\t\t\t<\/div>\n\t\t<div class=\"elementor-element elementor-element-20be677 e-flex e-con-boxed e-con e-parent\" data-id=\"20be677\" data-element_type=\"container\" data-e-type=\"container\" data-settings=\"{&quot;background_background&quot;:&quot;classic&quot;}\">\n\t\t\t\t\t<div class=\"e-con-inner\">\n\t\t<div class=\"elementor-element elementor-element-e424fdf e-con-full e-flex e-con e-child\" data-id=\"e424fdf\" data-element_type=\"container\" data-e-type=\"container\">\n\t\t\t\t<div class=\"elementor-element elementor-element-8d74137 elementor-widget elementor-widget-text-editor\" data-id=\"8d74137\" data-element_type=\"widget\" data-e-type=\"widget\" data-widget_type=\"text-editor.default\">\n\t\t\t\t<div class=\"elementor-widget-container\">\n\t\t\t\t\t\t\t\t\t<h3><strong>DESIGNMERKMALE<\/strong><br>DOPPELEXZENTERKLAPPEN<\/h3><ul><li>Schweisskonstruktion<\/li><li>Bet\u00e4tigung nach Kundenwunsch (manuell \/ elektr. \/ hydr. \/ pneum.)<\/li><li>Interne und externe (hochtemperaturfeste) Wellenlagerung<\/li><li>Druckstufe bis 6,0 bar<\/li><li>Betriebstemperaturen bis 600 \u00b0C<\/li><li>Nennweiten bis DN 3000<\/li><li>Andere Gr\u00f6\u00dfen oder Betriebsbedingungen auf Anfrage<\/li><\/ul>\t\t\t\t\t\t\t\t<\/div>\n\t\t\t\t<\/div>\n\t\t\t\t<\/div>\n\t\t<div class=\"elementor-element elementor-element-5b8a333 e-con-full e-flex e-con e-child\" data-id=\"5b8a333\" data-element_type=\"container\" data-e-type=\"container\">\n\t\t\t\t<div class=\"elementor-element elementor-element-3d63b76 elementor-widget elementor-widget-text-editor\" data-id=\"3d63b76\" data-element_type=\"widget\" data-e-type=\"widget\" data-widget_type=\"text-editor.default\">\n\t\t\t\t<div class=\"elementor-widget-container\">\n\t\t\t\t\t\t\t\t\t<h3>DESIGN <br>VORTEILE<\/h3><ul><li>Doppelexzenterklappen k\u00f6nnen in gas- und dampfbelasteter Atmosph\u00e4re (inkl. Vakuumanwendungen) eingesetzt werden<\/li><li>\u00d6ffnen gegen jeden Differenzdruck<\/li><li>Minimale Reibung und Verschlei\u00df durch doppelexzentrische Geometrie<\/li><\/ul>\t\t\t\t\t\t\t\t<\/div>\n\t\t\t\t<\/div>\n\t\t\t\t<\/div>\n\t\t\t\t\t<\/div>\n\t\t\t\t<\/div>\n\t\t<div class=\"elementor-element elementor-element-e0b3b56 e-flex e-con-boxed e-con e-parent\" data-id=\"e0b3b56\" data-element_type=\"container\" data-e-type=\"container\" data-settings=\"{&quot;background_background&quot;:&quot;classic&quot;}\">\n\t\t\t\t\t<div class=\"e-con-inner\">\n\t\t<div class=\"elementor-element elementor-element-c291669 e-con-full e-flex e-con e-child\" data-id=\"c291669\" data-element_type=\"container\" data-e-type=\"container\">\n\t\t\t\t<div class=\"elementor-element elementor-element-c042205 elementor-widget elementor-widget-image\" data-id=\"c042205\" data-element_type=\"widget\" data-e-type=\"widget\" data-widget_type=\"image.default\">\n\t\t\t\t<div class=\"elementor-widget-container\">\n\t\t\t\t\t\t\t\t\t\t\t\t\t\t\t<img fetchpriority=\"high\" decoding=\"async\" width=\"1024\" height=\"994\" src=\"https:\/\/vcl.lu\/wp-content\/uploads\/2024\/10\/SAB-014873-1024x994.png\" class=\"attachment-large size-large wp-image-603\" alt=\"Modell Doppelexzenterklappe\" srcset=\"https:\/\/vcl.lu\/wp-content\/uploads\/2024\/10\/SAB-014873-1024x994.png 1024w, https:\/\/vcl.lu\/wp-content\/uploads\/2024\/10\/SAB-014873-300x291.png 300w, https:\/\/vcl.lu\/wp-content\/uploads\/2024\/10\/SAB-014873-768x745.png 768w, https:\/\/vcl.lu\/wp-content\/uploads\/2024\/10\/SAB-014873-1536x1491.png 1536w, https:\/\/vcl.lu\/wp-content\/uploads\/2024\/10\/SAB-014873.png 2000w\" sizes=\"(max-width: 1024px) 100vw, 1024px\" \/>\t\t\t\t\t\t\t\t\t\t\t\t\t\t\t<\/div>\n\t\t\t\t<\/div>\n\t\t\t\t<div class=\"elementor-element elementor-element-90232bb elementor-widget elementor-widget-text-editor\" data-id=\"90232bb\" data-element_type=\"widget\" data-e-type=\"widget\" data-widget_type=\"text-editor.default\">\n\t\t\t\t<div class=\"elementor-widget-container\">\n\t\t\t\t\t\t\t\t\t<p class=\"p1\">Doppelexzenterklappe in Geschlossen-Stellung mit Antrieb<\/p>\t\t\t\t\t\t\t\t<\/div>\n\t\t\t\t<\/div>\n\t\t\t\t<\/div>\n\t\t<div class=\"elementor-element elementor-element-7a6ca6b e-con-full e-flex e-con e-child\" data-id=\"7a6ca6b\" data-element_type=\"container\" data-e-type=\"container\">\n\t\t\t\t<div class=\"elementor-element elementor-element-2ec1480 elementor-widget elementor-widget-image\" data-id=\"2ec1480\" data-element_type=\"widget\" data-e-type=\"widget\" data-widget_type=\"image.default\">\n\t\t\t\t<div class=\"elementor-widget-container\">\n\t\t\t\t\t\t\t\t\t\t\t\t\t\t\t<img decoding=\"async\" width=\"1024\" height=\"1014\" src=\"https:\/\/vcl.lu\/wp-content\/uploads\/2024\/10\/Do-Ex-400-hydraulisch_offen-1024x1014.png\" class=\"attachment-large size-large wp-image-601\" alt=\"Doppelexzenterklappe offen\" srcset=\"https:\/\/vcl.lu\/wp-content\/uploads\/2024\/10\/Do-Ex-400-hydraulisch_offen-1024x1014.png 1024w, https:\/\/vcl.lu\/wp-content\/uploads\/2024\/10\/Do-Ex-400-hydraulisch_offen-300x297.png 300w, https:\/\/vcl.lu\/wp-content\/uploads\/2024\/10\/Do-Ex-400-hydraulisch_offen-150x150.png 150w, https:\/\/vcl.lu\/wp-content\/uploads\/2024\/10\/Do-Ex-400-hydraulisch_offen-768x761.png 768w, https:\/\/vcl.lu\/wp-content\/uploads\/2024\/10\/Do-Ex-400-hydraulisch_offen-1536x1521.png 1536w, https:\/\/vcl.lu\/wp-content\/uploads\/2024\/10\/Do-Ex-400-hydraulisch_offen-2048x2028.png 2048w\" sizes=\"(max-width: 1024px) 100vw, 1024px\" \/>\t\t\t\t\t\t\t\t\t\t\t\t\t\t\t<\/div>\n\t\t\t\t<\/div>\n\t\t\t\t<div class=\"elementor-element elementor-element-1ed28e4 elementor-widget elementor-widget-text-editor\" data-id=\"1ed28e4\" data-element_type=\"widget\" data-e-type=\"widget\" data-widget_type=\"text-editor.default\">\n\t\t\t\t<div class=\"elementor-widget-container\">\n\t\t\t\t\t\t\t\t\t<p class=\"p1\">Doppelexzenterklappe in Offen-Stellung mit hydraulischem Antrieb<\/p>\t\t\t\t\t\t\t\t<\/div>\n\t\t\t\t<\/div>\n\t\t\t\t<\/div>\n\t\t\t\t\t<\/div>\n\t\t\t\t<\/div>\n\t\t<div class=\"elementor-element elementor-element-af6338b e-flex e-con-boxed e-con e-parent\" data-id=\"af6338b\" data-element_type=\"container\" data-e-type=\"container\">\n\t\t\t\t\t<div class=\"e-con-inner\">\n\t\t<div class=\"elementor-element elementor-element-d7aabfc e-con-full e-flex e-con e-child\" data-id=\"d7aabfc\" data-element_type=\"container\" data-e-type=\"container\">\n\t\t\t\t<div class=\"elementor-element elementor-element-6f88262 elementor-widget elementor-widget-text-editor\" data-id=\"6f88262\" data-element_type=\"widget\" data-e-type=\"widget\" data-widget_type=\"text-editor.default\">\n\t\t\t\t<div class=\"elementor-widget-container\">\n\t\t\t\t\t\t\t\t\t<h3 class=\"p1\">METALLISCHES DICHTSYSTEM<\/h3>\n<p class=\"p2\">bis 600 \u00b0C<\/p>\t\t\t\t\t\t\t\t<\/div>\n\t\t\t\t<\/div>\n\t\t\t\t<\/div>\n\t\t<div class=\"elementor-element elementor-element-5d48464 e-con-full e-flex e-con e-child\" data-id=\"5d48464\" data-element_type=\"container\" data-e-type=\"container\">\n\t\t\t\t<div class=\"elementor-element elementor-element-6646a64 elementor-widget elementor-widget-image\" data-id=\"6646a64\" data-element_type=\"widget\" data-e-type=\"widget\" data-widget_type=\"image.default\">\n\t\t\t\t<div class=\"elementor-widget-container\">\n\t\t\t\t\t\t\t\t\t\t\t\t\t\t\t<img decoding=\"async\" width=\"1024\" height=\"752\" src=\"https:\/\/vcl.lu\/wp-content\/uploads\/2024\/10\/Metallische_Dichtung-e1728313242346-1024x752.jpg\" class=\"attachment-large size-large wp-image-599\" alt=\"Doppelexzenterklappe detail 3\" srcset=\"https:\/\/vcl.lu\/wp-content\/uploads\/2024\/10\/Metallische_Dichtung-e1728313242346-1024x752.jpg 1024w, https:\/\/vcl.lu\/wp-content\/uploads\/2024\/10\/Metallische_Dichtung-e1728313242346-300x220.jpg 300w, https:\/\/vcl.lu\/wp-content\/uploads\/2024\/10\/Metallische_Dichtung-e1728313242346-768x564.jpg 768w, https:\/\/vcl.lu\/wp-content\/uploads\/2024\/10\/Metallische_Dichtung-e1728313242346.jpg 1500w\" sizes=\"(max-width: 1024px) 100vw, 1024px\" \/>\t\t\t\t\t\t\t\t\t\t\t\t\t\t\t<\/div>\n\t\t\t\t<\/div>\n\t\t\t\t<\/div>\n\t\t<div class=\"elementor-element elementor-element-4b415f8 e-con-full e-flex e-con e-child\" data-id=\"4b415f8\" data-element_type=\"container\" data-e-type=\"container\">\n\t\t\t\t<div class=\"elementor-element elementor-element-613675e elementor-widget elementor-widget-image\" data-id=\"613675e\" data-element_type=\"widget\" data-e-type=\"widget\" data-widget_type=\"image.default\">\n\t\t\t\t<div class=\"elementor-widget-container\">\n\t\t\t\t\t\t\t\t\t\t\t\t\t\t\t<img loading=\"lazy\" decoding=\"async\" width=\"1024\" height=\"727\" src=\"https:\/\/vcl.lu\/wp-content\/uploads\/2024\/10\/Weichdichtung-1024x727.jpg\" class=\"attachment-large size-large wp-image-600\" alt=\"Doppelexzenterklappe Detail 2\" srcset=\"https:\/\/vcl.lu\/wp-content\/uploads\/2024\/10\/Weichdichtung-1024x727.jpg 1024w, https:\/\/vcl.lu\/wp-content\/uploads\/2024\/10\/Weichdichtung-300x213.jpg 300w, https:\/\/vcl.lu\/wp-content\/uploads\/2024\/10\/Weichdichtung-768x545.jpg 768w, https:\/\/vcl.lu\/wp-content\/uploads\/2024\/10\/Weichdichtung.jpg 1500w\" sizes=\"(max-width: 1024px) 100vw, 1024px\" \/>\t\t\t\t\t\t\t\t\t\t\t\t\t\t\t<\/div>\n\t\t\t\t<\/div>\n\t\t\t\t<\/div>\n\t\t<div class=\"elementor-element elementor-element-424ad0a e-con-full e-flex e-con e-child\" data-id=\"424ad0a\" data-element_type=\"container\" data-e-type=\"container\">\n\t\t\t\t<div class=\"elementor-element elementor-element-20da4b4 elementor-widget elementor-widget-text-editor\" data-id=\"20da4b4\" data-element_type=\"widget\" data-e-type=\"widget\" data-widget_type=\"text-editor.default\">\n\t\t\t\t<div class=\"elementor-widget-container\">\n\t\t\t\t\t\t\t\t\t<h3 class=\"p1\">ELASTISCHES DICHTSYSTEM<br>(Silikon, Viton, Graphit, \u2026)<\/h3>\n<p class=\"p1\">bis 300 \u00b0C*<\/p>\n<p> <\/p>\n<p class=\"p1\">* abh\u00e4ngig vom Dichtsystem<\/p>\t\t\t\t\t\t\t\t<\/div>\n\t\t\t\t<\/div>\n\t\t\t\t<\/div>\n\t\t\t\t\t<\/div>\n\t\t\t\t<\/div>\n\t\t<div class=\"elementor-element elementor-element-74ef40f e-flex e-con-boxed e-con e-parent\" data-id=\"74ef40f\" data-element_type=\"container\" data-e-type=\"container\" data-settings=\"{&quot;background_background&quot;:&quot;slideshow&quot;,&quot;background_slideshow_gallery&quot;:[{&quot;id&quot;:582,&quot;url&quot;:&quot;https:\\\/\\\/vcl.lu\\\/wp-content\\\/uploads\\\/2024\\\/10\\\/Hintergrundhell.jpg&quot;}],&quot;background_slideshow_loop&quot;:&quot;yes&quot;,&quot;background_slideshow_slide_duration&quot;:5000,&quot;background_slideshow_slide_transition&quot;:&quot;fade&quot;,&quot;background_slideshow_transition_duration&quot;:500}\">\n\t\t\t\t\t<div class=\"e-con-inner\">\n\t\t\t\t<div class=\"elementor-element elementor-element-92e238f elementor-widget elementor-widget-stratum-image-hotspot\" data-id=\"92e238f\" data-element_type=\"widget\" data-e-type=\"widget\" data-widget_type=\"stratum-image-hotspot.default\">\n\t\t\t\t<div class=\"elementor-widget-container\">\n\t\t\t\t\t<div class=\"stratum-image-hotspot\">\n    <div class=\"stratum-image-hotspot__wrapper\">\n        <div class=\"stratum-image-hotspot__image\">\n\t\t\t<img loading=\"lazy\" decoding=\"async\" width=\"2560\" height=\"954\" src=\"https:\/\/vcl.lu\/wp-content\/uploads\/2024\/10\/SAB-007925.png\" class=\"attachment-full size-full wp-image-141\" alt=\"Double Eccentric Valves detail 1\" srcset=\"https:\/\/vcl.lu\/wp-content\/uploads\/2024\/10\/SAB-007925.png 2560w, https:\/\/vcl.lu\/wp-content\/uploads\/2024\/10\/SAB-007925-300x112.png 300w, https:\/\/vcl.lu\/wp-content\/uploads\/2024\/10\/SAB-007925-1024x382.png 1024w, https:\/\/vcl.lu\/wp-content\/uploads\/2024\/10\/SAB-007925-768x286.png 768w, https:\/\/vcl.lu\/wp-content\/uploads\/2024\/10\/SAB-007925-1536x572.png 1536w, https:\/\/vcl.lu\/wp-content\/uploads\/2024\/10\/SAB-007925-2048x763.png 2048w\" sizes=\"(max-width: 2560px) 100vw, 2560px\" \/>        <\/div>\n\t\t<div class=\"stratum-image-hotspot__dot has-animation-pulse elementor-repeater-item-8e8a9a0\"><div class=\"stratum-image-hotspot__dot-wrapper\" data-options=\"{&quot;open&quot;:false,&quot;tooltipArrow&quot;:true,&quot;placement&quot;:&quot;top&quot;,&quot;tooltipTheme&quot;:&quot;light&quot;,&quot;tooltipAnimation&quot;:&quot;fade&quot;,&quot;tooltipTrigger&quot;:&quot;hover&quot;,&quot;tooltipContent&quot;:&quot;&quot;,&quot;tooltipTitle&quot;:&quot;Antriebswelle&quot;}\"><div class=\"stratum-image-hotspot__dot-content\"><i class=\"stratum-image-hotspot__dot-icon fa fa-question-circle\"><\/i><\/div><\/div><\/div><div class=\"stratum-image-hotspot__dot has-animation-pulse elementor-repeater-item-81f3c52\"><div class=\"stratum-image-hotspot__dot-wrapper\" data-options=\"{&quot;open&quot;:false,&quot;tooltipArrow&quot;:true,&quot;placement&quot;:&quot;top&quot;,&quot;tooltipTheme&quot;:&quot;light&quot;,&quot;tooltipAnimation&quot;:&quot;fade&quot;,&quot;tooltipTrigger&quot;:&quot;hover&quot;,&quot;tooltipContent&quot;:&quot;&quot;,&quot;tooltipTitle&quot;:&quot;Stopfbuchse&quot;}\"><div class=\"stratum-image-hotspot__dot-content\"><i class=\"stratum-image-hotspot__dot-icon fa fa-question-circle\"><\/i><\/div><\/div><\/div><div class=\"stratum-image-hotspot__dot has-animation-pulse elementor-repeater-item-c31a279\"><div class=\"stratum-image-hotspot__dot-wrapper\" data-options=\"{&quot;open&quot;:false,&quot;tooltipArrow&quot;:true,&quot;placement&quot;:&quot;top&quot;,&quot;tooltipTheme&quot;:&quot;light&quot;,&quot;tooltipAnimation&quot;:&quot;fade&quot;,&quot;tooltipTrigger&quot;:&quot;hover&quot;,&quot;tooltipContent&quot;:&quot;&quot;,&quot;tooltipTitle&quot;:&quot;Welle&quot;}\"><div class=\"stratum-image-hotspot__dot-content\"><i class=\"stratum-image-hotspot__dot-icon fa fa-question-circle\"><\/i><\/div><\/div><\/div><div class=\"stratum-image-hotspot__dot has-animation-pulse elementor-repeater-item-1a80c0d\"><div class=\"stratum-image-hotspot__dot-wrapper\" data-options=\"{&quot;open&quot;:false,&quot;tooltipArrow&quot;:true,&quot;placement&quot;:&quot;top&quot;,&quot;tooltipTheme&quot;:&quot;light&quot;,&quot;tooltipAnimation&quot;:&quot;fade&quot;,&quot;tooltipTrigger&quot;:&quot;hover&quot;,&quot;tooltipContent&quot;:&quot;&quot;,&quot;tooltipTitle&quot;:&quot;Klappenscheibe&quot;}\"><div class=\"stratum-image-hotspot__dot-content\"><i class=\"stratum-image-hotspot__dot-icon fa fa-question-circle\"><\/i><\/div><\/div><\/div><div class=\"stratum-image-hotspot__dot has-animation-pulse elementor-repeater-item-fc6918d\"><div class=\"stratum-image-hotspot__dot-wrapper\" data-options=\"{&quot;open&quot;:false,&quot;tooltipArrow&quot;:true,&quot;placement&quot;:&quot;top&quot;,&quot;tooltipTheme&quot;:&quot;light&quot;,&quot;tooltipAnimation&quot;:&quot;fade&quot;,&quot;tooltipTrigger&quot;:&quot;hover&quot;,&quot;tooltipContent&quot;:&quot;&quot;,&quot;tooltipTitle&quot;:&quot;Geh\\u00e4use&quot;}\"><div class=\"stratum-image-hotspot__dot-content\"><i class=\"stratum-image-hotspot__dot-icon fa fa-question-circle\"><\/i><\/div><\/div><\/div><div class=\"stratum-image-hotspot__dot has-animation-pulse elementor-repeater-item-7416cd1\"><div class=\"stratum-image-hotspot__dot-wrapper\" data-options=\"{&quot;open&quot;:false,&quot;tooltipArrow&quot;:true,&quot;placement&quot;:&quot;top&quot;,&quot;tooltipTheme&quot;:&quot;light&quot;,&quot;tooltipAnimation&quot;:&quot;fade&quot;,&quot;tooltipTrigger&quot;:&quot;hover&quot;,&quot;tooltipContent&quot;:&quot;&quot;,&quot;tooltipTitle&quot;:&quot;Antriebskonsole&quot;}\"><div class=\"stratum-image-hotspot__dot-content\"><i class=\"stratum-image-hotspot__dot-icon fa fa-question-circle\"><\/i><\/div><\/div><\/div><div class=\"stratum-image-hotspot__dot has-animation-pulse elementor-repeater-item-9e77ebe\"><div class=\"stratum-image-hotspot__dot-wrapper\" data-options=\"{&quot;open&quot;:false,&quot;tooltipArrow&quot;:true,&quot;placement&quot;:&quot;top&quot;,&quot;tooltipTheme&quot;:&quot;light&quot;,&quot;tooltipAnimation&quot;:&quot;fade&quot;,&quot;tooltipTrigger&quot;:&quot;hover&quot;,&quot;tooltipContent&quot;:&quot;&quot;,&quot;tooltipTitle&quot;:&quot;cover&quot;}\"><div class=\"stratum-image-hotspot__dot-content\"><i class=\"stratum-image-hotspot__dot-icon fa fa-question-circle\"><\/i><\/div><\/div><\/div><div class=\"stratum-image-hotspot__dot has-animation-pulse elementor-repeater-item-22c3ae8\"><div class=\"stratum-image-hotspot__dot-wrapper\" data-options=\"{&quot;open&quot;:false,&quot;tooltipArrow&quot;:true,&quot;placement&quot;:&quot;top&quot;,&quot;tooltipTheme&quot;:&quot;light&quot;,&quot;tooltipAnimation&quot;:&quot;fade&quot;,&quot;tooltipTrigger&quot;:&quot;hover&quot;,&quot;tooltipContent&quot;:&quot;&quot;,&quot;tooltipTitle&quot;:&quot;metallisches Dichtsystem&quot;}\"><div class=\"stratum-image-hotspot__dot-content\"><i class=\"stratum-image-hotspot__dot-icon fa fa-question-circle\"><\/i><\/div><\/div><\/div><div class=\"stratum-image-hotspot__dot has-animation-pulse elementor-repeater-item-1984a15\"><div class=\"stratum-image-hotspot__dot-wrapper\" data-options=\"{&quot;open&quot;:false,&quot;tooltipArrow&quot;:true,&quot;placement&quot;:&quot;top&quot;,&quot;tooltipTheme&quot;:&quot;light&quot;,&quot;tooltipAnimation&quot;:&quot;fade&quot;,&quot;tooltipTrigger&quot;:&quot;hover&quot;,&quot;tooltipContent&quot;:&quot;&quot;,&quot;tooltipTitle&quot;:&quot;exzentrischer Anschlag&quot;}\"><div class=\"stratum-image-hotspot__dot-content\"><i class=\"stratum-image-hotspot__dot-icon fa fa-question-circle\"><\/i><\/div><\/div><\/div>    <\/div>\n<\/div>\n\t\t\t\t<\/div>\n\t\t\t\t<\/div>\n\t\t\t\t\t<\/div>\n\t\t\t\t<\/div>\n\t\t\t\t<\/div>\n\t\t","protected":false},"excerpt":{"rendered":"<p>DOPPELEXZENTERKLAPPEN DOPPELEXZENTERKLAPPEN Die VCL-Doppelexzenterklappe ist eine Absperr- und Regelvorrichtung f\u00fcr gasf\u00f6rmige Medien in verschiedenen Industriezweigen, z. B. Eisen und Stahl, Nichteisenmetalle, Glas oder Petrochemie. Durch einen selbstspannenden Effekt gew\u00e4hrleistet die Doppelexzenterklappe eine perfekte Dichtheit in der gew\u00fcnschten Druckrichtung. Im Vergleich zu einer Standard-Absperrarmatur ist die Reibung im Sitzbereich deutlich reduziert, was zu einer langen Lebensdauer&hellip;&nbsp;<a href=\"https:\/\/vcl.lu\/de\/iron-steel\/doppelexzenterklappen\/\" rel=\"bookmark\"><span class=\"screen-reader-text\">DOPPELEXZENTERKLAPPEN<\/span><\/a><\/p>\n","protected":false},"author":2,"featured_media":0,"parent":2040,"menu_order":0,"comment_status":"closed","ping_status":"closed","template":"page-templates\/template-pagebuilder-full-width.php","meta":{"inline_featured_image":false,"neve_meta_sidebar":"","neve_meta_container":"","neve_meta_enable_content_width":"","neve_meta_content_width":0,"neve_meta_title_alignment":"","neve_meta_author_avatar":"","neve_post_elements_order":"","neve_meta_disable_header":"","neve_meta_disable_footer":"","neve_meta_disable_title":"","footnotes":""},"class_list":["post-2159","page","type-page","status-publish","hentry"],"_links":{"self":[{"href":"https:\/\/vcl.lu\/de\/wp-json\/wp\/v2\/pages\/2159","targetHints":{"allow":["GET"]}}],"collection":[{"href":"https:\/\/vcl.lu\/de\/wp-json\/wp\/v2\/pages"}],"about":[{"href":"https:\/\/vcl.lu\/de\/wp-json\/wp\/v2\/types\/page"}],"author":[{"embeddable":true,"href":"https:\/\/vcl.lu\/de\/wp-json\/wp\/v2\/users\/2"}],"replies":[{"embeddable":true,"href":"https:\/\/vcl.lu\/de\/wp-json\/wp\/v2\/comments?post=2159"}],"version-history":[{"count":1,"href":"https:\/\/vcl.lu\/de\/wp-json\/wp\/v2\/pages\/2159\/revisions"}],"predecessor-version":[{"id":2160,"href":"https:\/\/vcl.lu\/de\/wp-json\/wp\/v2\/pages\/2159\/revisions\/2160"}],"up":[{"embeddable":true,"href":"https:\/\/vcl.lu\/de\/wp-json\/wp\/v2\/pages\/2040"}],"wp:attachment":[{"href":"https:\/\/vcl.lu\/de\/wp-json\/wp\/v2\/media?parent=2159"}],"curies":[{"name":"wp","href":"https:\/\/api.w.org\/{rel}","templated":true}]}}