{"id":2161,"date":"2024-10-16T15:31:20","date_gmt":"2024-10-16T13:31:20","guid":{"rendered":"https:\/\/vcl.lu\/iron-steel\/lenkhebelklappen\/"},"modified":"2025-11-06T15:27:12","modified_gmt":"2025-11-06T14:27:12","slug":"lenkhebelklappen","status":"publish","type":"page","link":"https:\/\/vcl.lu\/de\/iron-steel\/lenkhebelklappen\/","title":{"rendered":"LENKHEBELKLAPPEN"},"content":{"rendered":"\t\t<div data-elementor-type=\"wp-page\" data-elementor-id=\"2161\" class=\"elementor elementor-2161 elementor-390\">\n\t\t\t\t<div class=\"elementor-element elementor-element-11ca1bb e-flex e-con-boxed e-con e-parent\" data-id=\"11ca1bb\" data-element_type=\"container\" data-e-type=\"container\" data-settings=\"{&quot;background_background&quot;:&quot;classic&quot;}\">\n\t\t\t\t\t<div class=\"e-con-inner\">\n\t\t\t\t<div class=\"elementor-element elementor-element-3db2891 elementor-widget elementor-widget-heading\" data-id=\"3db2891\" data-element_type=\"widget\" data-e-type=\"widget\" data-widget_type=\"heading.default\">\n\t\t\t\t<div class=\"elementor-widget-container\">\n\t\t\t\t\t<h1 class=\"elementor-heading-title elementor-size-default\">LENKHEBELKLAPPEN<\/h1>\t\t\t\t<\/div>\n\t\t\t\t<\/div>\n\t\t\t\t\t<\/div>\n\t\t\t\t<\/div>\n\t\t<div class=\"elementor-element elementor-element-77a0ce8 e-flex e-con-boxed e-con e-parent\" data-id=\"77a0ce8\" data-element_type=\"container\" data-e-type=\"container\">\n\t\t\t\t\t<div class=\"e-con-inner\">\n\t\t<div class=\"elementor-element elementor-element-6236ca4 e-con-full e-flex e-con e-child\" data-id=\"6236ca4\" data-element_type=\"container\" data-e-type=\"container\">\n\t\t\t\t<div class=\"elementor-element elementor-element-bc330d5 elementor-widget elementor-widget-text-editor\" data-id=\"bc330d5\" data-element_type=\"widget\" data-e-type=\"widget\" data-widget_type=\"text-editor.default\">\n\t\t\t\t<div class=\"elementor-widget-container\">\n\t\t\t\t\t\t\t\t\t<h2>LENKHEBELKLAPPEN<\/h2>\t\t\t\t\t\t\t\t<\/div>\n\t\t\t\t<\/div>\n\t\t\t\t<\/div>\n\t\t<div class=\"elementor-element elementor-element-00a955b e-con-full e-flex e-con e-child\" data-id=\"00a955b\" data-element_type=\"container\" data-e-type=\"container\">\n\t\t\t\t<div class=\"elementor-element elementor-element-b1fbfa1 elementor-widget elementor-widget-text-editor\" data-id=\"b1fbfa1\" data-element_type=\"widget\" data-e-type=\"widget\" data-widget_type=\"text-editor.default\">\n\t\t\t\t<div class=\"elementor-widget-container\">\n\t\t\t\t\t\t\t\t\t<p>Die VCL Lenkhebelklappe ist ein gasdichtes Absperrorgan f\u00fcr gasf\u00f6rmige Medien. Durch die interne Hebelanordnung entsteht im Betrieb nur eine sehr geringe Reibung zwischen Geh\u00e4usesitz und Klappenteller. Dies f\u00fchrt zu einer langen Lebensdauer, auch bei hoher Schalth\u00e4ufigkeit. Haupteinsatzgebiete sind die Eisen- und Stahlindustrie, Luftzerlegungsanlagen, Gaskraftwerke, die chemische Industrie und andere Anlagen, in denen gasf\u00f6rmige Medien abgesperrt werden m\u00fcssen und die Armatur bei relativ geringen Differenzdr\u00fccken (bis ca. 200mbar) bet\u00e4tigt wird, wobei der statische Druck in ge\u00f6ffneter oder geschlossener Stellung h\u00f6her sein kann.    <\/p>\t\t\t\t\t\t\t\t<\/div>\n\t\t\t\t<\/div>\n\t\t\t\t<\/div>\n\t\t\t\t\t<\/div>\n\t\t\t\t<\/div>\n\t\t<div class=\"elementor-element elementor-element-20be677 e-flex e-con-boxed e-con e-parent\" data-id=\"20be677\" data-element_type=\"container\" data-e-type=\"container\" data-settings=\"{&quot;background_background&quot;:&quot;classic&quot;}\">\n\t\t\t\t\t<div class=\"e-con-inner\">\n\t\t<div class=\"elementor-element elementor-element-e424fdf e-con-full e-flex e-con e-child\" data-id=\"e424fdf\" data-element_type=\"container\" data-e-type=\"container\">\n\t\t\t\t<div class=\"elementor-element elementor-element-8d74137 elementor-widget elementor-widget-text-editor\" data-id=\"8d74137\" data-element_type=\"widget\" data-e-type=\"widget\" data-widget_type=\"text-editor.default\">\n\t\t\t\t<div class=\"elementor-widget-container\">\n\t\t\t\t\t\t\t\t\t<h3><strong>DESIGNMERKMALE<\/strong><br>LENKHEBELKLAPPEN<\/h3><ul><li>Schweisskonstruktion<\/li><li>Bet\u00e4tigung nach Kundenwunsch (manuell \/ elektr. \/ hydr. \/ pneum.)<\/li><li>Ausf\u00fchrungen mit innen- oder au\u00dfenliegender Welle<\/li><li>Innen- oder au\u00dfenliegende (hochtemperaturfeste) Wellenlagerung.<\/li><li>Druckstufe bis 6,0 bar<\/li><li>Betriebstemperaturen bis 500 \u00b0C<\/li><li>Nennweiten bis DN 4000<\/li><li>Andere Gr\u00f6\u00dfen oder Betriebsbedingungen auf Anfrage<\/li><\/ul>\t\t\t\t\t\t\t\t<\/div>\n\t\t\t\t<\/div>\n\t\t\t\t<\/div>\n\t\t<div class=\"elementor-element elementor-element-5b8a333 e-con-full e-flex e-con e-child\" data-id=\"5b8a333\" data-element_type=\"container\" data-e-type=\"container\">\n\t\t\t\t<div class=\"elementor-element elementor-element-3d63b76 elementor-widget elementor-widget-text-editor\" data-id=\"3d63b76\" data-element_type=\"widget\" data-e-type=\"widget\" data-widget_type=\"text-editor.default\">\n\t\t\t\t<div class=\"elementor-widget-container\">\n\t\t\t\t\t\t\t\t\t<h3>DESIGN <br>VORTEILE<\/h3><ul><li>Nahezu kein Verschlei\u00df an den Sitzen durch paralleles und reibungsfreies \u00d6ffnen und Schlie\u00dfen am Klappenteller<\/li><li>zum Einsatz bei reinen und staubbelasteten Gasen geeignet<\/li><li>Ausf\u00fchrung mit feuerfester Auskleidung m\u00f6glich<\/li><\/ul>\t\t\t\t\t\t\t\t<\/div>\n\t\t\t\t<\/div>\n\t\t\t\t<\/div>\n\t\t\t\t\t<\/div>\n\t\t\t\t<\/div>\n\t\t<div class=\"elementor-element elementor-element-ae5395f e-flex e-con-boxed e-con e-parent\" data-id=\"ae5395f\" data-element_type=\"container\" data-e-type=\"container\" data-settings=\"{&quot;background_background&quot;:&quot;slideshow&quot;,&quot;background_slideshow_gallery&quot;:[{&quot;id&quot;:582,&quot;url&quot;:&quot;https:\\\/\\\/vcl.lu\\\/wp-content\\\/uploads\\\/2024\\\/10\\\/Hintergrundhell.jpg&quot;}],&quot;background_slideshow_loop&quot;:&quot;yes&quot;,&quot;background_slideshow_slide_duration&quot;:5000,&quot;background_slideshow_slide_transition&quot;:&quot;fade&quot;,&quot;background_slideshow_transition_duration&quot;:500}\">\n\t\t\t\t\t<div class=\"e-con-inner\">\n\t\t<div class=\"elementor-element elementor-element-a2d0900 e-con-full e-flex e-con e-child\" data-id=\"a2d0900\" data-element_type=\"container\" data-e-type=\"container\">\n\t\t\t\t<div class=\"elementor-element elementor-element-d65ae62 elementor-widget elementor-widget-text-editor\" data-id=\"d65ae62\" data-element_type=\"widget\" data-e-type=\"widget\" data-widget_type=\"text-editor.default\">\n\t\t\t\t<div class=\"elementor-widget-container\">\n\t\t\t\t\t\t\t\t\t<h3 class=\"p1\">METALL-ZU-METALL<\/h3><p class=\"p2\">bis zu 500 \u00b0C<\/p>\t\t\t\t\t\t\t\t<\/div>\n\t\t\t\t<\/div>\n\t\t\t\t<div class=\"elementor-element elementor-element-b32b979 elementor-widget elementor-widget-stratum-image-hotspot\" data-id=\"b32b979\" data-element_type=\"widget\" data-e-type=\"widget\" data-widget_type=\"stratum-image-hotspot.default\">\n\t\t\t\t<div class=\"elementor-widget-container\">\n\t\t\t\t\t<div class=\"stratum-image-hotspot\">\n    <div class=\"stratum-image-hotspot__wrapper\">\n        <div class=\"stratum-image-hotspot__image\">\n\t\t\t<img fetchpriority=\"high\" decoding=\"async\" width=\"1500\" height=\"845\" src=\"https:\/\/vcl.lu\/wp-content\/uploads\/2024\/10\/Dichtung-1.jpg\" class=\"attachment-full size-full wp-image-343\" alt=\"Guide Lever Valves detail 3\" srcset=\"https:\/\/vcl.lu\/wp-content\/uploads\/2024\/10\/Dichtung-1.jpg 1500w, https:\/\/vcl.lu\/wp-content\/uploads\/2024\/10\/Dichtung-1-300x169.jpg 300w, https:\/\/vcl.lu\/wp-content\/uploads\/2024\/10\/Dichtung-1-1024x577.jpg 1024w, https:\/\/vcl.lu\/wp-content\/uploads\/2024\/10\/Dichtung-1-768x433.jpg 768w\" sizes=\"(max-width: 1500px) 100vw, 1500px\" \/>        <\/div>\n\t\t<div class=\"stratum-image-hotspot__dot has-animation-pulse elementor-repeater-item-443b559\"><div class=\"stratum-image-hotspot__dot-wrapper\" data-options=\"{&quot;open&quot;:false,&quot;tooltipArrow&quot;:true,&quot;placement&quot;:&quot;top&quot;,&quot;tooltipTheme&quot;:&quot;light&quot;,&quot;tooltipAnimation&quot;:&quot;fade&quot;,&quot;tooltipTrigger&quot;:&quot;hover&quot;,&quot;tooltipContent&quot;:&quot;&quot;,&quot;tooltipTitle&quot;:&quot;Mortonkante&quot;}\"><div class=\"stratum-image-hotspot__dot-content\"><i class=\"stratum-image-hotspot__dot-icon fa fa-question-circle\"><\/i><\/div><\/div><\/div><div class=\"stratum-image-hotspot__dot has-animation-pulse elementor-repeater-item-fc6918d\"><div class=\"stratum-image-hotspot__dot-wrapper\" data-options=\"{&quot;open&quot;:false,&quot;tooltipArrow&quot;:true,&quot;placement&quot;:&quot;top&quot;,&quot;tooltipTheme&quot;:&quot;light&quot;,&quot;tooltipAnimation&quot;:&quot;fade&quot;,&quot;tooltipTrigger&quot;:&quot;hover&quot;,&quot;tooltipContent&quot;:&quot;&quot;,&quot;tooltipTitle&quot;:&quot;Auftragsschwei\\u00dfung&quot;}\"><div class=\"stratum-image-hotspot__dot-content\"><i class=\"stratum-image-hotspot__dot-icon fa fa-question-circle\"><\/i><\/div><\/div><\/div>    <\/div>\n<\/div>\n\t\t\t\t<\/div>\n\t\t\t\t<\/div>\n\t\t\t\t<\/div>\n\t\t<div class=\"elementor-element elementor-element-939ca33 e-con-full e-flex e-con e-child\" data-id=\"939ca33\" data-element_type=\"container\" data-e-type=\"container\">\n\t\t\t\t<div class=\"elementor-element elementor-element-d67ec6f elementor-widget elementor-widget-text-editor\" data-id=\"d67ec6f\" data-element_type=\"widget\" data-e-type=\"widget\" data-widget_type=\"text-editor.default\">\n\t\t\t\t<div class=\"elementor-widget-container\">\n\t\t\t\t\t\t\t\t\t<h3 class=\"p1\">DOPPELDICHTUNG<\/h3><p class=\"p2\">bis zu 300 \u00b0C<\/p>\t\t\t\t\t\t\t\t<\/div>\n\t\t\t\t<\/div>\n\t\t\t\t<div class=\"elementor-element elementor-element-a2bab2d elementor-widget elementor-widget-stratum-image-hotspot\" data-id=\"a2bab2d\" data-element_type=\"widget\" data-e-type=\"widget\" data-widget_type=\"stratum-image-hotspot.default\">\n\t\t\t\t<div class=\"elementor-widget-container\">\n\t\t\t\t\t<div class=\"stratum-image-hotspot\">\n    <div class=\"stratum-image-hotspot__wrapper\">\n        <div class=\"stratum-image-hotspot__image\">\n\t\t\t<img decoding=\"async\" width=\"1500\" height=\"845\" src=\"https:\/\/vcl.lu\/wp-content\/uploads\/2024\/10\/Dichtung-4.jpg\" class=\"attachment-full size-full wp-image-345\" alt=\"Guide Lever Valves detail 1\" srcset=\"https:\/\/vcl.lu\/wp-content\/uploads\/2024\/10\/Dichtung-4.jpg 1500w, https:\/\/vcl.lu\/wp-content\/uploads\/2024\/10\/Dichtung-4-300x169.jpg 300w, https:\/\/vcl.lu\/wp-content\/uploads\/2024\/10\/Dichtung-4-1024x577.jpg 1024w, https:\/\/vcl.lu\/wp-content\/uploads\/2024\/10\/Dichtung-4-768x433.jpg 768w\" sizes=\"(max-width: 1500px) 100vw, 1500px\" \/>        <\/div>\n\t\t<div class=\"stratum-image-hotspot__dot has-animation-pulse elementor-repeater-item-3381355\"><div class=\"stratum-image-hotspot__dot-wrapper\" data-options=\"{&quot;open&quot;:false,&quot;tooltipArrow&quot;:true,&quot;placement&quot;:&quot;top&quot;,&quot;tooltipTheme&quot;:&quot;light&quot;,&quot;tooltipAnimation&quot;:&quot;fade&quot;,&quot;tooltipTrigger&quot;:&quot;hover&quot;,&quot;tooltipContent&quot;:&quot;&quot;,&quot;tooltipTitle&quot;:&quot;Dichtprofil&quot;}\"><div class=\"stratum-image-hotspot__dot-content\"><i class=\"stratum-image-hotspot__dot-icon fa fa-question-circle\"><\/i><\/div><\/div><\/div><div class=\"stratum-image-hotspot__dot has-animation-pulse elementor-repeater-item-443b559\"><div class=\"stratum-image-hotspot__dot-wrapper\" data-options=\"{&quot;open&quot;:false,&quot;tooltipArrow&quot;:true,&quot;placement&quot;:&quot;top&quot;,&quot;tooltipTheme&quot;:&quot;light&quot;,&quot;tooltipAnimation&quot;:&quot;fade&quot;,&quot;tooltipTrigger&quot;:&quot;hover&quot;,&quot;tooltipContent&quot;:&quot;&quot;,&quot;tooltipTitle&quot;:&quot;Dichtprofil&quot;}\"><div class=\"stratum-image-hotspot__dot-content\"><i class=\"stratum-image-hotspot__dot-icon fa fa-question-circle\"><\/i><\/div><\/div><\/div><div class=\"stratum-image-hotspot__dot has-animation-pulse elementor-repeater-item-fc6918d\"><div class=\"stratum-image-hotspot__dot-wrapper\" data-options=\"{&quot;open&quot;:false,&quot;tooltipArrow&quot;:true,&quot;placement&quot;:&quot;top&quot;,&quot;tooltipTheme&quot;:&quot;light&quot;,&quot;tooltipAnimation&quot;:&quot;fade&quot;,&quot;tooltipTrigger&quot;:&quot;hover&quot;,&quot;tooltipContent&quot;:&quot;&quot;,&quot;tooltipTitle&quot;:&quot;Edelstahl&quot;}\"><div class=\"stratum-image-hotspot__dot-content\"><i class=\"stratum-image-hotspot__dot-icon fa fa-question-circle\"><\/i><\/div><\/div><\/div>    <\/div>\n<\/div>\n\t\t\t\t<\/div>\n\t\t\t\t<\/div>\n\t\t\t\t<\/div>\n\t\t<div class=\"elementor-element elementor-element-a992bb3 e-con-full e-flex e-con e-child\" data-id=\"a992bb3\" data-element_type=\"container\" data-e-type=\"container\">\n\t\t\t\t<div class=\"elementor-element elementor-element-a1cd7be elementor-widget elementor-widget-text-editor\" data-id=\"a1cd7be\" data-element_type=\"widget\" data-e-type=\"widget\" data-widget_type=\"text-editor.default\">\n\t\t\t\t<div class=\"elementor-widget-container\">\n\t\t\t\t\t\t\t\t\t<h3 class=\"p1\">PROFILDICHTUNG (Silikon, Viton, Graphit, \u2026)<\/h3><p class=\"p2\">bis 300 \u00b0C (abh\u00e4ngig vom Dichtungswerkstoff)<\/p>\t\t\t\t\t\t\t\t<\/div>\n\t\t\t\t<\/div>\n\t\t\t\t<div class=\"elementor-element elementor-element-903813e elementor-widget elementor-widget-stratum-image-hotspot\" data-id=\"903813e\" data-element_type=\"widget\" data-e-type=\"widget\" data-widget_type=\"stratum-image-hotspot.default\">\n\t\t\t\t<div class=\"elementor-widget-container\">\n\t\t\t\t\t<div class=\"stratum-image-hotspot\">\n    <div class=\"stratum-image-hotspot__wrapper\">\n        <div class=\"stratum-image-hotspot__image\">\n\t\t\t<img decoding=\"async\" width=\"1500\" height=\"845\" src=\"https:\/\/vcl.lu\/wp-content\/uploads\/2024\/10\/Dichtung-3.jpg\" class=\"attachment-full size-full wp-image-344\" alt=\"Guide Lever Valves detail 2\" srcset=\"https:\/\/vcl.lu\/wp-content\/uploads\/2024\/10\/Dichtung-3.jpg 1500w, https:\/\/vcl.lu\/wp-content\/uploads\/2024\/10\/Dichtung-3-300x169.jpg 300w, https:\/\/vcl.lu\/wp-content\/uploads\/2024\/10\/Dichtung-3-1024x577.jpg 1024w, https:\/\/vcl.lu\/wp-content\/uploads\/2024\/10\/Dichtung-3-768x433.jpg 768w\" sizes=\"(max-width: 1500px) 100vw, 1500px\" \/>        <\/div>\n\t\t<div class=\"stratum-image-hotspot__dot has-animation-pulse elementor-repeater-item-443b559\"><div class=\"stratum-image-hotspot__dot-wrapper\" data-options=\"{&quot;open&quot;:false,&quot;tooltipArrow&quot;:true,&quot;placement&quot;:&quot;top&quot;,&quot;tooltipTheme&quot;:&quot;light&quot;,&quot;tooltipAnimation&quot;:&quot;fade&quot;,&quot;tooltipTrigger&quot;:&quot;hover&quot;,&quot;tooltipContent&quot;:&quot;&quot;,&quot;tooltipTitle&quot;:&quot;Dichtprofil&quot;}\"><div class=\"stratum-image-hotspot__dot-content\"><i class=\"stratum-image-hotspot__dot-icon fa fa-question-circle\"><\/i><\/div><\/div><\/div><div class=\"stratum-image-hotspot__dot has-animation-pulse elementor-repeater-item-fc6918d\"><div class=\"stratum-image-hotspot__dot-wrapper\" data-options=\"{&quot;open&quot;:false,&quot;tooltipArrow&quot;:true,&quot;placement&quot;:&quot;top&quot;,&quot;tooltipTheme&quot;:&quot;light&quot;,&quot;tooltipAnimation&quot;:&quot;fade&quot;,&quot;tooltipTrigger&quot;:&quot;hover&quot;,&quot;tooltipContent&quot;:&quot;&quot;,&quot;tooltipTitle&quot;:&quot;Edelstahl&quot;}\"><div class=\"stratum-image-hotspot__dot-content\"><i class=\"stratum-image-hotspot__dot-icon fa fa-question-circle\"><\/i><\/div><\/div><\/div>    <\/div>\n<\/div>\n\t\t\t\t<\/div>\n\t\t\t\t<\/div>\n\t\t\t\t<\/div>\n\t\t\t\t\t<\/div>\n\t\t\t\t<\/div>\n\t\t<div class=\"elementor-element elementor-element-ef6e7d1 e-flex e-con-boxed e-con e-parent\" data-id=\"ef6e7d1\" data-element_type=\"container\" data-e-type=\"container\">\n\t\t\t\t\t<div class=\"e-con-inner\">\n\t\t<div class=\"elementor-element elementor-element-62e9376 e-con-full e-flex e-con e-child\" data-id=\"62e9376\" data-element_type=\"container\" data-e-type=\"container\">\n\t\t\t\t<div class=\"elementor-element elementor-element-4c1ed56 elementor-widget elementor-widget-image\" data-id=\"4c1ed56\" data-element_type=\"widget\" data-e-type=\"widget\" data-widget_type=\"image.default\">\n\t\t\t\t<div class=\"elementor-widget-container\">\n\t\t\t\t\t\t\t\t\t\t\t\t\t\t\t<img loading=\"lazy\" decoding=\"async\" width=\"829\" height=\"1024\" src=\"https:\/\/vcl.lu\/wp-content\/uploads\/2024\/10\/Lenkhebelklappe-DN-1600-1-829x1024.png\" class=\"attachment-large size-large wp-image-648\" alt=\"Lenkhebelklappe offen\" srcset=\"https:\/\/vcl.lu\/wp-content\/uploads\/2024\/10\/Lenkhebelklappe-DN-1600-1-829x1024.png 829w, https:\/\/vcl.lu\/wp-content\/uploads\/2024\/10\/Lenkhebelklappe-DN-1600-1-243x300.png 243w, https:\/\/vcl.lu\/wp-content\/uploads\/2024\/10\/Lenkhebelklappe-DN-1600-1-768x948.png 768w, https:\/\/vcl.lu\/wp-content\/uploads\/2024\/10\/Lenkhebelklappe-DN-1600-1-1244x1536.png 1244w, https:\/\/vcl.lu\/wp-content\/uploads\/2024\/10\/Lenkhebelklappe-DN-1600-1.png 1620w\" sizes=\"(max-width: 829px) 100vw, 829px\" \/>\t\t\t\t\t\t\t\t\t\t\t\t\t\t\t<\/div>\n\t\t\t\t<\/div>\n\t\t\t\t<div class=\"elementor-element elementor-element-c77c0fd elementor-widget elementor-widget-text-editor\" data-id=\"c77c0fd\" data-element_type=\"widget\" data-e-type=\"widget\" data-widget_type=\"text-editor.default\">\n\t\t\t\t<div class=\"elementor-widget-container\">\n\t\t\t\t\t\t\t\t\t<p class=\"p1\">Ausf\u00fchrung mit au\u00dfenliegender Welle<\/p>\t\t\t\t\t\t\t\t<\/div>\n\t\t\t\t<\/div>\n\t\t\t\t<\/div>\n\t\t<div class=\"elementor-element elementor-element-f1747cf e-con-full e-flex e-con e-child\" data-id=\"f1747cf\" data-element_type=\"container\" data-e-type=\"container\">\n\t\t\t\t<div class=\"elementor-element elementor-element-c0e1538 elementor-widget elementor-widget-image\" data-id=\"c0e1538\" data-element_type=\"widget\" data-e-type=\"widget\" data-widget_type=\"image.default\">\n\t\t\t\t<div class=\"elementor-widget-container\">\n\t\t\t\t\t\t\t\t\t\t\t\t\t\t\t<img loading=\"lazy\" decoding=\"async\" width=\"949\" height=\"1024\" src=\"https:\/\/vcl.lu\/wp-content\/uploads\/2024\/10\/Lenkhebelklappe-DN-1200-949x1024.png\" class=\"attachment-large size-large wp-image-647\" alt=\"Lenkhebelklappe offen, Seite\" srcset=\"https:\/\/vcl.lu\/wp-content\/uploads\/2024\/10\/Lenkhebelklappe-DN-1200-949x1024.png 949w, https:\/\/vcl.lu\/wp-content\/uploads\/2024\/10\/Lenkhebelklappe-DN-1200-278x300.png 278w, https:\/\/vcl.lu\/wp-content\/uploads\/2024\/10\/Lenkhebelklappe-DN-1200-768x828.png 768w, https:\/\/vcl.lu\/wp-content\/uploads\/2024\/10\/Lenkhebelklappe-DN-1200-1424x1536.png 1424w, https:\/\/vcl.lu\/wp-content\/uploads\/2024\/10\/Lenkhebelklappe-DN-1200.png 1854w\" sizes=\"(max-width: 949px) 100vw, 949px\" \/>\t\t\t\t\t\t\t\t\t\t\t\t\t\t\t<\/div>\n\t\t\t\t<\/div>\n\t\t\t\t<div class=\"elementor-element elementor-element-e86d8c4 elementor-widget elementor-widget-text-editor\" data-id=\"e86d8c4\" data-element_type=\"widget\" data-e-type=\"widget\" data-widget_type=\"text-editor.default\">\n\t\t\t\t<div class=\"elementor-widget-container\">\n\t\t\t\t\t\t\t\t\t<p class=\"p1\">Ausf\u00fchrung mit innenliegender Welle<\/p>\t\t\t\t\t\t\t\t<\/div>\n\t\t\t\t<\/div>\n\t\t\t\t<\/div>\n\t\t\t\t\t<\/div>\n\t\t\t\t<\/div>\n\t\t<div class=\"elementor-element elementor-element-40f666a e-flex e-con-boxed e-con e-parent\" data-id=\"40f666a\" data-element_type=\"container\" data-e-type=\"container\" data-settings=\"{&quot;background_background&quot;:&quot;slideshow&quot;,&quot;background_slideshow_gallery&quot;:[{&quot;id&quot;:655,&quot;url&quot;:&quot;https:\\\/\\\/vcl.lu\\\/wp-content\\\/uploads\\\/2024\\\/10\\\/guide-lever-valves.jpg&quot;},{&quot;id&quot;:1332,&quot;url&quot;:&quot;https:\\\/\\\/vcl.lu\\\/wp-content\\\/uploads\\\/2025\\\/03\\\/SAB-110_web.jpg&quot;},{&quot;id&quot;:1330,&quot;url&quot;:&quot;https:\\\/\\\/vcl.lu\\\/wp-content\\\/uploads\\\/2025\\\/03\\\/SAB-111_web.jpg&quot;}],&quot;background_slideshow_ken_burns&quot;:&quot;yes&quot;,&quot;background_slideshow_loop&quot;:&quot;yes&quot;,&quot;background_slideshow_slide_duration&quot;:5000,&quot;background_slideshow_slide_transition&quot;:&quot;fade&quot;,&quot;background_slideshow_transition_duration&quot;:500,&quot;background_slideshow_ken_burns_zoom_direction&quot;:&quot;in&quot;}\">\n\t\t\t\t\t<div class=\"e-con-inner\">\n\t\t\t\t\t<\/div>\n\t\t\t\t<\/div>\n\t\t\t\t<\/div>\n\t\t","protected":false},"excerpt":{"rendered":"<p>LENKHEBELKLAPPEN LENKHEBELKLAPPEN Die VCL Lenkhebelklappe ist ein gasdichtes Absperrorgan f\u00fcr gasf\u00f6rmige Medien. Durch die interne Hebelanordnung entsteht im Betrieb nur eine sehr geringe Reibung zwischen Geh\u00e4usesitz und Klappenteller. Dies f\u00fchrt zu einer langen Lebensdauer, auch bei hoher Schalth\u00e4ufigkeit. Haupteinsatzgebiete sind die Eisen- und Stahlindustrie, Luftzerlegungsanlagen, Gaskraftwerke, die chemische Industrie und andere Anlagen, in denen gasf\u00f6rmige&hellip;&nbsp;<a href=\"https:\/\/vcl.lu\/de\/iron-steel\/lenkhebelklappen\/\" rel=\"bookmark\"><span class=\"screen-reader-text\">LENKHEBELKLAPPEN<\/span><\/a><\/p>\n","protected":false},"author":2,"featured_media":0,"parent":2040,"menu_order":0,"comment_status":"closed","ping_status":"closed","template":"page-templates\/template-pagebuilder-full-width.php","meta":{"inline_featured_image":false,"neve_meta_sidebar":"","neve_meta_container":"","neve_meta_enable_content_width":"","neve_meta_content_width":0,"neve_meta_title_alignment":"","neve_meta_author_avatar":"","neve_post_elements_order":"","neve_meta_disable_header":"","neve_meta_disable_footer":"","neve_meta_disable_title":"","footnotes":""},"class_list":["post-2161","page","type-page","status-publish","hentry"],"_links":{"self":[{"href":"https:\/\/vcl.lu\/de\/wp-json\/wp\/v2\/pages\/2161","targetHints":{"allow":["GET"]}}],"collection":[{"href":"https:\/\/vcl.lu\/de\/wp-json\/wp\/v2\/pages"}],"about":[{"href":"https:\/\/vcl.lu\/de\/wp-json\/wp\/v2\/types\/page"}],"author":[{"embeddable":true,"href":"https:\/\/vcl.lu\/de\/wp-json\/wp\/v2\/users\/2"}],"replies":[{"embeddable":true,"href":"https:\/\/vcl.lu\/de\/wp-json\/wp\/v2\/comments?post=2161"}],"version-history":[{"count":1,"href":"https:\/\/vcl.lu\/de\/wp-json\/wp\/v2\/pages\/2161\/revisions"}],"predecessor-version":[{"id":2162,"href":"https:\/\/vcl.lu\/de\/wp-json\/wp\/v2\/pages\/2161\/revisions\/2162"}],"up":[{"embeddable":true,"href":"https:\/\/vcl.lu\/de\/wp-json\/wp\/v2\/pages\/2040"}],"wp:attachment":[{"href":"https:\/\/vcl.lu\/de\/wp-json\/wp\/v2\/media?parent=2161"}],"curies":[{"name":"wp","href":"https:\/\/api.w.org\/{rel}","templated":true}]}}