{"id":2163,"date":"2025-02-17T20:58:07","date_gmt":"2025-02-17T19:58:07","guid":{"rendered":"https:\/\/vcl.lu\/brennluftversorgungssysteme\/"},"modified":"2025-11-06T15:20:04","modified_gmt":"2025-11-06T14:20:04","slug":"brennluftversorgungssysteme","status":"publish","type":"page","link":"https:\/\/vcl.lu\/de\/glass\/brennluftversorgungssysteme\/","title":{"rendered":"BRENNLUFTVERSORGUNGSSYSTEME"},"content":{"rendered":"\t\t<div data-elementor-type=\"wp-page\" data-elementor-id=\"2163\" class=\"elementor elementor-2163 elementor-934\">\n\t\t\t\t<div class=\"elementor-element elementor-element-11ca1bb e-flex e-con-boxed e-con e-parent\" data-id=\"11ca1bb\" data-element_type=\"container\" data-e-type=\"container\" data-settings=\"{&quot;background_background&quot;:&quot;classic&quot;}\">\n\t\t\t\t\t<div class=\"e-con-inner\">\n\t\t\t\t<div class=\"elementor-element elementor-element-3db2891 elementor-widget elementor-widget-heading\" data-id=\"3db2891\" data-element_type=\"widget\" data-e-type=\"widget\" data-widget_type=\"heading.default\">\n\t\t\t\t<div class=\"elementor-widget-container\">\n\t\t\t\t\t<h1 class=\"elementor-heading-title elementor-size-default\">BRENNLUFTVERSORGUNGSSYSTEME<\/h1>\t\t\t\t<\/div>\n\t\t\t\t<\/div>\n\t\t\t\t\t<\/div>\n\t\t\t\t<\/div>\n\t\t<div class=\"elementor-element elementor-element-20be677 e-flex e-con-boxed e-con e-parent\" data-id=\"20be677\" data-element_type=\"container\" data-e-type=\"container\">\n\t\t\t\t\t<div class=\"e-con-inner\">\n\t\t<div class=\"elementor-element elementor-element-e424fdf e-con-full e-flex e-con e-child\" data-id=\"e424fdf\" data-element_type=\"container\" data-e-type=\"container\">\n\t\t\t\t<div class=\"elementor-element elementor-element-8d74137 elementor-widget elementor-widget-text-editor\" data-id=\"8d74137\" data-element_type=\"widget\" data-e-type=\"widget\" data-widget_type=\"text-editor.default\">\n\t\t\t\t<div class=\"elementor-widget-container\">\n\t\t\t\t\t\t\t\t\t<p class=\"p1\">VCL liefert ma\u00dfgeschneiderte Verbrennungsluftversorgungssysteme f\u00fcr Glasschmelz\u00f6fen. Unsere innovativen Systeme sind so konstruiert, dass sie erhebliche Kostenvorteile bieten, indem sie den Kanalbau minimieren und die erforderliche installierte Leistung reduzieren, was einen effizienten und effektiven Betrieb gew\u00e4hrleistet. <\/p>\t\t\t\t\t\t\t\t<\/div>\n\t\t\t\t<\/div>\n\t\t\t\t<\/div>\n\t\t<div class=\"elementor-element elementor-element-5b8a333 e-con-full e-flex e-con e-child\" data-id=\"5b8a333\" data-element_type=\"container\" data-e-type=\"container\">\n\t\t\t\t<\/div>\n\t\t\t\t\t<\/div>\n\t\t\t\t<\/div>\n\t\t<div class=\"elementor-element elementor-element-632147a e-flex e-con-boxed e-con e-parent\" data-id=\"632147a\" data-element_type=\"container\" data-e-type=\"container\">\n\t\t\t\t\t<div class=\"e-con-inner\">\n\t\t<div class=\"elementor-element elementor-element-1ac5c64 e-con-full e-flex e-con e-child\" data-id=\"1ac5c64\" data-element_type=\"container\" data-e-type=\"container\">\n\t\t\t\t<div class=\"elementor-element elementor-element-d811d9d elementor-widget elementor-widget-text-editor\" data-id=\"d811d9d\" data-element_type=\"widget\" data-e-type=\"widget\" data-widget_type=\"text-editor.default\">\n\t\t\t\t<div class=\"elementor-widget-container\">\n\t\t\t\t\t\t\t\t\t<h2 class=\"p1\"><b>LIEFERUMFANG<\/b><\/h2><p class=\"p1\">Unsere L\u00f6sungen umfassen eine Reihe von Komponenten, die Ihre spezifischen Anforderungen erf\u00fcllen:<\/p><ul class=\"ul1\"><li class=\"li1\"><b>Luftkan\u00e4le und Lufteinlassk\u00e4sten:<\/b> Entwickelt f\u00fcr optimalen Luftstrom und Effizienz.<\/li><li class=\"li1\"><b>Armaturen f\u00fcr Verbrennungsluft:<\/b> Wir bieten verschiedene Arten von Armaturen an, darunter Verbrennungsluft-Absperrklappen, Umschaltklappen und Regelklappen f\u00fcr die Dosierung, Absperrung, Steuerung und Lenkung des Luftstroms.<\/li><li class=\"li1\"><b>Axialventilatoren:<\/b> Ausgestattet mit einer Einstr\u00f6md\u00fcse zur Volumenstrommessung f\u00fcr eine genaue \u00dcberwachung und Steuerung.<\/li><li class=\"li1\"><b>Zus\u00e4tzliche Ger\u00e4te: <\/b>Auf Kundenwunsch werden unsere Systeme mit elektrischen Schaltschr\u00e4nken und\/oder den erforderlichen Mess- und \u00dcberwachungsger\u00e4ten zur genauen Einstellung der erforderlichen Luftmenge geliefert.<\/li><\/ul>\t\t\t\t\t\t\t\t<\/div>\n\t\t\t\t<\/div>\n\t\t\t\t<\/div>\n\t\t<div class=\"elementor-element elementor-element-44c88a7 e-con-full e-flex e-con e-child\" data-id=\"44c88a7\" data-element_type=\"container\" data-e-type=\"container\">\n\t\t\t\t<div class=\"elementor-element elementor-element-5936cf9 elementor-widget elementor-widget-text-editor\" data-id=\"5936cf9\" data-element_type=\"widget\" data-e-type=\"widget\" data-widget_type=\"text-editor.default\">\n\t\t\t\t<div class=\"elementor-widget-container\">\n\t\t\t\t\t\t\t\t\t<h2 class=\"p1\"><b>HAUPTMERKMALE<\/b><\/h2><ul class=\"ul1\"><li class=\"li1\"><b>Robustes und zuverl\u00e4ssiges Design:<\/b> Entwickelt f\u00fcr die Anforderungen industrieller Anwendungen, um Langlebigkeit und Leistung zu gew\u00e4hrleisten.<\/li><li class=\"li1\"><b>Ma\u00dfgeschneiderte L\u00f6sungen: <\/b>Jedes Verbrennungsluftversorgungssystem wird auf die spezifischen Anforderungen unserer Kunden zugeschnitten.<\/li><li class=\"li1\"><b>Pr\u00e4zise Messung:<\/b> Unsere integrierten Systeme bieten eine genaue \u00dcberwachung von Luftstrom, Temperatur und Druck und steigern so die betriebliche Effizienz.<\/li><li class=\"li1\"><b>Kosteneffizienz:<\/b> Durch die Verringerung des erforderlichen Rohrleitungsaufwands und die Minimierung der installierten Leistung erm\u00f6glichen unsere Systeme erhebliche Kosteneinsparungen.<\/li><\/ul>\t\t\t\t\t\t\t\t<\/div>\n\t\t\t\t<\/div>\n\t\t\t\t<\/div>\n\t\t\t\t\t<\/div>\n\t\t\t\t<\/div>\n\t\t<div class=\"elementor-element elementor-element-8991023 e-flex e-con-boxed e-con e-parent\" data-id=\"8991023\" data-element_type=\"container\" data-e-type=\"container\" data-settings=\"{&quot;background_background&quot;:&quot;slideshow&quot;,&quot;background_slideshow_gallery&quot;:[{&quot;id&quot;:582,&quot;url&quot;:&quot;https:\\\/\\\/vcl.lu\\\/wp-content\\\/uploads\\\/2024\\\/10\\\/Hintergrundhell.jpg&quot;}],&quot;background_slideshow_loop&quot;:&quot;yes&quot;,&quot;background_slideshow_slide_duration&quot;:5000,&quot;background_slideshow_slide_transition&quot;:&quot;fade&quot;,&quot;background_slideshow_transition_duration&quot;:500}\">\n\t\t\t\t\t<div class=\"e-con-inner\">\n\t\t<div class=\"elementor-element elementor-element-0a20527 e-con-full e-flex e-con e-child\" data-id=\"0a20527\" data-element_type=\"container\" data-e-type=\"container\">\n\t\t\t\t<div class=\"elementor-element elementor-element-9f3ca6f elementor-widget elementor-widget-image\" data-id=\"9f3ca6f\" data-element_type=\"widget\" data-e-type=\"widget\" data-widget_type=\"image.default\">\n\t\t\t\t<div class=\"elementor-widget-container\">\n\t\t\t\t\t\t\t\t\t\t\t\t\t\t\t<img fetchpriority=\"high\" decoding=\"async\" width=\"1024\" height=\"986\" src=\"https:\/\/vcl.lu\/wp-content\/uploads\/2024\/10\/DRK-Kombination-BMP-Bild-1024x986.png\" class=\"attachment-large size-large wp-image-629\" alt=\"Drosselklappen-Kombination\" srcset=\"https:\/\/vcl.lu\/wp-content\/uploads\/2024\/10\/DRK-Kombination-BMP-Bild-1024x986.png 1024w, https:\/\/vcl.lu\/wp-content\/uploads\/2024\/10\/DRK-Kombination-BMP-Bild-300x289.png 300w, https:\/\/vcl.lu\/wp-content\/uploads\/2024\/10\/DRK-Kombination-BMP-Bild-768x740.png 768w, https:\/\/vcl.lu\/wp-content\/uploads\/2024\/10\/DRK-Kombination-BMP-Bild-1536x1479.png 1536w, https:\/\/vcl.lu\/wp-content\/uploads\/2024\/10\/DRK-Kombination-BMP-Bild.png 2000w\" sizes=\"(max-width: 1024px) 100vw, 1024px\" \/>\t\t\t\t\t\t\t\t\t\t\t\t\t\t\t<\/div>\n\t\t\t\t<\/div>\n\t\t\t\t<div class=\"elementor-element elementor-element-87eb04a elementor-widget elementor-widget-text-editor\" data-id=\"87eb04a\" data-element_type=\"widget\" data-e-type=\"widget\" data-widget_type=\"text-editor.default\">\n\t\t\t\t<div class=\"elementor-widget-container\">\n\t\t\t\t\t\t\t\t\t<p style=\"text-align: center;\">Drosselklappen-Kombination<\/p>\t\t\t\t\t\t\t\t<\/div>\n\t\t\t\t<\/div>\n\t\t\t\t<\/div>\n\t\t<div class=\"elementor-element elementor-element-dde4f0b e-con-full e-flex e-con e-child\" data-id=\"dde4f0b\" data-element_type=\"container\" data-e-type=\"container\">\n\t\t\t\t<div class=\"elementor-element elementor-element-398b3b5 elementor-widget elementor-widget-image\" data-id=\"398b3b5\" data-element_type=\"widget\" data-e-type=\"widget\" data-widget_type=\"image.default\">\n\t\t\t\t<div class=\"elementor-widget-container\">\n\t\t\t\t\t\t\t\t\t\t\t\t\t\t\t<img decoding=\"async\" width=\"1024\" height=\"1019\" src=\"https:\/\/vcl.lu\/wp-content\/uploads\/2024\/10\/Bild-6-HRWK-1024x1019.png\" class=\"attachment-large size-large wp-image-633\" alt=\"\" srcset=\"https:\/\/vcl.lu\/wp-content\/uploads\/2024\/10\/Bild-6-HRWK-1024x1019.png 1024w, https:\/\/vcl.lu\/wp-content\/uploads\/2024\/10\/Bild-6-HRWK-300x300.png 300w, https:\/\/vcl.lu\/wp-content\/uploads\/2024\/10\/Bild-6-HRWK-150x150.png 150w, https:\/\/vcl.lu\/wp-content\/uploads\/2024\/10\/Bild-6-HRWK-768x764.png 768w, https:\/\/vcl.lu\/wp-content\/uploads\/2024\/10\/Bild-6-HRWK-1536x1529.png 1536w, https:\/\/vcl.lu\/wp-content\/uploads\/2024\/10\/Bild-6-HRWK.png 1742w\" sizes=\"(max-width: 1024px) 100vw, 1024px\" \/>\t\t\t\t\t\t\t\t\t\t\t\t\t\t\t<\/div>\n\t\t\t\t<\/div>\n\t\t\t\t<div class=\"elementor-element elementor-element-b335606 elementor-widget elementor-widget-text-editor\" data-id=\"b335606\" data-element_type=\"widget\" data-e-type=\"widget\" data-widget_type=\"text-editor.default\">\n\t\t\t\t<div class=\"elementor-widget-container\">\n\t\t\t\t\t\t\t\t\t<p style=\"text-align: center;\">Hosenrohr-Brennluftwechselklappe<\/p>\t\t\t\t\t\t\t\t<\/div>\n\t\t\t\t<\/div>\n\t\t\t\t<\/div>\n\t\t<div class=\"elementor-element elementor-element-495d6b3 e-con-full e-flex e-con e-child\" data-id=\"495d6b3\" data-element_type=\"container\" data-e-type=\"container\">\n\t\t\t\t<div class=\"elementor-element elementor-element-037e4d6 elementor-widget elementor-widget-image\" data-id=\"037e4d6\" data-element_type=\"widget\" data-e-type=\"widget\" data-widget_type=\"image.default\">\n\t\t\t\t<div class=\"elementor-widget-container\">\n\t\t\t\t\t\t\t\t\t\t\t\t\t\t\t<img decoding=\"async\" width=\"1024\" height=\"759\" src=\"https:\/\/vcl.lu\/wp-content\/uploads\/2024\/10\/Bild-5-BLS-1024x759.png\" class=\"attachment-large size-large wp-image-628\" alt=\"Axialventilator mit Einlauf-Me\u00dfd\u00fcse\" srcset=\"https:\/\/vcl.lu\/wp-content\/uploads\/2024\/10\/Bild-5-BLS-1024x759.png 1024w, https:\/\/vcl.lu\/wp-content\/uploads\/2024\/10\/Bild-5-BLS-300x222.png 300w, https:\/\/vcl.lu\/wp-content\/uploads\/2024\/10\/Bild-5-BLS-768x569.png 768w, https:\/\/vcl.lu\/wp-content\/uploads\/2024\/10\/Bild-5-BLS-1536x1138.png 1536w, https:\/\/vcl.lu\/wp-content\/uploads\/2024\/10\/Bild-5-BLS.png 1935w\" sizes=\"(max-width: 1024px) 100vw, 1024px\" \/>\t\t\t\t\t\t\t\t\t\t\t\t\t\t\t<\/div>\n\t\t\t\t<\/div>\n\t\t\t\t<div class=\"elementor-element elementor-element-69754ad elementor-widget elementor-widget-text-editor\" data-id=\"69754ad\" data-element_type=\"widget\" data-e-type=\"widget\" data-widget_type=\"text-editor.default\">\n\t\t\t\t<div class=\"elementor-widget-container\">\n\t\t\t\t\t\t\t\t\t<p style=\"text-align: center;\">Axialventilator mit Einlauf-Me\u00dfd\u00fcse<\/p>\t\t\t\t\t\t\t\t<\/div>\n\t\t\t\t<\/div>\n\t\t\t\t<\/div>\n\t\t<div class=\"elementor-element elementor-element-a1cf8c6 e-con-full e-flex e-con e-child\" data-id=\"a1cf8c6\" data-element_type=\"container\" data-e-type=\"container\">\n\t\t\t\t<div class=\"elementor-element elementor-element-2770601 elementor-widget elementor-widget-image\" data-id=\"2770601\" data-element_type=\"widget\" data-e-type=\"widget\" data-widget_type=\"image.default\">\n\t\t\t\t<div class=\"elementor-widget-container\">\n\t\t\t\t\t\t\t\t\t\t\t\t\t\t\t<img loading=\"lazy\" decoding=\"async\" width=\"1024\" height=\"950\" src=\"https:\/\/vcl.lu\/wp-content\/uploads\/2025\/03\/air-inlet-boxes-pipework_wen-1024x950.png\" class=\"attachment-large size-large wp-image-1563\" alt=\"Brennluft-Eintrott-K\u00e4sten und Rohrleitungen\" srcset=\"https:\/\/vcl.lu\/wp-content\/uploads\/2025\/03\/air-inlet-boxes-pipework_wen-1024x950.png 1024w, https:\/\/vcl.lu\/wp-content\/uploads\/2025\/03\/air-inlet-boxes-pipework_wen-300x278.png 300w, https:\/\/vcl.lu\/wp-content\/uploads\/2025\/03\/air-inlet-boxes-pipework_wen-768x713.png 768w, https:\/\/vcl.lu\/wp-content\/uploads\/2025\/03\/air-inlet-boxes-pipework_wen.png 1500w\" sizes=\"(max-width: 1024px) 100vw, 1024px\" \/>\t\t\t\t\t\t\t\t\t\t\t\t\t\t\t<\/div>\n\t\t\t\t<\/div>\n\t\t\t\t<div class=\"elementor-element elementor-element-9e68653 elementor-widget elementor-widget-text-editor\" data-id=\"9e68653\" data-element_type=\"widget\" data-e-type=\"widget\" data-widget_type=\"text-editor.default\">\n\t\t\t\t<div class=\"elementor-widget-container\">\n\t\t\t\t\t\t\t\t\t<p style=\"text-align: center;\">Brennluft-Eintritt-K\u00e4sten und Rohrleitungen<\/p>\t\t\t\t\t\t\t\t<\/div>\n\t\t\t\t<\/div>\n\t\t\t\t<\/div>\n\t\t\t\t\t<\/div>\n\t\t\t\t<\/div>\n\t\t\t\t<\/div>\n\t\t","protected":false},"excerpt":{"rendered":"<p>BRENNLUFTVERSORGUNGSSYSTEME VCL liefert ma\u00dfgeschneiderte Verbrennungsluftversorgungssysteme f\u00fcr Glasschmelz\u00f6fen. Unsere innovativen Systeme sind so konstruiert, dass sie erhebliche Kostenvorteile bieten, indem sie den Kanalbau minimieren und die erforderliche installierte Leistung reduzieren, was einen effizienten und effektiven Betrieb gew\u00e4hrleistet. LIEFERUMFANG Unsere L\u00f6sungen umfassen eine Reihe von Komponenten, die Ihre spezifischen Anforderungen erf\u00fcllen: Luftkan\u00e4le und Lufteinlassk\u00e4sten: Entwickelt f\u00fcr optimalen&hellip;&nbsp;<a href=\"https:\/\/vcl.lu\/de\/glass\/brennluftversorgungssysteme\/\" rel=\"bookmark\"><span class=\"screen-reader-text\">BRENNLUFTVERSORGUNGSSYSTEME<\/span><\/a><\/p>\n","protected":false},"author":2,"featured_media":0,"parent":2169,"menu_order":0,"comment_status":"closed","ping_status":"closed","template":"page-templates\/template-pagebuilder-full-width.php","meta":{"inline_featured_image":false,"neve_meta_sidebar":"","neve_meta_container":"","neve_meta_enable_content_width":"","neve_meta_content_width":0,"neve_meta_title_alignment":"","neve_meta_author_avatar":"","neve_post_elements_order":"","neve_meta_disable_header":"","neve_meta_disable_footer":"","neve_meta_disable_title":"","footnotes":""},"class_list":["post-2163","page","type-page","status-publish","hentry"],"_links":{"self":[{"href":"https:\/\/vcl.lu\/de\/wp-json\/wp\/v2\/pages\/2163","targetHints":{"allow":["GET"]}}],"collection":[{"href":"https:\/\/vcl.lu\/de\/wp-json\/wp\/v2\/pages"}],"about":[{"href":"https:\/\/vcl.lu\/de\/wp-json\/wp\/v2\/types\/page"}],"author":[{"embeddable":true,"href":"https:\/\/vcl.lu\/de\/wp-json\/wp\/v2\/users\/2"}],"replies":[{"embeddable":true,"href":"https:\/\/vcl.lu\/de\/wp-json\/wp\/v2\/comments?post=2163"}],"version-history":[{"count":1,"href":"https:\/\/vcl.lu\/de\/wp-json\/wp\/v2\/pages\/2163\/revisions"}],"predecessor-version":[{"id":2164,"href":"https:\/\/vcl.lu\/de\/wp-json\/wp\/v2\/pages\/2163\/revisions\/2164"}],"up":[{"embeddable":true,"href":"https:\/\/vcl.lu\/de\/wp-json\/wp\/v2\/pages\/2169"}],"wp:attachment":[{"href":"https:\/\/vcl.lu\/de\/wp-json\/wp\/v2\/media?parent=2163"}],"curies":[{"name":"wp","href":"https:\/\/api.w.org\/{rel}","templated":true}]}}