{"id":2165,"date":"2025-02-17T21:13:21","date_gmt":"2025-02-17T20:13:21","guid":{"rendered":"https:\/\/vcl.lu\/einlegemaschine\/"},"modified":"2025-11-06T15:20:29","modified_gmt":"2025-11-06T14:20:29","slug":"einlegemaschine","status":"publish","type":"page","link":"https:\/\/vcl.lu\/de\/glass\/einlegemaschine\/","title":{"rendered":"EINLEGEMASCHINE"},"content":{"rendered":"\t\t<div data-elementor-type=\"wp-page\" data-elementor-id=\"2165\" class=\"elementor elementor-2165 elementor-940\">\n\t\t\t\t<div class=\"elementor-element elementor-element-11ca1bb e-flex e-con-boxed e-con e-parent\" data-id=\"11ca1bb\" data-element_type=\"container\" data-e-type=\"container\" data-settings=\"{&quot;background_background&quot;:&quot;classic&quot;}\">\n\t\t\t\t\t<div class=\"e-con-inner\">\n\t\t\t\t<div class=\"elementor-element elementor-element-3db2891 elementor-widget elementor-widget-heading\" data-id=\"3db2891\" data-element_type=\"widget\" data-e-type=\"widget\" data-widget_type=\"heading.default\">\n\t\t\t\t<div class=\"elementor-widget-container\">\n\t\t\t\t\t<h1 class=\"elementor-heading-title elementor-size-default\">EINLEGEMASCHINE<\/h1>\t\t\t\t<\/div>\n\t\t\t\t<\/div>\n\t\t\t\t\t<\/div>\n\t\t\t\t<\/div>\n\t\t<div class=\"elementor-element elementor-element-20be677 e-flex e-con-boxed e-con e-parent\" data-id=\"20be677\" data-element_type=\"container\" data-e-type=\"container\">\n\t\t\t\t\t<div class=\"e-con-inner\">\n\t\t<div class=\"elementor-element elementor-element-e424fdf e-con-full e-flex e-con e-child\" data-id=\"e424fdf\" data-element_type=\"container\" data-e-type=\"container\">\n\t\t\t\t<div class=\"elementor-element elementor-element-8d74137 elementor-widget elementor-widget-text-editor\" data-id=\"8d74137\" data-element_type=\"widget\" data-e-type=\"widget\" data-widget_type=\"text-editor.default\">\n\t\t\t\t<div class=\"elementor-widget-container\">\n\t\t\t\t\t\t\t\t\t<p class=\"p1\">Die ideale L\u00f6sung zum Einlegen des Gemenges an querbeheitzten Glasschmelzwannen. Mit ihrer robusten und zuverl\u00e4ssigen Konstruktion sind unsere Einlegemaschinen f\u00fcr einen langj\u00e4hrigen Dauerbetrieb ausgelegt und bieten Ihrer Anlage erhebliche Kostenvorteile. <\/p>\t\t\t\t\t\t\t\t<\/div>\n\t\t\t\t<\/div>\n\t\t\t\t<\/div>\n\t\t<div class=\"elementor-element elementor-element-5b8a333 e-con-full e-flex e-con e-child\" data-id=\"5b8a333\" data-element_type=\"container\" data-e-type=\"container\">\n\t\t\t\t<\/div>\n\t\t\t\t\t<\/div>\n\t\t\t\t<\/div>\n\t\t<div class=\"elementor-element elementor-element-b92b3b8 e-flex e-con-boxed e-con e-parent\" data-id=\"b92b3b8\" data-element_type=\"container\" data-e-type=\"container\">\n\t\t\t\t\t<div class=\"e-con-inner\">\n\t\t\t\t<div class=\"elementor-element elementor-element-41093e9 elementor-widget elementor-widget-heading\" data-id=\"41093e9\" data-element_type=\"widget\" data-e-type=\"widget\" data-widget_type=\"heading.default\">\n\t\t\t\t<div class=\"elementor-widget-container\">\n\t\t\t\t\t<h2 class=\"elementor-heading-title elementor-size-default\">HAUPTMERKMALE<\/h2>\t\t\t\t<\/div>\n\t\t\t\t<\/div>\n\t\t\t\t\t<\/div>\n\t\t\t\t<\/div>\n\t\t<div class=\"elementor-element elementor-element-632147a e-flex e-con-boxed e-con e-parent\" data-id=\"632147a\" data-element_type=\"container\" data-e-type=\"container\">\n\t\t\t\t\t<div class=\"e-con-inner\">\n\t\t<div class=\"elementor-element elementor-element-1ac5c64 e-con-full e-flex e-con e-child\" data-id=\"1ac5c64\" data-element_type=\"container\" data-e-type=\"container\">\n\t\t\t\t<div class=\"elementor-element elementor-element-d811d9d elementor-widget elementor-widget-text-editor\" data-id=\"d811d9d\" data-element_type=\"widget\" data-e-type=\"widget\" data-widget_type=\"text-editor.default\">\n\t\t\t\t<div class=\"elementor-widget-container\">\n\t\t\t\t\t\t\t\t\t<ul class=\"ul1\"><li class=\"li1\"><b>Ma\u00dfgeschneiderte L\u00f6sungen: <\/b>Individuell anpassbar, um spezifische Kundenanforderungen zu erf\u00fcllen und die perfekte L\u00f6sung f\u00fcr Ihre individuellen betrieblichen Anforderungen zu bieten.<\/li><li class=\"li1\"><b>Modular oder 2-Tisch:<\/b> Erh\u00e4ltlich in modularer (4, 6 oder 8 Maschinen) oder 2-Tisch Konfigurationen, mit verschiedenen Tischbreiten f\u00fcr unterschiedliche Anwendungen.<\/li><li class=\"li1\"><b>Verschiedene Einstellungsoptionen: <\/b>Flexible Einstellm\u00f6glichkeiten f\u00fcr Geschwindigkeit, Neigung<span class=\"s2\">,<\/span> Tischhub und Teppichdicke erm\u00f6glichen eine pr\u00e4zise Steuerung des Einlegevorgangs. Weitere Einstellm\u00f6glichkeiten k\u00f6nnen auf Kundenwunsch angeboten werden. <\/li><li class=\"li1\"><b>K\u00fchlungsoptionen:<\/b> W\u00e4hlen Sie zwischen Luft- oder Wasserk\u00fchlung f\u00fcr den Einlegetisch, um einen sicheren Betrieb unter extremen Betriebsbedingungen zu gew\u00e4hrleisten.<\/li><\/ul>\t\t\t\t\t\t\t\t<\/div>\n\t\t\t\t<\/div>\n\t\t\t\t<\/div>\n\t\t<div class=\"elementor-element elementor-element-44c88a7 e-con-full e-flex e-con e-child\" data-id=\"44c88a7\" data-element_type=\"container\" data-e-type=\"container\">\n\t\t\t\t<div class=\"elementor-element elementor-element-5936cf9 elementor-widget elementor-widget-text-editor\" data-id=\"5936cf9\" data-element_type=\"widget\" data-e-type=\"widget\" data-widget_type=\"text-editor.default\">\n\t\t\t\t<div class=\"elementor-widget-container\">\n\t\t\t\t\t\t\t\t\t<ul class=\"ul1\"><li class=\"li1\"><b>Benutzerfreundliches Design:<\/b> Alle Bedienelemente befinden sich bequem an der R\u00fcckseite der Einlegemaschine, was die Bedienung und Wartung vereinfacht.<\/li><li class=\"li1\"><b>Kosteneffizienter Betrieb: <\/b>Die robuste Konstruktion gew\u00e4hrleistet eine lange Lebensdauer und einen kontinuierlichen Betrieb, was zu erheblichen Kosteneinsparungen f\u00fchrt.<\/li><li class=\"li1\"><b>Geringer Wartungsbedarf: <\/b>Die Konstruktion ist auf minimale Wartung und einfache \u00dcberholung nach jeder Ofenkampagne ausgelegt, wodurch Ausfallzeiten und Betriebskosten reduziert werden.<\/li><li class=\"li1\"><b>Zus\u00e4tzliche Ausr\u00fcstung: <\/b>Optionales Zubeh\u00f6r wie Staubabzugshauben \/ Doghouse-Abdeckungen und Plattformen \/ B\u00fchnen usw. sind auf Anfrage erh\u00e4ltlich.<\/li><\/ul>\t\t\t\t\t\t\t\t<\/div>\n\t\t\t\t<\/div>\n\t\t\t\t<\/div>\n\t\t\t\t\t<\/div>\n\t\t\t\t<\/div>\n\t\t<div class=\"elementor-element elementor-element-c714dfd e-flex e-con-boxed e-con e-parent\" data-id=\"c714dfd\" data-element_type=\"container\" data-e-type=\"container\" data-settings=\"{&quot;background_background&quot;:&quot;slideshow&quot;,&quot;background_slideshow_gallery&quot;:[{&quot;id&quot;:582,&quot;url&quot;:&quot;https:\\\/\\\/vcl.lu\\\/wp-content\\\/uploads\\\/2024\\\/10\\\/Hintergrundhell.jpg&quot;}],&quot;background_slideshow_loop&quot;:&quot;yes&quot;,&quot;background_slideshow_slide_duration&quot;:5000,&quot;background_slideshow_slide_transition&quot;:&quot;fade&quot;,&quot;background_slideshow_transition_duration&quot;:500}\">\n\t\t\t\t\t<div class=\"e-con-inner\">\n\t\t<div class=\"elementor-element elementor-element-423e1b9 e-con-full e-flex e-con e-child\" data-id=\"423e1b9\" data-element_type=\"container\" data-e-type=\"container\">\n\t\t\t\t<div class=\"elementor-element elementor-element-dc7ef88 elementor-widget elementor-widget-image\" data-id=\"dc7ef88\" data-element_type=\"widget\" data-e-type=\"widget\" data-widget_type=\"image.default\">\n\t\t\t\t<div class=\"elementor-widget-container\">\n\t\t\t\t\t\t\t\t\t\t\t\t\t\t\t<img fetchpriority=\"high\" decoding=\"async\" width=\"1024\" height=\"509\" src=\"https:\/\/vcl.lu\/wp-content\/uploads\/2025\/02\/ISO-2-ELM-1024x509.png\" class=\"attachment-large size-large wp-image-962\" alt=\"2-Tisch-Einlegemaschine\" srcset=\"https:\/\/vcl.lu\/wp-content\/uploads\/2025\/02\/ISO-2-ELM-1024x509.png 1024w, https:\/\/vcl.lu\/wp-content\/uploads\/2025\/02\/ISO-2-ELM-300x149.png 300w, https:\/\/vcl.lu\/wp-content\/uploads\/2025\/02\/ISO-2-ELM-768x382.png 768w, https:\/\/vcl.lu\/wp-content\/uploads\/2025\/02\/ISO-2-ELM.png 1500w\" sizes=\"(max-width: 1024px) 100vw, 1024px\" \/>\t\t\t\t\t\t\t\t\t\t\t\t\t\t\t<\/div>\n\t\t\t\t<\/div>\n\t\t\t\t<div class=\"elementor-element elementor-element-93e547a elementor-widget elementor-widget-text-editor\" data-id=\"93e547a\" data-element_type=\"widget\" data-e-type=\"widget\" data-widget_type=\"text-editor.default\">\n\t\t\t\t<div class=\"elementor-widget-container\">\n\t\t\t\t\t\t\t\t\t<p style=\"text-align: center;\">2-Tisch-Einlegemaschine mit 2 x 5.750 mm Tischbreite f\u00fcr eine Schmelzwanne mit 12.600 mm Doghouse-Breite.<\/p>\t\t\t\t\t\t\t\t<\/div>\n\t\t\t\t<\/div>\n\t\t\t\t<\/div>\n\t\t<div class=\"elementor-element elementor-element-a868805 e-con-full e-flex e-con e-child\" data-id=\"a868805\" data-element_type=\"container\" data-e-type=\"container\">\n\t\t\t\t<div class=\"elementor-element elementor-element-985cad7 elementor-widget elementor-widget-image\" data-id=\"985cad7\" data-element_type=\"widget\" data-e-type=\"widget\" data-widget_type=\"image.default\">\n\t\t\t\t<div class=\"elementor-widget-container\">\n\t\t\t\t\t\t\t\t\t\t\t\t\t\t\t<img decoding=\"async\" width=\"1024\" height=\"482\" src=\"https:\/\/vcl.lu\/wp-content\/uploads\/2025\/02\/Batch-Charger-1024x482.png\" class=\"attachment-large size-large wp-image-967\" alt=\"Vier modulare Einlegemaschinen\" srcset=\"https:\/\/vcl.lu\/wp-content\/uploads\/2025\/02\/Batch-Charger-1024x482.png 1024w, https:\/\/vcl.lu\/wp-content\/uploads\/2025\/02\/Batch-Charger-300x141.png 300w, https:\/\/vcl.lu\/wp-content\/uploads\/2025\/02\/Batch-Charger-768x361.png 768w, https:\/\/vcl.lu\/wp-content\/uploads\/2025\/02\/Batch-Charger-1536x723.png 1536w, https:\/\/vcl.lu\/wp-content\/uploads\/2025\/02\/Batch-Charger-2048x963.png 2048w\" sizes=\"(max-width: 1024px) 100vw, 1024px\" \/>\t\t\t\t\t\t\t\t\t\t\t\t\t\t\t<\/div>\n\t\t\t\t<\/div>\n\t\t\t\t<div class=\"elementor-element elementor-element-a974b4e elementor-widget elementor-widget-text-editor\" data-id=\"a974b4e\" data-element_type=\"widget\" data-e-type=\"widget\" data-widget_type=\"text-editor.default\">\n\t\t\t\t<div class=\"elementor-widget-container\">\n\t\t\t\t\t\t\t\t\t<p style=\"text-align: center;\">Vier modulare Einlegemaschinen mit jeweils 2.575 mm Tischbreite f\u00fcr eine Schmelzwanne mit 11.600 mm Doghouse-Breite.<\/p>\t\t\t\t\t\t\t\t<\/div>\n\t\t\t\t<\/div>\n\t\t\t\t<\/div>\n\t\t\t\t\t<\/div>\n\t\t\t\t<\/div>\n\t\t\t\t<\/div>\n\t\t","protected":false},"excerpt":{"rendered":"<p>EINLEGEMASCHINE Die ideale L\u00f6sung zum Einlegen des Gemenges an querbeheitzten Glasschmelzwannen. Mit ihrer robusten und zuverl\u00e4ssigen Konstruktion sind unsere Einlegemaschinen f\u00fcr einen langj\u00e4hrigen Dauerbetrieb ausgelegt und bieten Ihrer Anlage erhebliche Kostenvorteile. HAUPTMERKMALE Ma\u00dfgeschneiderte L\u00f6sungen: Individuell anpassbar, um spezifische Kundenanforderungen zu erf\u00fcllen und die perfekte L\u00f6sung f\u00fcr Ihre individuellen betrieblichen Anforderungen zu bieten. Modular oder 2-Tisch:&hellip;&nbsp;<a href=\"https:\/\/vcl.lu\/de\/glass\/einlegemaschine\/\" rel=\"bookmark\"><span class=\"screen-reader-text\">EINLEGEMASCHINE<\/span><\/a><\/p>\n","protected":false},"author":2,"featured_media":0,"parent":2169,"menu_order":0,"comment_status":"closed","ping_status":"closed","template":"page-templates\/template-pagebuilder-full-width.php","meta":{"inline_featured_image":false,"neve_meta_sidebar":"","neve_meta_container":"","neve_meta_enable_content_width":"","neve_meta_content_width":0,"neve_meta_title_alignment":"","neve_meta_author_avatar":"","neve_post_elements_order":"","neve_meta_disable_header":"","neve_meta_disable_footer":"","neve_meta_disable_title":"","footnotes":""},"class_list":["post-2165","page","type-page","status-publish","hentry"],"_links":{"self":[{"href":"https:\/\/vcl.lu\/de\/wp-json\/wp\/v2\/pages\/2165","targetHints":{"allow":["GET"]}}],"collection":[{"href":"https:\/\/vcl.lu\/de\/wp-json\/wp\/v2\/pages"}],"about":[{"href":"https:\/\/vcl.lu\/de\/wp-json\/wp\/v2\/types\/page"}],"author":[{"embeddable":true,"href":"https:\/\/vcl.lu\/de\/wp-json\/wp\/v2\/users\/2"}],"replies":[{"embeddable":true,"href":"https:\/\/vcl.lu\/de\/wp-json\/wp\/v2\/comments?post=2165"}],"version-history":[{"count":1,"href":"https:\/\/vcl.lu\/de\/wp-json\/wp\/v2\/pages\/2165\/revisions"}],"predecessor-version":[{"id":2166,"href":"https:\/\/vcl.lu\/de\/wp-json\/wp\/v2\/pages\/2165\/revisions\/2166"}],"up":[{"embeddable":true,"href":"https:\/\/vcl.lu\/de\/wp-json\/wp\/v2\/pages\/2169"}],"wp:attachment":[{"href":"https:\/\/vcl.lu\/de\/wp-json\/wp\/v2\/media?parent=2165"}],"curies":[{"name":"wp","href":"https:\/\/api.w.org\/{rel}","templated":true}]}}