{"id":2167,"date":"2025-02-17T20:31:58","date_gmt":"2025-02-17T19:31:58","guid":{"rendered":"https:\/\/vcl.lu\/wannendruck-regelklappen\/"},"modified":"2025-11-06T15:23:07","modified_gmt":"2025-11-06T14:23:07","slug":"wannendruck-regelklappen","status":"publish","type":"page","link":"https:\/\/vcl.lu\/de\/glass\/wannendruck-regelklappen\/","title":{"rendered":"WANNENDRUCK-REGELKLAPPEN"},"content":{"rendered":"\t\t<div data-elementor-type=\"wp-page\" data-elementor-id=\"2167\" class=\"elementor elementor-2167 elementor-915\">\n\t\t\t\t<div class=\"elementor-element elementor-element-11ca1bb e-flex e-con-boxed e-con e-parent\" data-id=\"11ca1bb\" data-element_type=\"container\" data-e-type=\"container\" data-settings=\"{&quot;background_background&quot;:&quot;classic&quot;}\">\n\t\t\t\t\t<div class=\"e-con-inner\">\n\t\t\t\t<div class=\"elementor-element elementor-element-3db2891 elementor-widget elementor-widget-heading\" data-id=\"3db2891\" data-element_type=\"widget\" data-e-type=\"widget\" data-widget_type=\"heading.default\">\n\t\t\t\t<div class=\"elementor-widget-container\">\n\t\t\t\t\t<h1 class=\"elementor-heading-title elementor-size-default\">WANNENDRUCK-REGELKLAPPEN<\/h1>\t\t\t\t<\/div>\n\t\t\t\t<\/div>\n\t\t\t\t\t<\/div>\n\t\t\t\t<\/div>\n\t\t<div class=\"elementor-element elementor-element-20be677 e-flex e-con-boxed e-con e-parent\" data-id=\"20be677\" data-element_type=\"container\" data-e-type=\"container\">\n\t\t\t\t\t<div class=\"e-con-inner\">\n\t\t<div class=\"elementor-element elementor-element-e424fdf e-con-full e-flex e-con e-child\" data-id=\"e424fdf\" data-element_type=\"container\" data-e-type=\"container\">\n\t\t\t\t<div class=\"elementor-element elementor-element-8d74137 elementor-widget elementor-widget-text-editor\" data-id=\"8d74137\" data-element_type=\"widget\" data-e-type=\"widget\" data-widget_type=\"text-editor.default\">\n\t\t\t\t<div class=\"elementor-widget-container\">\n\t\t\t\t\t\t\t\t\t<p class=\"p1\">Die Ofendruckregelklappen werden zur Regelung des Ofendrucks in allen Arten von Glas\u00f6fen eingesetzt und <span class=\"s1\">gew\u00e4hrleisten stabile und kontrollierte Ofenbedingungen.<\/span><\/p>\t\t\t\t\t\t\t\t<\/div>\n\t\t\t\t<\/div>\n\t\t\t\t<\/div>\n\t\t<div class=\"elementor-element elementor-element-5b8a333 e-con-full e-flex e-con e-child\" data-id=\"5b8a333\" data-element_type=\"container\" data-e-type=\"container\">\n\t\t\t\t<\/div>\n\t\t\t\t\t<\/div>\n\t\t\t\t<\/div>\n\t\t<div class=\"elementor-element elementor-element-b92b3b8 e-flex e-con-boxed e-con e-parent\" data-id=\"b92b3b8\" data-element_type=\"container\" data-e-type=\"container\">\n\t\t\t\t\t<div class=\"e-con-inner\">\n\t\t\t\t<div class=\"elementor-element elementor-element-41093e9 elementor-widget elementor-widget-heading\" data-id=\"41093e9\" data-element_type=\"widget\" data-e-type=\"widget\" data-widget_type=\"heading.default\">\n\t\t\t\t<div class=\"elementor-widget-container\">\n\t\t\t\t\t<h2 class=\"elementor-heading-title elementor-size-default\">HAUPTMERKMALE<\/h2>\t\t\t\t<\/div>\n\t\t\t\t<\/div>\n\t\t\t\t\t<\/div>\n\t\t\t\t<\/div>\n\t\t<div class=\"elementor-element elementor-element-632147a e-flex e-con-boxed e-con e-parent\" data-id=\"632147a\" data-element_type=\"container\" data-e-type=\"container\">\n\t\t\t\t\t<div class=\"e-con-inner\">\n\t\t<div class=\"elementor-element elementor-element-1ac5c64 e-con-full e-flex e-con e-child\" data-id=\"1ac5c64\" data-element_type=\"container\" data-e-type=\"container\">\n\t\t\t\t<div class=\"elementor-element elementor-element-d811d9d elementor-widget elementor-widget-text-editor\" data-id=\"d811d9d\" data-element_type=\"widget\" data-e-type=\"widget\" data-widget_type=\"text-editor.default\">\n\t\t\t\t<div class=\"elementor-widget-container\">\n\t\t\t\t\t\t\t\t\t<ul class=\"ul1\"><li class=\"li1\"><b>Multikompatibilit\u00e4t:<\/b> geeignet f\u00fcr alle Arten von Abgaskan\u00e4len, gemauerte Kan\u00e4le und Stahlkan\u00e4le, quadratischer oder runder Querschnitt.<\/li><li class=\"li1\"><b>Temperaturbest\u00e4ndig:<\/b> ungek\u00fchlte Ausf\u00fchrung f\u00fcr den Betrieb bis zu 750 \u00b0C.<\/li><li class=\"li1\"><b>Hohe Langlebigkeit: <\/b>Robustes Design und hochwertige Materialien gew\u00e4hrleisten eine au\u00dfergew\u00f6hnliche Haltbarkeit, selbst in den anspruchsvollen Umgebungen der Glasherstellung.<\/li><li class=\"li1\"><b>Kosteneffizienter Betrieb: <\/b>Die hohe Qualit\u00e4t erm\u00f6glicht den Betrieb \u00fcber mehrere Ofenreisen hinweg und sorgt nicht nur f\u00fcr einen wirtschaftlichen Betrieb, sondern auch f\u00fcr erhebliche Kosteneinsparungen durch geringen Wartungsaufwand und einfache \u00dcberholung &#8211; eine kluge Investition f\u00fcr Ihre Anlage.<\/li><\/ul><ul class=\"ul1\"><li class=\"li4\"><b>Vielseitige Ausf\u00fchrungen:<\/b> Erh\u00e4ltlich in verschiedenen Konfigurationen, einfl\u00fcgeleig, zweifl\u00fcgelig oder in Varianten mit Bypass-Schwert.<\/li><\/ul>\t\t\t\t\t\t\t\t<\/div>\n\t\t\t\t<\/div>\n\t\t\t\t<\/div>\n\t\t<div class=\"elementor-element elementor-element-44c88a7 e-con-full e-flex e-con e-child\" data-id=\"44c88a7\" data-element_type=\"container\" data-e-type=\"container\">\n\t\t\t\t<div class=\"elementor-element elementor-element-5936cf9 elementor-widget elementor-widget-text-editor\" data-id=\"5936cf9\" data-element_type=\"widget\" data-e-type=\"widget\" data-widget_type=\"text-editor.default\">\n\t\t\t\t<div class=\"elementor-widget-container\">\n\t\t\t\t\t\t\t\t\t<ul class=\"ul1\"><li class=\"li1\"><b>Verschiedene Typen:<\/b> Klappen mit h\u00e4ngenden Regelscheiben, die eine platzsparende L\u00f6sung durch die Installation auf den feuerfest gemauerten Seitenw\u00e4nden bieten, oder Drosselklappen f\u00fcr die Installation in Stahlkan\u00e4len.<\/li><li class=\"li1\"><b>Flexible Gr\u00f6\u00dfen:<\/b> Angeboten in zahlreichen Standardgr\u00f6\u00dfen, auf Anfrage auch in kundenspezifischen Abmessungen zur Erf\u00fcllung spezifischer betrieblicher Anforderungen.<\/li><li class=\"li1\"><b>Steuerungsoptionen:<\/b> Ausgestattet mit elektro-pneumatischen, elektrischen oder pneumatischen Regelantrieben f\u00fcr eine nahtlose Integration in Ihr System.<\/li><\/ul>\t\t\t\t\t\t\t\t<\/div>\n\t\t\t\t<\/div>\n\t\t\t\t<\/div>\n\t\t\t\t\t<\/div>\n\t\t\t\t<\/div>\n\t\t<div class=\"elementor-element elementor-element-898a4d5 e-flex e-con-boxed e-con e-parent\" data-id=\"898a4d5\" data-element_type=\"container\" data-e-type=\"container\" data-settings=\"{&quot;background_background&quot;:&quot;slideshow&quot;,&quot;background_slideshow_gallery&quot;:[{&quot;id&quot;:582,&quot;url&quot;:&quot;https:\\\/\\\/vcl.lu\\\/wp-content\\\/uploads\\\/2024\\\/10\\\/Hintergrundhell.jpg&quot;}],&quot;background_slideshow_loop&quot;:&quot;yes&quot;,&quot;background_slideshow_slide_duration&quot;:5000,&quot;background_slideshow_slide_transition&quot;:&quot;fade&quot;,&quot;background_slideshow_transition_duration&quot;:500}\">\n\t\t\t\t\t<div class=\"e-con-inner\">\n\t\t<div class=\"elementor-element elementor-element-c0541f2 e-con-full e-flex e-con e-child\" data-id=\"c0541f2\" data-element_type=\"container\" data-e-type=\"container\">\n\t\t\t\t<div class=\"elementor-element elementor-element-9f3ca6f elementor-widget elementor-widget-image\" data-id=\"9f3ca6f\" data-element_type=\"widget\" data-e-type=\"widget\" data-widget_type=\"image.default\">\n\t\t\t\t<div class=\"elementor-widget-container\">\n\t\t\t\t\t\t\t\t\t\t\t\t\t\t\t<img fetchpriority=\"high\" decoding=\"async\" width=\"1024\" height=\"821\" src=\"https:\/\/vcl.lu\/wp-content\/uploads\/2025\/02\/Furnace_1-1024x821.png\" class=\"attachment-large size-large wp-image-969\" alt=\"Drosselklappe als Wannendruck-Regelklappe, 1-fl\u00fcgelig\" srcset=\"https:\/\/vcl.lu\/wp-content\/uploads\/2025\/02\/Furnace_1-1024x821.png 1024w, https:\/\/vcl.lu\/wp-content\/uploads\/2025\/02\/Furnace_1-300x241.png 300w, https:\/\/vcl.lu\/wp-content\/uploads\/2025\/02\/Furnace_1-768x616.png 768w, https:\/\/vcl.lu\/wp-content\/uploads\/2025\/02\/Furnace_1.png 1500w\" sizes=\"(max-width: 1024px) 100vw, 1024px\" \/>\t\t\t\t\t\t\t\t\t\t\t\t\t\t\t<\/div>\n\t\t\t\t<\/div>\n\t\t\t\t<div class=\"elementor-element elementor-element-87eb04a elementor-widget elementor-widget-text-editor\" data-id=\"87eb04a\" data-element_type=\"widget\" data-e-type=\"widget\" data-widget_type=\"text-editor.default\">\n\t\t\t\t<div class=\"elementor-widget-container\">\n\t\t\t\t\t\t\t\t\t<p style=\"text-align: center;\">1-fl\u00fcgelig<\/p>\t\t\t\t\t\t\t\t<\/div>\n\t\t\t\t<\/div>\n\t\t\t\t<\/div>\n\t\t<div class=\"elementor-element elementor-element-0bb93c8 e-con-full e-flex e-con e-child\" data-id=\"0bb93c8\" data-element_type=\"container\" data-e-type=\"container\">\n\t\t\t\t<div class=\"elementor-element elementor-element-398b3b5 elementor-widget elementor-widget-image\" data-id=\"398b3b5\" data-element_type=\"widget\" data-e-type=\"widget\" data-widget_type=\"image.default\">\n\t\t\t\t<div class=\"elementor-widget-container\">\n\t\t\t\t\t\t\t\t\t\t\t\t\t\t\t<img decoding=\"async\" width=\"1024\" height=\"845\" src=\"https:\/\/vcl.lu\/wp-content\/uploads\/2025\/02\/Furnace_2-1024x845.png\" class=\"attachment-large size-large wp-image-971\" alt=\"Drosselklappe als Wannendruck-Regelklappe, 2-fl\u00fcgelig\" srcset=\"https:\/\/vcl.lu\/wp-content\/uploads\/2025\/02\/Furnace_2-1024x845.png 1024w, https:\/\/vcl.lu\/wp-content\/uploads\/2025\/02\/Furnace_2-300x248.png 300w, https:\/\/vcl.lu\/wp-content\/uploads\/2025\/02\/Furnace_2-768x634.png 768w, https:\/\/vcl.lu\/wp-content\/uploads\/2025\/02\/Furnace_2-1536x1268.png 1536w, https:\/\/vcl.lu\/wp-content\/uploads\/2025\/02\/Furnace_2.png 2000w\" sizes=\"(max-width: 1024px) 100vw, 1024px\" \/>\t\t\t\t\t\t\t\t\t\t\t\t\t\t\t<\/div>\n\t\t\t\t<\/div>\n\t\t\t\t<div class=\"elementor-element elementor-element-b335606 elementor-widget elementor-widget-text-editor\" data-id=\"b335606\" data-element_type=\"widget\" data-e-type=\"widget\" data-widget_type=\"text-editor.default\">\n\t\t\t\t<div class=\"elementor-widget-container\">\n\t\t\t\t\t\t\t\t\t<p style=\"text-align: center;\">2-fl\u00fcgelig<\/p>\t\t\t\t\t\t\t\t<\/div>\n\t\t\t\t<\/div>\n\t\t\t\t<\/div>\n\t\t\t\t\t<\/div>\n\t\t\t\t<\/div>\n\t\t<div class=\"elementor-element elementor-element-786328e e-flex e-con-boxed e-con e-parent\" data-id=\"786328e\" data-element_type=\"container\" data-e-type=\"container\">\n\t\t\t\t\t<div class=\"e-con-inner\">\n\t\t<div class=\"elementor-element elementor-element-38b9f45 e-con-full e-flex e-con e-child\" data-id=\"38b9f45\" data-element_type=\"container\" data-e-type=\"container\">\n\t\t\t\t<div class=\"elementor-element elementor-element-0218a00 elementor-widget elementor-widget-image\" data-id=\"0218a00\" data-element_type=\"widget\" data-e-type=\"widget\" data-widget_type=\"image.default\">\n\t\t\t\t<div class=\"elementor-widget-container\">\n\t\t\t\t\t\t\t\t\t\t\t\t\t\t\t<img decoding=\"async\" width=\"1024\" height=\"1024\" src=\"https:\/\/vcl.lu\/wp-content\/uploads\/2025\/03\/Furnace-pressure-control-dampers_single-blade._web-1024x1024.jpg\" class=\"attachment-large size-large wp-image-1558\" alt=\"\" srcset=\"https:\/\/vcl.lu\/wp-content\/uploads\/2025\/03\/Furnace-pressure-control-dampers_single-blade._web-1024x1024.jpg 1024w, https:\/\/vcl.lu\/wp-content\/uploads\/2025\/03\/Furnace-pressure-control-dampers_single-blade._web-300x300.jpg 300w, https:\/\/vcl.lu\/wp-content\/uploads\/2025\/03\/Furnace-pressure-control-dampers_single-blade._web-150x150.jpg 150w, https:\/\/vcl.lu\/wp-content\/uploads\/2025\/03\/Furnace-pressure-control-dampers_single-blade._web-768x768.jpg 768w, https:\/\/vcl.lu\/wp-content\/uploads\/2025\/03\/Furnace-pressure-control-dampers_single-blade._web.jpg 1500w\" sizes=\"(max-width: 1024px) 100vw, 1024px\" \/>\t\t\t\t\t\t\t\t\t\t\t\t\t\t\t<\/div>\n\t\t\t\t<\/div>\n\t\t\t\t<\/div>\n\t\t<div class=\"elementor-element elementor-element-49a624b e-con-full e-flex e-con e-child\" data-id=\"49a624b\" data-element_type=\"container\" data-e-type=\"container\">\n\t\t\t\t<div class=\"elementor-element elementor-element-e331e4c elementor-widget elementor-widget-image\" data-id=\"e331e4c\" data-element_type=\"widget\" data-e-type=\"widget\" data-widget_type=\"image.default\">\n\t\t\t\t<div class=\"elementor-widget-container\">\n\t\t\t\t\t\t\t\t\t\t\t\t\t\t\t<img loading=\"lazy\" decoding=\"async\" width=\"1024\" height=\"1024\" src=\"https:\/\/vcl.lu\/wp-content\/uploads\/2025\/02\/Furnace_4-1024x1024.png\" class=\"attachment-large size-large wp-image-975\" alt=\"Wannendruck-Regelklappe mit h\u00e4ngender Regelscheibe, 1-fl\u00fcgelig mit Bypass\" srcset=\"https:\/\/vcl.lu\/wp-content\/uploads\/2025\/02\/Furnace_4-1024x1024.png 1024w, https:\/\/vcl.lu\/wp-content\/uploads\/2025\/02\/Furnace_4-300x300.png 300w, https:\/\/vcl.lu\/wp-content\/uploads\/2025\/02\/Furnace_4-150x150.png 150w, https:\/\/vcl.lu\/wp-content\/uploads\/2025\/02\/Furnace_4-768x768.png 768w, https:\/\/vcl.lu\/wp-content\/uploads\/2025\/02\/Furnace_4.png 1500w\" sizes=\"(max-width: 1024px) 100vw, 1024px\" \/>\t\t\t\t\t\t\t\t\t\t\t\t\t\t\t<\/div>\n\t\t\t\t<\/div>\n\t\t\t\t<\/div>\n\t\t<div class=\"elementor-element elementor-element-bebca1e e-con-full e-flex e-con e-child\" data-id=\"bebca1e\" data-element_type=\"container\" data-e-type=\"container\">\n\t\t\t\t<div class=\"elementor-element elementor-element-bd5c14d elementor-widget elementor-widget-image\" data-id=\"bd5c14d\" data-element_type=\"widget\" data-e-type=\"widget\" data-widget_type=\"image.default\">\n\t\t\t\t<div class=\"elementor-widget-container\">\n\t\t\t\t\t\t\t\t\t\t\t\t\t\t\t<img loading=\"lazy\" decoding=\"async\" width=\"1024\" height=\"976\" src=\"https:\/\/vcl.lu\/wp-content\/uploads\/2025\/02\/Furnace_6-1024x976.png\" class=\"attachment-large size-large wp-image-977\" alt=\"Wannendruck-Regelklappe mit h\u00e4ngenden Regelscheiben, 2-fl\u00fcgelig\" srcset=\"https:\/\/vcl.lu\/wp-content\/uploads\/2025\/02\/Furnace_6-1024x976.png 1024w, https:\/\/vcl.lu\/wp-content\/uploads\/2025\/02\/Furnace_6-300x286.png 300w, https:\/\/vcl.lu\/wp-content\/uploads\/2025\/02\/Furnace_6-768x732.png 768w, https:\/\/vcl.lu\/wp-content\/uploads\/2025\/02\/Furnace_6.png 1500w\" sizes=\"(max-width: 1024px) 100vw, 1024px\" \/>\t\t\t\t\t\t\t\t\t\t\t\t\t\t\t<\/div>\n\t\t\t\t<\/div>\n\t\t\t\t<\/div>\n\t\t<div class=\"elementor-element elementor-element-cab19e7 e-con-full e-flex e-con e-child\" data-id=\"cab19e7\" data-element_type=\"container\" data-e-type=\"container\">\n\t\t\t\t<div class=\"elementor-element elementor-element-57ec2dc elementor-widget elementor-widget-text-editor\" data-id=\"57ec2dc\" data-element_type=\"widget\" data-e-type=\"widget\" data-widget_type=\"text-editor.default\">\n\t\t\t\t<div class=\"elementor-widget-container\">\n\t\t\t\t\t\t\t\t\t<p style=\"text-align: center;\">1-fl\u00fcgelig<\/p>\t\t\t\t\t\t\t\t<\/div>\n\t\t\t\t<\/div>\n\t\t\t\t<\/div>\n\t\t<div class=\"elementor-element elementor-element-7ee71e1 e-con-full e-flex e-con e-child\" data-id=\"7ee71e1\" data-element_type=\"container\" data-e-type=\"container\">\n\t\t\t\t<div class=\"elementor-element elementor-element-65f1eaf elementor-widget elementor-widget-text-editor\" data-id=\"65f1eaf\" data-element_type=\"widget\" data-e-type=\"widget\" data-widget_type=\"text-editor.default\">\n\t\t\t\t<div class=\"elementor-widget-container\">\n\t\t\t\t\t\t\t\t\t<p style=\"text-align: center;\">1-fl\u00fcgelig mit Bypass<\/p>\t\t\t\t\t\t\t\t<\/div>\n\t\t\t\t<\/div>\n\t\t\t\t<\/div>\n\t\t<div class=\"elementor-element elementor-element-a92f143 e-con-full e-flex e-con e-child\" data-id=\"a92f143\" data-element_type=\"container\" data-e-type=\"container\">\n\t\t\t\t<div class=\"elementor-element elementor-element-10c7835 elementor-widget elementor-widget-text-editor\" data-id=\"10c7835\" data-element_type=\"widget\" data-e-type=\"widget\" data-widget_type=\"text-editor.default\">\n\t\t\t\t<div class=\"elementor-widget-container\">\n\t\t\t\t\t\t\t\t\t<p style=\"text-align: center;\">2-fl\u00fcgelig<\/p>\t\t\t\t\t\t\t\t<\/div>\n\t\t\t\t<\/div>\n\t\t\t\t<\/div>\n\t\t\t\t\t<\/div>\n\t\t\t\t<\/div>\n\t\t<div class=\"elementor-element elementor-element-7390c28 e-flex e-con-boxed e-con e-parent\" data-id=\"7390c28\" data-element_type=\"container\" data-e-type=\"container\">\n\t\t\t\t\t<div class=\"e-con-inner\">\n\t\t<div class=\"elementor-element elementor-element-4ea78eb e-con-full e-flex e-con e-child\" data-id=\"4ea78eb\" data-element_type=\"container\" data-e-type=\"container\">\n\t\t\t\t<div class=\"elementor-element elementor-element-01148a1 elementor-widget elementor-widget-image\" data-id=\"01148a1\" data-element_type=\"widget\" data-e-type=\"widget\" data-widget_type=\"image.default\">\n\t\t\t\t<div class=\"elementor-widget-container\">\n\t\t\t\t\t\t\t\t\t\t\t\t\t\t\t<img loading=\"lazy\" decoding=\"async\" width=\"1024\" height=\"1024\" src=\"https:\/\/vcl.lu\/wp-content\/uploads\/2025\/03\/Furnace-Pressure-control-dampers_Butterfly-Valve-DN-1800-clearance-type-single-blade_web-1024x1024.jpg\" class=\"attachment-large size-large wp-image-1568\" alt=\"Drosselklappe DN 1800 als Wannendruck-Regelklappe, durchschlagend, 1-fl\u00fcgelig\" srcset=\"https:\/\/vcl.lu\/wp-content\/uploads\/2025\/03\/Furnace-Pressure-control-dampers_Butterfly-Valve-DN-1800-clearance-type-single-blade_web-1024x1024.jpg 1024w, https:\/\/vcl.lu\/wp-content\/uploads\/2025\/03\/Furnace-Pressure-control-dampers_Butterfly-Valve-DN-1800-clearance-type-single-blade_web-300x300.jpg 300w, https:\/\/vcl.lu\/wp-content\/uploads\/2025\/03\/Furnace-Pressure-control-dampers_Butterfly-Valve-DN-1800-clearance-type-single-blade_web-150x150.jpg 150w, https:\/\/vcl.lu\/wp-content\/uploads\/2025\/03\/Furnace-Pressure-control-dampers_Butterfly-Valve-DN-1800-clearance-type-single-blade_web-768x768.jpg 768w, https:\/\/vcl.lu\/wp-content\/uploads\/2025\/03\/Furnace-Pressure-control-dampers_Butterfly-Valve-DN-1800-clearance-type-single-blade_web.jpg 1500w\" sizes=\"(max-width: 1024px) 100vw, 1024px\" \/>\t\t\t\t\t\t\t\t\t\t\t\t\t\t\t<\/div>\n\t\t\t\t<\/div>\n\t\t\t\t<\/div>\n\t\t<div class=\"elementor-element elementor-element-76c5b29 e-con-full e-flex e-con e-child\" data-id=\"76c5b29\" data-element_type=\"container\" data-e-type=\"container\">\n\t\t\t\t<div class=\"elementor-element elementor-element-ae6710c elementor-widget elementor-widget-image\" data-id=\"ae6710c\" data-element_type=\"widget\" data-e-type=\"widget\" data-widget_type=\"image.default\">\n\t\t\t\t<div class=\"elementor-widget-container\">\n\t\t\t\t\t\t\t\t\t\t\t\t\t\t\t<img loading=\"lazy\" decoding=\"async\" width=\"1024\" height=\"683\" src=\"https:\/\/vcl.lu\/wp-content\/uploads\/2025\/03\/Furnace-Pressure-control-dampers_Butterfly-Valve-DN-1400-clearance-type-twin-bladed_web-1024x683.jpg\" class=\"attachment-large size-large wp-image-1570\" alt=\"Drosselklappe DN 1400 als Wannendruck-Regelklappe, durchschlagend, 2-fl\u00fcgelig\" srcset=\"https:\/\/vcl.lu\/wp-content\/uploads\/2025\/03\/Furnace-Pressure-control-dampers_Butterfly-Valve-DN-1400-clearance-type-twin-bladed_web-1024x683.jpg 1024w, https:\/\/vcl.lu\/wp-content\/uploads\/2025\/03\/Furnace-Pressure-control-dampers_Butterfly-Valve-DN-1400-clearance-type-twin-bladed_web-300x200.jpg 300w, https:\/\/vcl.lu\/wp-content\/uploads\/2025\/03\/Furnace-Pressure-control-dampers_Butterfly-Valve-DN-1400-clearance-type-twin-bladed_web-768x512.jpg 768w, https:\/\/vcl.lu\/wp-content\/uploads\/2025\/03\/Furnace-Pressure-control-dampers_Butterfly-Valve-DN-1400-clearance-type-twin-bladed_web-1536x1024.jpg 1536w, https:\/\/vcl.lu\/wp-content\/uploads\/2025\/03\/Furnace-Pressure-control-dampers_Butterfly-Valve-DN-1400-clearance-type-twin-bladed_web-2048x1366.jpg 2048w, https:\/\/vcl.lu\/wp-content\/uploads\/2025\/03\/Furnace-Pressure-control-dampers_Butterfly-Valve-DN-1400-clearance-type-twin-bladed_web-930x620.jpg 930w\" sizes=\"(max-width: 1024px) 100vw, 1024px\" \/>\t\t\t\t\t\t\t\t\t\t\t\t\t\t\t<\/div>\n\t\t\t\t<\/div>\n\t\t\t\t<\/div>\n\t\t\t\t\t<\/div>\n\t\t\t\t<\/div>\n\t\t\t\t<\/div>\n\t\t","protected":false},"excerpt":{"rendered":"<p>WANNENDRUCK-REGELKLAPPEN Die Ofendruckregelklappen werden zur Regelung des Ofendrucks in allen Arten von Glas\u00f6fen eingesetzt und gew\u00e4hrleisten stabile und kontrollierte Ofenbedingungen. HAUPTMERKMALE Multikompatibilit\u00e4t: geeignet f\u00fcr alle Arten von Abgaskan\u00e4len, gemauerte Kan\u00e4le und Stahlkan\u00e4le, quadratischer oder runder Querschnitt. Temperaturbest\u00e4ndig: ungek\u00fchlte Ausf\u00fchrung f\u00fcr den Betrieb bis zu 750 \u00b0C. Hohe Langlebigkeit: Robustes Design und hochwertige Materialien gew\u00e4hrleisten eine&hellip;&nbsp;<a href=\"https:\/\/vcl.lu\/de\/glass\/wannendruck-regelklappen\/\" rel=\"bookmark\"><span class=\"screen-reader-text\">WANNENDRUCK-REGELKLAPPEN<\/span><\/a><\/p>\n","protected":false},"author":2,"featured_media":0,"parent":2169,"menu_order":0,"comment_status":"closed","ping_status":"closed","template":"page-templates\/template-pagebuilder-full-width.php","meta":{"inline_featured_image":false,"neve_meta_sidebar":"","neve_meta_container":"","neve_meta_enable_content_width":"","neve_meta_content_width":0,"neve_meta_title_alignment":"","neve_meta_author_avatar":"","neve_post_elements_order":"","neve_meta_disable_header":"","neve_meta_disable_footer":"","neve_meta_disable_title":"","footnotes":""},"class_list":["post-2167","page","type-page","status-publish","hentry"],"_links":{"self":[{"href":"https:\/\/vcl.lu\/de\/wp-json\/wp\/v2\/pages\/2167","targetHints":{"allow":["GET"]}}],"collection":[{"href":"https:\/\/vcl.lu\/de\/wp-json\/wp\/v2\/pages"}],"about":[{"href":"https:\/\/vcl.lu\/de\/wp-json\/wp\/v2\/types\/page"}],"author":[{"embeddable":true,"href":"https:\/\/vcl.lu\/de\/wp-json\/wp\/v2\/users\/2"}],"replies":[{"embeddable":true,"href":"https:\/\/vcl.lu\/de\/wp-json\/wp\/v2\/comments?post=2167"}],"version-history":[{"count":1,"href":"https:\/\/vcl.lu\/de\/wp-json\/wp\/v2\/pages\/2167\/revisions"}],"predecessor-version":[{"id":2168,"href":"https:\/\/vcl.lu\/de\/wp-json\/wp\/v2\/pages\/2167\/revisions\/2168"}],"up":[{"embeddable":true,"href":"https:\/\/vcl.lu\/de\/wp-json\/wp\/v2\/pages\/2169"}],"wp:attachment":[{"href":"https:\/\/vcl.lu\/de\/wp-json\/wp\/v2\/media?parent=2167"}],"curies":[{"name":"wp","href":"https:\/\/api.w.org\/{rel}","templated":true}]}}