{"id":2169,"date":"2025-01-21T14:59:22","date_gmt":"2025-01-21T13:59:22","guid":{"rendered":"https:\/\/vcl.lu\/glass\/"},"modified":"2025-11-06T15:19:12","modified_gmt":"2025-11-06T14:19:12","slug":"glass","status":"publish","type":"page","link":"https:\/\/vcl.lu\/de\/glass\/","title":{"rendered":"GLASS"},"content":{"rendered":"\t\t<div data-elementor-type=\"wp-page\" data-elementor-id=\"2169\" class=\"elementor elementor-2169 elementor-808\">\n\t\t\t\t<div class=\"elementor-element elementor-element-3f704c1 e-con-full e-flex e-con e-parent\" data-id=\"3f704c1\" data-element_type=\"container\" data-e-type=\"container\" data-settings=\"{&quot;background_background&quot;:&quot;slideshow&quot;,&quot;background_slideshow_gallery&quot;:[{&quot;id&quot;:1351,&quot;url&quot;:&quot;https:\\\/\\\/vcl.lu\\\/wp-content\\\/uploads\\\/2025\\\/03\\\/WebseiteHeader_Glass-scaled.jpg&quot;},{&quot;id&quot;:1349,&quot;url&quot;:&quot;https:\\\/\\\/vcl.lu\\\/wp-content\\\/uploads\\\/2025\\\/03\\\/WebseiteHeader_Glass2-scaled.jpg&quot;},{&quot;id&quot;:1347,&quot;url&quot;:&quot;https:\\\/\\\/vcl.lu\\\/wp-content\\\/uploads\\\/2025\\\/03\\\/WebseiteHeader_Glass3-scaled.jpg&quot;},{&quot;id&quot;:1345,&quot;url&quot;:&quot;https:\\\/\\\/vcl.lu\\\/wp-content\\\/uploads\\\/2025\\\/03\\\/WebseiteHeader_Glass4-scaled.jpg&quot;},{&quot;id&quot;:1343,&quot;url&quot;:&quot;https:\\\/\\\/vcl.lu\\\/wp-content\\\/uploads\\\/2025\\\/03\\\/WebseiteHeader_Glass5-scaled.jpg&quot;},{&quot;id&quot;:1341,&quot;url&quot;:&quot;https:\\\/\\\/vcl.lu\\\/wp-content\\\/uploads\\\/2025\\\/03\\\/WebseiteHeader_Glass6-scaled.jpg&quot;},{&quot;id&quot;:1339,&quot;url&quot;:&quot;https:\\\/\\\/vcl.lu\\\/wp-content\\\/uploads\\\/2025\\\/03\\\/WebseiteHeader_Glass7-scaled.jpg&quot;},{&quot;id&quot;:1337,&quot;url&quot;:&quot;https:\\\/\\\/vcl.lu\\\/wp-content\\\/uploads\\\/2025\\\/03\\\/WebseiteHeader_Glass8-scaled.jpg&quot;}],&quot;background_slideshow_ken_burns&quot;:&quot;yes&quot;,&quot;background_slideshow_loop&quot;:&quot;yes&quot;,&quot;background_slideshow_slide_duration&quot;:5000,&quot;background_slideshow_slide_transition&quot;:&quot;fade&quot;,&quot;background_slideshow_transition_duration&quot;:500,&quot;background_slideshow_ken_burns_zoom_direction&quot;:&quot;in&quot;}\">\n\t\t\t\t<div class=\"elementor-element elementor-element-9e0024d elementor-widget elementor-widget-heading\" data-id=\"9e0024d\" data-element_type=\"widget\" data-e-type=\"widget\" data-widget_type=\"heading.default\">\n\t\t\t\t<div class=\"elementor-widget-container\">\n\t\t\t\t\t<h1 class=\"elementor-heading-title elementor-size-default\">GLASS<\/h1>\t\t\t\t<\/div>\n\t\t\t\t<\/div>\n\t\t\t\t<\/div>\n\t\t<div class=\"elementor-element elementor-element-ec69027 e-flex e-con-boxed e-con e-parent\" data-id=\"ec69027\" data-element_type=\"container\" data-e-type=\"container\">\n\t\t\t\t\t<div class=\"e-con-inner\">\n\t\t<div class=\"elementor-element elementor-element-c65d7d7 e-con-full e-flex e-con e-child\" data-id=\"c65d7d7\" data-element_type=\"container\" data-e-type=\"container\">\n\t\t\t\t<div class=\"elementor-element elementor-element-5dc2305 elementor-widget elementor-widget-heading\" data-id=\"5dc2305\" data-element_type=\"widget\" data-e-type=\"widget\" data-widget_type=\"heading.default\">\n\t\t\t\t<div class=\"elementor-widget-container\">\n\t\t\t\t\t<h1 class=\"elementor-heading-title elementor-size-default\">GLASS<\/h1>\t\t\t\t<\/div>\n\t\t\t\t<\/div>\n\t\t\t\t<\/div>\n\t\t<div class=\"elementor-element elementor-element-dec07be e-con-full e-flex e-con e-child\" data-id=\"dec07be\" data-element_type=\"container\" data-e-type=\"container\">\n\t\t\t\t<\/div>\n\t\t\t\t\t<\/div>\n\t\t\t\t<\/div>\n\t\t<div class=\"elementor-element elementor-element-6622c35 e-flex e-con-boxed e-con e-parent\" data-id=\"6622c35\" data-element_type=\"container\" data-e-type=\"container\">\n\t\t\t\t\t<div class=\"e-con-inner\">\n\t\t<div class=\"elementor-element elementor-element-750cc1d e-con-full e-flex e-con e-child\" data-id=\"750cc1d\" data-element_type=\"container\" data-e-type=\"container\">\n\t\t\t\t<div class=\"elementor-element elementor-element-39fe983 elementor-widget elementor-widget-text-editor\" data-id=\"39fe983\" data-element_type=\"widget\" data-e-type=\"widget\" data-widget_type=\"text-editor.default\">\n\t\t\t\t<div class=\"elementor-widget-container\">\n\t\t\t\t\t\t\t\t\t<p>F\u00fcr die Glasindustrie bieten wir ma\u00dfgeschneiderte L\u00f6sungen f\u00fcr alle Arten von Schiebern und Klappen rund um die Schmelzwanne (Flachglas, Hohlglas, Glasfaser, Spezialglas) an.<br>Hierzu geh\u00f6ren Brennluft- und Abgas-Umsteueranlagen, Regelschieber, Ofendruck-Regelklappen, Kaminschieber sowie Ein- und Austrittschieber f\u00fcr Abgasreinigungs- und W\u00e4rmer\u00fcckgewinnungsanlagen.<br>Daneben umfasst unser Produktangebot Brennluftversorgungs-Systeme sowie Gemenge-Einlegemaschinen (2-Tisch- und Modular-Anlagen) f\u00fcr quer beheizte Wannen.  <\/p>\t\t\t\t\t\t\t\t<\/div>\n\t\t\t\t<\/div>\n\t\t\t\t<\/div>\n\t\t<div class=\"elementor-element elementor-element-36c3444 e-con-full e-flex e-con e-child\" data-id=\"36c3444\" data-element_type=\"container\" data-e-type=\"container\">\n\t\t\t\t<div class=\"elementor-element elementor-element-c7c1b09 elementor-widget elementor-widget-text-editor\" data-id=\"c7c1b09\" data-element_type=\"widget\" data-e-type=\"widget\" data-widget_type=\"text-editor.default\">\n\t\t\t\t<div class=\"elementor-widget-container\">\n\t\t\t\t\t\t\t\t\t<p>VCL-Produkte zeichnen sich durch folgende Merkmale und Eigenschaften aus:<\/p><ul><li><span style=\"color: #0063af;\"><strong>Ma\u00dfgeschneiderte Konstruktion: <\/strong><\/span>F\u00fcr den konkreten Anwendungsfall nach Kundenspezifikation.<\/li><li><span style=\"color: #0063af;\"><strong>Robuste und langlebige Bauweise: <\/strong><\/span>F\u00fcr eine zuverl\u00e4ssige, betriebssichere Funktion und hohe Verf\u00fcgbarkeit \u00fcber mehrere Ofenreisen.<\/li><li><span style=\"color: #0063af;\"><strong>Hohe Effizienz und Kosteneinsparungen: <\/strong><\/span>Durch hohe Qualit\u00e4t, geringen Wartungsaufwand und niedrige Kosten zur \u00dcberholung bei Kaltreparaturen.<\/li><\/ul>\t\t\t\t\t\t\t\t<\/div>\n\t\t\t\t<\/div>\n\t\t\t\t<\/div>\n\t\t<div class=\"elementor-element elementor-element-c29ac30 e-con-full e-flex e-con e-child\" data-id=\"c29ac30\" data-element_type=\"container\" data-e-type=\"container\">\n\t\t\t\t<div class=\"elementor-element elementor-element-ab2ddd8 elementor-widget elementor-widget-text-editor\" data-id=\"ab2ddd8\" data-element_type=\"widget\" data-e-type=\"widget\" data-widget_type=\"text-editor.default\">\n\t\t\t\t<div class=\"elementor-widget-container\">\n\t\t\t\t\t\t\t\t\t<p>Unsere Anlagen kommen weltweit zum Einsatz. Daher ist auch der weltweite Service ein Teil unserer Unternehmensphilosophie.<\/p><p>Wir garantieren die schnelle und zuverl\u00e4ssige Lieferung von Ersatzteilen und unser erfahrenes Service-Team steht Ihnen zudem f\u00fcr Aufbau &amp; Inbetriebnahme sowie Hei\u00df- und Kaltreparaturen unserer Anlagen zur Verf\u00fcgung.<\/p><p>Neben Service-Leistungen an unseren eigenen Produkten f\u00fchren wir auch Reparaturen, \u00dcberholungen und Umbauten \/ Modifikationen and Anlagen von Fremdanbietern durch.<\/p>\t\t\t\t\t\t\t\t<\/div>\n\t\t\t\t<\/div>\n\t\t\t\t<\/div>\n\t\t\t\t\t<\/div>\n\t\t\t\t<\/div>\n\t\t<div class=\"elementor-element elementor-element-10a84e6 e-flex e-con-boxed e-con e-parent\" data-id=\"10a84e6\" data-element_type=\"container\" data-e-type=\"container\" data-settings=\"{&quot;background_background&quot;:&quot;classic&quot;}\">\n\t\t\t\t\t<div class=\"e-con-inner\">\n\t\t<div class=\"elementor-element elementor-element-e8baa06 e-con-full e-flex e-con e-child\" data-id=\"e8baa06\" data-element_type=\"container\" data-e-type=\"container\">\n\t\t\t\t<div class=\"elementor-element elementor-element-5d43f35 elementor-position-top elementor-widget elementor-widget-image-box\" data-id=\"5d43f35\" data-element_type=\"widget\" data-e-type=\"widget\" data-widget_type=\"image-box.default\">\n\t\t\t\t<div class=\"elementor-widget-container\">\n\t\t\t\t\t<div class=\"elementor-image-box-wrapper\"><figure class=\"elementor-image-box-img\"><a href=\"https:\/\/vcl.lu\/glass\/reversing-valve-systems\/\" tabindex=\"-1\"><img fetchpriority=\"high\" decoding=\"async\" width=\"768\" height=\"768\" src=\"https:\/\/vcl.lu\/wp-content\/uploads\/2025\/01\/HomepageIconsGlass-768x768.jpg\" class=\"attachment-medium_large size-medium_large wp-image-793\" alt=\"symbol photo Umsteueranlagen\" srcset=\"https:\/\/vcl.lu\/wp-content\/uploads\/2025\/01\/HomepageIconsGlass-768x768.jpg 768w, https:\/\/vcl.lu\/wp-content\/uploads\/2025\/01\/HomepageIconsGlass-300x300.jpg 300w, https:\/\/vcl.lu\/wp-content\/uploads\/2025\/01\/HomepageIconsGlass-1024x1024.jpg 1024w, https:\/\/vcl.lu\/wp-content\/uploads\/2025\/01\/HomepageIconsGlass-150x150.jpg 150w, https:\/\/vcl.lu\/wp-content\/uploads\/2025\/01\/HomepageIconsGlass.jpg 1181w\" sizes=\"(max-width: 768px) 100vw, 768px\" \/><\/a><\/figure><div class=\"elementor-image-box-content\"><h3 class=\"elementor-image-box-title\"><a href=\"https:\/\/vcl.lu\/glass\/reversing-valve-systems\/\">UMSTEUERANLAGEN<\/a><\/h3><\/div><\/div>\t\t\t\t<\/div>\n\t\t\t\t<\/div>\n\t\t\t\t<\/div>\n\t\t<div class=\"elementor-element elementor-element-0700cbf e-con-full e-flex e-con e-child\" data-id=\"0700cbf\" data-element_type=\"container\" data-e-type=\"container\">\n\t\t\t\t<div class=\"elementor-element elementor-element-3214811 elementor-position-top elementor-widget elementor-widget-image-box\" data-id=\"3214811\" data-element_type=\"widget\" data-e-type=\"widget\" data-widget_type=\"image-box.default\">\n\t\t\t\t<div class=\"elementor-widget-container\">\n\t\t\t\t\t<div class=\"elementor-image-box-wrapper\"><figure class=\"elementor-image-box-img\"><a href=\"https:\/\/vcl.lu\/glass\/furnace-pressure-control-dampers\/\" tabindex=\"-1\"><img decoding=\"async\" width=\"768\" height=\"768\" src=\"https:\/\/vcl.lu\/wp-content\/uploads\/2025\/01\/HomepageIconsGlass2-768x768.jpg\" class=\"attachment-medium_large size-medium_large wp-image-795\" alt=\"synbol photo Hochofendruckregelklappen\" srcset=\"https:\/\/vcl.lu\/wp-content\/uploads\/2025\/01\/HomepageIconsGlass2-768x768.jpg 768w, https:\/\/vcl.lu\/wp-content\/uploads\/2025\/01\/HomepageIconsGlass2-300x300.jpg 300w, https:\/\/vcl.lu\/wp-content\/uploads\/2025\/01\/HomepageIconsGlass2-1024x1024.jpg 1024w, https:\/\/vcl.lu\/wp-content\/uploads\/2025\/01\/HomepageIconsGlass2-150x150.jpg 150w, https:\/\/vcl.lu\/wp-content\/uploads\/2025\/01\/HomepageIconsGlass2.jpg 1181w\" sizes=\"(max-width: 768px) 100vw, 768px\" \/><\/a><\/figure><div class=\"elementor-image-box-content\"><h3 class=\"elementor-image-box-title\"><a href=\"https:\/\/vcl.lu\/glass\/furnace-pressure-control-dampers\/\">HOCHOFENDRUCKREGELKLAPPEN<\/a><\/h3><\/div><\/div>\t\t\t\t<\/div>\n\t\t\t\t<\/div>\n\t\t\t\t<\/div>\n\t\t<div class=\"elementor-element elementor-element-0bfd3dc e-con-full e-flex e-con e-child\" data-id=\"0bfd3dc\" data-element_type=\"container\" data-e-type=\"container\">\n\t\t\t\t<div class=\"elementor-element elementor-element-8ea89eb elementor-position-top elementor-widget elementor-widget-image-box\" data-id=\"8ea89eb\" data-element_type=\"widget\" data-e-type=\"widget\" data-widget_type=\"image-box.default\">\n\t\t\t\t<div class=\"elementor-widget-container\">\n\t\t\t\t\t<div class=\"elementor-image-box-wrapper\"><figure class=\"elementor-image-box-img\"><a href=\"https:\/\/vcl.lu\/glass\/balance-damper\/\" tabindex=\"-1\"><img decoding=\"async\" width=\"768\" height=\"768\" src=\"https:\/\/vcl.lu\/wp-content\/uploads\/2025\/01\/HomepageIconsGlass3-768x768.jpg\" class=\"attachment-medium_large size-medium_large wp-image-797\" alt=\"symbol photo Ausgleichsd\u00e4mpfer\" srcset=\"https:\/\/vcl.lu\/wp-content\/uploads\/2025\/01\/HomepageIconsGlass3-768x768.jpg 768w, https:\/\/vcl.lu\/wp-content\/uploads\/2025\/01\/HomepageIconsGlass3-300x300.jpg 300w, https:\/\/vcl.lu\/wp-content\/uploads\/2025\/01\/HomepageIconsGlass3-1024x1024.jpg 1024w, https:\/\/vcl.lu\/wp-content\/uploads\/2025\/01\/HomepageIconsGlass3-150x150.jpg 150w, https:\/\/vcl.lu\/wp-content\/uploads\/2025\/01\/HomepageIconsGlass3.jpg 1181w\" sizes=\"(max-width: 768px) 100vw, 768px\" \/><\/a><\/figure><div class=\"elementor-image-box-content\"><h3 class=\"elementor-image-box-title\"><a href=\"https:\/\/vcl.lu\/glass\/balance-damper\/\">AUSGLEICHSD\u00c4MPFER<\/a><\/h3><\/div><\/div>\t\t\t\t<\/div>\n\t\t\t\t<\/div>\n\t\t\t\t<\/div>\n\t\t<div class=\"elementor-element elementor-element-840dfd1 e-con-full e-flex e-con e-child\" data-id=\"840dfd1\" data-element_type=\"container\" data-e-type=\"container\">\n\t\t\t\t<div class=\"elementor-element elementor-element-dfc2cc5 elementor-position-top elementor-widget elementor-widget-image-box\" data-id=\"dfc2cc5\" data-element_type=\"widget\" data-e-type=\"widget\" data-widget_type=\"image-box.default\">\n\t\t\t\t<div class=\"elementor-widget-container\">\n\t\t\t\t\t<div class=\"elementor-image-box-wrapper\"><figure class=\"elementor-image-box-img\"><a href=\"https:\/\/vcl.lu\/glass\/shut-off-damper\/\" tabindex=\"-1\"><img loading=\"lazy\" decoding=\"async\" width=\"768\" height=\"768\" src=\"https:\/\/vcl.lu\/wp-content\/uploads\/2025\/01\/HomepageIconsGlass4-768x768.jpg\" class=\"attachment-medium_large size-medium_large wp-image-799\" alt=\"symbol photo Kanalschieber\" srcset=\"https:\/\/vcl.lu\/wp-content\/uploads\/2025\/01\/HomepageIconsGlass4-768x768.jpg 768w, https:\/\/vcl.lu\/wp-content\/uploads\/2025\/01\/HomepageIconsGlass4-300x300.jpg 300w, https:\/\/vcl.lu\/wp-content\/uploads\/2025\/01\/HomepageIconsGlass4-1024x1024.jpg 1024w, https:\/\/vcl.lu\/wp-content\/uploads\/2025\/01\/HomepageIconsGlass4-150x150.jpg 150w, https:\/\/vcl.lu\/wp-content\/uploads\/2025\/01\/HomepageIconsGlass4.jpg 1181w\" sizes=\"(max-width: 768px) 100vw, 768px\" \/><\/a><\/figure><div class=\"elementor-image-box-content\"><h3 class=\"elementor-image-box-title\"><a href=\"https:\/\/vcl.lu\/glass\/shut-off-damper\/\">KANALSCHIEBER<\/a><\/h3><\/div><\/div>\t\t\t\t<\/div>\n\t\t\t\t<\/div>\n\t\t\t\t<\/div>\n\t\t\t\t\t<\/div>\n\t\t\t\t<\/div>\n\t\t<div class=\"elementor-element elementor-element-e5b20d2 e-flex e-con-boxed e-con e-parent\" data-id=\"e5b20d2\" data-element_type=\"container\" data-e-type=\"container\" data-settings=\"{&quot;background_background&quot;:&quot;classic&quot;}\">\n\t\t\t\t\t<div class=\"e-con-inner\">\n\t\t<div class=\"elementor-element elementor-element-3611953 e-con-full e-flex e-con e-child\" data-id=\"3611953\" data-element_type=\"container\" data-e-type=\"container\">\n\t\t\t\t<div class=\"elementor-element elementor-element-6ead439 elementor-position-top elementor-widget elementor-widget-image-box\" data-id=\"6ead439\" data-element_type=\"widget\" data-e-type=\"widget\" data-widget_type=\"image-box.default\">\n\t\t\t\t<div class=\"elementor-widget-container\">\n\t\t\t\t\t<div class=\"elementor-image-box-wrapper\"><figure class=\"elementor-image-box-img\"><img loading=\"lazy\" decoding=\"async\" width=\"768\" height=\"768\" src=\"https:\/\/vcl.lu\/wp-content\/uploads\/2025\/01\/HomepageIconsGlass5-768x768.jpg\" class=\"attachment-medium_large size-medium_large wp-image-801\" alt=\"symbol photo spezielle Anwendungen\" srcset=\"https:\/\/vcl.lu\/wp-content\/uploads\/2025\/01\/HomepageIconsGlass5-768x768.jpg 768w, https:\/\/vcl.lu\/wp-content\/uploads\/2025\/01\/HomepageIconsGlass5-300x300.jpg 300w, https:\/\/vcl.lu\/wp-content\/uploads\/2025\/01\/HomepageIconsGlass5-1024x1024.jpg 1024w, https:\/\/vcl.lu\/wp-content\/uploads\/2025\/01\/HomepageIconsGlass5-150x150.jpg 150w, https:\/\/vcl.lu\/wp-content\/uploads\/2025\/01\/HomepageIconsGlass5.jpg 1181w\" sizes=\"(max-width: 768px) 100vw, 768px\" \/><\/figure><div class=\"elementor-image-box-content\"><h3 class=\"elementor-image-box-title\">SPEZIELLE ANWENDUNGEN<\/h3><\/div><\/div>\t\t\t\t<\/div>\n\t\t\t\t<\/div>\n\t\t\t\t<\/div>\n\t\t<div class=\"elementor-element elementor-element-3802f58 e-con-full e-flex e-con e-child\" data-id=\"3802f58\" data-element_type=\"container\" data-e-type=\"container\">\n\t\t\t\t<div class=\"elementor-element elementor-element-1ce19eb elementor-position-top elementor-widget elementor-widget-image-box\" data-id=\"1ce19eb\" data-element_type=\"widget\" data-e-type=\"widget\" data-widget_type=\"image-box.default\">\n\t\t\t\t<div class=\"elementor-widget-container\">\n\t\t\t\t\t<div class=\"elementor-image-box-wrapper\"><figure class=\"elementor-image-box-img\"><a href=\"https:\/\/vcl.lu\/glass\/combustion-air-supply-systems\/\" tabindex=\"-1\"><img loading=\"lazy\" decoding=\"async\" width=\"768\" height=\"768\" src=\"https:\/\/vcl.lu\/wp-content\/uploads\/2025\/01\/HomepageIconsGlass6-768x768.jpg\" class=\"attachment-medium_large size-medium_large wp-image-803\" alt=\"Symbol photo VERBRENNUNGSLUFTZUFUHRSYSTEME\" srcset=\"https:\/\/vcl.lu\/wp-content\/uploads\/2025\/01\/HomepageIconsGlass6-768x768.jpg 768w, https:\/\/vcl.lu\/wp-content\/uploads\/2025\/01\/HomepageIconsGlass6-300x300.jpg 300w, https:\/\/vcl.lu\/wp-content\/uploads\/2025\/01\/HomepageIconsGlass6-1024x1024.jpg 1024w, https:\/\/vcl.lu\/wp-content\/uploads\/2025\/01\/HomepageIconsGlass6-150x150.jpg 150w, https:\/\/vcl.lu\/wp-content\/uploads\/2025\/01\/HomepageIconsGlass6.jpg 1181w\" sizes=\"(max-width: 768px) 100vw, 768px\" \/><\/a><\/figure><div class=\"elementor-image-box-content\"><h3 class=\"elementor-image-box-title\"><a href=\"https:\/\/vcl.lu\/glass\/combustion-air-supply-systems\/\">VERBRENNUNGSLUFTZUFUHRSYSTEME<\/a><\/h3><\/div><\/div>\t\t\t\t<\/div>\n\t\t\t\t<\/div>\n\t\t\t\t<\/div>\n\t\t<div class=\"elementor-element elementor-element-631a120 e-con-full e-flex e-con e-child\" data-id=\"631a120\" data-element_type=\"container\" data-e-type=\"container\">\n\t\t\t\t<div class=\"elementor-element elementor-element-0524040 elementor-position-top elementor-widget elementor-widget-image-box\" data-id=\"0524040\" data-element_type=\"widget\" data-e-type=\"widget\" data-widget_type=\"image-box.default\">\n\t\t\t\t<div class=\"elementor-widget-container\">\n\t\t\t\t\t<div class=\"elementor-image-box-wrapper\"><figure class=\"elementor-image-box-img\"><a href=\"https:\/\/vcl.lu\/glass\/blanket-batch-charger\/\" tabindex=\"-1\"><img loading=\"lazy\" decoding=\"async\" width=\"1181\" height=\"1181\" src=\"https:\/\/vcl.lu\/wp-content\/uploads\/2025\/01\/HomepageIconsGlass7.jpg\" class=\"attachment-full size-full wp-image-805\" alt=\"symbol pic einlegemaschine\" srcset=\"https:\/\/vcl.lu\/wp-content\/uploads\/2025\/01\/HomepageIconsGlass7.jpg 1181w, https:\/\/vcl.lu\/wp-content\/uploads\/2025\/01\/HomepageIconsGlass7-300x300.jpg 300w, https:\/\/vcl.lu\/wp-content\/uploads\/2025\/01\/HomepageIconsGlass7-1024x1024.jpg 1024w, https:\/\/vcl.lu\/wp-content\/uploads\/2025\/01\/HomepageIconsGlass7-150x150.jpg 150w, https:\/\/vcl.lu\/wp-content\/uploads\/2025\/01\/HomepageIconsGlass7-768x768.jpg 768w\" sizes=\"(max-width: 1181px) 100vw, 1181px\" \/><\/a><\/figure><div class=\"elementor-image-box-content\"><h3 class=\"elementor-image-box-title\"><a href=\"https:\/\/vcl.lu\/glass\/blanket-batch-charger\/\">EINLEGEMASCHINE<\/a><\/h3><\/div><\/div>\t\t\t\t<\/div>\n\t\t\t\t<\/div>\n\t\t\t\t<\/div>\n\t\t<div class=\"elementor-element elementor-element-b440fda e-con-full e-flex e-con e-child\" data-id=\"b440fda\" data-element_type=\"container\" data-e-type=\"container\">\n\t\t\t\t<div class=\"elementor-element elementor-element-ad37fb0 elementor-position-top elementor-widget elementor-widget-image-box\" data-id=\"ad37fb0\" data-element_type=\"widget\" data-e-type=\"widget\" data-widget_type=\"image-box.default\">\n\t\t\t\t<div class=\"elementor-widget-container\">\n\t\t\t\t\t<div class=\"elementor-image-box-wrapper\"><figure class=\"elementor-image-box-img\"><a href=\"https:\/\/vcl.lu\/glass\/spare-parts-services\/\" tabindex=\"-1\"><img loading=\"lazy\" decoding=\"async\" width=\"768\" height=\"768\" src=\"https:\/\/vcl.lu\/wp-content\/uploads\/2025\/01\/HomepageIconsGlass8-768x768.jpg\" class=\"attachment-medium_large size-medium_large wp-image-807\" alt=\"Symbol photo Ersatzteile &amp; Service\" srcset=\"https:\/\/vcl.lu\/wp-content\/uploads\/2025\/01\/HomepageIconsGlass8-768x768.jpg 768w, https:\/\/vcl.lu\/wp-content\/uploads\/2025\/01\/HomepageIconsGlass8-300x300.jpg 300w, https:\/\/vcl.lu\/wp-content\/uploads\/2025\/01\/HomepageIconsGlass8-1024x1024.jpg 1024w, https:\/\/vcl.lu\/wp-content\/uploads\/2025\/01\/HomepageIconsGlass8-150x150.jpg 150w, https:\/\/vcl.lu\/wp-content\/uploads\/2025\/01\/HomepageIconsGlass8.jpg 1181w\" sizes=\"(max-width: 768px) 100vw, 768px\" \/><\/a><\/figure><div class=\"elementor-image-box-content\"><h3 class=\"elementor-image-box-title\"><a href=\"https:\/\/vcl.lu\/glass\/spare-parts-services\/\">ERSATZTEILE &amp; SERVICE<\/a><\/h3><\/div><\/div>\t\t\t\t<\/div>\n\t\t\t\t<\/div>\n\t\t\t\t<\/div>\n\t\t\t\t\t<\/div>\n\t\t\t\t<\/div>\n\t\t\t\t<\/div>\n\t\t","protected":false},"excerpt":{"rendered":"<p>GLASS GLASS F\u00fcr die Glasindustrie bieten wir ma\u00dfgeschneiderte L\u00f6sungen f\u00fcr alle Arten von Schiebern und Klappen rund um die Schmelzwanne (Flachglas, Hohlglas, Glasfaser, Spezialglas) an.Hierzu geh\u00f6ren Brennluft- und Abgas-Umsteueranlagen, Regelschieber, Ofendruck-Regelklappen, Kaminschieber sowie Ein- und Austrittschieber f\u00fcr Abgasreinigungs- und W\u00e4rmer\u00fcckgewinnungsanlagen.Daneben umfasst unser Produktangebot Brennluftversorgungs-Systeme sowie Gemenge-Einlegemaschinen (2-Tisch- und Modular-Anlagen) f\u00fcr quer beheizte Wannen. VCL-Produkte zeichnen&hellip;&nbsp;<a href=\"https:\/\/vcl.lu\/de\/glass\/\" rel=\"bookmark\"><span class=\"screen-reader-text\">GLASS<\/span><\/a><\/p>\n","protected":false},"author":2,"featured_media":0,"parent":0,"menu_order":0,"comment_status":"closed","ping_status":"closed","template":"page-templates\/template-pagebuilder-full-width.php","meta":{"inline_featured_image":false,"neve_meta_sidebar":"","neve_meta_container":"","neve_meta_enable_content_width":"on","neve_meta_content_width":100,"neve_meta_title_alignment":"","neve_meta_author_avatar":"","neve_post_elements_order":"","neve_meta_disable_header":"","neve_meta_disable_footer":"","neve_meta_disable_title":"on","footnotes":""},"class_list":["post-2169","page","type-page","status-publish","hentry"],"_links":{"self":[{"href":"https:\/\/vcl.lu\/de\/wp-json\/wp\/v2\/pages\/2169","targetHints":{"allow":["GET"]}}],"collection":[{"href":"https:\/\/vcl.lu\/de\/wp-json\/wp\/v2\/pages"}],"about":[{"href":"https:\/\/vcl.lu\/de\/wp-json\/wp\/v2\/types\/page"}],"author":[{"embeddable":true,"href":"https:\/\/vcl.lu\/de\/wp-json\/wp\/v2\/users\/2"}],"replies":[{"embeddable":true,"href":"https:\/\/vcl.lu\/de\/wp-json\/wp\/v2\/comments?post=2169"}],"version-history":[{"count":3,"href":"https:\/\/vcl.lu\/de\/wp-json\/wp\/v2\/pages\/2169\/revisions"}],"predecessor-version":[{"id":2298,"href":"https:\/\/vcl.lu\/de\/wp-json\/wp\/v2\/pages\/2169\/revisions\/2298"}],"wp:attachment":[{"href":"https:\/\/vcl.lu\/de\/wp-json\/wp\/v2\/media?parent=2169"}],"curies":[{"name":"wp","href":"https:\/\/api.w.org\/{rel}","templated":true}]}}