{"id":2221,"date":"2024-10-04T12:53:07","date_gmt":"2024-10-04T10:53:07","guid":{"rendered":"https:\/\/vcl.lu\/iron-steel\/bleeder-valves\/"},"modified":"2025-11-06T15:23:46","modified_gmt":"2025-11-06T14:23:46","slug":"bleeder-valves","status":"publish","type":"page","link":"https:\/\/vcl.lu\/de\/iron-steel\/bleeder-valves\/","title":{"rendered":"BLEEDER VALVES"},"content":{"rendered":"\t\t<div data-elementor-type=\"wp-page\" data-elementor-id=\"2221\" class=\"elementor elementor-2221 elementor-86\">\n\t\t\t\t<div class=\"elementor-element elementor-element-11ca1bb e-flex e-con-boxed e-con e-parent\" data-id=\"11ca1bb\" data-element_type=\"container\" data-e-type=\"container\" data-settings=\"{&quot;background_background&quot;:&quot;classic&quot;}\">\n\t\t\t\t\t<div class=\"e-con-inner\">\n\t\t\t\t<div class=\"elementor-element elementor-element-3db2891 elementor-widget elementor-widget-heading\" data-id=\"3db2891\" data-element_type=\"widget\" data-e-type=\"widget\" data-widget_type=\"heading.default\">\n\t\t\t\t<div class=\"elementor-widget-container\">\n\t\t\t\t\t<h1 class=\"elementor-heading-title elementor-size-default\">BLEEDER VALVES<\/h1>\t\t\t\t<\/div>\n\t\t\t\t<\/div>\n\t\t\t\t\t<\/div>\n\t\t\t\t<\/div>\n\t\t<div class=\"elementor-element elementor-element-f648e1c e-flex e-con-boxed e-con e-parent\" data-id=\"f648e1c\" data-element_type=\"container\" data-e-type=\"container\">\n\t\t\t\t\t<div class=\"e-con-inner\">\n\t\t<div class=\"elementor-element elementor-element-bb3d8c6 e-con-full e-flex e-con e-child\" data-id=\"bb3d8c6\" data-element_type=\"container\" data-e-type=\"container\">\n\t\t\t\t<div class=\"elementor-element elementor-element-c602251 elementor-widget elementor-widget-text-editor\" data-id=\"c602251\" data-element_type=\"widget\" data-e-type=\"widget\" data-widget_type=\"text-editor.default\">\n\t\t\t\t<div class=\"elementor-widget-container\">\n\t\t\t\t\t\t\t\t\t<h2>BLEEDER VALVES<\/h2>\t\t\t\t\t\t\t\t<\/div>\n\t\t\t\t<\/div>\n\t\t\t\t<\/div>\n\t\t<div class=\"elementor-element elementor-element-5821b04 e-con-full e-flex e-con e-child\" data-id=\"5821b04\" data-element_type=\"container\" data-e-type=\"container\">\n\t\t\t\t<div class=\"elementor-element elementor-element-0e0c332 elementor-widget elementor-widget-text-editor\" data-id=\"0e0c332\" data-element_type=\"widget\" data-e-type=\"widget\" data-widget_type=\"text-editor.default\">\n\t\t\t\t<div class=\"elementor-widget-container\">\n\t\t\t\t\t\t\t\t\t<p>Der VCL-Bleeder ist ein Hochofen-\u00dcberdruckventil zur sicheren Vermeidung von \u00dcberdruck im Ofen. Sollte der Ofendruck durch betriblieches Fehlverhalten und \/ oder einer unberechenbaren Notfallsituation ansteigen, \u00f6ffnen die federvorgespannten VCL Bleeder automatisch, um den Ofen vor gr\u00f6sseren Sch\u00e4den zu sch\u00fctzen. In der Regel werden 2-3 Bleeder am Upstream und 1 am Downstream installiert.    <\/p>\t\t\t\t\t\t\t\t<\/div>\n\t\t\t\t<\/div>\n\t\t\t\t<\/div>\n\t\t\t\t\t<\/div>\n\t\t\t\t<\/div>\n\t\t<div class=\"elementor-element elementor-element-20be677 e-flex e-con-boxed e-con e-parent\" data-id=\"20be677\" data-element_type=\"container\" data-e-type=\"container\" data-settings=\"{&quot;background_background&quot;:&quot;classic&quot;}\">\n\t\t\t\t\t<div class=\"e-con-inner\">\n\t\t<div class=\"elementor-element elementor-element-e424fdf e-con-full e-flex e-con e-child\" data-id=\"e424fdf\" data-element_type=\"container\" data-e-type=\"container\">\n\t\t\t\t<div class=\"elementor-element elementor-element-8d74137 elementor-widget elementor-widget-text-editor\" data-id=\"8d74137\" data-element_type=\"widget\" data-e-type=\"widget\" data-widget_type=\"text-editor.default\">\n\t\t\t\t<div class=\"elementor-widget-container\">\n\t\t\t\t\t\t\t\t\t<h3><g id=\"gid_0\">DESIGNMERKMALE DER<\/g><br>\n  <g id=\"gid_1\">BLEEDER VALVES<\/g>\n<\/h3><ul><li>Schweisskonstruktion<\/li><li>Angetrieben durch Hydraulikzylinder (Standard)<\/li><li>Druckstufe bis 4,0 bar<\/li><li>Betriebstemperaturen bis 500 \u00b0C<span class=\"Apple-converted-space\"> <\/span><\/li><li>Andere Gr\u00f6\u00dfen oder Betriebsbedingungen auf Anfrage<\/li><\/ul>\t\t\t\t\t\t\t\t<\/div>\n\t\t\t\t<\/div>\n\t\t\t\t<\/div>\n\t\t<div class=\"elementor-element elementor-element-5b8a333 e-con-full e-flex e-con e-child\" data-id=\"5b8a333\" data-element_type=\"container\" data-e-type=\"container\">\n\t\t\t\t<div class=\"elementor-element elementor-element-3d63b76 elementor-widget elementor-widget-text-editor\" data-id=\"3d63b76\" data-element_type=\"widget\" data-e-type=\"widget\" data-widget_type=\"text-editor.default\">\n\t\t\t\t<div class=\"elementor-widget-container\">\n\t\t\t\t\t\t\t\t\t<h3>DESIGN <br>VORTEILE<\/h3><ul><li>Zuverl\u00e4ssige Not\u00f6ffnung (einstellbare Federschlie\u00dfvorrichtung)<\/li><li>Pr\u00e4zise Einstellbarkeit der Federkraft<\/li><li>Sehr geringer Wartungsaufwand und verbesserte Zug\u00e4nglichkeit der Ausr\u00fcstungskomponenten<\/li><li>H\u00f6here Zuverl\u00e4ssigkeit und Verf\u00fcgbarkeit dank kontinuierlich verbessertem Design und mehrj\u00e4hrigem Kundenfeedback<\/li><\/ul>\t\t\t\t\t\t\t\t<\/div>\n\t\t\t\t<\/div>\n\t\t\t\t<\/div>\n\t\t\t\t\t<\/div>\n\t\t\t\t<\/div>\n\t\t<div class=\"elementor-element elementor-element-e0b3b56 e-flex e-con-boxed e-con e-parent\" data-id=\"e0b3b56\" data-element_type=\"container\" data-e-type=\"container\" data-settings=\"{&quot;background_background&quot;:&quot;classic&quot;}\">\n\t\t\t\t\t<div class=\"e-con-inner\">\n\t\t<div class=\"elementor-element elementor-element-c291669 e-con-full e-flex e-con e-child\" data-id=\"c291669\" data-element_type=\"container\" data-e-type=\"container\">\n\t\t\t\t<div class=\"elementor-element elementor-element-c042205 elementor-widget elementor-widget-image\" data-id=\"c042205\" data-element_type=\"widget\" data-e-type=\"widget\" data-widget_type=\"image.default\">\n\t\t\t\t<div class=\"elementor-widget-container\">\n\t\t\t\t\t\t\t\t\t\t\t\t\t\t\t<img fetchpriority=\"high\" decoding=\"async\" width=\"663\" height=\"1024\" src=\"https:\/\/vcl.lu\/wp-content\/uploads\/2024\/10\/Hutventil-DN-630-offen-663x1024.png\" class=\"attachment-large size-large wp-image-585\" alt=\"Bleeder Valves open\" srcset=\"https:\/\/vcl.lu\/wp-content\/uploads\/2024\/10\/Hutventil-DN-630-offen-663x1024.png 663w, https:\/\/vcl.lu\/wp-content\/uploads\/2024\/10\/Hutventil-DN-630-offen-194x300.png 194w, https:\/\/vcl.lu\/wp-content\/uploads\/2024\/10\/Hutventil-DN-630-offen-768x1185.png 768w, https:\/\/vcl.lu\/wp-content\/uploads\/2024\/10\/Hutventil-DN-630-offen-995x1536.png 995w, https:\/\/vcl.lu\/wp-content\/uploads\/2024\/10\/Hutventil-DN-630-offen-1327x2048.png 1327w, https:\/\/vcl.lu\/wp-content\/uploads\/2024\/10\/Hutventil-DN-630-offen.png 1459w\" sizes=\"(max-width: 663px) 100vw, 663px\" \/>\t\t\t\t\t\t\t\t\t\t\t\t\t\t\t<\/div>\n\t\t\t\t<\/div>\n\t\t\t\t<\/div>\n\t\t<div class=\"elementor-element elementor-element-7a6ca6b e-con-full e-flex e-con e-child\" data-id=\"7a6ca6b\" data-element_type=\"container\" data-e-type=\"container\">\n\t\t\t\t<div class=\"elementor-element elementor-element-b32b979 elementor-widget elementor-widget-stratum-image-hotspot\" data-id=\"b32b979\" data-element_type=\"widget\" data-e-type=\"widget\" data-widget_type=\"stratum-image-hotspot.default\">\n\t\t\t\t<div class=\"elementor-widget-container\">\n\t\t\t\t\t<div class=\"stratum-image-hotspot\">\n    <div class=\"stratum-image-hotspot__wrapper\">\n        <div class=\"stratum-image-hotspot__image\">\n\t\t\t<img decoding=\"async\" width=\"1302\" height=\"2000\" src=\"https:\/\/vcl.lu\/wp-content\/uploads\/2024\/10\/Hutventil-DN-630-geschlossen.png\" class=\"attachment-full size-full wp-image-84\" alt=\"Bleeder Valves closed\" srcset=\"https:\/\/vcl.lu\/wp-content\/uploads\/2024\/10\/Hutventil-DN-630-geschlossen.png 1302w, https:\/\/vcl.lu\/wp-content\/uploads\/2024\/10\/Hutventil-DN-630-geschlossen-195x300.png 195w, https:\/\/vcl.lu\/wp-content\/uploads\/2024\/10\/Hutventil-DN-630-geschlossen-667x1024.png 667w, https:\/\/vcl.lu\/wp-content\/uploads\/2024\/10\/Hutventil-DN-630-geschlossen-768x1180.png 768w, https:\/\/vcl.lu\/wp-content\/uploads\/2024\/10\/Hutventil-DN-630-geschlossen-1000x1536.png 1000w\" sizes=\"(max-width: 1302px) 100vw, 1302px\" \/>        <\/div>\n\t\t<div class=\"stratum-image-hotspot__dot has-animation-pulse elementor-repeater-item-1a80c0d\"><div class=\"stratum-image-hotspot__dot-wrapper\" data-options=\"{&quot;open&quot;:false,&quot;tooltipArrow&quot;:true,&quot;placement&quot;:&quot;top&quot;,&quot;tooltipTheme&quot;:&quot;light&quot;,&quot;tooltipAnimation&quot;:&quot;fade&quot;,&quot;tooltipTrigger&quot;:&quot;hover&quot;,&quot;tooltipContent&quot;:&quot;&quot;,&quot;tooltipTitle&quot;:&quot;Geh\\u00e4use&quot;}\"><div class=\"stratum-image-hotspot__dot-content\"><i class=\"stratum-image-hotspot__dot-icon fa fa-question-circle\"><\/i><\/div><\/div><\/div><div class=\"stratum-image-hotspot__dot has-animation-pulse elementor-repeater-item-79771f5\"><div class=\"stratum-image-hotspot__dot-wrapper\" data-options=\"{&quot;open&quot;:false,&quot;tooltipArrow&quot;:true,&quot;placement&quot;:&quot;top&quot;,&quot;tooltipTheme&quot;:&quot;light&quot;,&quot;tooltipAnimation&quot;:&quot;fade&quot;,&quot;tooltipTrigger&quot;:&quot;hover&quot;,&quot;tooltipContent&quot;:&quot;&quot;,&quot;tooltipTitle&quot;:&quot;Hydraulikzylinder&quot;}\"><div class=\"stratum-image-hotspot__dot-content\"><i class=\"stratum-image-hotspot__dot-icon fa fa-question-circle\"><\/i><\/div><\/div><\/div><div class=\"stratum-image-hotspot__dot has-animation-pulse elementor-repeater-item-b96827d\"><div class=\"stratum-image-hotspot__dot-wrapper\" data-options=\"{&quot;open&quot;:false,&quot;tooltipArrow&quot;:true,&quot;placement&quot;:&quot;top&quot;,&quot;tooltipTheme&quot;:&quot;light&quot;,&quot;tooltipAnimation&quot;:&quot;fade&quot;,&quot;tooltipTrigger&quot;:&quot;hover&quot;,&quot;tooltipContent&quot;:&quot;&quot;,&quot;tooltipTitle&quot;:&quot;Hebel&quot;}\"><div class=\"stratum-image-hotspot__dot-content\"><i class=\"stratum-image-hotspot__dot-icon fa fa-question-circle\"><\/i><\/div><\/div><\/div><div class=\"stratum-image-hotspot__dot has-animation-pulse elementor-repeater-item-cba9b26\"><div class=\"stratum-image-hotspot__dot-wrapper\" data-options=\"{&quot;open&quot;:false,&quot;tooltipArrow&quot;:true,&quot;placement&quot;:&quot;top&quot;,&quot;tooltipTheme&quot;:&quot;light&quot;,&quot;tooltipAnimation&quot;:&quot;fade&quot;,&quot;tooltipTrigger&quot;:&quot;hover&quot;,&quot;tooltipContent&quot;:&quot;&quot;,&quot;tooltipTitle&quot;:&quot;Deckel&quot;}\"><div class=\"stratum-image-hotspot__dot-content\"><i class=\"stratum-image-hotspot__dot-icon fa fa-question-circle\"><\/i><\/div><\/div><\/div><div class=\"stratum-image-hotspot__dot has-animation-pulse elementor-repeater-item-6c3348a\"><div class=\"stratum-image-hotspot__dot-wrapper\" data-options=\"{&quot;open&quot;:false,&quot;tooltipArrow&quot;:true,&quot;placement&quot;:&quot;top&quot;,&quot;tooltipTheme&quot;:&quot;light&quot;,&quot;tooltipAnimation&quot;:&quot;fade&quot;,&quot;tooltipTrigger&quot;:&quot;hover&quot;,&quot;tooltipContent&quot;:&quot;&quot;,&quot;tooltipTitle&quot;:&quot;Sitz mit Dichtung&quot;}\"><div class=\"stratum-image-hotspot__dot-content\"><i class=\"stratum-image-hotspot__dot-icon fa fa-question-circle\"><\/i><\/div><\/div><\/div><div class=\"stratum-image-hotspot__dot has-animation-pulse elementor-repeater-item-fc6918d\"><div class=\"stratum-image-hotspot__dot-wrapper\" data-options=\"{&quot;open&quot;:false,&quot;tooltipArrow&quot;:true,&quot;placement&quot;:&quot;top&quot;,&quot;tooltipTheme&quot;:&quot;light&quot;,&quot;tooltipAnimation&quot;:&quot;fade&quot;,&quot;tooltipTrigger&quot;:&quot;hover&quot;,&quot;tooltipContent&quot;:&quot;&quot;,&quot;tooltipTitle&quot;:&quot;Feder-Schlie\\u00dfvorrichtung (Federbein)&quot;}\"><div class=\"stratum-image-hotspot__dot-content\"><i class=\"stratum-image-hotspot__dot-icon fa fa-question-circle\"><\/i><\/div><\/div><\/div><div class=\"stratum-image-hotspot__dot has-animation-pulse elementor-repeater-item-f83abeb\"><div class=\"stratum-image-hotspot__dot-wrapper\" data-options=\"{&quot;open&quot;:false,&quot;tooltipArrow&quot;:true,&quot;placement&quot;:&quot;top&quot;,&quot;tooltipTheme&quot;:&quot;light&quot;,&quot;tooltipAnimation&quot;:&quot;fade&quot;,&quot;tooltipTrigger&quot;:&quot;hover&quot;,&quot;tooltipContent&quot;:&quot;&quot;,&quot;tooltipTitle&quot;:&quot;Feder-Schlie\\u00dfvorrichtung (Federbein)&quot;}\"><div class=\"stratum-image-hotspot__dot-content\"><i class=\"stratum-image-hotspot__dot-icon fa fa-question-circle\"><\/i><\/div><\/div><\/div>    <\/div>\n<\/div>\n\t\t\t\t<\/div>\n\t\t\t\t<\/div>\n\t\t\t\t<\/div>\n\t\t\t\t\t<\/div>\n\t\t\t\t<\/div>\n\t\t\t\t<\/div>\n\t\t","protected":false},"excerpt":{"rendered":"<p>BLEEDER VALVES BLEEDER VALVES Der VCL-Bleeder ist ein Hochofen-\u00dcberdruckventil zur sicheren Vermeidung von \u00dcberdruck im Ofen. Sollte der Ofendruck durch betriblieches Fehlverhalten und \/ oder einer unberechenbaren Notfallsituation ansteigen, \u00f6ffnen die federvorgespannten VCL Bleeder automatisch, um den Ofen vor gr\u00f6sseren Sch\u00e4den zu sch\u00fctzen. In der Regel werden 2-3 Bleeder am Upstream und 1 am Downstream&hellip;&nbsp;<a href=\"https:\/\/vcl.lu\/de\/iron-steel\/bleeder-valves\/\" rel=\"bookmark\"><span class=\"screen-reader-text\">BLEEDER VALVES<\/span><\/a><\/p>\n","protected":false},"author":2,"featured_media":0,"parent":2040,"menu_order":0,"comment_status":"closed","ping_status":"closed","template":"page-templates\/template-pagebuilder-full-width.php","meta":{"inline_featured_image":false,"neve_meta_sidebar":"","neve_meta_container":"","neve_meta_enable_content_width":"","neve_meta_content_width":0,"neve_meta_title_alignment":"","neve_meta_author_avatar":"","neve_post_elements_order":"","neve_meta_disable_header":"","neve_meta_disable_footer":"","neve_meta_disable_title":"","footnotes":""},"class_list":["post-2221","page","type-page","status-publish","hentry"],"_links":{"self":[{"href":"https:\/\/vcl.lu\/de\/wp-json\/wp\/v2\/pages\/2221","targetHints":{"allow":["GET"]}}],"collection":[{"href":"https:\/\/vcl.lu\/de\/wp-json\/wp\/v2\/pages"}],"about":[{"href":"https:\/\/vcl.lu\/de\/wp-json\/wp\/v2\/types\/page"}],"author":[{"embeddable":true,"href":"https:\/\/vcl.lu\/de\/wp-json\/wp\/v2\/users\/2"}],"replies":[{"embeddable":true,"href":"https:\/\/vcl.lu\/de\/wp-json\/wp\/v2\/comments?post=2221"}],"version-history":[{"count":1,"href":"https:\/\/vcl.lu\/de\/wp-json\/wp\/v2\/pages\/2221\/revisions"}],"predecessor-version":[{"id":2222,"href":"https:\/\/vcl.lu\/de\/wp-json\/wp\/v2\/pages\/2221\/revisions\/2222"}],"up":[{"embeddable":true,"href":"https:\/\/vcl.lu\/de\/wp-json\/wp\/v2\/pages\/2040"}],"wp:attachment":[{"href":"https:\/\/vcl.lu\/de\/wp-json\/wp\/v2\/media?parent=2221"}],"curies":[{"name":"wp","href":"https:\/\/api.w.org\/{rel}","templated":true}]}}