{"id":2281,"date":"2025-03-19T16:35:11","date_gmt":"2025-03-19T15:35:11","guid":{"rendered":"https:\/\/vcl.lu\/glass\/spezialanwendungen\/"},"modified":"2025-11-06T15:21:31","modified_gmt":"2025-11-06T14:21:31","slug":"spezialanwendungen","status":"publish","type":"page","link":"https:\/\/vcl.lu\/de\/glass\/spezialanwendungen\/","title":{"rendered":"SPEZIALANWENDUNGEN"},"content":{"rendered":"\t\t<div data-elementor-type=\"wp-page\" data-elementor-id=\"2281\" class=\"elementor elementor-2281 elementor-1809\">\n\t\t\t\t<div class=\"elementor-element elementor-element-11ca1bb e-flex e-con-boxed e-con e-parent\" data-id=\"11ca1bb\" data-element_type=\"container\" data-e-type=\"container\" data-settings=\"{&quot;background_background&quot;:&quot;classic&quot;}\">\n\t\t\t\t\t<div class=\"e-con-inner\">\n\t\t\t\t<div class=\"elementor-element elementor-element-3db2891 elementor-widget elementor-widget-heading\" data-id=\"3db2891\" data-element_type=\"widget\" data-e-type=\"widget\" data-widget_type=\"heading.default\">\n\t\t\t\t<div class=\"elementor-widget-container\">\n\t\t\t\t\t<h1 class=\"elementor-heading-title elementor-size-default\">SPEZIALANWENDUNGEN<\/h1>\t\t\t\t<\/div>\n\t\t\t\t<\/div>\n\t\t\t\t\t<\/div>\n\t\t\t\t<\/div>\n\t\t<div class=\"elementor-element elementor-element-20be677 e-flex e-con-boxed e-con e-parent\" data-id=\"20be677\" data-element_type=\"container\" data-e-type=\"container\">\n\t\t\t\t\t<div class=\"e-con-inner\">\n\t\t<div class=\"elementor-element elementor-element-e424fdf e-con-full e-flex e-con e-child\" data-id=\"e424fdf\" data-element_type=\"container\" data-e-type=\"container\">\n\t\t\t\t<div class=\"elementor-element elementor-element-19bcfbd elementor-widget elementor-widget-text-editor\" data-id=\"19bcfbd\" data-element_type=\"widget\" data-e-type=\"widget\" data-widget_type=\"text-editor.default\">\n\t\t\t\t<div class=\"elementor-widget-container\">\n\t\t\t\t\t\t\t\t\t<p style=\"font-weight: 400;\">Neben unseren Standardprodukten sind wir auch in der Lage, spezielle Absperr-, Umschalt- oder Drosselklappen oder Schieber nach kundenspezifischen Anforderungen herzustellen und zu liefern.<\/p><p style=\"font-weight: 400;\">Haben Sie eine spezielle Anwendung, bei der andere Anbieter ihre Standardprodukte nicht einsetzen k\u00f6nnen, z.B. beengte Einbauverh\u00e4ltnisse oder h\u00f6here Temperaturen? Auch in diesen F\u00e4llen k\u00f6nnen wir Ihnen helfen. <\/p>\t\t\t\t\t\t\t\t<\/div>\n\t\t\t\t<\/div>\n\t\t\t\t<\/div>\n\t\t<div class=\"elementor-element elementor-element-5b8a333 e-con-full e-flex e-con e-child\" data-id=\"5b8a333\" data-element_type=\"container\" data-e-type=\"container\">\n\t\t\t\t<div class=\"elementor-element elementor-element-8d74137 elementor-widget elementor-widget-text-editor\" data-id=\"8d74137\" data-element_type=\"widget\" data-e-type=\"widget\" data-widget_type=\"text-editor.default\">\n\t\t\t\t<div class=\"elementor-widget-container\">\n\t\t\t\t\t\t\t\t\t<p style=\"font-weight: 400;\">Wir entwickeln Produkte, die auf die spezifischen Anforderungen Ihrer Anwendung zugeschnitten sind, mit anpassbaren Optionen, was Antriebseinheiten, Prozessparameter und Abmessungen usw. betrifft.<\/p><p style=\"font-weight: 400;\">Selbstverst\u00e4ndlich weisen auch diese Schieber &amp; Klappen die typischen VCL-Merkmale wie robuste und langlebige Bauweise, hohe Zuverl\u00e4ssigkeit und ein gutes Preis-\/Leistungsverh\u00e4ltnis auf.<\/p>\t\t\t\t\t\t\t\t<\/div>\n\t\t\t\t<\/div>\n\t\t\t\t<\/div>\n\t\t\t\t\t<\/div>\n\t\t\t\t<\/div>\n\t\t<div class=\"elementor-element elementor-element-b92b3b8 e-flex e-con-boxed e-con e-parent\" data-id=\"b92b3b8\" data-element_type=\"container\" data-e-type=\"container\">\n\t\t\t\t\t<div class=\"e-con-inner\">\n\t\t\t\t<div class=\"elementor-element elementor-element-41093e9 elementor-widget elementor-widget-heading\" data-id=\"41093e9\" data-element_type=\"widget\" data-e-type=\"widget\" data-widget_type=\"heading.default\">\n\t\t\t\t<div class=\"elementor-widget-container\">\n\t\t\t\t\t<h2 class=\"elementor-heading-title elementor-size-default\">SPEZIALANWENDUNGEN<\/h2>\t\t\t\t<\/div>\n\t\t\t\t<\/div>\n\t\t\t\t\t<\/div>\n\t\t\t\t<\/div>\n\t\t<div class=\"elementor-element elementor-element-632147a e-flex e-con-boxed e-con e-parent\" data-id=\"632147a\" data-element_type=\"container\" data-e-type=\"container\">\n\t\t\t\t\t<div class=\"e-con-inner\">\n\t\t<div class=\"elementor-element elementor-element-1ac5c64 e-con-full e-flex e-con e-child\" data-id=\"1ac5c64\" data-element_type=\"container\" data-e-type=\"container\">\n\t\t\t\t<div class=\"elementor-element elementor-element-d811d9d elementor-widget elementor-widget-text-editor\" data-id=\"d811d9d\" data-element_type=\"widget\" data-e-type=\"widget\" data-widget_type=\"text-editor.default\">\n\t\t\t\t<div class=\"elementor-widget-container\">\n\t\t\t\t\t\t\t\t\t<ul class=\"ul1\"><li>Abstellen, Umsteuern und\/oder zur Regulierung des Medienflusses<\/li><li>Konstruktion, Art der Antriebseinheit und Abmessungen gem\u00e4\u00df Anwendung und Gegebenheiten<\/li><li>Auf Anfrage inkl. Kanal, B\u00fchne, Zugangsleiter bzw. gew\u00fcnschter Zusatzausr\u00fcstung.<\/li><\/ul>\t\t\t\t\t\t\t\t<\/div>\n\t\t\t\t<\/div>\n\t\t\t\t<\/div>\n\t\t<div class=\"elementor-element elementor-element-44c88a7 e-con-full e-flex e-con e-child\" data-id=\"44c88a7\" data-element_type=\"container\" data-e-type=\"container\">\n\t\t\t\t<\/div>\n\t\t\t\t\t<\/div>\n\t\t\t\t<\/div>\n\t\t<div class=\"elementor-element elementor-element-75553d7 e-flex e-con-boxed e-con e-parent\" data-id=\"75553d7\" data-element_type=\"container\" data-e-type=\"container\">\n\t\t\t\t\t<div class=\"e-con-inner\">\n\t\t<div class=\"elementor-element elementor-element-ab3953e e-con-full e-flex e-con e-child\" data-id=\"ab3953e\" data-element_type=\"container\" data-e-type=\"container\">\n\t\t\t\t<div class=\"elementor-element elementor-element-a7627ab elementor-widget elementor-widget-image\" data-id=\"a7627ab\" data-element_type=\"widget\" data-e-type=\"widget\" data-widget_type=\"image.default\">\n\t\t\t\t<div class=\"elementor-widget-container\">\n\t\t\t\t\t\t\t\t\t\t\t\t\t\t\t<img fetchpriority=\"high\" decoding=\"async\" width=\"1024\" height=\"1024\" src=\"https:\/\/vcl.lu\/wp-content\/uploads\/2025\/01\/HomepageIconsGlass5-1024x1024.jpg\" class=\"attachment-large size-large wp-image-801\" alt=\"symbol photo spezielle Anwendungen\" srcset=\"https:\/\/vcl.lu\/wp-content\/uploads\/2025\/01\/HomepageIconsGlass5-1024x1024.jpg 1024w, https:\/\/vcl.lu\/wp-content\/uploads\/2025\/01\/HomepageIconsGlass5-300x300.jpg 300w, https:\/\/vcl.lu\/wp-content\/uploads\/2025\/01\/HomepageIconsGlass5-150x150.jpg 150w, https:\/\/vcl.lu\/wp-content\/uploads\/2025\/01\/HomepageIconsGlass5-768x768.jpg 768w, https:\/\/vcl.lu\/wp-content\/uploads\/2025\/01\/HomepageIconsGlass5.jpg 1181w\" sizes=\"(max-width: 1024px) 100vw, 1024px\" \/>\t\t\t\t\t\t\t\t\t\t\t\t\t\t\t<\/div>\n\t\t\t\t<\/div>\n\t\t\t\t<\/div>\n\t\t<div class=\"elementor-element elementor-element-80e6ccb e-con-full e-flex e-con e-child\" data-id=\"80e6ccb\" data-element_type=\"container\" data-e-type=\"container\">\n\t\t\t\t<div class=\"elementor-element elementor-element-49a05f2 elementor-widget elementor-widget-image\" data-id=\"49a05f2\" data-element_type=\"widget\" data-e-type=\"widget\" data-widget_type=\"image.default\">\n\t\t\t\t<div class=\"elementor-widget-container\">\n\t\t\t\t\t\t\t\t\t\t\t\t\t\t\t<img decoding=\"async\" width=\"1024\" height=\"1024\" src=\"https:\/\/vcl.lu\/wp-content\/uploads\/2025\/03\/SpecialApplications2_web-1024x1024.jpg\" class=\"attachment-large size-large wp-image-1816\" alt=\"Umsteueranlage f\u00fcr Spezialanwendung (Frontansicht)\" srcset=\"https:\/\/vcl.lu\/wp-content\/uploads\/2025\/03\/SpecialApplications2_web-1024x1024.jpg 1024w, https:\/\/vcl.lu\/wp-content\/uploads\/2025\/03\/SpecialApplications2_web-300x300.jpg 300w, https:\/\/vcl.lu\/wp-content\/uploads\/2025\/03\/SpecialApplications2_web-150x150.jpg 150w, https:\/\/vcl.lu\/wp-content\/uploads\/2025\/03\/SpecialApplications2_web-768x768.jpg 768w, https:\/\/vcl.lu\/wp-content\/uploads\/2025\/03\/SpecialApplications2_web.jpg 1500w\" sizes=\"(max-width: 1024px) 100vw, 1024px\" \/>\t\t\t\t\t\t\t\t\t\t\t\t\t\t\t<\/div>\n\t\t\t\t<\/div>\n\t\t\t\t<\/div>\n\t\t<div class=\"elementor-element elementor-element-db9e67e e-con-full e-flex e-con e-child\" data-id=\"db9e67e\" data-element_type=\"container\" data-e-type=\"container\">\n\t\t\t\t<div class=\"elementor-element elementor-element-4c16b61 elementor-widget elementor-widget-image\" data-id=\"4c16b61\" data-element_type=\"widget\" data-e-type=\"widget\" data-widget_type=\"image.default\">\n\t\t\t\t<div class=\"elementor-widget-container\">\n\t\t\t\t\t\t\t\t\t\t\t\t\t\t\t<img decoding=\"async\" width=\"1024\" height=\"1024\" src=\"https:\/\/vcl.lu\/wp-content\/uploads\/2025\/03\/SpecialApplications_web-1024x1024.jpg\" class=\"attachment-large size-large wp-image-1818\" alt=\"Umsteueranlage f\u00fcr Spezialanwendung (R\u00fcckansicht)\" srcset=\"https:\/\/vcl.lu\/wp-content\/uploads\/2025\/03\/SpecialApplications_web-1024x1024.jpg 1024w, https:\/\/vcl.lu\/wp-content\/uploads\/2025\/03\/SpecialApplications_web-300x300.jpg 300w, https:\/\/vcl.lu\/wp-content\/uploads\/2025\/03\/SpecialApplications_web-150x150.jpg 150w, https:\/\/vcl.lu\/wp-content\/uploads\/2025\/03\/SpecialApplications_web-768x768.jpg 768w, https:\/\/vcl.lu\/wp-content\/uploads\/2025\/03\/SpecialApplications_web.jpg 1500w\" sizes=\"(max-width: 1024px) 100vw, 1024px\" \/>\t\t\t\t\t\t\t\t\t\t\t\t\t\t\t<\/div>\n\t\t\t\t<\/div>\n\t\t\t\t<\/div>\n\t\t\t\t\t<\/div>\n\t\t\t\t<\/div>\n\t\t<div class=\"elementor-element elementor-element-6b222bc e-flex e-con-boxed e-con e-parent\" data-id=\"6b222bc\" data-element_type=\"container\" data-e-type=\"container\">\n\t\t\t\t\t<div class=\"e-con-inner\">\n\t\t<div class=\"elementor-element elementor-element-b515f8d e-con-full e-flex e-con e-child\" data-id=\"b515f8d\" data-element_type=\"container\" data-e-type=\"container\">\n\t\t\t\t<\/div>\n\t\t<div class=\"elementor-element elementor-element-022acdb e-con-full e-flex e-con e-child\" data-id=\"022acdb\" data-element_type=\"container\" data-e-type=\"container\">\n\t\t\t\t<div class=\"elementor-element elementor-element-92fb8b1 elementor-widget elementor-widget-text-editor\" data-id=\"92fb8b1\" data-element_type=\"widget\" data-e-type=\"widget\" data-widget_type=\"text-editor.default\">\n\t\t\t\t<div class=\"elementor-widget-container\">\n\t\t\t\t\t\t\t\t\t<p style=\"text-align: center;\">Abgas- und Verbrennungsluft-Umsteueranlage bestehend aus einer pneumatisch bet\u00e4tigten Umschaltklappe<\/p>\t\t\t\t\t\t\t\t<\/div>\n\t\t\t\t<\/div>\n\t\t\t\t<\/div>\n\t\t\t\t\t<\/div>\n\t\t\t\t<\/div>\n\t\t\t\t<\/div>\n\t\t","protected":false},"excerpt":{"rendered":"<p>SPEZIALANWENDUNGEN Neben unseren Standardprodukten sind wir auch in der Lage, spezielle Absperr-, Umschalt- oder Drosselklappen oder Schieber nach kundenspezifischen Anforderungen herzustellen und zu liefern. Haben Sie eine spezielle Anwendung, bei der andere Anbieter ihre Standardprodukte nicht einsetzen k\u00f6nnen, z.B. beengte Einbauverh\u00e4ltnisse oder h\u00f6here Temperaturen? Auch in diesen F\u00e4llen k\u00f6nnen wir Ihnen helfen. Wir entwickeln Produkte,&hellip;&nbsp;<a href=\"https:\/\/vcl.lu\/de\/glass\/spezialanwendungen\/\" rel=\"bookmark\"><span class=\"screen-reader-text\">SPEZIALANWENDUNGEN<\/span><\/a><\/p>\n","protected":false},"author":2,"featured_media":0,"parent":2169,"menu_order":0,"comment_status":"closed","ping_status":"closed","template":"page-templates\/template-pagebuilder-full-width.php","meta":{"inline_featured_image":false,"neve_meta_sidebar":"","neve_meta_container":"","neve_meta_enable_content_width":"","neve_meta_content_width":0,"neve_meta_title_alignment":"","neve_meta_author_avatar":"","neve_post_elements_order":"","neve_meta_disable_header":"","neve_meta_disable_footer":"","neve_meta_disable_title":"","footnotes":""},"class_list":["post-2281","page","type-page","status-publish","hentry"],"_links":{"self":[{"href":"https:\/\/vcl.lu\/de\/wp-json\/wp\/v2\/pages\/2281","targetHints":{"allow":["GET"]}}],"collection":[{"href":"https:\/\/vcl.lu\/de\/wp-json\/wp\/v2\/pages"}],"about":[{"href":"https:\/\/vcl.lu\/de\/wp-json\/wp\/v2\/types\/page"}],"author":[{"embeddable":true,"href":"https:\/\/vcl.lu\/de\/wp-json\/wp\/v2\/users\/2"}],"replies":[{"embeddable":true,"href":"https:\/\/vcl.lu\/de\/wp-json\/wp\/v2\/comments?post=2281"}],"version-history":[{"count":1,"href":"https:\/\/vcl.lu\/de\/wp-json\/wp\/v2\/pages\/2281\/revisions"}],"predecessor-version":[{"id":2282,"href":"https:\/\/vcl.lu\/de\/wp-json\/wp\/v2\/pages\/2281\/revisions\/2282"}],"up":[{"embeddable":true,"href":"https:\/\/vcl.lu\/de\/wp-json\/wp\/v2\/pages\/2169"}],"wp:attachment":[{"href":"https:\/\/vcl.lu\/de\/wp-json\/wp\/v2\/media?parent=2281"}],"curies":[{"name":"wp","href":"https:\/\/api.w.org\/{rel}","templated":true}]}}