{"id":2283,"date":"2025-02-17T20:47:03","date_gmt":"2025-02-17T19:47:03","guid":{"rendered":"https:\/\/vcl.lu\/glass\/absperrschieber\/"},"modified":"2025-11-06T15:19:46","modified_gmt":"2025-11-06T14:19:46","slug":"absperrschieber","status":"publish","type":"page","link":"https:\/\/vcl.lu\/de\/glass\/absperrschieber\/","title":{"rendered":"ABSPERRSCHIEBER"},"content":{"rendered":"\t\t<div data-elementor-type=\"wp-page\" data-elementor-id=\"2283\" class=\"elementor elementor-2283 elementor-928\">\n\t\t\t\t<div class=\"elementor-element elementor-element-11ca1bb e-flex e-con-boxed e-con e-parent\" data-id=\"11ca1bb\" data-element_type=\"container\" data-e-type=\"container\" data-settings=\"{&quot;background_background&quot;:&quot;classic&quot;}\">\n\t\t\t\t\t<div class=\"e-con-inner\">\n\t\t\t\t<div class=\"elementor-element elementor-element-3db2891 elementor-widget elementor-widget-heading\" data-id=\"3db2891\" data-element_type=\"widget\" data-e-type=\"widget\" data-widget_type=\"heading.default\">\n\t\t\t\t<div class=\"elementor-widget-container\">\n\t\t\t\t\t<h1 class=\"elementor-heading-title elementor-size-default\">ABSPERRSCHIEBER<\/h1>\t\t\t\t<\/div>\n\t\t\t\t<\/div>\n\t\t\t\t\t<\/div>\n\t\t\t\t<\/div>\n\t\t<div class=\"elementor-element elementor-element-20be677 e-flex e-con-boxed e-con e-parent\" data-id=\"20be677\" data-element_type=\"container\" data-e-type=\"container\">\n\t\t\t\t\t<div class=\"e-con-inner\">\n\t\t<div class=\"elementor-element elementor-element-e424fdf e-con-full e-flex e-con e-child\" data-id=\"e424fdf\" data-element_type=\"container\" data-e-type=\"container\">\n\t\t\t\t<div class=\"elementor-element elementor-element-8d74137 elementor-widget elementor-widget-text-editor\" data-id=\"8d74137\" data-element_type=\"widget\" data-e-type=\"widget\" data-widget_type=\"text-editor.default\">\n\t\t\t\t<div class=\"elementor-widget-container\">\n\t\t\t\t\t\t\t\t\t<p class=\"p1\">VCL-Absperrschieber werden zum Absperren des Medienstroms in Abgaskan\u00e4len eingesetzt. Anwendungen sind z.B. Schornsteinabsperrschieber, Ein- oder Auslassschieber f\u00fcr Abgasreinigungsanlagen, Abhitzekessel oder \u00e4hnliches. VCL-Absperrschieber sind ma\u00dfgeschneiderte L\u00f6sungen, die auf Kundenwunsch f\u00fcr die gew\u00fcnschte Anwendung entwickelt werden.  <\/p>\t\t\t\t\t\t\t\t<\/div>\n\t\t\t\t<\/div>\n\t\t\t\t<\/div>\n\t\t<div class=\"elementor-element elementor-element-5b8a333 e-con-full e-flex e-con e-child\" data-id=\"5b8a333\" data-element_type=\"container\" data-e-type=\"container\">\n\t\t\t\t<\/div>\n\t\t\t\t\t<\/div>\n\t\t\t\t<\/div>\n\t\t<div class=\"elementor-element elementor-element-b92b3b8 e-flex e-con-boxed e-con e-parent\" data-id=\"b92b3b8\" data-element_type=\"container\" data-e-type=\"container\">\n\t\t\t\t\t<div class=\"e-con-inner\">\n\t\t\t\t<div class=\"elementor-element elementor-element-41093e9 elementor-widget elementor-widget-heading\" data-id=\"41093e9\" data-element_type=\"widget\" data-e-type=\"widget\" data-widget_type=\"heading.default\">\n\t\t\t\t<div class=\"elementor-widget-container\">\n\t\t\t\t\t<h2 class=\"elementor-heading-title elementor-size-default\">HAUPTMERKMALE<\/h2>\t\t\t\t<\/div>\n\t\t\t\t<\/div>\n\t\t\t\t\t<\/div>\n\t\t\t\t<\/div>\n\t\t<div class=\"elementor-element elementor-element-632147a e-flex e-con-boxed e-con e-parent\" data-id=\"632147a\" data-element_type=\"container\" data-e-type=\"container\">\n\t\t\t\t\t<div class=\"e-con-inner\">\n\t\t<div class=\"elementor-element elementor-element-1ac5c64 e-con-full e-flex e-con e-child\" data-id=\"1ac5c64\" data-element_type=\"container\" data-e-type=\"container\">\n\t\t\t\t<div class=\"elementor-element elementor-element-d811d9d elementor-widget elementor-widget-text-editor\" data-id=\"d811d9d\" data-element_type=\"widget\" data-e-type=\"widget\" data-widget_type=\"text-editor.default\">\n\t\t\t\t<div class=\"elementor-widget-container\">\n\t\t\t\t\t\t\t\t\t<ul class=\"ul1\"><li class=\"li1\"><b>Vielseitig kompatibel: <\/b>Anwendbar f\u00fcr alle Arten von Abgaskan\u00e4len, Mauerwerk und Stahlkan\u00e4len, mit quadratischem oder rundem Querschnitt.<\/li><li class=\"li1\"><b> Temperaturbest\u00e4ndig:<\/b> Ungek\u00fchlte Ausf\u00fchrung f\u00fcr den Betrieb bis zu 750 \u00b0C.<\/li><li class=\"li1\"><b>Hohe Langlebigkeit: <\/b>Robustes Design und hochwertige Materialien gew\u00e4hrleisten eine au\u00dfergew\u00f6hnliche Haltbarkeit, selbst in den anspruchsvollen Umgebungen der Glasherstellung.<\/li><li class=\"li1\"><b>Kosteneffizienter Betrieb: <\/b>Die hohe Qualit\u00e4t erm\u00f6glicht den Betrieb \u00fcber mehrere Ofenreisen hinweg und sorgt nicht nur f\u00fcr einen wirtschaftlichen Betrieb, sondern auch f\u00fcr erhebliche Kosteneinsparungen durch geringen Wartungsaufwand und einfache \u00dcberholung &#8211; eine kluge Investition f\u00fcr Ihre Anlage.<\/li><\/ul><ul class=\"ul1\"><li class=\"li1\"><b>Vielseitige Bet\u00e4tigung: <\/b>Erh\u00e4ltlich mit verschiedenen Antriebssystemen, um Ihren spezifischen Betriebsanforderungen gerecht zu werden, z. B. elektrische, pneumatische oder manuelle Bet\u00e4tigung oder Kombinationen davon.<\/li><\/ul>\t\t\t\t\t\t\t\t<\/div>\n\t\t\t\t<\/div>\n\t\t\t\t<\/div>\n\t\t<div class=\"elementor-element elementor-element-44c88a7 e-con-full e-flex e-con e-child\" data-id=\"44c88a7\" data-element_type=\"container\" data-e-type=\"container\">\n\t\t\t\t<div class=\"elementor-element elementor-element-5936cf9 elementor-widget elementor-widget-text-editor\" data-id=\"5936cf9\" data-element_type=\"widget\" data-e-type=\"widget\" data-widget_type=\"text-editor.default\">\n\t\t\t\t<div class=\"elementor-widget-container\">\n\t\t\t\t\t\t\t\t\t<ul class=\"ul1\"><li class=\"li1\"><b>Dichtigkeit: <\/b>Als abgedichtete Ausf\u00fchrung gefertigt gew\u00e4hrleisten Sie einen zuverl\u00e4ssigen und dichten Betrieb.<\/li><li class=\"li1\"><b>Gewichtskompensation: <\/b>Durch die Gewichtskompensation der Schieberplatten wird die Antriebsleistung minimiert und die Energieeffizienz gesteigert.<\/li><\/ul><ul class=\"ul1\"><li class=\"li1\"><b>Notantrieb<\/b>: Im Notfall k\u00f6nnen unsere Schieber manuell oder \u00fcber einen pneumatischen Notantrieb bet\u00e4tigt werden.<\/li><\/ul>\t\t\t\t\t\t\t\t<\/div>\n\t\t\t\t<\/div>\n\t\t\t\t<\/div>\n\t\t\t\t\t<\/div>\n\t\t\t\t<\/div>\n\t\t<div class=\"elementor-element elementor-element-14608b4 e-flex e-con-boxed e-con e-parent\" data-id=\"14608b4\" data-element_type=\"container\" data-e-type=\"container\">\n\t\t\t\t\t<div class=\"e-con-inner\">\n\t\t<div class=\"elementor-element elementor-element-4a5fbca e-con-full e-flex e-con e-child\" data-id=\"4a5fbca\" data-element_type=\"container\" data-e-type=\"container\">\n\t\t\t\t<\/div>\n\t\t<div class=\"elementor-element elementor-element-d8c5750 e-con-full e-flex e-con e-child\" data-id=\"d8c5750\" data-element_type=\"container\" data-e-type=\"container\">\n\t\t\t\t<div class=\"elementor-element elementor-element-b4eafe9 elementor-widget elementor-widget-image\" data-id=\"b4eafe9\" data-element_type=\"widget\" data-e-type=\"widget\" data-widget_type=\"image.default\">\n\t\t\t\t<div class=\"elementor-widget-container\">\n\t\t\t\t\t\t\t\t\t\t\t\t\t\t\t<img fetchpriority=\"high\" decoding=\"async\" width=\"1024\" height=\"1024\" src=\"https:\/\/vcl.lu\/wp-content\/uploads\/2025\/03\/Shut-off-Damper_sealed-type_KAS-dichtschliessend_web-1024x1024.png\" class=\"attachment-large size-large wp-image-1577\" alt=\"Prinzipdarstellung Absperrschieber, dichtschlie\u00dfend\" srcset=\"https:\/\/vcl.lu\/wp-content\/uploads\/2025\/03\/Shut-off-Damper_sealed-type_KAS-dichtschliessend_web-1024x1024.png 1024w, https:\/\/vcl.lu\/wp-content\/uploads\/2025\/03\/Shut-off-Damper_sealed-type_KAS-dichtschliessend_web-300x300.png 300w, https:\/\/vcl.lu\/wp-content\/uploads\/2025\/03\/Shut-off-Damper_sealed-type_KAS-dichtschliessend_web-150x150.png 150w, https:\/\/vcl.lu\/wp-content\/uploads\/2025\/03\/Shut-off-Damper_sealed-type_KAS-dichtschliessend_web-768x768.png 768w, https:\/\/vcl.lu\/wp-content\/uploads\/2025\/03\/Shut-off-Damper_sealed-type_KAS-dichtschliessend_web.png 1500w\" sizes=\"(max-width: 1024px) 100vw, 1024px\" \/>\t\t\t\t\t\t\t\t\t\t\t\t\t\t\t<\/div>\n\t\t\t\t<\/div>\n\t\t\t\t<div class=\"elementor-element elementor-element-2080caa elementor-widget elementor-widget-text-editor\" data-id=\"2080caa\" data-element_type=\"widget\" data-e-type=\"widget\" data-widget_type=\"text-editor.default\">\n\t\t\t\t<div class=\"elementor-widget-container\">\n\t\t\t\t\t\t\t\t\t<p style=\"text-align: center;\">Abgedichtete Ausf\u00fchrung<\/p>\t\t\t\t\t\t\t\t<\/div>\n\t\t\t\t<\/div>\n\t\t\t\t<\/div>\n\t\t<div class=\"elementor-element elementor-element-bce0a65 e-con-full e-flex e-con e-child\" data-id=\"bce0a65\" data-element_type=\"container\" data-e-type=\"container\">\n\t\t\t\t<div class=\"elementor-element elementor-element-8a62f77 elementor-widget elementor-widget-image\" data-id=\"8a62f77\" data-element_type=\"widget\" data-e-type=\"widget\" data-widget_type=\"image.default\">\n\t\t\t\t<div class=\"elementor-widget-container\">\n\t\t\t\t\t\t\t\t\t\t\t\t\t\t\t<img decoding=\"async\" width=\"1024\" height=\"1024\" src=\"https:\/\/vcl.lu\/wp-content\/uploads\/2025\/03\/Shut-off-Damper_not-sealed-type_KAS-nicht-dichtschliessend_web-1024x1024.png\" class=\"attachment-large size-large wp-image-1575\" alt=\"Prinzipdarstellung Absperrschieber, nicht dichtschlie\u00dfend\" srcset=\"https:\/\/vcl.lu\/wp-content\/uploads\/2025\/03\/Shut-off-Damper_not-sealed-type_KAS-nicht-dichtschliessend_web-1024x1024.png 1024w, https:\/\/vcl.lu\/wp-content\/uploads\/2025\/03\/Shut-off-Damper_not-sealed-type_KAS-nicht-dichtschliessend_web-300x300.png 300w, https:\/\/vcl.lu\/wp-content\/uploads\/2025\/03\/Shut-off-Damper_not-sealed-type_KAS-nicht-dichtschliessend_web-150x150.png 150w, https:\/\/vcl.lu\/wp-content\/uploads\/2025\/03\/Shut-off-Damper_not-sealed-type_KAS-nicht-dichtschliessend_web-768x768.png 768w, https:\/\/vcl.lu\/wp-content\/uploads\/2025\/03\/Shut-off-Damper_not-sealed-type_KAS-nicht-dichtschliessend_web.png 1500w\" sizes=\"(max-width: 1024px) 100vw, 1024px\" \/>\t\t\t\t\t\t\t\t\t\t\t\t\t\t\t<\/div>\n\t\t\t\t<\/div>\n\t\t\t\t<div class=\"elementor-element elementor-element-a7af07e elementor-widget elementor-widget-text-editor\" data-id=\"a7af07e\" data-element_type=\"widget\" data-e-type=\"widget\" data-widget_type=\"text-editor.default\">\n\t\t\t\t<div class=\"elementor-widget-container\">\n\t\t\t\t\t\t\t\t\t<p style=\"text-align: center;\">Nicht abgedichtete Ausf\u00fchrung<\/p>\t\t\t\t\t\t\t\t<\/div>\n\t\t\t\t<\/div>\n\t\t\t\t<\/div>\n\t\t<div class=\"elementor-element elementor-element-9f6725f e-con-full e-flex e-con e-child\" data-id=\"9f6725f\" data-element_type=\"container\" data-e-type=\"container\">\n\t\t\t\t<\/div>\n\t\t\t\t\t<\/div>\n\t\t\t\t<\/div>\n\t\t\t\t<\/div>\n\t\t","protected":false},"excerpt":{"rendered":"<p>ABSPERRSCHIEBER VCL-Absperrschieber werden zum Absperren des Medienstroms in Abgaskan\u00e4len eingesetzt. Anwendungen sind z.B. Schornsteinabsperrschieber, Ein- oder Auslassschieber f\u00fcr Abgasreinigungsanlagen, Abhitzekessel oder \u00e4hnliches. VCL-Absperrschieber sind ma\u00dfgeschneiderte L\u00f6sungen, die auf Kundenwunsch f\u00fcr die gew\u00fcnschte Anwendung entwickelt werden. HAUPTMERKMALE Vielseitig kompatibel: Anwendbar f\u00fcr alle Arten von Abgaskan\u00e4len, Mauerwerk und Stahlkan\u00e4len, mit quadratischem oder rundem Querschnitt. Temperaturbest\u00e4ndig: Ungek\u00fchlte Ausf\u00fchrung&hellip;&nbsp;<a href=\"https:\/\/vcl.lu\/de\/glass\/absperrschieber\/\" rel=\"bookmark\"><span class=\"screen-reader-text\">ABSPERRSCHIEBER<\/span><\/a><\/p>\n","protected":false},"author":2,"featured_media":0,"parent":2169,"menu_order":0,"comment_status":"closed","ping_status":"closed","template":"page-templates\/template-pagebuilder-full-width.php","meta":{"inline_featured_image":false,"neve_meta_sidebar":"","neve_meta_container":"","neve_meta_enable_content_width":"","neve_meta_content_width":0,"neve_meta_title_alignment":"","neve_meta_author_avatar":"","neve_post_elements_order":"","neve_meta_disable_header":"","neve_meta_disable_footer":"","neve_meta_disable_title":"","footnotes":""},"class_list":["post-2283","page","type-page","status-publish","hentry"],"_links":{"self":[{"href":"https:\/\/vcl.lu\/de\/wp-json\/wp\/v2\/pages\/2283","targetHints":{"allow":["GET"]}}],"collection":[{"href":"https:\/\/vcl.lu\/de\/wp-json\/wp\/v2\/pages"}],"about":[{"href":"https:\/\/vcl.lu\/de\/wp-json\/wp\/v2\/types\/page"}],"author":[{"embeddable":true,"href":"https:\/\/vcl.lu\/de\/wp-json\/wp\/v2\/users\/2"}],"replies":[{"embeddable":true,"href":"https:\/\/vcl.lu\/de\/wp-json\/wp\/v2\/comments?post=2283"}],"version-history":[{"count":3,"href":"https:\/\/vcl.lu\/de\/wp-json\/wp\/v2\/pages\/2283\/revisions"}],"predecessor-version":[{"id":2288,"href":"https:\/\/vcl.lu\/de\/wp-json\/wp\/v2\/pages\/2283\/revisions\/2288"}],"up":[{"embeddable":true,"href":"https:\/\/vcl.lu\/de\/wp-json\/wp\/v2\/pages\/2169"}],"wp:attachment":[{"href":"https:\/\/vcl.lu\/de\/wp-json\/wp\/v2\/media?parent=2283"}],"curies":[{"name":"wp","href":"https:\/\/api.w.org\/{rel}","templated":true}]}}