{"id":2289,"date":"2025-02-17T20:17:24","date_gmt":"2025-02-17T19:17:24","guid":{"rendered":"https:\/\/vcl.lu\/glass\/umsteueranlagen\/"},"modified":"2025-11-06T15:21:58","modified_gmt":"2025-11-06T14:21:58","slug":"umsteueranlagen","status":"publish","type":"page","link":"https:\/\/vcl.lu\/de\/glass\/umsteueranlagen\/","title":{"rendered":"UMSTEUERANLAGEN"},"content":{"rendered":"\t\t<div data-elementor-type=\"wp-page\" data-elementor-id=\"2289\" class=\"elementor elementor-2289 elementor-910\">\n\t\t\t\t<div class=\"elementor-element elementor-element-11ca1bb e-flex e-con-boxed e-con e-parent\" data-id=\"11ca1bb\" data-element_type=\"container\" data-e-type=\"container\" data-settings=\"{&quot;background_background&quot;:&quot;classic&quot;}\">\n\t\t\t\t\t<div class=\"e-con-inner\">\n\t\t\t\t<div class=\"elementor-element elementor-element-3db2891 elementor-widget elementor-widget-heading\" data-id=\"3db2891\" data-element_type=\"widget\" data-e-type=\"widget\" data-widget_type=\"heading.default\">\n\t\t\t\t<div class=\"elementor-widget-container\">\n\t\t\t\t\t<h1 class=\"elementor-heading-title elementor-size-default\">UMSTEUERANLAGEN<\/h1>\t\t\t\t<\/div>\n\t\t\t\t<\/div>\n\t\t\t\t\t<\/div>\n\t\t\t\t<\/div>\n\t\t<div class=\"elementor-element elementor-element-20be677 e-flex e-con-boxed e-con e-parent\" data-id=\"20be677\" data-element_type=\"container\" data-e-type=\"container\">\n\t\t\t\t\t<div class=\"e-con-inner\">\n\t\t<div class=\"elementor-element elementor-element-e424fdf e-con-full e-flex e-con e-child\" data-id=\"e424fdf\" data-element_type=\"container\" data-e-type=\"container\">\n\t\t\t\t<div class=\"elementor-element elementor-element-8d74137 elementor-widget elementor-widget-text-editor\" data-id=\"8d74137\" data-element_type=\"widget\" data-e-type=\"widget\" data-widget_type=\"text-editor.default\">\n\t\t\t\t<div class=\"elementor-widget-container\">\n\t\t\t\t\t\t\t\t\t<p class=\"p1\">Eine innovative L\u00f6sung, die auf die Float-, Beh\u00e4lter- und Spezialglasindustrie zugeschnitten ist. Unsere fortschrittliche Doppeldeck-Steueranlage wurde f\u00fcr die gleichzeitige Umschaltung von Rauchgas und Verbrennungsluft entwickelt, so das ein einziges Schieberpaar f\u00fcr verbesserte Effizienz sorgt.<\/p>\t\t\t\t\t\t\t\t<\/div>\n\t\t\t\t<\/div>\n\t\t\t\t<\/div>\n\t\t<div class=\"elementor-element elementor-element-5b8a333 e-con-full e-flex e-con e-child\" data-id=\"5b8a333\" data-element_type=\"container\" data-e-type=\"container\">\n\t\t\t\t<\/div>\n\t\t\t\t\t<\/div>\n\t\t\t\t<\/div>\n\t\t<div class=\"elementor-element elementor-element-b92b3b8 e-flex e-con-boxed e-con e-parent\" data-id=\"b92b3b8\" data-element_type=\"container\" data-e-type=\"container\">\n\t\t\t\t\t<div class=\"e-con-inner\">\n\t\t\t\t<div class=\"elementor-element elementor-element-41093e9 elementor-widget elementor-widget-heading\" data-id=\"41093e9\" data-element_type=\"widget\" data-e-type=\"widget\" data-widget_type=\"heading.default\">\n\t\t\t\t<div class=\"elementor-widget-container\">\n\t\t\t\t\t<h2 class=\"elementor-heading-title elementor-size-default\">HAUPTMERKMALE<\/h2>\t\t\t\t<\/div>\n\t\t\t\t<\/div>\n\t\t\t\t\t<\/div>\n\t\t\t\t<\/div>\n\t\t<div class=\"elementor-element elementor-element-632147a e-flex e-con-boxed e-con e-parent\" data-id=\"632147a\" data-element_type=\"container\" data-e-type=\"container\">\n\t\t\t\t\t<div class=\"e-con-inner\">\n\t\t<div class=\"elementor-element elementor-element-1ac5c64 e-con-full e-flex e-con e-child\" data-id=\"1ac5c64\" data-element_type=\"container\" data-e-type=\"container\">\n\t\t\t\t<div class=\"elementor-element elementor-element-d811d9d elementor-widget elementor-widget-text-editor\" data-id=\"d811d9d\" data-element_type=\"widget\" data-e-type=\"widget\" data-widget_type=\"text-editor.default\">\n\t\t\t\t<div class=\"elementor-widget-container\">\n\t\t\t\t\t\t\t\t\t<ul class=\"ul1\"><li class=\"li1\"><b>Vielseitig kompatibel: <\/b>Anwendbar f\u00fcr alle Arten von Abgaskan\u00e4len, Mauerwerk und Stahlkan\u00e4len, mit quadratischem oder rundem Querschnitt.<\/li><li class=\"li1\"><b> Temperaturbest\u00e4ndig:<\/b> Ungek\u00fchlte Ausf\u00fchrung f\u00fcr den Betrieb bis zu 750 \u00b0C.<\/li><li class=\"li1\"><b>Hohe Langlebigkeit: <\/b>Robustes Design und hochwertige Materialien gew\u00e4hrleisten eine au\u00dfergew\u00f6hnliche Haltbarkeit, selbst in den anspruchsvollen Umgebungen der Glasherstellung.<\/li><li class=\"li1\"><b>Kosteneffizienter Betrieb: <\/b>Die hohe Qualit\u00e4t erm\u00f6glicht den Betrieb \u00fcber mehrere Ofenreisen hinweg und sorgt nicht nur f\u00fcr einen wirtschaftlichen Betrieb, sondern auch f\u00fcr erhebliche Kosteneinsparungen durch geringen Wartungsaufwand und einfache \u00dcberholung &#8211; eine kluge Investition f\u00fcr Ihre Anlage.<\/li><\/ul><ul class=\"ul1\"><li class=\"li1\"><b>Wechselschieber-System: <\/b>Dieses System wurde nur f\u00fcr die Abgaslenkung entwickelt und sorgt f\u00fcr ein effektives Absperren der Abgase.<\/li><li class=\"li1\"><b>Doppeldeck-System: <\/b>Diese Funktion erm\u00f6glicht die gleichzeitige Umkehrung von Abgas und Verbrennungsluft und maximiert so die Betriebseffizienz.<\/li><li class=\"li1\"><b>Flexible Anordnungen: <\/b>Unsere Umsteueranlagen k\u00f6nnen an spezifische Kundenanforderungen angepasst werden, um eine optimale Leistung in verschiedenen Anlagenkonfigurationen zu gew\u00e4hrleisten (z. B. R\u00fccken-an-R\u00fccken, Seite-an-Seite, Anordnungen im Winkel zueinander).<\/li><\/ul>\t\t\t\t\t\t\t\t<\/div>\n\t\t\t\t<\/div>\n\t\t\t\t<\/div>\n\t\t<div class=\"elementor-element elementor-element-44c88a7 e-con-full e-flex e-con e-child\" data-id=\"44c88a7\" data-element_type=\"container\" data-e-type=\"container\">\n\t\t\t\t<div class=\"elementor-element elementor-element-5936cf9 elementor-widget elementor-widget-text-editor\" data-id=\"5936cf9\" data-element_type=\"widget\" data-e-type=\"widget\" data-widget_type=\"text-editor.default\">\n\t\t\t\t<div class=\"elementor-widget-container\">\n\t\t\t\t\t\t\t\t\t<ul class=\"ul1\"><li class=\"li1\"><b>Modulare Konstruktion<\/b>: Unsere Umsteueranlagen sind in zahlreichen Standardgr\u00f6\u00dfen erh\u00e4ltlich, k\u00f6nnen aber je nach Kundenwunsch an beliebige Kanalgr\u00f6\u00dfen angepasst werden.<\/li><li class=\"li1\"><b>Zuverl\u00e4ssige Dichtheit<\/b>: Dank bearbeiteter Dichtfl\u00e4chen gew\u00e4hrleisten unsere Umsteueranlagen einen zuverl\u00e4ssigen Betrieb ohne Leckagen.<\/li><li class=\"li1\"><b>Antriebsoptionen<\/b>: W\u00e4hlen Sie zwischen elektrischen oder pneumatischen Antrieben, um Ihre betrieblichen Anforderungen optimal zu erf\u00fcllen.<\/li><li class=\"li1\"><b>Gewichtskompensation<\/b>: Durch die Gewichtskompensation der Schieberplatten wird der Bedarf an Antriebsleistung minimiert und die Energieeffizienz gesteigert.<\/li><li class=\"li1\"><b>Notantrieb:<\/b> Im Notfall k\u00f6nnen unsere Umsteueranlagen manuell oder \u00fcber einen pneumatischen Antrieb bet\u00e4tigt werden, wodurch die Betriebssicherheit und Zuverl\u00e4ssigkeit gew\u00e4hrleistet sind.<\/li><\/ul>\t\t\t\t\t\t\t\t<\/div>\n\t\t\t\t<\/div>\n\t\t\t\t<\/div>\n\t\t\t\t\t<\/div>\n\t\t\t\t<\/div>\n\t\t<div class=\"elementor-element elementor-element-ea2252e e-flex e-con-boxed e-con e-parent\" data-id=\"ea2252e\" data-element_type=\"container\" data-e-type=\"container\" data-settings=\"{&quot;background_background&quot;:&quot;slideshow&quot;,&quot;background_slideshow_gallery&quot;:[{&quot;id&quot;:582,&quot;url&quot;:&quot;https:\\\/\\\/vcl.lu\\\/wp-content\\\/uploads\\\/2024\\\/10\\\/Hintergrundhell.jpg&quot;}],&quot;background_slideshow_loop&quot;:&quot;yes&quot;,&quot;background_slideshow_slide_duration&quot;:5000,&quot;background_slideshow_slide_transition&quot;:&quot;fade&quot;,&quot;background_slideshow_transition_duration&quot;:500}\">\n\t\t\t\t\t<div class=\"e-con-inner\">\n\t\t<div class=\"elementor-element elementor-element-1032357 e-con-full e-flex e-con e-child\" data-id=\"1032357\" data-element_type=\"container\" data-e-type=\"container\">\n\t\t\t\t<div class=\"elementor-element elementor-element-9f3ca6f elementor-widget elementor-widget-image\" data-id=\"9f3ca6f\" data-element_type=\"widget\" data-e-type=\"widget\" data-widget_type=\"image.default\">\n\t\t\t\t<div class=\"elementor-widget-container\">\n\t\t\t\t\t\t\t\t\t\t\t\t\t\t\t<img fetchpriority=\"high\" decoding=\"async\" width=\"1020\" height=\"1024\" src=\"https:\/\/vcl.lu\/wp-content\/uploads\/2025\/03\/Reversing-Valve-Systems_Back-to-back_UMST-RAR-hohe-qualitaet_web-1020x1024.png\" class=\"attachment-large size-large wp-image-1602\" alt=\"Umsteueranlage, Anordnung R\u00fccken-an-R\u00fccken\" srcset=\"https:\/\/vcl.lu\/wp-content\/uploads\/2025\/03\/Reversing-Valve-Systems_Back-to-back_UMST-RAR-hohe-qualitaet_web-1020x1024.png 1020w, https:\/\/vcl.lu\/wp-content\/uploads\/2025\/03\/Reversing-Valve-Systems_Back-to-back_UMST-RAR-hohe-qualitaet_web-300x300.png 300w, https:\/\/vcl.lu\/wp-content\/uploads\/2025\/03\/Reversing-Valve-Systems_Back-to-back_UMST-RAR-hohe-qualitaet_web-150x150.png 150w, https:\/\/vcl.lu\/wp-content\/uploads\/2025\/03\/Reversing-Valve-Systems_Back-to-back_UMST-RAR-hohe-qualitaet_web-768x771.png 768w, https:\/\/vcl.lu\/wp-content\/uploads\/2025\/03\/Reversing-Valve-Systems_Back-to-back_UMST-RAR-hohe-qualitaet_web.png 1500w\" sizes=\"(max-width: 1020px) 100vw, 1020px\" \/>\t\t\t\t\t\t\t\t\t\t\t\t\t\t\t<\/div>\n\t\t\t\t<\/div>\n\t\t\t\t<\/div>\n\t\t<div class=\"elementor-element elementor-element-fbafae0 e-con-full e-flex e-con e-child\" data-id=\"fbafae0\" data-element_type=\"container\" data-e-type=\"container\">\n\t\t\t\t<div class=\"elementor-element elementor-element-dfb6fa4 elementor-widget elementor-widget-image\" data-id=\"dfb6fa4\" data-element_type=\"widget\" data-e-type=\"widget\" data-widget_type=\"image.default\">\n\t\t\t\t<div class=\"elementor-widget-container\">\n\t\t\t\t\t\t\t\t\t\t\t\t\t\t\t<img decoding=\"async\" width=\"1024\" height=\"1024\" src=\"https:\/\/vcl.lu\/wp-content\/uploads\/2025\/03\/Reversing-Valve-Systems_side-by-side_UMST-SAS-hohe-qualitaet_web-1024x1024.png\" class=\"attachment-large size-large wp-image-1604\" alt=\"Umsteueranlage Anordnung Seite-an-Seite\" srcset=\"https:\/\/vcl.lu\/wp-content\/uploads\/2025\/03\/Reversing-Valve-Systems_side-by-side_UMST-SAS-hohe-qualitaet_web-1024x1024.png 1024w, https:\/\/vcl.lu\/wp-content\/uploads\/2025\/03\/Reversing-Valve-Systems_side-by-side_UMST-SAS-hohe-qualitaet_web-300x300.png 300w, https:\/\/vcl.lu\/wp-content\/uploads\/2025\/03\/Reversing-Valve-Systems_side-by-side_UMST-SAS-hohe-qualitaet_web-150x150.png 150w, https:\/\/vcl.lu\/wp-content\/uploads\/2025\/03\/Reversing-Valve-Systems_side-by-side_UMST-SAS-hohe-qualitaet_web-768x768.png 768w, https:\/\/vcl.lu\/wp-content\/uploads\/2025\/03\/Reversing-Valve-Systems_side-by-side_UMST-SAS-hohe-qualitaet_web.png 1500w\" sizes=\"(max-width: 1024px) 100vw, 1024px\" \/>\t\t\t\t\t\t\t\t\t\t\t\t\t\t\t<\/div>\n\t\t\t\t<\/div>\n\t\t\t\t<\/div>\n\t\t<div class=\"elementor-element elementor-element-f90a822 e-con-full e-flex e-con e-child\" data-id=\"f90a822\" data-element_type=\"container\" data-e-type=\"container\">\n\t\t\t\t<div class=\"elementor-element elementor-element-3a96f70 elementor-widget elementor-widget-image\" data-id=\"3a96f70\" data-element_type=\"widget\" data-e-type=\"widget\" data-widget_type=\"image.default\">\n\t\t\t\t<div class=\"elementor-widget-container\">\n\t\t\t\t\t\t\t\t\t\t\t\t\t\t\t<img decoding=\"async\" width=\"1024\" height=\"1024\" src=\"https:\/\/vcl.lu\/wp-content\/uploads\/2025\/03\/Reversing-Valve-Systems_angular-arrangement_UMST-Winkel-hohe-qualitaet_web-1024x1024.png\" class=\"attachment-large size-large wp-image-1606\" alt=\"Umsteueranlage Anordnung im Winkel\" srcset=\"https:\/\/vcl.lu\/wp-content\/uploads\/2025\/03\/Reversing-Valve-Systems_angular-arrangement_UMST-Winkel-hohe-qualitaet_web-1024x1024.png 1024w, https:\/\/vcl.lu\/wp-content\/uploads\/2025\/03\/Reversing-Valve-Systems_angular-arrangement_UMST-Winkel-hohe-qualitaet_web-300x300.png 300w, https:\/\/vcl.lu\/wp-content\/uploads\/2025\/03\/Reversing-Valve-Systems_angular-arrangement_UMST-Winkel-hohe-qualitaet_web-150x150.png 150w, https:\/\/vcl.lu\/wp-content\/uploads\/2025\/03\/Reversing-Valve-Systems_angular-arrangement_UMST-Winkel-hohe-qualitaet_web-768x768.png 768w, https:\/\/vcl.lu\/wp-content\/uploads\/2025\/03\/Reversing-Valve-Systems_angular-arrangement_UMST-Winkel-hohe-qualitaet_web.png 1500w\" sizes=\"(max-width: 1024px) 100vw, 1024px\" \/>\t\t\t\t\t\t\t\t\t\t\t\t\t\t\t<\/div>\n\t\t\t\t<\/div>\n\t\t\t\t<\/div>\n\t\t<div class=\"elementor-element elementor-element-ca26f79 e-con-full e-flex e-con e-child\" data-id=\"ca26f79\" data-element_type=\"container\" data-e-type=\"container\">\n\t\t\t\t<div class=\"elementor-element elementor-element-87eb04a elementor-widget elementor-widget-text-editor\" data-id=\"87eb04a\" data-element_type=\"widget\" data-e-type=\"widget\" data-widget_type=\"text-editor.default\">\n\t\t\t\t<div class=\"elementor-widget-container\">\n\t\t\t\t\t\t\t\t\t<p style=\"text-align: center;\">R\u00fccken-an-R\u00fccken<\/p>\t\t\t\t\t\t\t\t<\/div>\n\t\t\t\t<\/div>\n\t\t\t\t<\/div>\n\t\t<div class=\"elementor-element elementor-element-6d52c0b e-con-full e-flex e-con e-child\" data-id=\"6d52c0b\" data-element_type=\"container\" data-e-type=\"container\">\n\t\t\t\t<div class=\"elementor-element elementor-element-bdcc766 elementor-widget elementor-widget-text-editor\" data-id=\"bdcc766\" data-element_type=\"widget\" data-e-type=\"widget\" data-widget_type=\"text-editor.default\">\n\t\t\t\t<div class=\"elementor-widget-container\">\n\t\t\t\t\t\t\t\t\t<p style=\"text-align: center;\">Seite-an-Seite<\/p>\t\t\t\t\t\t\t\t<\/div>\n\t\t\t\t<\/div>\n\t\t\t\t<\/div>\n\t\t<div class=\"elementor-element elementor-element-428229c e-con-full e-flex e-con e-child\" data-id=\"428229c\" data-element_type=\"container\" data-e-type=\"container\">\n\t\t\t\t<div class=\"elementor-element elementor-element-6e25bd7 elementor-widget elementor-widget-text-editor\" data-id=\"6e25bd7\" data-element_type=\"widget\" data-e-type=\"widget\" data-widget_type=\"text-editor.default\">\n\t\t\t\t<div class=\"elementor-widget-container\">\n\t\t\t\t\t\t\t\t\t<p style=\"text-align: center;\">Winkelanordnung<\/p>\t\t\t\t\t\t\t\t<\/div>\n\t\t\t\t<\/div>\n\t\t\t\t<\/div>\n\t\t\t\t\t<\/div>\n\t\t\t\t<\/div>\n\t\t<div class=\"elementor-element elementor-element-786328e e-flex e-con-boxed e-con e-parent\" data-id=\"786328e\" data-element_type=\"container\" data-e-type=\"container\">\n\t\t\t\t\t<div class=\"e-con-inner\">\n\t\t<div class=\"elementor-element elementor-element-38b9f45 e-con-full e-flex e-con e-child\" data-id=\"38b9f45\" data-element_type=\"container\" data-e-type=\"container\">\n\t\t\t\t<div class=\"elementor-element elementor-element-0218a00 elementor-widget elementor-widget-image\" data-id=\"0218a00\" data-element_type=\"widget\" data-e-type=\"widget\" data-widget_type=\"image.default\">\n\t\t\t\t<div class=\"elementor-widget-container\">\n\t\t\t\t\t\t\t\t\t\t\t\t\t\t\t<img loading=\"lazy\" decoding=\"async\" width=\"1024\" height=\"683\" src=\"https:\/\/vcl.lu\/wp-content\/uploads\/2025\/02\/Bild-2.1-1024x683.jpg\" class=\"attachment-large size-large wp-image-953\" alt=\"Umsteueranlage Anordnung im Winkel\" srcset=\"https:\/\/vcl.lu\/wp-content\/uploads\/2025\/02\/Bild-2.1-1024x683.jpg 1024w, https:\/\/vcl.lu\/wp-content\/uploads\/2025\/02\/Bild-2.1-300x200.jpg 300w, https:\/\/vcl.lu\/wp-content\/uploads\/2025\/02\/Bild-2.1-768x512.jpg 768w, https:\/\/vcl.lu\/wp-content\/uploads\/2025\/02\/Bild-2.1-930x620.jpg 930w, https:\/\/vcl.lu\/wp-content\/uploads\/2025\/02\/Bild-2.1.jpg 1500w\" sizes=\"(max-width: 1024px) 100vw, 1024px\" \/>\t\t\t\t\t\t\t\t\t\t\t\t\t\t\t<\/div>\n\t\t\t\t<\/div>\n\t\t\t\t<\/div>\n\t\t<div class=\"elementor-element elementor-element-49a624b e-con-full e-flex e-con e-child\" data-id=\"49a624b\" data-element_type=\"container\" data-e-type=\"container\">\n\t\t\t\t<div class=\"elementor-element elementor-element-e331e4c elementor-widget elementor-widget-image\" data-id=\"e331e4c\" data-element_type=\"widget\" data-e-type=\"widget\" data-widget_type=\"image.default\">\n\t\t\t\t<div class=\"elementor-widget-container\">\n\t\t\t\t\t\t\t\t\t\t\t\t\t\t\t<img loading=\"lazy\" decoding=\"async\" width=\"1024\" height=\"683\" src=\"https:\/\/vcl.lu\/wp-content\/uploads\/2025\/02\/Bild-A-1024x683.jpg\" class=\"attachment-large size-large wp-image-957\" alt=\"Umsteueranlage Anordnung Seite-an-Seite\" srcset=\"https:\/\/vcl.lu\/wp-content\/uploads\/2025\/02\/Bild-A-1024x683.jpg 1024w, https:\/\/vcl.lu\/wp-content\/uploads\/2025\/02\/Bild-A-300x200.jpg 300w, https:\/\/vcl.lu\/wp-content\/uploads\/2025\/02\/Bild-A-768x512.jpg 768w, https:\/\/vcl.lu\/wp-content\/uploads\/2025\/02\/Bild-A-930x620.jpg 930w, https:\/\/vcl.lu\/wp-content\/uploads\/2025\/02\/Bild-A.jpg 1500w\" sizes=\"(max-width: 1024px) 100vw, 1024px\" \/>\t\t\t\t\t\t\t\t\t\t\t\t\t\t\t<\/div>\n\t\t\t\t<\/div>\n\t\t\t\t<\/div>\n\t\t<div class=\"elementor-element elementor-element-bebca1e e-con-full e-flex e-con e-child\" data-id=\"bebca1e\" data-element_type=\"container\" data-e-type=\"container\">\n\t\t\t\t<div class=\"elementor-element elementor-element-bd5c14d elementor-widget elementor-widget-image\" data-id=\"bd5c14d\" data-element_type=\"widget\" data-e-type=\"widget\" data-widget_type=\"image.default\">\n\t\t\t\t<div class=\"elementor-widget-container\">\n\t\t\t\t\t\t\t\t\t\t\t\t\t\t\t<img loading=\"lazy\" decoding=\"async\" width=\"1024\" height=\"683\" src=\"https:\/\/vcl.lu\/wp-content\/uploads\/2025\/02\/Bild-2.2-1024x683.jpg\" class=\"attachment-large size-large wp-image-955\" alt=\"Umsteueranlage Anordnung im Winkel\" srcset=\"https:\/\/vcl.lu\/wp-content\/uploads\/2025\/02\/Bild-2.2-1024x683.jpg 1024w, https:\/\/vcl.lu\/wp-content\/uploads\/2025\/02\/Bild-2.2-300x200.jpg 300w, https:\/\/vcl.lu\/wp-content\/uploads\/2025\/02\/Bild-2.2-768x512.jpg 768w, https:\/\/vcl.lu\/wp-content\/uploads\/2025\/02\/Bild-2.2-930x620.jpg 930w, https:\/\/vcl.lu\/wp-content\/uploads\/2025\/02\/Bild-2.2.jpg 1500w\" sizes=\"(max-width: 1024px) 100vw, 1024px\" \/>\t\t\t\t\t\t\t\t\t\t\t\t\t\t\t<\/div>\n\t\t\t\t<\/div>\n\t\t\t\t<\/div>\n\t\t<div class=\"elementor-element elementor-element-cab19e7 e-con-full e-flex e-con e-child\" data-id=\"cab19e7\" data-element_type=\"container\" data-e-type=\"container\">\n\t\t\t\t<div class=\"elementor-element elementor-element-57ec2dc elementor-widget elementor-widget-text-editor\" data-id=\"57ec2dc\" data-element_type=\"widget\" data-e-type=\"widget\" data-widget_type=\"text-editor.default\">\n\t\t\t\t<div class=\"elementor-widget-container\">\n\t\t\t\t\t\t\t\t\t<p style=\"text-align: center;\">Winkelanordnung<br>1600mm lichte Kanalbreite x 1600mm lichte Kanalh\u00f6he<br>Elektrischer Antrieb<br>Endschalterbet\u00e4tigung auf der Haube<br>Nothebesystem<\/p>\t\t\t\t\t\t\t\t<\/div>\n\t\t\t\t<\/div>\n\t\t\t\t<\/div>\n\t\t<div class=\"elementor-element elementor-element-7ee71e1 e-con-full e-flex e-con e-child\" data-id=\"7ee71e1\" data-element_type=\"container\" data-e-type=\"container\">\n\t\t\t\t<div class=\"elementor-element elementor-element-65f1eaf elementor-widget elementor-widget-text-editor\" data-id=\"65f1eaf\" data-element_type=\"widget\" data-e-type=\"widget\" data-widget_type=\"text-editor.default\">\n\t\t\t\t<div class=\"elementor-widget-container\">\n\t\t\t\t\t\t\t\t\t<p style=\"text-align: center;\">Anordnung Seite-an-Seite<br>2200mm lichte Kanalbreite x 1800mm lichte Kanalh\u00f6he<br>Elektrischer Antrieb<br>Seitliche Endschalterbet\u00e4tigung<\/p>\t\t\t\t\t\t\t\t<\/div>\n\t\t\t\t<\/div>\n\t\t\t\t<\/div>\n\t\t<div class=\"elementor-element elementor-element-a92f143 e-con-full e-flex e-con e-child\" data-id=\"a92f143\" data-element_type=\"container\" data-e-type=\"container\">\n\t\t\t\t<div class=\"elementor-element elementor-element-10c7835 elementor-widget elementor-widget-text-editor\" data-id=\"10c7835\" data-element_type=\"widget\" data-e-type=\"widget\" data-widget_type=\"text-editor.default\">\n\t\t\t\t<div class=\"elementor-widget-container\">\n\t\t\t\t\t\t\t\t\t<p style=\"text-align: center;\">Winkelanordnung<br>1400mm lichte Kanalbreite x 1800mm lichte Kanalh\u00f6he<br>Pneumatischer Antrieb<br>Stellungsanzeige \u00fcber Endschalter an der Antriebseinheit<\/p>\t\t\t\t\t\t\t\t<\/div>\n\t\t\t\t<\/div>\n\t\t\t\t<\/div>\n\t\t\t\t\t<\/div>\n\t\t\t\t<\/div>\n\t\t\t\t<\/div>\n\t\t","protected":false},"excerpt":{"rendered":"<p>UMSTEUERANLAGEN Eine innovative L\u00f6sung, die auf die Float-, Beh\u00e4lter- und Spezialglasindustrie zugeschnitten ist. Unsere fortschrittliche Doppeldeck-Steueranlage wurde f\u00fcr die gleichzeitige Umschaltung von Rauchgas und Verbrennungsluft entwickelt, so das ein einziges Schieberpaar f\u00fcr verbesserte Effizienz sorgt. HAUPTMERKMALE Vielseitig kompatibel: Anwendbar f\u00fcr alle Arten von Abgaskan\u00e4len, Mauerwerk und Stahlkan\u00e4len, mit quadratischem oder rundem Querschnitt. Temperaturbest\u00e4ndig: Ungek\u00fchlte Ausf\u00fchrung&hellip;&nbsp;<a href=\"https:\/\/vcl.lu\/de\/glass\/umsteueranlagen\/\" rel=\"bookmark\"><span class=\"screen-reader-text\">UMSTEUERANLAGEN<\/span><\/a><\/p>\n","protected":false},"author":2,"featured_media":0,"parent":2169,"menu_order":0,"comment_status":"closed","ping_status":"closed","template":"page-templates\/template-pagebuilder-full-width.php","meta":{"inline_featured_image":false,"neve_meta_sidebar":"","neve_meta_container":"","neve_meta_enable_content_width":"","neve_meta_content_width":0,"neve_meta_title_alignment":"","neve_meta_author_avatar":"","neve_post_elements_order":"","neve_meta_disable_header":"","neve_meta_disable_footer":"","neve_meta_disable_title":"","footnotes":""},"class_list":["post-2289","page","type-page","status-publish","hentry"],"_links":{"self":[{"href":"https:\/\/vcl.lu\/de\/wp-json\/wp\/v2\/pages\/2289","targetHints":{"allow":["GET"]}}],"collection":[{"href":"https:\/\/vcl.lu\/de\/wp-json\/wp\/v2\/pages"}],"about":[{"href":"https:\/\/vcl.lu\/de\/wp-json\/wp\/v2\/types\/page"}],"author":[{"embeddable":true,"href":"https:\/\/vcl.lu\/de\/wp-json\/wp\/v2\/users\/2"}],"replies":[{"embeddable":true,"href":"https:\/\/vcl.lu\/de\/wp-json\/wp\/v2\/comments?post=2289"}],"version-history":[{"count":5,"href":"https:\/\/vcl.lu\/de\/wp-json\/wp\/v2\/pages\/2289\/revisions"}],"predecessor-version":[{"id":2294,"href":"https:\/\/vcl.lu\/de\/wp-json\/wp\/v2\/pages\/2289\/revisions\/2294"}],"up":[{"embeddable":true,"href":"https:\/\/vcl.lu\/de\/wp-json\/wp\/v2\/pages\/2169"}],"wp:attachment":[{"href":"https:\/\/vcl.lu\/de\/wp-json\/wp\/v2\/media?parent=2289"}],"curies":[{"name":"wp","href":"https:\/\/api.w.org\/{rel}","templated":true}]}}